{"id":967,"date":"2020-01-27T15:32:26","date_gmt":"2020-01-27T15:32:26","guid":{"rendered":"https:\/\/www.ozbekspor.com\/?post_type=product&#038;p=967"},"modified":"2021-01-24T17:42:24","modified_gmt":"2021-01-24T17:42:24","slug":"stiga-raketleri","status":"publish","type":"product","link":"https:\/\/www.ozbekspor.com\/?product=stiga-raketleri","title":{"rendered":"Masa Tenisi Raketleri &#8211; Stiga"},"content":{"rendered":"<div id='gallery-1' class='gallery galleryid-967 gallery-columns-4 gallery-size-thumbnail'><figure class='gallery-item'>\n\t\t\t<div class='gallery-icon landscape'>\n\t\t\t\t<a href='https:\/\/www.ozbekspor.com\/wp-content\/uploads\/617-AA1vp4L._SL1500_.jpg'><img width=\"500\" height=\"500\" src=\"https:\/\/www.ozbekspor.com\/wp-content\/uploads\/617-AA1vp4L._SL1500_-500x500.jpg\" class=\"attachment-thumbnail size-thumbnail\" alt=\"\" loading=\"lazy\" aria-describedby=\"gallery-1-971\" srcset=\"https:\/\/www.ozbekspor.com\/wp-content\/uploads\/617-AA1vp4L._SL1500_-500x500.jpg 500w, https:\/\/www.ozbekspor.com\/wp-content\/uploads\/617-AA1vp4L._SL1500_-800x800.jpg 800w, https:\/\/www.ozbekspor.com\/wp-content\/uploads\/617-AA1vp4L._SL1500_-768x768.jpg 768w, https:\/\/www.ozbekspor.com\/wp-content\/uploads\/617-AA1vp4L._SL1500_-300x300.jpg 300w, https:\/\/www.ozbekspor.com\/wp-content\/uploads\/617-AA1vp4L._SL1500_-600x600.jpg 600w, https:\/\/www.ozbekspor.com\/wp-content\/uploads\/617-AA1vp4L._SL1500_-100x100.jpg 100w, https:\/\/www.ozbekspor.com\/wp-content\/uploads\/617-AA1vp4L._SL1500_.jpg 1000w\" sizes=\"(max-width: 500px) 100vw, 500px\" \/><\/a>\n\t\t\t<\/div>\n\t\t\t\t<figcaption class='wp-caption-text gallery-caption' id='gallery-1-971'>\n\t\t\t\t\u00d6S-184001 STIGA FIGHT MASA TEN\u0130S\u0130 RAKET\u0130 ITTF ONAYLI\n\t\t\t\t<\/figcaption><\/figure><figure class='gallery-item'>\n\t\t\t<div class='gallery-icon landscape'>\n\t\t\t\t<a href='https:\/\/www.ozbekspor.com\/wp-content\/uploads\/Stiga-Fight-Straight-ITTF-Onayli-Masa-Te-916b.jpg'><img width=\"500\" height=\"500\" src=\"https:\/\/www.ozbekspor.com\/wp-content\/uploads\/Stiga-Fight-Straight-ITTF-Onayli-Masa-Te-916b-500x500.jpg\" class=\"attachment-thumbnail size-thumbnail\" alt=\"\" loading=\"lazy\" aria-describedby=\"gallery-1-968\" srcset=\"https:\/\/www.ozbekspor.com\/wp-content\/uploads\/Stiga-Fight-Straight-ITTF-Onayli-Masa-Te-916b-500x500.jpg 500w, https:\/\/www.ozbekspor.com\/wp-content\/uploads\/Stiga-Fight-Straight-ITTF-Onayli-Masa-Te-916b-800x800.jpg 800w, https:\/\/www.ozbekspor.com\/wp-content\/uploads\/Stiga-Fight-Straight-ITTF-Onayli-Masa-Te-916b-768x768.jpg 768w, https:\/\/www.ozbekspor.com\/wp-content\/uploads\/Stiga-Fight-Straight-ITTF-Onayli-Masa-Te-916b-300x300.jpg 300w, https:\/\/www.ozbekspor.com\/wp-content\/uploads\/Stiga-Fight-Straight-ITTF-Onayli-Masa-Te-916b-600x600.jpg 600w, https:\/\/www.ozbekspor.com\/wp-content\/uploads\/Stiga-Fight-Straight-ITTF-Onayli-Masa-Te-916b-100x100.jpg 100w, https:\/\/www.ozbekspor.com\/wp-content\/uploads\/Stiga-Fight-Straight-ITTF-Onayli-Masa-Te-916b.jpg 1000w\" sizes=\"(max-width: 500px) 100vw, 500px\" \/><\/a>\n\t\t\t<\/div>\n\t\t\t\t<figcaption class='wp-caption-text gallery-caption' id='gallery-1-968'>\n\t\t\t\t\u00d6S-184001 STIGA FIGHT MASA TEN\u0130S\u0130 RAKET\u0130 ITTF ONAYLI\n\t\t\t\t<\/figcaption><\/figure><figure class='gallery-item'>\n\t\t\t<div class='gallery-icon landscape'>\n\t\t\t\t<a href='https:\/\/www.ozbekspor.com\/wp-content\/uploads\/stiga-fight-masa-tenisi-raketi-ittf-onayli__1567766822107350.jpg'><img width=\"500\" height=\"500\" src=\"https:\/\/www.ozbekspor.com\/wp-content\/uploads\/stiga-fight-masa-tenisi-raketi-ittf-onayli__1567766822107350-500x500.jpg\" class=\"attachment-thumbnail size-thumbnail\" alt=\"\" loading=\"lazy\" aria-describedby=\"gallery-1-969\" srcset=\"https:\/\/www.ozbekspor.com\/wp-content\/uploads\/stiga-fight-masa-tenisi-raketi-ittf-onayli__1567766822107350-500x500.jpg 500w, https:\/\/www.ozbekspor.com\/wp-content\/uploads\/stiga-fight-masa-tenisi-raketi-ittf-onayli__1567766822107350-800x800.jpg 800w, https:\/\/www.ozbekspor.com\/wp-content\/uploads\/stiga-fight-masa-tenisi-raketi-ittf-onayli__1567766822107350-768x768.jpg 768w, https:\/\/www.ozbekspor.com\/wp-content\/uploads\/stiga-fight-masa-tenisi-raketi-ittf-onayli__1567766822107350-300x300.jpg 300w, https:\/\/www.ozbekspor.com\/wp-content\/uploads\/stiga-fight-masa-tenisi-raketi-ittf-onayli__1567766822107350-600x600.jpg 600w, https:\/\/www.ozbekspor.com\/wp-content\/uploads\/stiga-fight-masa-tenisi-raketi-ittf-onayli__1567766822107350-100x100.jpg 100w, https:\/\/www.ozbekspor.com\/wp-content\/uploads\/stiga-fight-masa-tenisi-raketi-ittf-onayli__1567766822107350.jpg 1000w\" sizes=\"(max-width: 500px) 100vw, 500px\" \/><\/a>\n\t\t\t<\/div>\n\t\t\t\t<figcaption class='wp-caption-text gallery-caption' id='gallery-1-969'>\n\t\t\t\t\u00d6S-184064 STIGA FIGHT MASA TEN\u0130S\u0130 RAKET\u0130 ITTF ONAYLI\n\t\t\t\t<\/figcaption><\/figure><figure class='gallery-item'>\n\t\t\t<div class='gallery-icon portrait'>\n\t\t\t\t<a href='https:\/\/www.ozbekspor.com\/wp-content\/uploads\/7318681838014_1_org_zoom.jpg'><img width=\"500\" height=\"500\" src=\"https:\/\/www.ozbekspor.com\/wp-content\/uploads\/7318681838014_1_org_zoom-500x500.jpg\" class=\"attachment-thumbnail size-thumbnail\" alt=\"\" loading=\"lazy\" aria-describedby=\"gallery-1-972\" srcset=\"https:\/\/www.ozbekspor.com\/wp-content\/uploads\/7318681838014_1_org_zoom-500x500.jpg 500w, https:\/\/www.ozbekspor.com\/wp-content\/uploads\/7318681838014_1_org_zoom-300x300.jpg 300w, https:\/\/www.ozbekspor.com\/wp-content\/uploads\/7318681838014_1_org_zoom-100x100.jpg 100w\" sizes=\"(max-width: 500px) 100vw, 500px\" \/><\/a>\n\t\t\t<\/div>\n\t\t\t\t<figcaption class='wp-caption-text gallery-caption' id='gallery-1-972'>\n\t\t\t\t\u00d6S-183801 STIGA SMASH MASA TEN\u0130S\u0130 RAKET\u0130 ITTF ONAYLI\n\t\t\t\t<\/figcaption><\/figure><figure class='gallery-item'>\n\t\t\t<div class='gallery-icon landscape'>\n\t\t\t\t<a href='https:\/\/www.ozbekspor.com\/wp-content\/uploads\/ittfonayliisvecmarkasistigaactionprofesyonelmasatanesiraketi.jpg'><img width=\"500\" height=\"500\" src=\"https:\/\/www.ozbekspor.com\/wp-content\/uploads\/ittfonayliisvecmarkasistigaactionprofesyonelmasatanesiraketi-500x500.jpg\" class=\"attachment-thumbnail size-thumbnail\" alt=\"\" loading=\"lazy\" aria-describedby=\"gallery-1-970\" srcset=\"https:\/\/www.ozbekspor.com\/wp-content\/uploads\/ittfonayliisvecmarkasistigaactionprofesyonelmasatanesiraketi-500x500.jpg 500w, https:\/\/www.ozbekspor.com\/wp-content\/uploads\/ittfonayliisvecmarkasistigaactionprofesyonelmasatanesiraketi-800x800.jpg 800w, https:\/\/www.ozbekspor.com\/wp-content\/uploads\/ittfonayliisvecmarkasistigaactionprofesyonelmasatanesiraketi-768x768.jpg 768w, https:\/\/www.ozbekspor.com\/wp-content\/uploads\/ittfonayliisvecmarkasistigaactionprofesyonelmasatanesiraketi-300x300.jpg 300w, https:\/\/www.ozbekspor.com\/wp-content\/uploads\/ittfonayliisvecmarkasistigaactionprofesyonelmasatanesiraketi-600x600.jpg 600w, https:\/\/www.ozbekspor.com\/wp-content\/uploads\/ittfonayliisvecmarkasistigaactionprofesyonelmasatanesiraketi-100x100.jpg 100w, https:\/\/www.ozbekspor.com\/wp-content\/uploads\/ittfonayliisvecmarkasistigaactionprofesyonelmasatanesiraketi.jpg 1000w\" sizes=\"(max-width: 500px) 100vw, 500px\" \/><\/a>\n\t\t\t<\/div>\n\t\t\t\t<figcaption class='wp-caption-text gallery-caption' id='gallery-1-970'>\n\t\t\t\t\u00d6S-188301 STIGA ACTION MASA TEN\u0130S\u0130 RAKET\u0130 ITTF ONAYLI\n\t\t\t\t<\/figcaption><\/figure>\n\t\t<\/div>\n\n","protected":false},"excerpt":{"rendered":"","protected":false},"featured_media":968,"template":"","meta":[],"_links":{"self":[{"href":"https:\/\/www.ozbekspor.com\/index.php?rest_route=\/wp\/v2\/product\/967"}],"collection":[{"href":"https:\/\/www.ozbekspor.com\/index.php?rest_route=\/wp\/v2\/product"}],"about":[{"href":"https:\/\/www.ozbekspor.com\/index.php?rest_route=\/wp\/v2\/types\/product"}],"wp:featuredmedia":[{"embeddable":true,"href":"https:\/\/www.ozbekspor.com\/index.php?rest_route=\/wp\/v2\/media\/968"}],"wp:attachment":[{"href":"https:\/\/www.ozbekspor.com\/index.php?rest_route=%2Fwp%2Fv2%2Fmedia&parent=967"}],"curies":[{"name":"wp","href":"https:\/\/api.w.org\/{rel}","templated":true}]}}