{"id":962,"date":"2020-01-27T15:31:43","date_gmt":"2020-01-27T15:31:43","guid":{"rendered":"https:\/\/www.ozbekspor.com\/?post_type=product&#038;p=962"},"modified":"2021-01-24T17:06:21","modified_gmt":"2021-01-24T17:06:21","slug":"avessa-masa-tenisi-masalari","status":"publish","type":"product","link":"https:\/\/www.ozbekspor.com\/?product=avessa-masa-tenisi-masalari","title":{"rendered":"Masa Tenisi Masalar\u0131 &#8211; Di\u011fer"},"content":{"rendered":"<div id='gallery-1' class='gallery galleryid-962 gallery-columns-4 gallery-size-thumbnail'><figure class='gallery-item'>\n\t\t\t<div class='gallery-icon landscape'>\n\t\t\t\t<a href='https:\/\/www.ozbekspor.com\/wp-content\/uploads\/avessammmasatenisimasasindoorcretsizkargo_167256104.jpg'><img width=\"500\" height=\"500\" src=\"https:\/\/www.ozbekspor.com\/wp-content\/uploads\/avessammmasatenisimasasindoorcretsizkargo_167256104-500x500.jpg\" class=\"attachment-thumbnail size-thumbnail\" alt=\"\" loading=\"lazy\" aria-describedby=\"gallery-1-963\" srcset=\"https:\/\/www.ozbekspor.com\/wp-content\/uploads\/avessammmasatenisimasasindoorcretsizkargo_167256104-500x500.jpg 500w, https:\/\/www.ozbekspor.com\/wp-content\/uploads\/avessammmasatenisimasasindoorcretsizkargo_167256104-800x800.jpg 800w, https:\/\/www.ozbekspor.com\/wp-content\/uploads\/avessammmasatenisimasasindoorcretsizkargo_167256104-768x768.jpg 768w, https:\/\/www.ozbekspor.com\/wp-content\/uploads\/avessammmasatenisimasasindoorcretsizkargo_167256104-300x300.jpg 300w, https:\/\/www.ozbekspor.com\/wp-content\/uploads\/avessammmasatenisimasasindoorcretsizkargo_167256104-600x600.jpg 600w, https:\/\/www.ozbekspor.com\/wp-content\/uploads\/avessammmasatenisimasasindoorcretsizkargo_167256104-100x100.jpg 100w, https:\/\/www.ozbekspor.com\/wp-content\/uploads\/avessammmasatenisimasasindoorcretsizkargo_167256104.jpg 1000w\" sizes=\"(max-width: 500px) 100vw, 500px\" \/><\/a>\n\t\t\t<\/div>\n\t\t\t\t<figcaption class='wp-caption-text gallery-caption' id='gallery-1-963'>\n\t\t\t\t\u00d6S-MTM12 AVESSA MASA TEN\u0130S\u0130 MASASI 12mm &#8211; INDOOR\n\t\t\t\t<\/figcaption><\/figure><figure class='gallery-item'>\n\t\t\t<div class='gallery-icon landscape'>\n\t\t\t\t<a href='https:\/\/www.ozbekspor.com\/wp-content\/uploads\/Avessa-Masa-Tenisi-Masasi-18-mm-Ic-Saha-indoor-CD-TTB02-resim-13561.jpg'><img width=\"500\" height=\"500\" src=\"https:\/\/www.ozbekspor.com\/wp-content\/uploads\/Avessa-Masa-Tenisi-Masasi-18-mm-Ic-Saha-indoor-CD-TTB02-resim-13561-500x500.jpg\" class=\"attachment-thumbnail size-thumbnail\" alt=\"\" loading=\"lazy\" aria-describedby=\"gallery-1-964\" srcset=\"https:\/\/www.ozbekspor.com\/wp-content\/uploads\/Avessa-Masa-Tenisi-Masasi-18-mm-Ic-Saha-indoor-CD-TTB02-resim-13561-500x500.jpg 500w, https:\/\/www.ozbekspor.com\/wp-content\/uploads\/Avessa-Masa-Tenisi-Masasi-18-mm-Ic-Saha-indoor-CD-TTB02-resim-13561-800x800.jpg 800w, https:\/\/www.ozbekspor.com\/wp-content\/uploads\/Avessa-Masa-Tenisi-Masasi-18-mm-Ic-Saha-indoor-CD-TTB02-resim-13561-768x768.jpg 768w, https:\/\/www.ozbekspor.com\/wp-content\/uploads\/Avessa-Masa-Tenisi-Masasi-18-mm-Ic-Saha-indoor-CD-TTB02-resim-13561-300x300.jpg 300w, https:\/\/www.ozbekspor.com\/wp-content\/uploads\/Avessa-Masa-Tenisi-Masasi-18-mm-Ic-Saha-indoor-CD-TTB02-resim-13561-600x600.jpg 600w, https:\/\/www.ozbekspor.com\/wp-content\/uploads\/Avessa-Masa-Tenisi-Masasi-18-mm-Ic-Saha-indoor-CD-TTB02-resim-13561-100x100.jpg 100w, https:\/\/www.ozbekspor.com\/wp-content\/uploads\/Avessa-Masa-Tenisi-Masasi-18-mm-Ic-Saha-indoor-CD-TTB02-resim-13561.jpg 1000w\" sizes=\"(max-width: 500px) 100vw, 500px\" \/><\/a>\n\t\t\t<\/div>\n\t\t\t\t<figcaption class='wp-caption-text gallery-caption' id='gallery-1-964'>\n\t\t\t\t\u00d6S-MTM15 AVESSA MASA TEN\u0130S\u0130 MASASI 15mm &#8211; INDOOR\n\t\t\t\t<\/figcaption><\/figure><figure class='gallery-item'>\n\t\t\t<div class='gallery-icon landscape'>\n\t\t\t\t<a href='https:\/\/www.ozbekspor.com\/wp-content\/uploads\/eeeb8a30-530e-41d8-9ba3-1cf5c8af097e.jpg'><img width=\"500\" height=\"500\" src=\"https:\/\/www.ozbekspor.com\/wp-content\/uploads\/eeeb8a30-530e-41d8-9ba3-1cf5c8af097e-500x500.jpg\" class=\"attachment-thumbnail size-thumbnail\" alt=\"\" loading=\"lazy\" aria-describedby=\"gallery-1-965\" srcset=\"https:\/\/www.ozbekspor.com\/wp-content\/uploads\/eeeb8a30-530e-41d8-9ba3-1cf5c8af097e-500x500.jpg 500w, https:\/\/www.ozbekspor.com\/wp-content\/uploads\/eeeb8a30-530e-41d8-9ba3-1cf5c8af097e-800x800.jpg 800w, https:\/\/www.ozbekspor.com\/wp-content\/uploads\/eeeb8a30-530e-41d8-9ba3-1cf5c8af097e-768x768.jpg 768w, https:\/\/www.ozbekspor.com\/wp-content\/uploads\/eeeb8a30-530e-41d8-9ba3-1cf5c8af097e-300x300.jpg 300w, https:\/\/www.ozbekspor.com\/wp-content\/uploads\/eeeb8a30-530e-41d8-9ba3-1cf5c8af097e-600x600.jpg 600w, https:\/\/www.ozbekspor.com\/wp-content\/uploads\/eeeb8a30-530e-41d8-9ba3-1cf5c8af097e-100x100.jpg 100w, https:\/\/www.ozbekspor.com\/wp-content\/uploads\/eeeb8a30-530e-41d8-9ba3-1cf5c8af097e.jpg 1000w\" sizes=\"(max-width: 500px) 100vw, 500px\" \/><\/a>\n\t\t\t<\/div>\n\t\t\t\t<figcaption class='wp-caption-text gallery-caption' id='gallery-1-965'>\n\t\t\t\t\u00d6S-EXPERT16 AVESSA MASA TEN\u0130S\u0130 MASASI 16mm &#8211; INDOOR\n\t\t\t\t<\/figcaption><\/figure><figure class='gallery-item'>\n\t\t\t<div class='gallery-icon landscape'>\n\t\t\t\t<a href='https:\/\/www.ozbekspor.com\/wp-content\/uploads\/Avessa-Masa-Tenisi-Masasi-15-mm-MTM-15-I-76ba.jpg'><img width=\"500\" height=\"500\" src=\"https:\/\/www.ozbekspor.com\/wp-content\/uploads\/Avessa-Masa-Tenisi-Masasi-15-mm-MTM-15-I-76ba-500x500.jpg\" class=\"attachment-thumbnail size-thumbnail\" alt=\"\" loading=\"lazy\" aria-describedby=\"gallery-1-966\" srcset=\"https:\/\/www.ozbekspor.com\/wp-content\/uploads\/Avessa-Masa-Tenisi-Masasi-15-mm-MTM-15-I-76ba-500x500.jpg 500w, https:\/\/www.ozbekspor.com\/wp-content\/uploads\/Avessa-Masa-Tenisi-Masasi-15-mm-MTM-15-I-76ba-800x800.jpg 800w, https:\/\/www.ozbekspor.com\/wp-content\/uploads\/Avessa-Masa-Tenisi-Masasi-15-mm-MTM-15-I-76ba-768x768.jpg 768w, https:\/\/www.ozbekspor.com\/wp-content\/uploads\/Avessa-Masa-Tenisi-Masasi-15-mm-MTM-15-I-76ba-300x300.jpg 300w, https:\/\/www.ozbekspor.com\/wp-content\/uploads\/Avessa-Masa-Tenisi-Masasi-15-mm-MTM-15-I-76ba-600x600.jpg 600w, https:\/\/www.ozbekspor.com\/wp-content\/uploads\/Avessa-Masa-Tenisi-Masasi-15-mm-MTM-15-I-76ba-100x100.jpg 100w, https:\/\/www.ozbekspor.com\/wp-content\/uploads\/Avessa-Masa-Tenisi-Masasi-15-mm-MTM-15-I-76ba.jpg 1000w\" sizes=\"(max-width: 500px) 100vw, 500px\" \/><\/a>\n\t\t\t<\/div>\n\t\t\t\t<figcaption class='wp-caption-text gallery-caption' id='gallery-1-966'>\n\t\t\t\t\u00d6S-MTM18 AVESSA MASA TEN\u0130S\u0130 MASASI 18mm &#8211; Outdoor\n\t\t\t\t<\/figcaption><\/figure>\n\t\t<\/div>\n\n","protected":false},"excerpt":{"rendered":"","protected":false},"featured_media":965,"template":"","meta":[],"_links":{"self":[{"href":"https:\/\/www.ozbekspor.com\/index.php?rest_route=\/wp\/v2\/product\/962"}],"collection":[{"href":"https:\/\/www.ozbekspor.com\/index.php?rest_route=\/wp\/v2\/product"}],"about":[{"href":"https:\/\/www.ozbekspor.com\/index.php?rest_route=\/wp\/v2\/types\/product"}],"wp:featuredmedia":[{"embeddable":true,"href":"https:\/\/www.ozbekspor.com\/index.php?rest_route=\/wp\/v2\/media\/965"}],"wp:attachment":[{"href":"https:\/\/www.ozbekspor.com\/index.php?rest_route=%2Fwp%2Fv2%2Fmedia&parent=962"}],"curies":[{"name":"wp","href":"https:\/\/api.w.org\/{rel}","templated":true}]}}