{"id":959,"date":"2020-01-27T15:30:29","date_gmt":"2020-01-27T15:30:29","guid":{"rendered":"https:\/\/www.ozbekspor.com\/?post_type=product&#038;p=959"},"modified":"2021-01-24T17:28:54","modified_gmt":"2021-01-24T17:28:54","slug":"kimpas-tenis-masalari","status":"publish","type":"product","link":"https:\/\/www.ozbekspor.com\/?product=kimpas-tenis-masalari","title":{"rendered":"Masa Tenisi Masalar\u0131 &#8211; Kimpa\u015f"},"content":{"rendered":"<div id='gallery-1' class='gallery galleryid-959 gallery-columns-4 gallery-size-thumbnail'><figure class='gallery-item'>\n\t\t\t<div class='gallery-icon landscape'>\n\t\t\t\t<a href='https:\/\/www.ozbekspor.com\/?attachment_id=4655#main'><img width=\"500\" height=\"497\" src=\"https:\/\/www.ozbekspor.com\/wp-content\/uploads\/A.A.014-AHSAP-AYAKLI-TENIS-MASASI-500x497.jpg\" class=\"attachment-thumbnail size-thumbnail\" alt=\"\" loading=\"lazy\" aria-describedby=\"gallery-1-4655\" srcset=\"https:\/\/www.ozbekspor.com\/wp-content\/uploads\/A.A.014-AHSAP-AYAKLI-TENIS-MASASI-500x497.jpg 500w, https:\/\/www.ozbekspor.com\/wp-content\/uploads\/A.A.014-AHSAP-AYAKLI-TENIS-MASASI-100x100.jpg 100w\" sizes=\"(max-width: 500px) 100vw, 500px\" \/><\/a>\n\t\t\t<\/div>\n\t\t\t\t<figcaption class='wp-caption-text gallery-caption' id='gallery-1-4655'>\n\t\t\t\tA.A.014 &#8211; AH\u015eAP AYAKLI TEN\u0130S MASASI\n\t\t\t\t<\/figcaption><\/figure><figure class='gallery-item'>\n\t\t\t<div class='gallery-icon landscape'>\n\t\t\t\t<a href='https:\/\/www.ozbekspor.com\/?attachment_id=4656#main'><img width=\"500\" height=\"497\" src=\"https:\/\/www.ozbekspor.com\/wp-content\/uploads\/MA.015-METAL-AYAKLI-TENIS-MASASI-500x497.jpg\" class=\"attachment-thumbnail size-thumbnail\" alt=\"\" loading=\"lazy\" aria-describedby=\"gallery-1-4656\" srcset=\"https:\/\/www.ozbekspor.com\/wp-content\/uploads\/MA.015-METAL-AYAKLI-TENIS-MASASI-500x497.jpg 500w, https:\/\/www.ozbekspor.com\/wp-content\/uploads\/MA.015-METAL-AYAKLI-TENIS-MASASI-100x100.jpg 100w\" sizes=\"(max-width: 500px) 100vw, 500px\" \/><\/a>\n\t\t\t<\/div>\n\t\t\t\t<figcaption class='wp-caption-text gallery-caption' id='gallery-1-4656'>\n\t\t\t\tMA.015 &#8211; METAL AYAKLI TEN\u0130S MASASI\n\t\t\t\t<\/figcaption><\/figure><figure class='gallery-item'>\n\t\t\t<div class='gallery-icon landscape'>\n\t\t\t\t<a href='https:\/\/www.ozbekspor.com\/?attachment_id=4657#main'><img width=\"500\" height=\"500\" src=\"https:\/\/www.ozbekspor.com\/wp-content\/uploads\/SYN.093-YENI-NESIL-MASA-FUTBOLU-DISMEKAN-500x500.jpg\" class=\"attachment-thumbnail size-thumbnail\" alt=\"\" loading=\"lazy\" aria-describedby=\"gallery-1-4657\" srcset=\"https:\/\/www.ozbekspor.com\/wp-content\/uploads\/SYN.093-YENI-NESIL-MASA-FUTBOLU-DISMEKAN-500x500.jpg 500w, https:\/\/www.ozbekspor.com\/wp-content\/uploads\/SYN.093-YENI-NESIL-MASA-FUTBOLU-DISMEKAN-300x300.jpg 300w, https:\/\/www.ozbekspor.com\/wp-content\/uploads\/SYN.093-YENI-NESIL-MASA-FUTBOLU-DISMEKAN-100x100.jpg 100w\" sizes=\"(max-width: 500px) 100vw, 500px\" \/><\/a>\n\t\t\t<\/div>\n\t\t\t\t<figcaption class='wp-caption-text gallery-caption' id='gallery-1-4657'>\n\t\t\t\tSYN.093 &#8211; YEN\u0130 NES\u0130L MASA FUTBOLU (DI\u015eMEKAN)\n\t\t\t\t<\/figcaption><\/figure><figure class='gallery-item'>\n\t\t\t<div class='gallery-icon landscape'>\n\t\t\t\t<a href='https:\/\/www.ozbekspor.com\/?attachment_id=4658#main'><img width=\"500\" height=\"335\" src=\"https:\/\/www.ozbekspor.com\/wp-content\/uploads\/SYN.111-YENI-NESIL-MASA-FUTBOLU-ICMEKAN-500x335.jpg\" class=\"attachment-thumbnail size-thumbnail\" alt=\"\" loading=\"lazy\" aria-describedby=\"gallery-1-4658\" \/><\/a>\n\t\t\t<\/div>\n\t\t\t\t<figcaption class='wp-caption-text gallery-caption' id='gallery-1-4658'>\n\t\t\t\tSYN.111 &#8211; YEN\u0130 NES\u0130L MASA FUTBOLU (\u0130\u00c7MEKAN)\n\t\t\t\t<\/figcaption><\/figure>\n\t\t<\/div>\n\n","protected":false},"excerpt":{"rendered":"","protected":false},"featured_media":961,"template":"","meta":[],"_links":{"self":[{"href":"https:\/\/www.ozbekspor.com\/index.php?rest_route=\/wp\/v2\/product\/959"}],"collection":[{"href":"https:\/\/www.ozbekspor.com\/index.php?rest_route=\/wp\/v2\/product"}],"about":[{"href":"https:\/\/www.ozbekspor.com\/index.php?rest_route=\/wp\/v2\/types\/product"}],"wp:featuredmedia":[{"embeddable":true,"href":"https:\/\/www.ozbekspor.com\/index.php?rest_route=\/wp\/v2\/media\/961"}],"wp:attachment":[{"href":"https:\/\/www.ozbekspor.com\/index.php?rest_route=%2Fwp%2Fv2%2Fmedia&parent=959"}],"curies":[{"name":"wp","href":"https:\/\/api.w.org\/{rel}","templated":true}]}}