{"id":953,"date":"2020-01-27T15:29:36","date_gmt":"2020-01-27T15:29:36","guid":{"rendered":"https:\/\/www.ozbekspor.com\/?post_type=product&#038;p=953"},"modified":"2021-01-24T17:47:02","modified_gmt":"2021-01-24T17:47:02","slug":"povit-masa-tenisi-raketleri","status":"publish","type":"product","link":"https:\/\/www.ozbekspor.com\/?product=povit-masa-tenisi-raketleri","title":{"rendered":"Masa Tenisi Raketleri &#8211; Povit"},"content":{"rendered":"<div id='gallery-1' class='gallery galleryid-953 gallery-columns-4 gallery-size-thumbnail'><figure class='gallery-item'>\n\t\t\t<div class='gallery-icon landscape'>\n\t\t\t\t<a href='https:\/\/www.ozbekspor.com\/wp-content\/uploads\/YOTBMLFZOR213201903655_povit-advence-2-yildiz.jpg'><img width=\"500\" height=\"500\" src=\"https:\/\/www.ozbekspor.com\/wp-content\/uploads\/YOTBMLFZOR213201903655_povit-advence-2-yildiz-500x500.jpg\" class=\"attachment-thumbnail size-thumbnail\" alt=\"\" loading=\"lazy\" aria-describedby=\"gallery-1-955\" srcset=\"https:\/\/www.ozbekspor.com\/wp-content\/uploads\/YOTBMLFZOR213201903655_povit-advence-2-yildiz-500x500.jpg 500w, https:\/\/www.ozbekspor.com\/wp-content\/uploads\/YOTBMLFZOR213201903655_povit-advence-2-yildiz-800x800.jpg 800w, https:\/\/www.ozbekspor.com\/wp-content\/uploads\/YOTBMLFZOR213201903655_povit-advence-2-yildiz-768x768.jpg 768w, https:\/\/www.ozbekspor.com\/wp-content\/uploads\/YOTBMLFZOR213201903655_povit-advence-2-yildiz-300x300.jpg 300w, https:\/\/www.ozbekspor.com\/wp-content\/uploads\/YOTBMLFZOR213201903655_povit-advence-2-yildiz-600x600.jpg 600w, https:\/\/www.ozbekspor.com\/wp-content\/uploads\/YOTBMLFZOR213201903655_povit-advence-2-yildiz-100x100.jpg 100w, https:\/\/www.ozbekspor.com\/wp-content\/uploads\/YOTBMLFZOR213201903655_povit-advence-2-yildiz.jpg 1000w\" sizes=\"(max-width: 500px) 100vw, 500px\" \/><\/a>\n\t\t\t<\/div>\n\t\t\t\t<figcaption class='wp-caption-text gallery-caption' id='gallery-1-955'>\n\t\t\t\t\u00d6S-2802 POV\u0130T MASA TEN\u0130S\u0130 RAKET\u0130 2 YILDIZ\n\t\t\t\t<\/figcaption><\/figure><figure class='gallery-item'>\n\t\t\t<div class='gallery-icon landscape'>\n\t\t\t\t<a href='https:\/\/www.ozbekspor.com\/wp-content\/uploads\/433241847_0.jpg'><img width=\"500\" height=\"500\" src=\"https:\/\/www.ozbekspor.com\/wp-content\/uploads\/433241847_0-500x500.jpg\" class=\"attachment-thumbnail size-thumbnail\" alt=\"\" loading=\"lazy\" aria-describedby=\"gallery-1-957\" srcset=\"https:\/\/www.ozbekspor.com\/wp-content\/uploads\/433241847_0-500x500.jpg 500w, https:\/\/www.ozbekspor.com\/wp-content\/uploads\/433241847_0-800x800.jpg 800w, https:\/\/www.ozbekspor.com\/wp-content\/uploads\/433241847_0-768x768.jpg 768w, https:\/\/www.ozbekspor.com\/wp-content\/uploads\/433241847_0-300x300.jpg 300w, https:\/\/www.ozbekspor.com\/wp-content\/uploads\/433241847_0-600x600.jpg 600w, https:\/\/www.ozbekspor.com\/wp-content\/uploads\/433241847_0-100x100.jpg 100w, https:\/\/www.ozbekspor.com\/wp-content\/uploads\/433241847_0.jpg 1000w\" sizes=\"(max-width: 500px) 100vw, 500px\" \/><\/a>\n\t\t\t<\/div>\n\t\t\t\t<figcaption class='wp-caption-text gallery-caption' id='gallery-1-957'>\n\t\t\t\t\u00d6S-3802 POV\u0130T MASA TEN\u0130S\u0130 RAKET\u0130 3 YILDIZ\n\t\t\t\t<\/figcaption><\/figure><figure class='gallery-item'>\n\t\t\t<div class='gallery-icon landscape'>\n\t\t\t\t<a href='https:\/\/www.ozbekspor.com\/wp-content\/uploads\/povit-superior-4-yildiz-masa-tenisi-raketi__0523600428649435.jpg'><img width=\"500\" height=\"500\" src=\"https:\/\/www.ozbekspor.com\/wp-content\/uploads\/povit-superior-4-yildiz-masa-tenisi-raketi__0523600428649435-500x500.jpg\" class=\"attachment-thumbnail size-thumbnail\" alt=\"\" loading=\"lazy\" aria-describedby=\"gallery-1-958\" srcset=\"https:\/\/www.ozbekspor.com\/wp-content\/uploads\/povit-superior-4-yildiz-masa-tenisi-raketi__0523600428649435-500x500.jpg 500w, https:\/\/www.ozbekspor.com\/wp-content\/uploads\/povit-superior-4-yildiz-masa-tenisi-raketi__0523600428649435-800x800.jpg 800w, https:\/\/www.ozbekspor.com\/wp-content\/uploads\/povit-superior-4-yildiz-masa-tenisi-raketi__0523600428649435-768x768.jpg 768w, https:\/\/www.ozbekspor.com\/wp-content\/uploads\/povit-superior-4-yildiz-masa-tenisi-raketi__0523600428649435-300x300.jpg 300w, https:\/\/www.ozbekspor.com\/wp-content\/uploads\/povit-superior-4-yildiz-masa-tenisi-raketi__0523600428649435-600x600.jpg 600w, https:\/\/www.ozbekspor.com\/wp-content\/uploads\/povit-superior-4-yildiz-masa-tenisi-raketi__0523600428649435-100x100.jpg 100w, https:\/\/www.ozbekspor.com\/wp-content\/uploads\/povit-superior-4-yildiz-masa-tenisi-raketi__0523600428649435.jpg 1000w\" sizes=\"(max-width: 500px) 100vw, 500px\" \/><\/a>\n\t\t\t<\/div>\n\t\t\t\t<figcaption class='wp-caption-text gallery-caption' id='gallery-1-958'>\n\t\t\t\t\u00d6S-4801 POV\u0130T MASA TEN\u0130S\u0130 RAKET\u0130 4 YILDIZ\n\t\t\t\t<\/figcaption><\/figure><figure class='gallery-item'>\n\t\t\t<div class='gallery-icon portrait'>\n\t\t\t\t<a href='https:\/\/www.ozbekspor.com\/wp-content\/uploads\/Povit-Superior-4-Yildiz-Masa-Tenisi-Raketi-resim-1788.jpg'><img width=\"500\" height=\"500\" src=\"https:\/\/www.ozbekspor.com\/wp-content\/uploads\/Povit-Superior-4-Yildiz-Masa-Tenisi-Raketi-resim-1788-500x500.jpg\" class=\"attachment-thumbnail size-thumbnail\" alt=\"\" loading=\"lazy\" aria-describedby=\"gallery-1-954\" srcset=\"https:\/\/www.ozbekspor.com\/wp-content\/uploads\/Povit-Superior-4-Yildiz-Masa-Tenisi-Raketi-resim-1788-500x500.jpg 500w, https:\/\/www.ozbekspor.com\/wp-content\/uploads\/Povit-Superior-4-Yildiz-Masa-Tenisi-Raketi-resim-1788-300x300.jpg 300w, https:\/\/www.ozbekspor.com\/wp-content\/uploads\/Povit-Superior-4-Yildiz-Masa-Tenisi-Raketi-resim-1788-100x100.jpg 100w\" sizes=\"(max-width: 500px) 100vw, 500px\" \/><\/a>\n\t\t\t<\/div>\n\t\t\t\t<figcaption class='wp-caption-text gallery-caption' id='gallery-1-954'>\n\t\t\t\t\u00d6S-4802 POV\u0130T MASA TEN\u0130S\u0130 RAKET\u0130 4 YILDIZ\n\t\t\t\t<\/figcaption><\/figure><figure class='gallery-item'>\n\t\t\t<div class='gallery-icon portrait'>\n\t\t\t\t<a href='https:\/\/www.ozbekspor.com\/wp-content\/uploads\/Povit-Premier-5-Yildiz-Masa-Tenisi-Raketi-resim-1787.jpg'><img width=\"500\" height=\"500\" src=\"https:\/\/www.ozbekspor.com\/wp-content\/uploads\/Povit-Premier-5-Yildiz-Masa-Tenisi-Raketi-resim-1787-500x500.jpg\" class=\"attachment-thumbnail size-thumbnail\" alt=\"\" loading=\"lazy\" aria-describedby=\"gallery-1-956\" srcset=\"https:\/\/www.ozbekspor.com\/wp-content\/uploads\/Povit-Premier-5-Yildiz-Masa-Tenisi-Raketi-resim-1787-500x500.jpg 500w, https:\/\/www.ozbekspor.com\/wp-content\/uploads\/Povit-Premier-5-Yildiz-Masa-Tenisi-Raketi-resim-1787-300x300.jpg 300w, https:\/\/www.ozbekspor.com\/wp-content\/uploads\/Povit-Premier-5-Yildiz-Masa-Tenisi-Raketi-resim-1787-100x100.jpg 100w\" sizes=\"(max-width: 500px) 100vw, 500px\" \/><\/a>\n\t\t\t<\/div>\n\t\t\t\t<figcaption class='wp-caption-text gallery-caption' id='gallery-1-956'>\n\t\t\t\t\u00d6S-5803 POV\u0130T MASA TEN\u0130S\u0130 RAKET\u0130 5 YILDIZ\n\t\t\t\t<\/figcaption><\/figure>\n\t\t<\/div>\n\n","protected":false},"excerpt":{"rendered":"","protected":false},"featured_media":958,"template":"","meta":[],"_links":{"self":[{"href":"https:\/\/www.ozbekspor.com\/index.php?rest_route=\/wp\/v2\/product\/953"}],"collection":[{"href":"https:\/\/www.ozbekspor.com\/index.php?rest_route=\/wp\/v2\/product"}],"about":[{"href":"https:\/\/www.ozbekspor.com\/index.php?rest_route=\/wp\/v2\/types\/product"}],"wp:featuredmedia":[{"embeddable":true,"href":"https:\/\/www.ozbekspor.com\/index.php?rest_route=\/wp\/v2\/media\/958"}],"wp:attachment":[{"href":"https:\/\/www.ozbekspor.com\/index.php?rest_route=%2Fwp%2Fv2%2Fmedia&parent=953"}],"curies":[{"name":"wp","href":"https:\/\/api.w.org\/{rel}","templated":true}]}}