{"id":938,"date":"2020-01-27T15:28:34","date_gmt":"2020-01-27T15:28:34","guid":{"rendered":"https:\/\/www.ozbekspor.com\/?post_type=product&#038;p=938"},"modified":"2021-01-24T17:56:07","modified_gmt":"2021-01-24T17:56:07","slug":"butterfly-masa-tenisi-raketleri","status":"publish","type":"product","link":"https:\/\/www.ozbekspor.com\/?product=butterfly-masa-tenisi-raketleri","title":{"rendered":"Masa Tenisi Raketleri &#8211; Butterfly"},"content":{"rendered":"<div id='gallery-1' class='gallery galleryid-938 gallery-columns-4 gallery-size-thumbnail'><figure class='gallery-item'>\n\t\t\t<div class='gallery-icon landscape'>\n\t\t\t\t<a href='https:\/\/www.ozbekspor.com\/wp-content\/uploads\/butterfly-85003-starter-raket-tabim-kodu-e2bf.jpg'><img width=\"500\" height=\"500\" src=\"https:\/\/www.ozbekspor.com\/wp-content\/uploads\/butterfly-85003-starter-raket-tabim-kodu-e2bf-500x500.jpg\" class=\"attachment-thumbnail size-thumbnail\" alt=\"\" loading=\"lazy\" aria-describedby=\"gallery-1-950\" srcset=\"https:\/\/www.ozbekspor.com\/wp-content\/uploads\/butterfly-85003-starter-raket-tabim-kodu-e2bf-500x500.jpg 500w, https:\/\/www.ozbekspor.com\/wp-content\/uploads\/butterfly-85003-starter-raket-tabim-kodu-e2bf-800x800.jpg 800w, https:\/\/www.ozbekspor.com\/wp-content\/uploads\/butterfly-85003-starter-raket-tabim-kodu-e2bf-768x768.jpg 768w, https:\/\/www.ozbekspor.com\/wp-content\/uploads\/butterfly-85003-starter-raket-tabim-kodu-e2bf-300x300.jpg 300w, https:\/\/www.ozbekspor.com\/wp-content\/uploads\/butterfly-85003-starter-raket-tabim-kodu-e2bf-600x600.jpg 600w, https:\/\/www.ozbekspor.com\/wp-content\/uploads\/butterfly-85003-starter-raket-tabim-kodu-e2bf-100x100.jpg 100w, https:\/\/www.ozbekspor.com\/wp-content\/uploads\/butterfly-85003-starter-raket-tabim-kodu-e2bf.jpg 1000w\" sizes=\"(max-width: 500px) 100vw, 500px\" \/><\/a>\n\t\t\t<\/div>\n\t\t\t\t<figcaption class='wp-caption-text gallery-caption' id='gallery-1-950'>\n\t\t\t\t\u00d6S-85003 BUTTERFLY STARTER MASA TEN\u0130S\u0130 RAKET\u0130\n\t\t\t\t<\/figcaption><\/figure><figure class='gallery-item'>\n\t\t\t<div class='gallery-icon landscape'>\n\t\t\t\t<a href='https:\/\/www.ozbekspor.com\/wp-content\/uploads\/timo-boll-black-masa-tenisi-raketi.jpg'><img width=\"500\" height=\"500\" src=\"https:\/\/www.ozbekspor.com\/wp-content\/uploads\/timo-boll-black-masa-tenisi-raketi-500x500.jpg\" class=\"attachment-thumbnail size-thumbnail\" alt=\"\" loading=\"lazy\" aria-describedby=\"gallery-1-945\" srcset=\"https:\/\/www.ozbekspor.com\/wp-content\/uploads\/timo-boll-black-masa-tenisi-raketi-500x500.jpg 500w, https:\/\/www.ozbekspor.com\/wp-content\/uploads\/timo-boll-black-masa-tenisi-raketi-800x800.jpg 800w, https:\/\/www.ozbekspor.com\/wp-content\/uploads\/timo-boll-black-masa-tenisi-raketi-768x768.jpg 768w, https:\/\/www.ozbekspor.com\/wp-content\/uploads\/timo-boll-black-masa-tenisi-raketi-300x300.jpg 300w, https:\/\/www.ozbekspor.com\/wp-content\/uploads\/timo-boll-black-masa-tenisi-raketi-600x600.jpg 600w, https:\/\/www.ozbekspor.com\/wp-content\/uploads\/timo-boll-black-masa-tenisi-raketi-100x100.jpg 100w, https:\/\/www.ozbekspor.com\/wp-content\/uploads\/timo-boll-black-masa-tenisi-raketi.jpg 1000w\" sizes=\"(max-width: 500px) 100vw, 500px\" \/><\/a>\n\t\t\t<\/div>\n\t\t\t\t<figcaption class='wp-caption-text gallery-caption' id='gallery-1-945'>\n\t\t\t\t\u00d6S-85031S BUTTERFLY TIMO BOLL BLACK MASA TEN\u0130S\u0130 RAKET\u0130\n\t\t\t\t<\/figcaption><\/figure><figure class='gallery-item'>\n\t\t\t<div class='gallery-icon landscape'>\n\t\t\t\t<a href='https:\/\/www.ozbekspor.com\/wp-content\/uploads\/gold.jpg'><img width=\"500\" height=\"500\" src=\"https:\/\/www.ozbekspor.com\/wp-content\/uploads\/gold-500x500.jpg\" class=\"attachment-thumbnail size-thumbnail\" alt=\"\" loading=\"lazy\" aria-describedby=\"gallery-1-940\" srcset=\"https:\/\/www.ozbekspor.com\/wp-content\/uploads\/gold-500x500.jpg 500w, https:\/\/www.ozbekspor.com\/wp-content\/uploads\/gold-800x800.jpg 800w, https:\/\/www.ozbekspor.com\/wp-content\/uploads\/gold-768x768.jpg 768w, https:\/\/www.ozbekspor.com\/wp-content\/uploads\/gold-300x300.jpg 300w, https:\/\/www.ozbekspor.com\/wp-content\/uploads\/gold-600x600.jpg 600w, https:\/\/www.ozbekspor.com\/wp-content\/uploads\/gold-100x100.jpg 100w, https:\/\/www.ozbekspor.com\/wp-content\/uploads\/gold.jpg 1000w\" sizes=\"(max-width: 500px) 100vw, 500px\" \/><\/a>\n\t\t\t<\/div>\n\t\t\t\t<figcaption class='wp-caption-text gallery-caption' id='gallery-1-940'>\n\t\t\t\t\u00d6S-85005S BUTTERFLY TIMO BOLL MATCH MASA TEN\u0130S\u0130 RAKET\u0130\n\t\t\t\t<\/figcaption><\/figure><figure class='gallery-item'>\n\t\t\t<div class='gallery-icon landscape'>\n\t\t\t\t<a href='https:\/\/www.ozbekspor.com\/wp-content\/uploads\/TIMO-BOLL-GOLD-STANDART-RENK-82f6.jpg'><img width=\"500\" height=\"500\" src=\"https:\/\/www.ozbekspor.com\/wp-content\/uploads\/TIMO-BOLL-GOLD-STANDART-RENK-82f6-500x500.jpg\" class=\"attachment-thumbnail size-thumbnail\" alt=\"\" loading=\"lazy\" aria-describedby=\"gallery-1-941\" srcset=\"https:\/\/www.ozbekspor.com\/wp-content\/uploads\/TIMO-BOLL-GOLD-STANDART-RENK-82f6-500x500.jpg 500w, https:\/\/www.ozbekspor.com\/wp-content\/uploads\/TIMO-BOLL-GOLD-STANDART-RENK-82f6-800x800.jpg 800w, https:\/\/www.ozbekspor.com\/wp-content\/uploads\/TIMO-BOLL-GOLD-STANDART-RENK-82f6-768x768.jpg 768w, https:\/\/www.ozbekspor.com\/wp-content\/uploads\/TIMO-BOLL-GOLD-STANDART-RENK-82f6-300x300.jpg 300w, https:\/\/www.ozbekspor.com\/wp-content\/uploads\/TIMO-BOLL-GOLD-STANDART-RENK-82f6-600x600.jpg 600w, https:\/\/www.ozbekspor.com\/wp-content\/uploads\/TIMO-BOLL-GOLD-STANDART-RENK-82f6-100x100.jpg 100w, https:\/\/www.ozbekspor.com\/wp-content\/uploads\/TIMO-BOLL-GOLD-STANDART-RENK-82f6.jpg 1000w\" sizes=\"(max-width: 500px) 100vw, 500px\" \/><\/a>\n\t\t\t<\/div>\n\t\t\t\t<figcaption class='wp-caption-text gallery-caption' id='gallery-1-941'>\n\t\t\t\t\u00d6S-85021S BUTTERFLY TIMO BOLL GOLD MASA TEN\u0130S\u0130 RAKET\u0130\n\t\t\t\t<\/figcaption><\/figure><figure class='gallery-item'>\n\t\t\t<div class='gallery-icon landscape'>\n\t\t\t\t<a href='https:\/\/www.ozbekspor.com\/wp-content\/uploads\/indir.jpg'><img width=\"500\" height=\"500\" src=\"https:\/\/www.ozbekspor.com\/wp-content\/uploads\/indir-500x500.jpg\" class=\"attachment-thumbnail size-thumbnail\" alt=\"\" loading=\"lazy\" aria-describedby=\"gallery-1-942\" srcset=\"https:\/\/www.ozbekspor.com\/wp-content\/uploads\/indir-500x500.jpg 500w, https:\/\/www.ozbekspor.com\/wp-content\/uploads\/indir-800x800.jpg 800w, https:\/\/www.ozbekspor.com\/wp-content\/uploads\/indir-768x768.jpg 768w, https:\/\/www.ozbekspor.com\/wp-content\/uploads\/indir-300x300.jpg 300w, https:\/\/www.ozbekspor.com\/wp-content\/uploads\/indir-600x600.jpg 600w, https:\/\/www.ozbekspor.com\/wp-content\/uploads\/indir-100x100.jpg 100w, https:\/\/www.ozbekspor.com\/wp-content\/uploads\/indir.jpg 1000w\" sizes=\"(max-width: 500px) 100vw, 500px\" \/><\/a>\n\t\t\t<\/div>\n\t\t\t\t<figcaption class='wp-caption-text gallery-caption' id='gallery-1-942'>\n\t\t\t\t\u00d6S-85031 BUTTERFLY TIMO BOLL BLACK MASA TEN\u0130S\u0130 RAKET\u0130\n\t\t\t\t<\/figcaption><\/figure><figure class='gallery-item'>\n\t\t\t<div class='gallery-icon landscape'>\n\t\t\t\t<a href='https:\/\/www.ozbekspor.com\/wp-content\/uploads\/butterfly-team-germany-vision-masa-tenisi-raketi-85092.jpg'><img width=\"500\" height=\"500\" src=\"https:\/\/www.ozbekspor.com\/wp-content\/uploads\/butterfly-team-germany-vision-masa-tenisi-raketi-85092-500x500.jpg\" class=\"attachment-thumbnail size-thumbnail\" alt=\"\" loading=\"lazy\" aria-describedby=\"gallery-1-947\" srcset=\"https:\/\/www.ozbekspor.com\/wp-content\/uploads\/butterfly-team-germany-vision-masa-tenisi-raketi-85092-500x500.jpg 500w, https:\/\/www.ozbekspor.com\/wp-content\/uploads\/butterfly-team-germany-vision-masa-tenisi-raketi-85092-800x800.jpg 800w, https:\/\/www.ozbekspor.com\/wp-content\/uploads\/butterfly-team-germany-vision-masa-tenisi-raketi-85092-768x768.jpg 768w, https:\/\/www.ozbekspor.com\/wp-content\/uploads\/butterfly-team-germany-vision-masa-tenisi-raketi-85092-300x300.jpg 300w, https:\/\/www.ozbekspor.com\/wp-content\/uploads\/butterfly-team-germany-vision-masa-tenisi-raketi-85092-600x600.jpg 600w, https:\/\/www.ozbekspor.com\/wp-content\/uploads\/butterfly-team-germany-vision-masa-tenisi-raketi-85092-100x100.jpg 100w, https:\/\/www.ozbekspor.com\/wp-content\/uploads\/butterfly-team-germany-vision-masa-tenisi-raketi-85092.jpg 1000w\" sizes=\"(max-width: 500px) 100vw, 500px\" \/><\/a>\n\t\t\t<\/div>\n\t\t\t\t<figcaption class='wp-caption-text gallery-caption' id='gallery-1-947'>\n\t\t\t\t\u00d6S-85090 BUTTERFLY YEAM GERMANY CONCEPT MASA TEN\u0130S\u0130 RAKET\u0130\n\t\t\t\t<\/figcaption><\/figure><figure class='gallery-item'>\n\t\t\t<div class='gallery-icon landscape'>\n\t\t\t\t<a href='https:\/\/www.ozbekspor.com\/wp-content\/uploads\/butterfly-michael-maze-platin-masa-tenisi-raketi-85064-1.jpg'><img width=\"500\" height=\"500\" src=\"https:\/\/www.ozbekspor.com\/wp-content\/uploads\/butterfly-michael-maze-platin-masa-tenisi-raketi-85064-1-500x500.jpg\" class=\"attachment-thumbnail size-thumbnail\" alt=\"\" loading=\"lazy\" aria-describedby=\"gallery-1-949\" srcset=\"https:\/\/www.ozbekspor.com\/wp-content\/uploads\/butterfly-michael-maze-platin-masa-tenisi-raketi-85064-1-500x500.jpg 500w, https:\/\/www.ozbekspor.com\/wp-content\/uploads\/butterfly-michael-maze-platin-masa-tenisi-raketi-85064-1-800x800.jpg 800w, https:\/\/www.ozbekspor.com\/wp-content\/uploads\/butterfly-michael-maze-platin-masa-tenisi-raketi-85064-1-768x768.jpg 768w, https:\/\/www.ozbekspor.com\/wp-content\/uploads\/butterfly-michael-maze-platin-masa-tenisi-raketi-85064-1-300x300.jpg 300w, https:\/\/www.ozbekspor.com\/wp-content\/uploads\/butterfly-michael-maze-platin-masa-tenisi-raketi-85064-1-600x600.jpg 600w, https:\/\/www.ozbekspor.com\/wp-content\/uploads\/butterfly-michael-maze-platin-masa-tenisi-raketi-85064-1-100x100.jpg 100w, https:\/\/www.ozbekspor.com\/wp-content\/uploads\/butterfly-michael-maze-platin-masa-tenisi-raketi-85064-1.jpg 1000w\" sizes=\"(max-width: 500px) 100vw, 500px\" \/><\/a>\n\t\t\t<\/div>\n\t\t\t\t<figcaption class='wp-caption-text gallery-caption' id='gallery-1-949'>\n\t\t\t\t\u00d6S-85062 BUTTERFLY MICHAEL MAZE GOLD MASA TEN\u0130S\u0130 RAKET\u0130\n\t\t\t\t<\/figcaption><\/figure><figure class='gallery-item'>\n\t\t\t<div class='gallery-icon landscape'>\n\t\t\t\t<a href='https:\/\/www.ozbekspor.com\/wp-content\/uploads\/butterfly-zhang-jike-zjx6-masa-tenisi-raketi-76275.jpg'><img width=\"500\" height=\"500\" src=\"https:\/\/www.ozbekspor.com\/wp-content\/uploads\/butterfly-zhang-jike-zjx6-masa-tenisi-raketi-76275-500x500.jpg\" class=\"attachment-thumbnail size-thumbnail\" alt=\"\" loading=\"lazy\" aria-describedby=\"gallery-1-951\" srcset=\"https:\/\/www.ozbekspor.com\/wp-content\/uploads\/butterfly-zhang-jike-zjx6-masa-tenisi-raketi-76275-500x500.jpg 500w, https:\/\/www.ozbekspor.com\/wp-content\/uploads\/butterfly-zhang-jike-zjx6-masa-tenisi-raketi-76275-800x800.jpg 800w, https:\/\/www.ozbekspor.com\/wp-content\/uploads\/butterfly-zhang-jike-zjx6-masa-tenisi-raketi-76275-768x768.jpg 768w, https:\/\/www.ozbekspor.com\/wp-content\/uploads\/butterfly-zhang-jike-zjx6-masa-tenisi-raketi-76275-300x300.jpg 300w, https:\/\/www.ozbekspor.com\/wp-content\/uploads\/butterfly-zhang-jike-zjx6-masa-tenisi-raketi-76275-600x600.jpg 600w, https:\/\/www.ozbekspor.com\/wp-content\/uploads\/butterfly-zhang-jike-zjx6-masa-tenisi-raketi-76275-100x100.jpg 100w, https:\/\/www.ozbekspor.com\/wp-content\/uploads\/butterfly-zhang-jike-zjx6-masa-tenisi-raketi-76275.jpg 1000w\" sizes=\"(max-width: 500px) 100vw, 500px\" \/><\/a>\n\t\t\t<\/div>\n\t\t\t\t<figcaption class='wp-caption-text gallery-caption' id='gallery-1-951'>\n\t\t\t\t\u00d6S-85085S BUTTERFLY ZHANG JIKE ZJX6 MASA TEN\u0130S\u0130 RAKET\u0130\n\t\t\t\t<\/figcaption><\/figure><figure class='gallery-item'>\n\t\t\t<div class='gallery-icon landscape'>\n\t\t\t\t<a href='https:\/\/www.ozbekspor.com\/wp-content\/uploads\/BUTTERFLY-MASA-TENISI-RAKETI-ZHANG-JIKE-cb14.jpg'><img width=\"500\" height=\"500\" src=\"https:\/\/www.ozbekspor.com\/wp-content\/uploads\/BUTTERFLY-MASA-TENISI-RAKETI-ZHANG-JIKE-cb14-500x500.jpg\" class=\"attachment-thumbnail size-thumbnail\" alt=\"\" loading=\"lazy\" aria-describedby=\"gallery-1-946\" srcset=\"https:\/\/www.ozbekspor.com\/wp-content\/uploads\/BUTTERFLY-MASA-TENISI-RAKETI-ZHANG-JIKE-cb14-500x500.jpg 500w, https:\/\/www.ozbekspor.com\/wp-content\/uploads\/BUTTERFLY-MASA-TENISI-RAKETI-ZHANG-JIKE-cb14-800x800.jpg 800w, https:\/\/www.ozbekspor.com\/wp-content\/uploads\/BUTTERFLY-MASA-TENISI-RAKETI-ZHANG-JIKE-cb14-768x768.jpg 768w, https:\/\/www.ozbekspor.com\/wp-content\/uploads\/BUTTERFLY-MASA-TENISI-RAKETI-ZHANG-JIKE-cb14-300x300.jpg 300w, https:\/\/www.ozbekspor.com\/wp-content\/uploads\/BUTTERFLY-MASA-TENISI-RAKETI-ZHANG-JIKE-cb14-600x600.jpg 600w, https:\/\/www.ozbekspor.com\/wp-content\/uploads\/BUTTERFLY-MASA-TENISI-RAKETI-ZHANG-JIKE-cb14-100x100.jpg 100w, https:\/\/www.ozbekspor.com\/wp-content\/uploads\/BUTTERFLY-MASA-TENISI-RAKETI-ZHANG-JIKE-cb14.jpg 1000w\" sizes=\"(max-width: 500px) 100vw, 500px\" \/><\/a>\n\t\t\t<\/div>\n\t\t\t\t<figcaption class='wp-caption-text gallery-caption' id='gallery-1-946'>\n\t\t\t\t\u00d6S-85085S BUTTERFLY ZHANG JIKE ZJX6 MASA TEN\u0130S\u0130 RAKET\u0130\n\t\t\t\t<\/figcaption><\/figure><figure class='gallery-item'>\n\t\t\t<div class='gallery-icon landscape'>\n\t\t\t\t<a href='https:\/\/www.ozbekspor.com\/wp-content\/uploads\/Tiago-Apolonia-TAX3-STANDART-RENK-1e76.jpg'><img width=\"500\" height=\"500\" src=\"https:\/\/www.ozbekspor.com\/wp-content\/uploads\/Tiago-Apolonia-TAX3-STANDART-RENK-1e76-500x500.jpg\" class=\"attachment-thumbnail size-thumbnail\" alt=\"\" loading=\"lazy\" aria-describedby=\"gallery-1-952\" srcset=\"https:\/\/www.ozbekspor.com\/wp-content\/uploads\/Tiago-Apolonia-TAX3-STANDART-RENK-1e76-500x500.jpg 500w, https:\/\/www.ozbekspor.com\/wp-content\/uploads\/Tiago-Apolonia-TAX3-STANDART-RENK-1e76-800x800.jpg 800w, https:\/\/www.ozbekspor.com\/wp-content\/uploads\/Tiago-Apolonia-TAX3-STANDART-RENK-1e76-768x768.jpg 768w, https:\/\/www.ozbekspor.com\/wp-content\/uploads\/Tiago-Apolonia-TAX3-STANDART-RENK-1e76-300x300.jpg 300w, https:\/\/www.ozbekspor.com\/wp-content\/uploads\/Tiago-Apolonia-TAX3-STANDART-RENK-1e76-600x600.jpg 600w, https:\/\/www.ozbekspor.com\/wp-content\/uploads\/Tiago-Apolonia-TAX3-STANDART-RENK-1e76-100x100.jpg 100w, https:\/\/www.ozbekspor.com\/wp-content\/uploads\/Tiago-Apolonia-TAX3-STANDART-RENK-1e76.jpg 1000w\" sizes=\"(max-width: 500px) 100vw, 500px\" \/><\/a>\n\t\t\t<\/div>\n\t\t\t\t<figcaption class='wp-caption-text gallery-caption' id='gallery-1-952'>\n\t\t\t\t\u00d6S-85082S BUTTERFLY TIAGO APOLONIA TAX3 MASA TEN\u0130S\u0130 RAKET\u0130\n\t\t\t\t<\/figcaption><\/figure><figure class='gallery-item'>\n\t\t\t<div class='gallery-icon landscape'>\n\t\t\t\t<a href='https:\/\/www.ozbekspor.com\/wp-content\/uploads\/butterflysmarcosfreitasmfxmasatenisiraketi_113907775.jpg'><img width=\"500\" height=\"500\" src=\"https:\/\/www.ozbekspor.com\/wp-content\/uploads\/butterflysmarcosfreitasmfxmasatenisiraketi_113907775-500x500.jpg\" class=\"attachment-thumbnail size-thumbnail\" alt=\"\" loading=\"lazy\" aria-describedby=\"gallery-1-944\" srcset=\"https:\/\/www.ozbekspor.com\/wp-content\/uploads\/butterflysmarcosfreitasmfxmasatenisiraketi_113907775-500x500.jpg 500w, https:\/\/www.ozbekspor.com\/wp-content\/uploads\/butterflysmarcosfreitasmfxmasatenisiraketi_113907775-800x800.jpg 800w, https:\/\/www.ozbekspor.com\/wp-content\/uploads\/butterflysmarcosfreitasmfxmasatenisiraketi_113907775-768x768.jpg 768w, https:\/\/www.ozbekspor.com\/wp-content\/uploads\/butterflysmarcosfreitasmfxmasatenisiraketi_113907775-300x300.jpg 300w, https:\/\/www.ozbekspor.com\/wp-content\/uploads\/butterflysmarcosfreitasmfxmasatenisiraketi_113907775-600x600.jpg 600w, https:\/\/www.ozbekspor.com\/wp-content\/uploads\/butterflysmarcosfreitasmfxmasatenisiraketi_113907775-100x100.jpg 100w, https:\/\/www.ozbekspor.com\/wp-content\/uploads\/butterflysmarcosfreitasmfxmasatenisiraketi_113907775.jpg 1000w\" sizes=\"(max-width: 500px) 100vw, 500px\" \/><\/a>\n\t\t\t<\/div>\n\t\t\t\t<figcaption class='wp-caption-text gallery-caption' id='gallery-1-944'>\n\t\t\t\t\u00d6S-85083S BUTTERFLY MARCOS FREITAS MFX4 MASA TEN\u0130S\u0130 RAKET\u0130\n\t\t\t\t<\/figcaption><\/figure><figure class='gallery-item'>\n\t\t\t<div class='gallery-icon landscape'>\n\t\t\t\t<a href='https:\/\/www.ozbekspor.com\/wp-content\/uploads\/butterfly-liam-pitchford-lpx1-masa-tenisi-raketi-85080s-1.jpg'><img width=\"500\" height=\"500\" src=\"https:\/\/www.ozbekspor.com\/wp-content\/uploads\/butterfly-liam-pitchford-lpx1-masa-tenisi-raketi-85080s-1-500x500.jpg\" class=\"attachment-thumbnail size-thumbnail\" alt=\"\" loading=\"lazy\" aria-describedby=\"gallery-1-948\" srcset=\"https:\/\/www.ozbekspor.com\/wp-content\/uploads\/butterfly-liam-pitchford-lpx1-masa-tenisi-raketi-85080s-1-500x500.jpg 500w, https:\/\/www.ozbekspor.com\/wp-content\/uploads\/butterfly-liam-pitchford-lpx1-masa-tenisi-raketi-85080s-1-800x800.jpg 800w, https:\/\/www.ozbekspor.com\/wp-content\/uploads\/butterfly-liam-pitchford-lpx1-masa-tenisi-raketi-85080s-1-768x768.jpg 768w, https:\/\/www.ozbekspor.com\/wp-content\/uploads\/butterfly-liam-pitchford-lpx1-masa-tenisi-raketi-85080s-1-300x300.jpg 300w, https:\/\/www.ozbekspor.com\/wp-content\/uploads\/butterfly-liam-pitchford-lpx1-masa-tenisi-raketi-85080s-1-600x600.jpg 600w, https:\/\/www.ozbekspor.com\/wp-content\/uploads\/butterfly-liam-pitchford-lpx1-masa-tenisi-raketi-85080s-1-100x100.jpg 100w, https:\/\/www.ozbekspor.com\/wp-content\/uploads\/butterfly-liam-pitchford-lpx1-masa-tenisi-raketi-85080s-1.jpg 1000w\" sizes=\"(max-width: 500px) 100vw, 500px\" \/><\/a>\n\t\t\t<\/div>\n\t\t\t\t<figcaption class='wp-caption-text gallery-caption' id='gallery-1-948'>\n\t\t\t\t\u00d6S-85080S BUTTERFLY LIAM PITCHFORD LPX1 MASA TEN\u0130S\u0130 RAKET\u0130\n\t\t\t\t<\/figcaption><\/figure><figure class='gallery-item'>\n\t\t\t<div class='gallery-icon landscape'>\n\t\t\t\t<a href='https:\/\/www.ozbekspor.com\/wp-content\/uploads\/free-your-style-masa-tenisi-raketi.jpg'><img width=\"500\" height=\"500\" src=\"https:\/\/www.ozbekspor.com\/wp-content\/uploads\/free-your-style-masa-tenisi-raketi-500x500.jpg\" class=\"attachment-thumbnail size-thumbnail\" alt=\"\" loading=\"lazy\" aria-describedby=\"gallery-1-939\" srcset=\"https:\/\/www.ozbekspor.com\/wp-content\/uploads\/free-your-style-masa-tenisi-raketi-500x500.jpg 500w, https:\/\/www.ozbekspor.com\/wp-content\/uploads\/free-your-style-masa-tenisi-raketi-800x800.jpg 800w, https:\/\/www.ozbekspor.com\/wp-content\/uploads\/free-your-style-masa-tenisi-raketi-768x768.jpg 768w, https:\/\/www.ozbekspor.com\/wp-content\/uploads\/free-your-style-masa-tenisi-raketi-300x300.jpg 300w, https:\/\/www.ozbekspor.com\/wp-content\/uploads\/free-your-style-masa-tenisi-raketi-600x600.jpg 600w, https:\/\/www.ozbekspor.com\/wp-content\/uploads\/free-your-style-masa-tenisi-raketi-100x100.jpg 100w, https:\/\/www.ozbekspor.com\/wp-content\/uploads\/free-your-style-masa-tenisi-raketi.jpg 1000w\" sizes=\"(max-width: 500px) 100vw, 500px\" \/><\/a>\n\t\t\t<\/div>\n\t\t\t\t<figcaption class='wp-caption-text gallery-caption' id='gallery-1-939'>\n\t\t\t\t\u00d6S-85205S BUTTERFLY FIRE YOUR STYLE MASA TEN\u0130S\u0130 RAKET\u0130\n\t\t\t\t<\/figcaption><\/figure><figure class='gallery-item'>\n\t\t\t<div class='gallery-icon landscape'>\n\t\t\t\t<a href='https:\/\/www.ozbekspor.com\/wp-content\/uploads\/7-1.jpg'><img width=\"500\" height=\"500\" src=\"https:\/\/www.ozbekspor.com\/wp-content\/uploads\/7-1-500x500.jpg\" class=\"attachment-thumbnail size-thumbnail\" alt=\"\" loading=\"lazy\" aria-describedby=\"gallery-1-943\" srcset=\"https:\/\/www.ozbekspor.com\/wp-content\/uploads\/7-1-500x500.jpg 500w, https:\/\/www.ozbekspor.com\/wp-content\/uploads\/7-1-800x800.jpg 800w, https:\/\/www.ozbekspor.com\/wp-content\/uploads\/7-1-768x768.jpg 768w, https:\/\/www.ozbekspor.com\/wp-content\/uploads\/7-1-300x300.jpg 300w, https:\/\/www.ozbekspor.com\/wp-content\/uploads\/7-1-600x600.jpg 600w, https:\/\/www.ozbekspor.com\/wp-content\/uploads\/7-1-100x100.jpg 100w, https:\/\/www.ozbekspor.com\/wp-content\/uploads\/7-1.jpg 1000w\" sizes=\"(max-width: 500px) 100vw, 500px\" \/><\/a>\n\t\t\t<\/div>\n\t\t\t\t<figcaption class='wp-caption-text gallery-caption' id='gallery-1-943'>\n\t\t\t\t\u00d6S-85082S BUTTERFLY TIAGO APOLONIA TAX3 MASA TEN\u0130S\u0130 RAKET\u0130\n\t\t\t\t<\/figcaption><\/figure>\n\t\t<\/div>\n\n","protected":false},"excerpt":{"rendered":"<p><strong>Butterfly Masa Tenisi Raketleri\u00a0<\/strong><\/p>\n<p><b>Masa tenisi<\/b> ilk olarak 1880\u2019li y\u0131llarda ortaya \u00e7\u0131km\u0131\u015f ve ilk olarak \u0130ngiliz askerler taraf\u0131ndan oynanmaya ba\u015flanm\u0131\u015ft\u0131r. Uzun y\u0131llar geli\u015fme g\u00f6stermi\u015f 1988 y\u0131l\u0131ndan itibaren de tek ve \u00e7ift m\u00fcsabakalar\u0131 ile olimpik bir spor haline gelmi\u015ftir. Tarih ilerledik\u00e7e g\u00fcnden g\u00fcne yayg\u0131nla\u015farak g\u00fcn\u00fcm\u00fczde de pop\u00fclerli\u011fini korumaktad\u0131r. Masa tenisi i\u00e7in gerekli malzemeler aras\u0131nda <b>masa tenisi raketi<\/b>, <b>masa tenisi topu<\/b>, <b>masa tenisi masalar\u0131<\/b>, <b>a\u011f demir<\/b>, <b>raket k\u0131l\u0131f\u0131<\/b> ve di\u011fer\u00a0<b>masa tenisi malzemeleri<\/b>\u00a0yer almaktad\u0131r.<\/p>\n<p>Masa tenisinde raket se\u00e7imi olduk\u00e7a \u00f6nemli bir yer tutmaktad\u0131r. Raket se\u00e7iminde oyuncunun oyun stiline uygun olarak raket tahtas\u0131 ve lastik se\u00e7imi belirlenmektedir. Tek bir model herkes i\u00e7in iyi olmamakla birlikte oyun tarz\u0131na g\u00f6re ihtiyaca y\u00f6nelik \u00f6zel olarak raket se\u00e7ilmesi \u00f6nemlidir. <b>Masa tenisi raketlerinde Butterfly<\/b>, <b>Nittaku<\/b>, <b>Sunflex<\/b> markalar\u0131 \u00f6n plana \u00e7\u0131kmaktad\u0131r. Raket se\u00e7iminde ki\u015fiye \u00f6zel olarak \u00fcr\u00fcn se\u00e7ilmesi \u00f6nemlidir. <strong>Butterfly<\/strong> markal\u0131 masa tenisi raketleri hareket kolayl\u0131\u011f\u0131 ve hafif olmas\u0131 sebebiyle g\u00f6z doldurmaktad\u0131r. Masa tenisi raketleri aras\u0131nda farkl\u0131 renk se\u00e7ene\u011fi ile ihtiyac\u0131n\u0131za uygun \u00fcr\u00fcn\u00fc kolayl\u0131kla bulabilirsiniz.<\/p>\n<p><b>Raket k\u0131l\u0131flar\u0131<\/b>, masa tenisi raketlerini korumak ve saklamak i\u00e7in \u00f6nemlidir. <b>Butterfly raket k\u0131l\u0131flar\u0131<\/b>\u00a0ile raketiniz i\u00e7in gerekli korumay\u0131 sa\u011flayabilirsiniz.<\/p>\n<p>Masa tenisi i\u00e7in ihtiyac\u0131n\u0131z olan t\u00fcm \u00fcr\u00fcnlere s\u00fcrekli yenilenen \u00fcr\u00fcn \u00e7e\u015fitlili\u011fi ve indirimli fiyat avantaj\u0131yla <strong>\u00d6zbek Spor<\/strong>&#8216;dan ula\u015fabilirsiniz. 7\/24 ula\u015fabilece\u011finiz ve \u00e7e\u015fitli spor dallar\u0131na ait \u00fcr\u00fcnlere \u00fccretsiz kargo avantaj\u0131 ile hemen sipari\u015f verebilir kolayl\u0131kla ula\u015fabilirsiniz.<\/p>\n","protected":false},"featured_media":946,"template":"","meta":[],"_links":{"self":[{"href":"https:\/\/www.ozbekspor.com\/index.php?rest_route=\/wp\/v2\/product\/938"}],"collection":[{"href":"https:\/\/www.ozbekspor.com\/index.php?rest_route=\/wp\/v2\/product"}],"about":[{"href":"https:\/\/www.ozbekspor.com\/index.php?rest_route=\/wp\/v2\/types\/product"}],"wp:featuredmedia":[{"embeddable":true,"href":"https:\/\/www.ozbekspor.com\/index.php?rest_route=\/wp\/v2\/media\/946"}],"wp:attachment":[{"href":"https:\/\/www.ozbekspor.com\/index.php?rest_route=%2Fwp%2Fv2%2Fmedia&parent=938"}],"curies":[{"name":"wp","href":"https:\/\/api.w.org\/{rel}","templated":true}]}}