{"id":935,"date":"2020-01-27T15:25:22","date_gmt":"2020-01-27T15:25:22","guid":{"rendered":"https:\/\/www.ozbekspor.com\/?post_type=product&#038;p=935"},"modified":"2021-01-24T17:23:37","modified_gmt":"2021-01-24T17:23:37","slug":"mitsuka-tenis-masasi","status":"publish","type":"product","link":"https:\/\/www.ozbekspor.com\/?product=mitsuka-tenis-masasi","title":{"rendered":"Masa Tenisi Masalar\u0131 &#8211; Mitsuka"},"content":{"rendered":"","protected":false},"excerpt":{"rendered":"<p><strong>Masa Tenisi Masalar\u0131 &#8211; Mitsuka\u00a0<\/strong><\/p>\n<p>Arad\u0131\u011f\u0131n\u0131z t\u00fcm\u00a0<em><strong>MITSUKA<\/strong> Masa Tenisi<\/em> Masas\u0131 modelleri indirimli fiyatlarla \u00d6zbek Spor&#8217;da.<\/p>\n","protected":false},"featured_media":937,"template":"","meta":[],"_links":{"self":[{"href":"https:\/\/www.ozbekspor.com\/index.php?rest_route=\/wp\/v2\/product\/935"}],"collection":[{"href":"https:\/\/www.ozbekspor.com\/index.php?rest_route=\/wp\/v2\/product"}],"about":[{"href":"https:\/\/www.ozbekspor.com\/index.php?rest_route=\/wp\/v2\/types\/product"}],"wp:featuredmedia":[{"embeddable":true,"href":"https:\/\/www.ozbekspor.com\/index.php?rest_route=\/wp\/v2\/media\/937"}],"wp:attachment":[{"href":"https:\/\/www.ozbekspor.com\/index.php?rest_route=%2Fwp%2Fv2%2Fmedia&parent=935"}],"curies":[{"name":"wp","href":"https:\/\/api.w.org\/{rel}","templated":true}]}}