{"id":913,"date":"2020-01-27T15:20:44","date_gmt":"2020-01-27T15:20:44","guid":{"rendered":"https:\/\/www.ozbekspor.com\/?post_type=product&#038;p=913"},"modified":"2021-01-24T17:03:36","modified_gmt":"2021-01-24T17:03:36","slug":"masa-tenisi-fileleri","status":"publish","type":"product","link":"https:\/\/www.ozbekspor.com\/?product=masa-tenisi-fileleri","title":{"rendered":"Masa Tenisi A\u011f Demir Setler"},"content":{"rendered":"<div id='gallery-1' class='gallery galleryid-913 gallery-columns-4 gallery-size-thumbnail'><figure class='gallery-item'>\n\t\t\t<div class='gallery-icon portrait'>\n\t\t\t\t<a href='https:\/\/www.ozbekspor.com\/wp-content\/uploads\/Avessa-Masa-Tenisi-File-Demir-Set-9811B-dd45.jpg'><img width=\"500\" height=\"500\" src=\"https:\/\/www.ozbekspor.com\/wp-content\/uploads\/Avessa-Masa-Tenisi-File-Demir-Set-9811B-dd45-500x500.jpg\" class=\"attachment-thumbnail size-thumbnail\" alt=\"\" loading=\"lazy\" aria-describedby=\"gallery-1-916\" srcset=\"https:\/\/www.ozbekspor.com\/wp-content\/uploads\/Avessa-Masa-Tenisi-File-Demir-Set-9811B-dd45-500x500.jpg 500w, https:\/\/www.ozbekspor.com\/wp-content\/uploads\/Avessa-Masa-Tenisi-File-Demir-Set-9811B-dd45-300x300.jpg 300w, https:\/\/www.ozbekspor.com\/wp-content\/uploads\/Avessa-Masa-Tenisi-File-Demir-Set-9811B-dd45-100x100.jpg 100w\" sizes=\"(max-width: 500px) 100vw, 500px\" \/><\/a>\n\t\t\t<\/div>\n\t\t\t\t<figcaption class='wp-caption-text gallery-caption' id='gallery-1-916'>\n\t\t\t\t\u00d6S-9811A MASA TEN\u0130S\u0130 F\u0130LE DEM\u0130R SET EKO. MENGENEL\u0130\n\t\t\t\t<\/figcaption><\/figure><figure class='gallery-item'>\n\t\t\t<div class='gallery-icon portrait'>\n\t\t\t\t<a href='https:\/\/www.ozbekspor.com\/wp-content\/uploads\/avessa-masa-tenisi-file-demir-set-9811b-ucretsiz-kargo-6990-1200x1800-1.jpg'><img width=\"500\" height=\"500\" src=\"https:\/\/www.ozbekspor.com\/wp-content\/uploads\/avessa-masa-tenisi-file-demir-set-9811b-ucretsiz-kargo-6990-1200x1800-1-500x500.jpg\" class=\"attachment-thumbnail size-thumbnail\" alt=\"\" loading=\"lazy\" aria-describedby=\"gallery-1-917\" srcset=\"https:\/\/www.ozbekspor.com\/wp-content\/uploads\/avessa-masa-tenisi-file-demir-set-9811b-ucretsiz-kargo-6990-1200x1800-1-500x500.jpg 500w, https:\/\/www.ozbekspor.com\/wp-content\/uploads\/avessa-masa-tenisi-file-demir-set-9811b-ucretsiz-kargo-6990-1200x1800-1-300x300.jpg 300w, https:\/\/www.ozbekspor.com\/wp-content\/uploads\/avessa-masa-tenisi-file-demir-set-9811b-ucretsiz-kargo-6990-1200x1800-1-100x100.jpg 100w\" sizes=\"(max-width: 500px) 100vw, 500px\" \/><\/a>\n\t\t\t<\/div>\n\t\t\t\t<figcaption class='wp-caption-text gallery-caption' id='gallery-1-917'>\n\t\t\t\t\u00d6S-9811B MASA TEN\u0130S\u0130 F\u0130LE DEM\u0130R SET EKO. MENGENEL\u0130\n\t\t\t\t<\/figcaption><\/figure><figure class='gallery-item'>\n\t\t\t<div class='gallery-icon portrait'>\n\t\t\t\t<a href='https:\/\/www.ozbekspor.com\/wp-content\/uploads\/avessa-mengeneli-masa-tenisi-file-demir-set-9811c-ucretsiz-kargo-6995-1200x1800-1.jpg'><img width=\"500\" height=\"500\" src=\"https:\/\/www.ozbekspor.com\/wp-content\/uploads\/avessa-mengeneli-masa-tenisi-file-demir-set-9811c-ucretsiz-kargo-6995-1200x1800-1-500x500.jpg\" class=\"attachment-thumbnail size-thumbnail\" alt=\"\" loading=\"lazy\" aria-describedby=\"gallery-1-922\" srcset=\"https:\/\/www.ozbekspor.com\/wp-content\/uploads\/avessa-mengeneli-masa-tenisi-file-demir-set-9811c-ucretsiz-kargo-6995-1200x1800-1-500x500.jpg 500w, https:\/\/www.ozbekspor.com\/wp-content\/uploads\/avessa-mengeneli-masa-tenisi-file-demir-set-9811c-ucretsiz-kargo-6995-1200x1800-1-300x300.jpg 300w, https:\/\/www.ozbekspor.com\/wp-content\/uploads\/avessa-mengeneli-masa-tenisi-file-demir-set-9811c-ucretsiz-kargo-6995-1200x1800-1-100x100.jpg 100w\" sizes=\"(max-width: 500px) 100vw, 500px\" \/><\/a>\n\t\t\t<\/div>\n\t\t\t\t<figcaption class='wp-caption-text gallery-caption' id='gallery-1-922'>\n\t\t\t\t\u00d6S-9814D MASA TEN\u0130S\u0130 F\u0130LES\u0130 L\u00dcKS \u00d6RG\u00dc\n\t\t\t\t<\/figcaption><\/figure><figure class='gallery-item'>\n\t\t\t<div class='gallery-icon landscape'>\n\t\t\t\t<a href='https:\/\/www.ozbekspor.com\/wp-content\/uploads\/avessa-9811-c-masa-tenisi-file-demir-set-mengeneli-1966-700x700-1.jpg'><img width=\"500\" height=\"500\" src=\"https:\/\/www.ozbekspor.com\/wp-content\/uploads\/avessa-9811-c-masa-tenisi-file-demir-set-mengeneli-1966-700x700-1-500x500.jpg\" class=\"attachment-thumbnail size-thumbnail\" alt=\"\" loading=\"lazy\" aria-describedby=\"gallery-1-924\" srcset=\"https:\/\/www.ozbekspor.com\/wp-content\/uploads\/avessa-9811-c-masa-tenisi-file-demir-set-mengeneli-1966-700x700-1-500x500.jpg 500w, https:\/\/www.ozbekspor.com\/wp-content\/uploads\/avessa-9811-c-masa-tenisi-file-demir-set-mengeneli-1966-700x700-1-800x800.jpg 800w, https:\/\/www.ozbekspor.com\/wp-content\/uploads\/avessa-9811-c-masa-tenisi-file-demir-set-mengeneli-1966-700x700-1-768x768.jpg 768w, https:\/\/www.ozbekspor.com\/wp-content\/uploads\/avessa-9811-c-masa-tenisi-file-demir-set-mengeneli-1966-700x700-1-300x300.jpg 300w, https:\/\/www.ozbekspor.com\/wp-content\/uploads\/avessa-9811-c-masa-tenisi-file-demir-set-mengeneli-1966-700x700-1-600x600.jpg 600w, https:\/\/www.ozbekspor.com\/wp-content\/uploads\/avessa-9811-c-masa-tenisi-file-demir-set-mengeneli-1966-700x700-1-100x100.jpg 100w, https:\/\/www.ozbekspor.com\/wp-content\/uploads\/avessa-9811-c-masa-tenisi-file-demir-set-mengeneli-1966-700x700-1.jpg 1000w\" sizes=\"(max-width: 500px) 100vw, 500px\" \/><\/a>\n\t\t\t<\/div>\n\t\t\t\t<figcaption class='wp-caption-text gallery-caption' id='gallery-1-924'>\n\t\t\t\t\u00d6S-9811C MASA TEN\u0130S\u0130 F\u0130LE DEM\u0130R SET MENGENEL\u0130\n\t\t\t\t<\/figcaption><\/figure><figure class='gallery-item'>\n\t\t\t<div class='gallery-icon portrait'>\n\t\t\t\t<a href='https:\/\/www.ozbekspor.com\/wp-content\/uploads\/avessa-masa-tenisi-file-demir-set-mengeneli-9819d-ucretsiz-kargo-6996-1200x1800-1.jpg'><img width=\"500\" height=\"500\" src=\"https:\/\/www.ozbekspor.com\/wp-content\/uploads\/avessa-masa-tenisi-file-demir-set-mengeneli-9819d-ucretsiz-kargo-6996-1200x1800-1-500x500.jpg\" class=\"attachment-thumbnail size-thumbnail\" alt=\"\" loading=\"lazy\" aria-describedby=\"gallery-1-930\" srcset=\"https:\/\/www.ozbekspor.com\/wp-content\/uploads\/avessa-masa-tenisi-file-demir-set-mengeneli-9819d-ucretsiz-kargo-6996-1200x1800-1-500x500.jpg 500w, https:\/\/www.ozbekspor.com\/wp-content\/uploads\/avessa-masa-tenisi-file-demir-set-mengeneli-9819d-ucretsiz-kargo-6996-1200x1800-1-300x300.jpg 300w, https:\/\/www.ozbekspor.com\/wp-content\/uploads\/avessa-masa-tenisi-file-demir-set-mengeneli-9819d-ucretsiz-kargo-6996-1200x1800-1-100x100.jpg 100w\" sizes=\"(max-width: 500px) 100vw, 500px\" \/><\/a>\n\t\t\t<\/div>\n\t\t\t\t<figcaption class='wp-caption-text gallery-caption' id='gallery-1-930'>\n\t\t\t\t\u00d6S-9819D MASA TEN\u0130S\u0130 F\u0130LE DEM\u0130R SET MANDALLI\n\t\t\t\t<\/figcaption><\/figure><figure class='gallery-item'>\n\t\t\t<div class='gallery-icon landscape'>\n\t\t\t\t<a href='https:\/\/www.ozbekspor.com\/wp-content\/uploads\/Avessa-Masa-Tenisi-File-Demir-Set-Mandal-ceec.jpg'><img width=\"500\" height=\"500\" src=\"https:\/\/www.ozbekspor.com\/wp-content\/uploads\/Avessa-Masa-Tenisi-File-Demir-Set-Mandal-ceec-500x500.jpg\" class=\"attachment-thumbnail size-thumbnail\" alt=\"\" loading=\"lazy\" aria-describedby=\"gallery-1-929\" srcset=\"https:\/\/www.ozbekspor.com\/wp-content\/uploads\/Avessa-Masa-Tenisi-File-Demir-Set-Mandal-ceec-500x500.jpg 500w, https:\/\/www.ozbekspor.com\/wp-content\/uploads\/Avessa-Masa-Tenisi-File-Demir-Set-Mandal-ceec-800x800.jpg 800w, https:\/\/www.ozbekspor.com\/wp-content\/uploads\/Avessa-Masa-Tenisi-File-Demir-Set-Mandal-ceec-768x768.jpg 768w, https:\/\/www.ozbekspor.com\/wp-content\/uploads\/Avessa-Masa-Tenisi-File-Demir-Set-Mandal-ceec-300x300.jpg 300w, https:\/\/www.ozbekspor.com\/wp-content\/uploads\/Avessa-Masa-Tenisi-File-Demir-Set-Mandal-ceec-600x600.jpg 600w, https:\/\/www.ozbekspor.com\/wp-content\/uploads\/Avessa-Masa-Tenisi-File-Demir-Set-Mandal-ceec-100x100.jpg 100w, https:\/\/www.ozbekspor.com\/wp-content\/uploads\/Avessa-Masa-Tenisi-File-Demir-Set-Mandal-ceec.jpg 1000w\" sizes=\"(max-width: 500px) 100vw, 500px\" \/><\/a>\n\t\t\t<\/div>\n\t\t\t\t<figcaption class='wp-caption-text gallery-caption' id='gallery-1-929'>\n\t\t\t\t\u00d6S-P250 MASA TEN\u0130S\u0130 F\u0130LE DEM\u0130R SET MANDALLI\n\t\t\t\t<\/figcaption><\/figure><figure class='gallery-item'>\n\t\t\t<div class='gallery-icon portrait'>\n\t\t\t\t<a href='https:\/\/www.ozbekspor.com\/wp-content\/uploads\/Povit-Mengeneli-Masa-Tenisi-Ag-Demir-Set-resim-1794.jpg'><img width=\"500\" height=\"500\" src=\"https:\/\/www.ozbekspor.com\/wp-content\/uploads\/Povit-Mengeneli-Masa-Tenisi-Ag-Demir-Set-resim-1794-500x500.jpg\" class=\"attachment-thumbnail size-thumbnail\" alt=\"\" loading=\"lazy\" aria-describedby=\"gallery-1-915\" srcset=\"https:\/\/www.ozbekspor.com\/wp-content\/uploads\/Povit-Mengeneli-Masa-Tenisi-Ag-Demir-Set-resim-1794-500x500.jpg 500w, https:\/\/www.ozbekspor.com\/wp-content\/uploads\/Povit-Mengeneli-Masa-Tenisi-Ag-Demir-Set-resim-1794-300x300.jpg 300w, https:\/\/www.ozbekspor.com\/wp-content\/uploads\/Povit-Mengeneli-Masa-Tenisi-Ag-Demir-Set-resim-1794-100x100.jpg 100w\" sizes=\"(max-width: 500px) 100vw, 500px\" \/><\/a>\n\t\t\t<\/div>\n\t\t\t\t<figcaption class='wp-caption-text gallery-caption' id='gallery-1-915'>\n\t\t\t\t\u00d6S-9819A MASA TEN\u0130S\u0130 F\u0130LE DEM\u0130R SET MANDALLI\n\t\t\t\t<\/figcaption><\/figure><figure class='gallery-item'>\n\t\t\t<div class='gallery-icon landscape'>\n\t\t\t\t<a href='https:\/\/www.ozbekspor.com\/wp-content\/uploads\/Avessa-9814-D-Masa-Tenis-Filesi-Luks-Orgu-resim-930.jpg'><img width=\"500\" height=\"500\" src=\"https:\/\/www.ozbekspor.com\/wp-content\/uploads\/Avessa-9814-D-Masa-Tenis-Filesi-Luks-Orgu-resim-930-500x500.jpg\" class=\"attachment-thumbnail size-thumbnail\" alt=\"\" loading=\"lazy\" aria-describedby=\"gallery-1-919\" srcset=\"https:\/\/www.ozbekspor.com\/wp-content\/uploads\/Avessa-9814-D-Masa-Tenis-Filesi-Luks-Orgu-resim-930-500x500.jpg 500w, https:\/\/www.ozbekspor.com\/wp-content\/uploads\/Avessa-9814-D-Masa-Tenis-Filesi-Luks-Orgu-resim-930-800x800.jpg 800w, https:\/\/www.ozbekspor.com\/wp-content\/uploads\/Avessa-9814-D-Masa-Tenis-Filesi-Luks-Orgu-resim-930-768x768.jpg 768w, https:\/\/www.ozbekspor.com\/wp-content\/uploads\/Avessa-9814-D-Masa-Tenis-Filesi-Luks-Orgu-resim-930-300x300.jpg 300w, https:\/\/www.ozbekspor.com\/wp-content\/uploads\/Avessa-9814-D-Masa-Tenis-Filesi-Luks-Orgu-resim-930-600x600.jpg 600w, https:\/\/www.ozbekspor.com\/wp-content\/uploads\/Avessa-9814-D-Masa-Tenis-Filesi-Luks-Orgu-resim-930-100x100.jpg 100w, https:\/\/www.ozbekspor.com\/wp-content\/uploads\/Avessa-9814-D-Masa-Tenis-Filesi-Luks-Orgu-resim-930.jpg 1000w\" sizes=\"(max-width: 500px) 100vw, 500px\" \/><\/a>\n\t\t\t<\/div>\n\t\t\t\t<figcaption class='wp-caption-text gallery-caption' id='gallery-1-919'>\n\t\t\t\t\u00d6S-9814A MASA TEN\u0130S\u0130 F\u0130LES\u0130\n\t\t\t\t<\/figcaption><\/figure><figure class='gallery-item'>\n\t\t\t<div class='gallery-icon landscape'>\n\t\t\t\t<a href='https:\/\/www.ozbekspor.com\/wp-content\/uploads\/busso-masa-tenisi-ag-ve-demir-seti-bs-98-0283.jpg'><img width=\"500\" height=\"500\" src=\"https:\/\/www.ozbekspor.com\/wp-content\/uploads\/busso-masa-tenisi-ag-ve-demir-seti-bs-98-0283-500x500.jpg\" class=\"attachment-thumbnail size-thumbnail\" alt=\"\" loading=\"lazy\" aria-describedby=\"gallery-1-921\" srcset=\"https:\/\/www.ozbekspor.com\/wp-content\/uploads\/busso-masa-tenisi-ag-ve-demir-seti-bs-98-0283-500x500.jpg 500w, https:\/\/www.ozbekspor.com\/wp-content\/uploads\/busso-masa-tenisi-ag-ve-demir-seti-bs-98-0283-800x800.jpg 800w, https:\/\/www.ozbekspor.com\/wp-content\/uploads\/busso-masa-tenisi-ag-ve-demir-seti-bs-98-0283-768x768.jpg 768w, https:\/\/www.ozbekspor.com\/wp-content\/uploads\/busso-masa-tenisi-ag-ve-demir-seti-bs-98-0283-300x300.jpg 300w, https:\/\/www.ozbekspor.com\/wp-content\/uploads\/busso-masa-tenisi-ag-ve-demir-seti-bs-98-0283-600x600.jpg 600w, https:\/\/www.ozbekspor.com\/wp-content\/uploads\/busso-masa-tenisi-ag-ve-demir-seti-bs-98-0283-100x100.jpg 100w, https:\/\/www.ozbekspor.com\/wp-content\/uploads\/busso-masa-tenisi-ag-ve-demir-seti-bs-98-0283.jpg 1000w\" sizes=\"(max-width: 500px) 100vw, 500px\" \/><\/a>\n\t\t\t<\/div>\n\t\t\t\t<figcaption class='wp-caption-text gallery-caption' id='gallery-1-921'>\n\t\t\t\t\u00d6S-0169 UNIVERSAL MASA TEN\u0130S\u0130 A\u011e SET\u0130 MENGENEL\u0130\n\t\t\t\t<\/figcaption><\/figure><figure class='gallery-item'>\n\t\t\t<div class='gallery-icon landscape'>\n\t\t\t\t<a href='https:\/\/www.ozbekspor.com\/wp-content\/uploads\/busso-9819f-masa-tenisi-ag-demir-seti__1038338910778960.jpg'><img width=\"500\" height=\"500\" src=\"https:\/\/www.ozbekspor.com\/wp-content\/uploads\/busso-9819f-masa-tenisi-ag-demir-seti__1038338910778960-500x500.jpg\" class=\"attachment-thumbnail size-thumbnail\" alt=\"\" loading=\"lazy\" aria-describedby=\"gallery-1-923\" srcset=\"https:\/\/www.ozbekspor.com\/wp-content\/uploads\/busso-9819f-masa-tenisi-ag-demir-seti__1038338910778960-500x500.jpg 500w, https:\/\/www.ozbekspor.com\/wp-content\/uploads\/busso-9819f-masa-tenisi-ag-demir-seti__1038338910778960-800x800.jpg 800w, https:\/\/www.ozbekspor.com\/wp-content\/uploads\/busso-9819f-masa-tenisi-ag-demir-seti__1038338910778960-768x768.jpg 768w, https:\/\/www.ozbekspor.com\/wp-content\/uploads\/busso-9819f-masa-tenisi-ag-demir-seti__1038338910778960-300x300.jpg 300w, https:\/\/www.ozbekspor.com\/wp-content\/uploads\/busso-9819f-masa-tenisi-ag-demir-seti__1038338910778960-600x600.jpg 600w, https:\/\/www.ozbekspor.com\/wp-content\/uploads\/busso-9819f-masa-tenisi-ag-demir-seti__1038338910778960-100x100.jpg 100w, https:\/\/www.ozbekspor.com\/wp-content\/uploads\/busso-9819f-masa-tenisi-ag-demir-seti__1038338910778960.jpg 1000w\" sizes=\"(max-width: 500px) 100vw, 500px\" \/><\/a>\n\t\t\t<\/div>\n\t\t\t\t<figcaption class='wp-caption-text gallery-caption' id='gallery-1-923'>\n\t\t\t\t\u00d6S-B9819F MASA TEN\u0130S\u0130 A\u011e DEM\u0130R SET \n\t\t\t\t<\/figcaption><\/figure><figure class='gallery-item'>\n\t\t\t<div class='gallery-icon portrait'>\n\t\t\t\t<a href='https:\/\/www.ozbekspor.com\/wp-content\/uploads\/9819d.jpg'><img width=\"500\" height=\"500\" src=\"https:\/\/www.ozbekspor.com\/wp-content\/uploads\/9819d-500x500.jpg\" class=\"attachment-thumbnail size-thumbnail\" alt=\"\" loading=\"lazy\" aria-describedby=\"gallery-1-926\" srcset=\"https:\/\/www.ozbekspor.com\/wp-content\/uploads\/9819d-500x500.jpg 500w, https:\/\/www.ozbekspor.com\/wp-content\/uploads\/9819d-300x300.jpg 300w, https:\/\/www.ozbekspor.com\/wp-content\/uploads\/9819d-100x100.jpg 100w\" sizes=\"(max-width: 500px) 100vw, 500px\" \/><\/a>\n\t\t\t<\/div>\n\t\t\t\t<figcaption class='wp-caption-text gallery-caption' id='gallery-1-926'>\n\t\t\t\t\u00d6S-9819G MASA TEN\u0130S F\u0130LE DEM\u0130R SET MADALLI\n\t\t\t\t<\/figcaption><\/figure><figure class='gallery-item'>\n\t\t\t<div class='gallery-icon landscape'>\n\t\t\t\t<a href='https:\/\/www.ozbekspor.com\/wp-content\/uploads\/spn-432-MASA-TENI\u0307SI\u0307-FI\u0307LE-DEMI\u0307R-SET-MAS\u0327ALI.jpg'><img width=\"500\" height=\"500\" src=\"https:\/\/www.ozbekspor.com\/wp-content\/uploads\/spn-432-MASA-TENI\u0307SI\u0307-FI\u0307LE-DEMI\u0307R-SET-MAS\u0327ALI-500x500.jpg\" class=\"attachment-thumbnail size-thumbnail\" alt=\"\" loading=\"lazy\" aria-describedby=\"gallery-1-925\" srcset=\"https:\/\/www.ozbekspor.com\/wp-content\/uploads\/spn-432-MASA-TENI\u0307SI\u0307-FI\u0307LE-DEMI\u0307R-SET-MAS\u0327ALI-500x500.jpg 500w, https:\/\/www.ozbekspor.com\/wp-content\/uploads\/spn-432-MASA-TENI\u0307SI\u0307-FI\u0307LE-DEMI\u0307R-SET-MAS\u0327ALI-800x800.jpg 800w, https:\/\/www.ozbekspor.com\/wp-content\/uploads\/spn-432-MASA-TENI\u0307SI\u0307-FI\u0307LE-DEMI\u0307R-SET-MAS\u0327ALI-768x768.jpg 768w, https:\/\/www.ozbekspor.com\/wp-content\/uploads\/spn-432-MASA-TENI\u0307SI\u0307-FI\u0307LE-DEMI\u0307R-SET-MAS\u0327ALI-300x300.jpg 300w, https:\/\/www.ozbekspor.com\/wp-content\/uploads\/spn-432-MASA-TENI\u0307SI\u0307-FI\u0307LE-DEMI\u0307R-SET-MAS\u0327ALI-600x600.jpg 600w, https:\/\/www.ozbekspor.com\/wp-content\/uploads\/spn-432-MASA-TENI\u0307SI\u0307-FI\u0307LE-DEMI\u0307R-SET-MAS\u0327ALI-100x100.jpg 100w, https:\/\/www.ozbekspor.com\/wp-content\/uploads\/spn-432-MASA-TENI\u0307SI\u0307-FI\u0307LE-DEMI\u0307R-SET-MAS\u0327ALI.jpg 1000w\" sizes=\"(max-width: 500px) 100vw, 500px\" \/><\/a>\n\t\t\t<\/div>\n\t\t\t\t<figcaption class='wp-caption-text gallery-caption' id='gallery-1-925'>\n\t\t\t\t\u00d6S-SPN432 MASA TEN\u0130S\u0130 F\u0130LE DEM\u0130R SET\n\t\t\t\t<\/figcaption><\/figure><figure class='gallery-item'>\n\t\t\t<div class='gallery-icon portrait'>\n\t\t\t\t<a href='https:\/\/www.ozbekspor.com\/wp-content\/uploads\/delta-mavi-masa-tenisi-file-demir-seti-ads-50-10154279-393059-s1.jpg'><img width=\"500\" height=\"500\" src=\"https:\/\/www.ozbekspor.com\/wp-content\/uploads\/delta-mavi-masa-tenisi-file-demir-seti-ads-50-10154279-393059-s1-500x500.jpg\" class=\"attachment-thumbnail size-thumbnail\" alt=\"\" loading=\"lazy\" aria-describedby=\"gallery-1-927\" srcset=\"https:\/\/www.ozbekspor.com\/wp-content\/uploads\/delta-mavi-masa-tenisi-file-demir-seti-ads-50-10154279-393059-s1-500x500.jpg 500w, https:\/\/www.ozbekspor.com\/wp-content\/uploads\/delta-mavi-masa-tenisi-file-demir-seti-ads-50-10154279-393059-s1-300x300.jpg 300w, https:\/\/www.ozbekspor.com\/wp-content\/uploads\/delta-mavi-masa-tenisi-file-demir-seti-ads-50-10154279-393059-s1-100x100.jpg 100w\" sizes=\"(max-width: 500px) 100vw, 500px\" \/><\/a>\n\t\t\t<\/div>\n\t\t\t\t<figcaption class='wp-caption-text gallery-caption' id='gallery-1-927'>\n\t\t\t\t\u00d6S-ADS50 MASA TEN\u0130S\u0130 F\u0130LE DEM\u0130R SET\n\t\t\t\t<\/figcaption><\/figure><figure class='gallery-item'>\n\t\t\t<div class='gallery-icon landscape'>\n\t\t\t\t<a href='https:\/\/www.ozbekspor.com\/wp-content\/uploads\/urun-1494656611-delta-ds-102-masa-tenisi-file-demir-set-432.jpg'><img width=\"500\" height=\"500\" src=\"https:\/\/www.ozbekspor.com\/wp-content\/uploads\/urun-1494656611-delta-ds-102-masa-tenisi-file-demir-set-432-500x500.jpg\" class=\"attachment-thumbnail size-thumbnail\" alt=\"\" loading=\"lazy\" aria-describedby=\"gallery-1-918\" srcset=\"https:\/\/www.ozbekspor.com\/wp-content\/uploads\/urun-1494656611-delta-ds-102-masa-tenisi-file-demir-set-432-500x500.jpg 500w, https:\/\/www.ozbekspor.com\/wp-content\/uploads\/urun-1494656611-delta-ds-102-masa-tenisi-file-demir-set-432-300x300.jpg 300w, https:\/\/www.ozbekspor.com\/wp-content\/uploads\/urun-1494656611-delta-ds-102-masa-tenisi-file-demir-set-432-100x100.jpg 100w\" sizes=\"(max-width: 500px) 100vw, 500px\" \/><\/a>\n\t\t\t<\/div>\n\t\t\t\t<figcaption class='wp-caption-text gallery-caption' id='gallery-1-918'>\n\t\t\t\t\u00d6S-DS102 MASA TEN\u0130S\u0130 F\u0130LE DEM\u0130R SET\n\t\t\t\t<\/figcaption><\/figure><figure class='gallery-item'>\n\t\t\t<div class='gallery-icon landscape'>\n\t\t\t\t<a href='https:\/\/www.ozbekspor.com\/wp-content\/uploads\/ads-905-MASA-TENI\u0307SI\u0307-FI\u0307LE-DEMI\u0307R-SET-MENGENELI\u0307.jpg'><img width=\"500\" height=\"500\" src=\"https:\/\/www.ozbekspor.com\/wp-content\/uploads\/ads-905-MASA-TENI\u0307SI\u0307-FI\u0307LE-DEMI\u0307R-SET-MENGENELI\u0307-500x500.jpg\" class=\"attachment-thumbnail size-thumbnail\" alt=\"\" loading=\"lazy\" aria-describedby=\"gallery-1-928\" srcset=\"https:\/\/www.ozbekspor.com\/wp-content\/uploads\/ads-905-MASA-TENI\u0307SI\u0307-FI\u0307LE-DEMI\u0307R-SET-MENGENELI\u0307-500x500.jpg 500w, https:\/\/www.ozbekspor.com\/wp-content\/uploads\/ads-905-MASA-TENI\u0307SI\u0307-FI\u0307LE-DEMI\u0307R-SET-MENGENELI\u0307-800x800.jpg 800w, https:\/\/www.ozbekspor.com\/wp-content\/uploads\/ads-905-MASA-TENI\u0307SI\u0307-FI\u0307LE-DEMI\u0307R-SET-MENGENELI\u0307-768x768.jpg 768w, https:\/\/www.ozbekspor.com\/wp-content\/uploads\/ads-905-MASA-TENI\u0307SI\u0307-FI\u0307LE-DEMI\u0307R-SET-MENGENELI\u0307-300x300.jpg 300w, https:\/\/www.ozbekspor.com\/wp-content\/uploads\/ads-905-MASA-TENI\u0307SI\u0307-FI\u0307LE-DEMI\u0307R-SET-MENGENELI\u0307-600x600.jpg 600w, https:\/\/www.ozbekspor.com\/wp-content\/uploads\/ads-905-MASA-TENI\u0307SI\u0307-FI\u0307LE-DEMI\u0307R-SET-MENGENELI\u0307-100x100.jpg 100w, https:\/\/www.ozbekspor.com\/wp-content\/uploads\/ads-905-MASA-TENI\u0307SI\u0307-FI\u0307LE-DEMI\u0307R-SET-MENGENELI\u0307.jpg 1000w\" sizes=\"(max-width: 500px) 100vw, 500px\" \/><\/a>\n\t\t\t<\/div>\n\t\t\t\t<figcaption class='wp-caption-text gallery-caption' id='gallery-1-928'>\n\t\t\t\t\u00d6S-ADS905 MASA TEN\u0130S\u0130 F\u0130LE DEM\u0130R SET \n\t\t\t\t<\/figcaption><\/figure><figure class='gallery-item'>\n\t\t\t<div class='gallery-icon landscape'>\n\t\t\t\t<a href='https:\/\/www.ozbekspor.com\/wp-content\/uploads\/ds819.jpg'><img width=\"500\" height=\"500\" src=\"https:\/\/www.ozbekspor.com\/wp-content\/uploads\/ds819-500x500.jpg\" class=\"attachment-thumbnail size-thumbnail\" alt=\"\" loading=\"lazy\" aria-describedby=\"gallery-1-920\" srcset=\"https:\/\/www.ozbekspor.com\/wp-content\/uploads\/ds819-500x500.jpg 500w, https:\/\/www.ozbekspor.com\/wp-content\/uploads\/ds819-800x800.jpg 800w, https:\/\/www.ozbekspor.com\/wp-content\/uploads\/ds819-768x768.jpg 768w, https:\/\/www.ozbekspor.com\/wp-content\/uploads\/ds819-300x300.jpg 300w, https:\/\/www.ozbekspor.com\/wp-content\/uploads\/ds819-600x600.jpg 600w, https:\/\/www.ozbekspor.com\/wp-content\/uploads\/ds819-100x100.jpg 100w, https:\/\/www.ozbekspor.com\/wp-content\/uploads\/ds819.jpg 1000w\" sizes=\"(max-width: 500px) 100vw, 500px\" \/><\/a>\n\t\t\t<\/div>\n\t\t\t\t<figcaption class='wp-caption-text gallery-caption' id='gallery-1-920'>\n\t\t\t\t\u00d6S-ADS905 MASA TEN\u0130S\u0130 F\u0130LE DEM\u0130R SET \n\t\t\t\t<\/figcaption><\/figure><figure class='gallery-item'>\n\t\t\t<div class='gallery-icon landscape'>\n\t\t\t\t<a href='https:\/\/www.ozbekspor.com\/wp-content\/uploads\/2x-masa-tenisi-raketi-demir-ag-file-3x-pinpon-topu-seti.jpg'><img width=\"500\" height=\"500\" src=\"https:\/\/www.ozbekspor.com\/wp-content\/uploads\/2x-masa-tenisi-raketi-demir-ag-file-3x-pinpon-topu-seti-500x500.jpg\" class=\"attachment-thumbnail size-thumbnail\" alt=\"\" loading=\"lazy\" aria-describedby=\"gallery-1-914\" srcset=\"https:\/\/www.ozbekspor.com\/wp-content\/uploads\/2x-masa-tenisi-raketi-demir-ag-file-3x-pinpon-topu-seti-500x500.jpg 500w, https:\/\/www.ozbekspor.com\/wp-content\/uploads\/2x-masa-tenisi-raketi-demir-ag-file-3x-pinpon-topu-seti-800x800.jpg 800w, https:\/\/www.ozbekspor.com\/wp-content\/uploads\/2x-masa-tenisi-raketi-demir-ag-file-3x-pinpon-topu-seti-768x768.jpg 768w, https:\/\/www.ozbekspor.com\/wp-content\/uploads\/2x-masa-tenisi-raketi-demir-ag-file-3x-pinpon-topu-seti-300x300.jpg 300w, https:\/\/www.ozbekspor.com\/wp-content\/uploads\/2x-masa-tenisi-raketi-demir-ag-file-3x-pinpon-topu-seti-600x600.jpg 600w, https:\/\/www.ozbekspor.com\/wp-content\/uploads\/2x-masa-tenisi-raketi-demir-ag-file-3x-pinpon-topu-seti-100x100.jpg 100w, https:\/\/www.ozbekspor.com\/wp-content\/uploads\/2x-masa-tenisi-raketi-demir-ag-file-3x-pinpon-topu-seti.jpg 1000w\" sizes=\"(max-width: 500px) 100vw, 500px\" \/><\/a>\n\t\t\t<\/div>\n\t\t\t\t<figcaption class='wp-caption-text gallery-caption' id='gallery-1-914'>\n\t\t\t\t\u00d6S-PSR445 MASA TEN\u0130S\u0130 SET\u0130\n\t\t\t\t<\/figcaption><\/figure>\n\t\t<\/div>\n\n","protected":false},"excerpt":{"rendered":"<p><strong>Masa Tenisi<\/strong><\/p>\n<p><b>Masa tenisi<\/b> ilk olarak 1880\u2019li y\u0131llarda ortaya \u00e7\u0131km\u0131\u015f ve ilk olarak \u0130ngiliz askerler taraf\u0131ndan oynanmaya ba\u015flanm\u0131\u015ft\u0131r. Uzun y\u0131llar geli\u015fme g\u00f6stermi\u015f 1988 y\u0131l\u0131ndan itibaren de tek ve \u00e7ift m\u00fcsabakalar\u0131 ile olimpik bir spor haline gelmi\u015ftir. Tarih ilerledik\u00e7e g\u00fcnden g\u00fcne yayg\u0131nla\u015farak g\u00fcn\u00fcm\u00fczde de pop\u00fclerli\u011fini korumaktad\u0131r. Masa tenisi i\u00e7in gerekli malzemeler aras\u0131nda <b>masa tenisi raketi<\/b>, <b>masa tenisi topu<\/b>, <b>masa tenisi masalar\u0131<\/b>, <b>a\u011f demir<\/b>, <b>raket k\u0131l\u0131f\u0131<\/b> ve di\u011fer\u00a0<b>masa tenisi malzemeleri<\/b>\u00a0yer almaktad\u0131r.<\/p>\n<p>Masa tenisi a\u011f ve demir setlerinde <strong>Butterfly<\/strong> ve <strong>Sunflex<\/strong> markal\u0131 \u00fcr\u00fcnler ile Clip ve Liga modelleri yer almaktad\u0131r.<\/p>\n<p>Masa tenisi i\u00e7in ihtiyac\u0131n\u0131z olan t\u00fcm \u00fcr\u00fcnlere s\u00fcrekli yenilenen \u00fcr\u00fcn \u00e7e\u015fitlili\u011fi ve indirimli fiyat avantaj\u0131yla sitemiz \u00fczerinden\u00a0 ve bizimle ileti\u015fime ge\u00e7erek ula\u015fabilirsiniz. 7\/24 ula\u015fabilece\u011finiz ve \u00e7e\u015fitli spor dallar\u0131na ait \u00fcr\u00fcnlere \u00fccretsiz kargo avantaj\u0131 ile hemen sipari\u015f verebilir kolayl\u0131kla <strong>\u00d6zbek<\/strong> <strong>Spor<\/strong> garantisiyle ula\u015fabilirsiniz.<\/p>\n","protected":false},"featured_media":2051,"template":"","meta":[],"_links":{"self":[{"href":"https:\/\/www.ozbekspor.com\/index.php?rest_route=\/wp\/v2\/product\/913"}],"collection":[{"href":"https:\/\/www.ozbekspor.com\/index.php?rest_route=\/wp\/v2\/product"}],"about":[{"href":"https:\/\/www.ozbekspor.com\/index.php?rest_route=\/wp\/v2\/types\/product"}],"wp:featuredmedia":[{"embeddable":true,"href":"https:\/\/www.ozbekspor.com\/index.php?rest_route=\/wp\/v2\/media\/2051"}],"wp:attachment":[{"href":"https:\/\/www.ozbekspor.com\/index.php?rest_route=%2Fwp%2Fv2%2Fmedia&parent=913"}],"curies":[{"name":"wp","href":"https:\/\/api.w.org\/{rel}","templated":true}]}}