{"id":906,"date":"2020-01-27T15:19:13","date_gmt":"2020-01-27T15:19:13","guid":{"rendered":"https:\/\/www.ozbekspor.com\/?post_type=product&#038;p=906"},"modified":"2021-01-24T17:37:48","modified_gmt":"2021-01-24T17:37:48","slug":"avessa-masa-tenisi-raketleri","status":"publish","type":"product","link":"https:\/\/www.ozbekspor.com\/?product=avessa-masa-tenisi-raketleri","title":{"rendered":"Masa Tenisi Raketleri- Di\u011fer"},"content":{"rendered":"<div id='gallery-1' class='gallery galleryid-906 gallery-columns-4 gallery-size-thumbnail'><figure class='gallery-item'>\n\t\t\t<div class='gallery-icon landscape'>\n\t\t\t\t<a href='https:\/\/www.ozbekspor.com\/wp-content\/uploads\/Avessa-2-Yildiz-Leisure-Masa-Tenisi-Rake-b181.jpg'><img width=\"500\" height=\"500\" src=\"https:\/\/www.ozbekspor.com\/wp-content\/uploads\/Avessa-2-Yildiz-Leisure-Masa-Tenisi-Rake-b181-500x500.jpg\" class=\"attachment-thumbnail size-thumbnail\" alt=\"\" loading=\"lazy\" aria-describedby=\"gallery-1-907\" srcset=\"https:\/\/www.ozbekspor.com\/wp-content\/uploads\/Avessa-2-Yildiz-Leisure-Masa-Tenisi-Rake-b181-500x500.jpg 500w, https:\/\/www.ozbekspor.com\/wp-content\/uploads\/Avessa-2-Yildiz-Leisure-Masa-Tenisi-Rake-b181-800x800.jpg 800w, https:\/\/www.ozbekspor.com\/wp-content\/uploads\/Avessa-2-Yildiz-Leisure-Masa-Tenisi-Rake-b181-768x768.jpg 768w, https:\/\/www.ozbekspor.com\/wp-content\/uploads\/Avessa-2-Yildiz-Leisure-Masa-Tenisi-Rake-b181-300x300.jpg 300w, https:\/\/www.ozbekspor.com\/wp-content\/uploads\/Avessa-2-Yildiz-Leisure-Masa-Tenisi-Rake-b181-600x600.jpg 600w, https:\/\/www.ozbekspor.com\/wp-content\/uploads\/Avessa-2-Yildiz-Leisure-Masa-Tenisi-Rake-b181-100x100.jpg 100w, https:\/\/www.ozbekspor.com\/wp-content\/uploads\/Avessa-2-Yildiz-Leisure-Masa-Tenisi-Rake-b181.jpg 1000w\" sizes=\"(max-width: 500px) 100vw, 500px\" \/><\/a>\n\t\t\t<\/div>\n\t\t\t\t<figcaption class='wp-caption-text gallery-caption' id='gallery-1-907'>\n\t\t\t\t\u00d6S-RAK200 AVESSA MASA TEN\u0130S\u0130 RAKET\u0130 2 YILDIZ\n\t\t\t\t<\/figcaption><\/figure><figure class='gallery-item'>\n\t\t\t<div class='gallery-icon portrait'>\n\t\t\t\t<a href='https:\/\/www.ozbekspor.com\/wp-content\/uploads\/9936925032498.jpg'><img width=\"500\" height=\"500\" src=\"https:\/\/www.ozbekspor.com\/wp-content\/uploads\/9936925032498-500x500.jpg\" class=\"attachment-thumbnail size-thumbnail\" alt=\"\" loading=\"lazy\" aria-describedby=\"gallery-1-909\" srcset=\"https:\/\/www.ozbekspor.com\/wp-content\/uploads\/9936925032498-500x500.jpg 500w, https:\/\/www.ozbekspor.com\/wp-content\/uploads\/9936925032498-300x300.jpg 300w, https:\/\/www.ozbekspor.com\/wp-content\/uploads\/9936925032498-100x100.jpg 100w\" sizes=\"(max-width: 500px) 100vw, 500px\" \/><\/a>\n\t\t\t<\/div>\n\t\t\t\t<figcaption class='wp-caption-text gallery-caption' id='gallery-1-909'>\n\t\t\t\t\u00d6S-RAK300 AVESSA MASA TEN\u0130S\u0130 RAKET\u0130 3 YILDIZ\n\t\t\t\t<\/figcaption><\/figure><figure class='gallery-item'>\n\t\t\t<div class='gallery-icon portrait'>\n\t\t\t\t<a href='https:\/\/www.ozbekspor.com\/wp-content\/uploads\/DB-TP-003-74897691490960126.jpg'><img width=\"500\" height=\"500\" src=\"https:\/\/www.ozbekspor.com\/wp-content\/uploads\/DB-TP-003-74897691490960126-500x500.jpg\" class=\"attachment-thumbnail size-thumbnail\" alt=\"\" loading=\"lazy\" aria-describedby=\"gallery-1-912\" srcset=\"https:\/\/www.ozbekspor.com\/wp-content\/uploads\/DB-TP-003-74897691490960126-500x500.jpg 500w, https:\/\/www.ozbekspor.com\/wp-content\/uploads\/DB-TP-003-74897691490960126-300x300.jpg 300w, https:\/\/www.ozbekspor.com\/wp-content\/uploads\/DB-TP-003-74897691490960126-100x100.jpg 100w\" sizes=\"(max-width: 500px) 100vw, 500px\" \/><\/a>\n\t\t\t<\/div>\n\t\t\t\t<figcaption class='wp-caption-text gallery-caption' id='gallery-1-912'>\n\t\t\t\t\u00d6S-RAK400 AVESSA MASA TEN\u0130S\u0130 RAKET\u0130 4 YILDIZ\n\t\t\t\t<\/figcaption><\/figure><figure class='gallery-item'>\n\t\t\t<div class='gallery-icon portrait'>\n\t\t\t\t<a href='https:\/\/www.ozbekspor.com\/wp-content\/uploads\/sportex_mtm101_avessa_92510_5yildiz_masa_tenisi_raketi_1244976539.jpg'><img width=\"500\" height=\"500\" src=\"https:\/\/www.ozbekspor.com\/wp-content\/uploads\/sportex_mtm101_avessa_92510_5yildiz_masa_tenisi_raketi_1244976539-500x500.jpg\" class=\"attachment-thumbnail size-thumbnail\" alt=\"\" loading=\"lazy\" aria-describedby=\"gallery-1-908\" srcset=\"https:\/\/www.ozbekspor.com\/wp-content\/uploads\/sportex_mtm101_avessa_92510_5yildiz_masa_tenisi_raketi_1244976539-500x500.jpg 500w, https:\/\/www.ozbekspor.com\/wp-content\/uploads\/sportex_mtm101_avessa_92510_5yildiz_masa_tenisi_raketi_1244976539-300x300.jpg 300w, https:\/\/www.ozbekspor.com\/wp-content\/uploads\/sportex_mtm101_avessa_92510_5yildiz_masa_tenisi_raketi_1244976539-100x100.jpg 100w\" sizes=\"(max-width: 500px) 100vw, 500px\" \/><\/a>\n\t\t\t<\/div>\n\t\t\t\t<figcaption class='wp-caption-text gallery-caption' id='gallery-1-908'>\n\t\t\t\t\u00d6S-92510 AVESSA MASA TEN\u0130S\u0130 RAKET\u0130 5 YILDIZ\n\t\t\t\t<\/figcaption><\/figure><figure class='gallery-item'>\n\t\t\t<div class='gallery-icon portrait'>\n\t\t\t\t<a href='https:\/\/www.ozbekspor.com\/wp-content\/uploads\/DB-TP-008-59027011496013256.jpg'><img width=\"500\" height=\"500\" src=\"https:\/\/www.ozbekspor.com\/wp-content\/uploads\/DB-TP-008-59027011496013256-500x500.jpg\" class=\"attachment-thumbnail size-thumbnail\" alt=\"\" loading=\"lazy\" aria-describedby=\"gallery-1-910\" srcset=\"https:\/\/www.ozbekspor.com\/wp-content\/uploads\/DB-TP-008-59027011496013256-500x500.jpg 500w, https:\/\/www.ozbekspor.com\/wp-content\/uploads\/DB-TP-008-59027011496013256-300x300.jpg 300w, https:\/\/www.ozbekspor.com\/wp-content\/uploads\/DB-TP-008-59027011496013256-100x100.jpg 100w\" sizes=\"(max-width: 500px) 100vw, 500px\" \/><\/a>\n\t\t\t<\/div>\n\t\t\t\t<figcaption class='wp-caption-text gallery-caption' id='gallery-1-910'>\n\t\t\t\t\u00d6S-92510 AVESSA MASA TEN\u0130S\u0130 RAKET\u0130 5 YILDIZ\n\t\t\t\t<\/figcaption><\/figure><figure class='gallery-item'>\n\t\t\t<div class='gallery-icon portrait'>\n\t\t\t\t<a href='https:\/\/www.ozbekspor.com\/wp-content\/uploads\/resizet.jpg'><img width=\"500\" height=\"500\" src=\"https:\/\/www.ozbekspor.com\/wp-content\/uploads\/resizet-500x500.jpg\" class=\"attachment-thumbnail size-thumbnail\" alt=\"\" loading=\"lazy\" aria-describedby=\"gallery-1-911\" srcset=\"https:\/\/www.ozbekspor.com\/wp-content\/uploads\/resizet-500x500.jpg 500w, https:\/\/www.ozbekspor.com\/wp-content\/uploads\/resizet-300x300.jpg 300w, https:\/\/www.ozbekspor.com\/wp-content\/uploads\/resizet-100x100.jpg 100w\" sizes=\"(max-width: 500px) 100vw, 500px\" \/><\/a>\n\t\t\t<\/div>\n\t\t\t\t<figcaption class='wp-caption-text gallery-caption' id='gallery-1-911'>\n\t\t\t\t\u00d6S-RAK500 AVESSA MASA TEN\u0130S\u0130 RAKET\u0130 5 YILDIZ PREMIER\n\t\t\t\t<\/figcaption><\/figure>\n\t\t<\/div>\n\n","protected":false},"excerpt":{"rendered":"","protected":false},"featured_media":907,"template":"","meta":[],"_links":{"self":[{"href":"https:\/\/www.ozbekspor.com\/index.php?rest_route=\/wp\/v2\/product\/906"}],"collection":[{"href":"https:\/\/www.ozbekspor.com\/index.php?rest_route=\/wp\/v2\/product"}],"about":[{"href":"https:\/\/www.ozbekspor.com\/index.php?rest_route=\/wp\/v2\/types\/product"}],"wp:featuredmedia":[{"embeddable":true,"href":"https:\/\/www.ozbekspor.com\/index.php?rest_route=\/wp\/v2\/media\/907"}],"wp:attachment":[{"href":"https:\/\/www.ozbekspor.com\/index.php?rest_route=%2Fwp%2Fv2%2Fmedia&parent=906"}],"curies":[{"name":"wp","href":"https:\/\/api.w.org\/{rel}","templated":true}]}}