{"id":896,"date":"2020-01-27T15:16:28","date_gmt":"2020-01-27T15:16:28","guid":{"rendered":"https:\/\/www.ozbekspor.com\/?post_type=product&#038;p=896"},"modified":"2020-12-29T12:49:29","modified_gmt":"2020-12-29T12:49:29","slug":"donic-masa-tenisi-raketi","status":"publish","type":"product","link":"https:\/\/www.ozbekspor.com\/?product=donic-masa-tenisi-raketi","title":{"rendered":"MASA TEN\u0130S\u0130 RAKETLER\u0130 &#8211; Donic"},"content":{"rendered":"","protected":false},"excerpt":{"rendered":"","protected":false},"featured_media":898,"template":"","meta":[],"_links":{"self":[{"href":"https:\/\/www.ozbekspor.com\/index.php?rest_route=\/wp\/v2\/product\/896"}],"collection":[{"href":"https:\/\/www.ozbekspor.com\/index.php?rest_route=\/wp\/v2\/product"}],"about":[{"href":"https:\/\/www.ozbekspor.com\/index.php?rest_route=\/wp\/v2\/types\/product"}],"wp:featuredmedia":[{"embeddable":true,"href":"https:\/\/www.ozbekspor.com\/index.php?rest_route=\/wp\/v2\/media\/898"}],"wp:attachment":[{"href":"https:\/\/www.ozbekspor.com\/index.php?rest_route=%2Fwp%2Fv2%2Fmedia&parent=896"}],"curies":[{"name":"wp","href":"https:\/\/api.w.org\/{rel}","templated":true}]}}