{"id":799,"date":"2020-01-27T15:03:46","date_gmt":"2020-01-27T15:03:46","guid":{"rendered":"https:\/\/www.ozbekspor.com\/?post_type=product&#038;p=799"},"modified":"2021-01-21T10:48:26","modified_gmt":"2021-01-21T10:48:26","slug":"delta-tenis-raketleri-ve-toplari","status":"publish","type":"product","link":"https:\/\/www.ozbekspor.com\/?product=delta-tenis-raketleri-ve-toplari","title":{"rendered":"Tenis Malzemeleri &#8211; Delta"},"content":{"rendered":"<div id='gallery-1' class='gallery galleryid-799 gallery-columns-4 gallery-size-thumbnail'><figure class='gallery-item'>\n\t\t\t<div class='gallery-icon landscape'>\n\t\t\t\t<a href='https:\/\/www.ozbekspor.com\/wp-content\/uploads\/DELTA-TOP.jpg'><img width=\"500\" height=\"500\" src=\"https:\/\/www.ozbekspor.com\/wp-content\/uploads\/DELTA-TOP-500x500.jpg\" class=\"attachment-thumbnail size-thumbnail\" alt=\"\" loading=\"lazy\" aria-describedby=\"gallery-1-802\" srcset=\"https:\/\/www.ozbekspor.com\/wp-content\/uploads\/DELTA-TOP-500x500.jpg 500w, https:\/\/www.ozbekspor.com\/wp-content\/uploads\/DELTA-TOP-800x798.jpg 800w, https:\/\/www.ozbekspor.com\/wp-content\/uploads\/DELTA-TOP-768x766.jpg 768w, https:\/\/www.ozbekspor.com\/wp-content\/uploads\/DELTA-TOP-300x300.jpg 300w, https:\/\/www.ozbekspor.com\/wp-content\/uploads\/DELTA-TOP-600x599.jpg 600w, https:\/\/www.ozbekspor.com\/wp-content\/uploads\/DELTA-TOP-100x100.jpg 100w, https:\/\/www.ozbekspor.com\/wp-content\/uploads\/DELTA-TOP.jpg 1000w\" sizes=\"(max-width: 500px) 100vw, 500px\" \/><\/a>\n\t\t\t<\/div>\n\t\t\t\t<figcaption class='wp-caption-text gallery-caption' id='gallery-1-802'>\n\t\t\t\t\u00d6S-TBS361 TEN\u0130S TOPU POLYBAG 3&#8217;L\u00dc SARI \n\t\t\t\t<\/figcaption><\/figure><figure class='gallery-item'>\n\t\t\t<div class='gallery-icon landscape'>\n\t\t\t\t<a href='https:\/\/www.ozbekspor.com\/wp-content\/uploads\/delta-3-lu-tenis-topu-polibag-dtr-741.jpg'><img width=\"500\" height=\"500\" src=\"https:\/\/www.ozbekspor.com\/wp-content\/uploads\/delta-3-lu-tenis-topu-polibag-dtr-741-500x500.jpg\" class=\"attachment-thumbnail size-thumbnail\" alt=\"\" loading=\"lazy\" aria-describedby=\"gallery-1-800\" srcset=\"https:\/\/www.ozbekspor.com\/wp-content\/uploads\/delta-3-lu-tenis-topu-polibag-dtr-741-500x500.jpg 500w, https:\/\/www.ozbekspor.com\/wp-content\/uploads\/delta-3-lu-tenis-topu-polibag-dtr-741-800x800.jpg 800w, https:\/\/www.ozbekspor.com\/wp-content\/uploads\/delta-3-lu-tenis-topu-polibag-dtr-741-768x768.jpg 768w, https:\/\/www.ozbekspor.com\/wp-content\/uploads\/delta-3-lu-tenis-topu-polibag-dtr-741-300x300.jpg 300w, https:\/\/www.ozbekspor.com\/wp-content\/uploads\/delta-3-lu-tenis-topu-polibag-dtr-741-600x600.jpg 600w, https:\/\/www.ozbekspor.com\/wp-content\/uploads\/delta-3-lu-tenis-topu-polibag-dtr-741-100x100.jpg 100w, https:\/\/www.ozbekspor.com\/wp-content\/uploads\/delta-3-lu-tenis-topu-polibag-dtr-741.jpg 1000w\" sizes=\"(max-width: 500px) 100vw, 500px\" \/><\/a>\n\t\t\t<\/div>\n\t\t\t\t<figcaption class='wp-caption-text gallery-caption' id='gallery-1-800'>\n\t\t\t\t\u00d6S-TBR234 TEN\u0130S TOPU POLYBAG 3&#8217;L\u00dc RENKL\u0130\n\t\t\t\t<\/figcaption><\/figure><figure class='gallery-item'>\n\t\t\t<div class='gallery-icon landscape'>\n\t\t\t\t<a href='https:\/\/www.ozbekspor.com\/wp-content\/uploads\/delta-12-li-tenis-topu.jpg'><img width=\"500\" height=\"500\" src=\"https:\/\/www.ozbekspor.com\/wp-content\/uploads\/delta-12-li-tenis-topu-500x500.jpg\" class=\"attachment-thumbnail size-thumbnail\" alt=\"\" loading=\"lazy\" aria-describedby=\"gallery-1-809\" srcset=\"https:\/\/www.ozbekspor.com\/wp-content\/uploads\/delta-12-li-tenis-topu-500x500.jpg 500w, https:\/\/www.ozbekspor.com\/wp-content\/uploads\/delta-12-li-tenis-topu-800x800.jpg 800w, https:\/\/www.ozbekspor.com\/wp-content\/uploads\/delta-12-li-tenis-topu-768x768.jpg 768w, https:\/\/www.ozbekspor.com\/wp-content\/uploads\/delta-12-li-tenis-topu-300x300.jpg 300w, https:\/\/www.ozbekspor.com\/wp-content\/uploads\/delta-12-li-tenis-topu-600x600.jpg 600w, https:\/\/www.ozbekspor.com\/wp-content\/uploads\/delta-12-li-tenis-topu-100x100.jpg 100w, https:\/\/www.ozbekspor.com\/wp-content\/uploads\/delta-12-li-tenis-topu.jpg 1000w\" sizes=\"(max-width: 500px) 100vw, 500px\" \/><\/a>\n\t\t\t<\/div>\n\t\t\t\t<figcaption class='wp-caption-text gallery-caption' id='gallery-1-809'>\n\t\t\t\t\u00d6S-TBC692 TEN\u0130S TOPU F\u0130LEDE 12&#8217;L\u0130\n\t\t\t\t<\/figcaption><\/figure><figure class='gallery-item'>\n\t\t\t<div class='gallery-icon landscape'>\n\t\t\t\t<a href='https:\/\/www.ozbekspor.com\/wp-content\/uploads\/Delta-3lu-Vakumlu-Tupte-Tenis-Topu-VTB-8-0c7e.jpg'><img width=\"500\" height=\"500\" src=\"https:\/\/www.ozbekspor.com\/wp-content\/uploads\/Delta-3lu-Vakumlu-Tupte-Tenis-Topu-VTB-8-0c7e-500x500.jpg\" class=\"attachment-thumbnail size-thumbnail\" alt=\"\" loading=\"lazy\" aria-describedby=\"gallery-1-805\" srcset=\"https:\/\/www.ozbekspor.com\/wp-content\/uploads\/Delta-3lu-Vakumlu-Tupte-Tenis-Topu-VTB-8-0c7e-500x500.jpg 500w, https:\/\/www.ozbekspor.com\/wp-content\/uploads\/Delta-3lu-Vakumlu-Tupte-Tenis-Topu-VTB-8-0c7e-800x800.jpg 800w, https:\/\/www.ozbekspor.com\/wp-content\/uploads\/Delta-3lu-Vakumlu-Tupte-Tenis-Topu-VTB-8-0c7e-768x768.jpg 768w, https:\/\/www.ozbekspor.com\/wp-content\/uploads\/Delta-3lu-Vakumlu-Tupte-Tenis-Topu-VTB-8-0c7e-300x300.jpg 300w, https:\/\/www.ozbekspor.com\/wp-content\/uploads\/Delta-3lu-Vakumlu-Tupte-Tenis-Topu-VTB-8-0c7e-600x600.jpg 600w, https:\/\/www.ozbekspor.com\/wp-content\/uploads\/Delta-3lu-Vakumlu-Tupte-Tenis-Topu-VTB-8-0c7e-100x100.jpg 100w, https:\/\/www.ozbekspor.com\/wp-content\/uploads\/Delta-3lu-Vakumlu-Tupte-Tenis-Topu-VTB-8-0c7e.jpg 1000w\" sizes=\"(max-width: 500px) 100vw, 500px\" \/><\/a>\n\t\t\t<\/div>\n\t\t\t\t<figcaption class='wp-caption-text gallery-caption' id='gallery-1-805'>\n\t\t\t\t\u00d6S-VTB846 TEN\u0130S TOPU VAKUM KUTUDA 3&#8217;L\u00dc\n\t\t\t\t<\/figcaption><\/figure><figure class='gallery-item'>\n\t\t\t<div class='gallery-icon landscape'>\n\t\t\t\t<a href='https:\/\/www.ozbekspor.com\/wp-content\/uploads\/08afdf3d-7f95-4227-90b3-a3b78ddf1601.jpg'><img width=\"500\" height=\"500\" src=\"https:\/\/www.ozbekspor.com\/wp-content\/uploads\/08afdf3d-7f95-4227-90b3-a3b78ddf1601-500x500.jpg\" class=\"attachment-thumbnail size-thumbnail\" alt=\"\" loading=\"lazy\" aria-describedby=\"gallery-1-808\" srcset=\"https:\/\/www.ozbekspor.com\/wp-content\/uploads\/08afdf3d-7f95-4227-90b3-a3b78ddf1601-500x500.jpg 500w, https:\/\/www.ozbekspor.com\/wp-content\/uploads\/08afdf3d-7f95-4227-90b3-a3b78ddf1601-800x800.jpg 800w, https:\/\/www.ozbekspor.com\/wp-content\/uploads\/08afdf3d-7f95-4227-90b3-a3b78ddf1601-768x768.jpg 768w, https:\/\/www.ozbekspor.com\/wp-content\/uploads\/08afdf3d-7f95-4227-90b3-a3b78ddf1601-300x300.jpg 300w, https:\/\/www.ozbekspor.com\/wp-content\/uploads\/08afdf3d-7f95-4227-90b3-a3b78ddf1601-600x600.jpg 600w, https:\/\/www.ozbekspor.com\/wp-content\/uploads\/08afdf3d-7f95-4227-90b3-a3b78ddf1601-100x100.jpg 100w, https:\/\/www.ozbekspor.com\/wp-content\/uploads\/08afdf3d-7f95-4227-90b3-a3b78ddf1601.jpg 1000w\" sizes=\"(max-width: 500px) 100vw, 500px\" \/><\/a>\n\t\t\t<\/div>\n\t\t\t\t<figcaption class='wp-caption-text gallery-caption' id='gallery-1-808'>\n\t\t\t\t\u00d6S-TBV923 TEN\u0130S TOPU MA\u00c7 VAKUM KUTUDA 3&#8217;L\u00dc\n\t\t\t\t<\/figcaption><\/figure><figure class='gallery-item'>\n\t\t\t<div class='gallery-icon landscape'>\n\t\t\t\t<a href='https:\/\/www.ozbekspor.com\/wp-content\/uploads\/357014991_0.jpg'><img width=\"500\" height=\"500\" src=\"https:\/\/www.ozbekspor.com\/wp-content\/uploads\/357014991_0-500x500.jpg\" class=\"attachment-thumbnail size-thumbnail\" alt=\"\" loading=\"lazy\" aria-describedby=\"gallery-1-807\" srcset=\"https:\/\/www.ozbekspor.com\/wp-content\/uploads\/357014991_0-500x500.jpg 500w, https:\/\/www.ozbekspor.com\/wp-content\/uploads\/357014991_0-800x800.jpg 800w, https:\/\/www.ozbekspor.com\/wp-content\/uploads\/357014991_0-768x768.jpg 768w, https:\/\/www.ozbekspor.com\/wp-content\/uploads\/357014991_0-300x300.jpg 300w, https:\/\/www.ozbekspor.com\/wp-content\/uploads\/357014991_0-600x600.jpg 600w, https:\/\/www.ozbekspor.com\/wp-content\/uploads\/357014991_0-100x100.jpg 100w, https:\/\/www.ozbekspor.com\/wp-content\/uploads\/357014991_0.jpg 1000w\" sizes=\"(max-width: 500px) 100vw, 500px\" \/><\/a>\n\t\t\t<\/div>\n\t\t\t\t<figcaption class='wp-caption-text gallery-caption' id='gallery-1-807'>\n\t\t\t\t\u00d6S-DTB9325 TEN\u0130S TOPU VAKUMLU T\u00dcPTE 3&#8217;L\u00dc PRO.\n\t\t\t\t<\/figcaption><\/figure><figure class='gallery-item'>\n\t\t\t<div class='gallery-icon landscape'>\n\t\t\t\t<a href='https:\/\/www.ozbekspor.com\/wp-content\/uploads\/delta-elite-27-inc-cocuk-tenis-raketi-kilifi-bileklik-sac-bandi__0291170110295125.jpg'><img width=\"500\" height=\"500\" src=\"https:\/\/www.ozbekspor.com\/wp-content\/uploads\/delta-elite-27-inc-cocuk-tenis-raketi-kilifi-bileklik-sac-bandi__0291170110295125-500x500.jpg\" class=\"attachment-thumbnail size-thumbnail\" alt=\"\" loading=\"lazy\" aria-describedby=\"gallery-1-801\" srcset=\"https:\/\/www.ozbekspor.com\/wp-content\/uploads\/delta-elite-27-inc-cocuk-tenis-raketi-kilifi-bileklik-sac-bandi__0291170110295125-500x500.jpg 500w, https:\/\/www.ozbekspor.com\/wp-content\/uploads\/delta-elite-27-inc-cocuk-tenis-raketi-kilifi-bileklik-sac-bandi__0291170110295125-800x800.jpg 800w, https:\/\/www.ozbekspor.com\/wp-content\/uploads\/delta-elite-27-inc-cocuk-tenis-raketi-kilifi-bileklik-sac-bandi__0291170110295125-768x768.jpg 768w, https:\/\/www.ozbekspor.com\/wp-content\/uploads\/delta-elite-27-inc-cocuk-tenis-raketi-kilifi-bileklik-sac-bandi__0291170110295125-300x300.jpg 300w, https:\/\/www.ozbekspor.com\/wp-content\/uploads\/delta-elite-27-inc-cocuk-tenis-raketi-kilifi-bileklik-sac-bandi__0291170110295125-600x600.jpg 600w, https:\/\/www.ozbekspor.com\/wp-content\/uploads\/delta-elite-27-inc-cocuk-tenis-raketi-kilifi-bileklik-sac-bandi__0291170110295125-100x100.jpg 100w, https:\/\/www.ozbekspor.com\/wp-content\/uploads\/delta-elite-27-inc-cocuk-tenis-raketi-kilifi-bileklik-sac-bandi__0291170110295125.jpg 1000w\" sizes=\"(max-width: 500px) 100vw, 500px\" \/><\/a>\n\t\t\t<\/div>\n\t\t\t\t<figcaption class='wp-caption-text gallery-caption' id='gallery-1-801'>\n\t\t\t\t\u00d6S-EL\u0130TE DELTA ELITE TEN\u0130S RAKET\u0130 TEK PAR\u00c7A 27&#8243; L1\n\t\t\t\t<\/figcaption><\/figure><figure class='gallery-item'>\n\t\t\t<div class='gallery-icon portrait'>\n\t\t\t\t<a href='https:\/\/www.ozbekspor.com\/wp-content\/uploads\/delta-energy-27-inc-tenis-raketicantali-10041035-87366-s1.jpg'><img width=\"500\" height=\"500\" src=\"https:\/\/www.ozbekspor.com\/wp-content\/uploads\/delta-energy-27-inc-tenis-raketicantali-10041035-87366-s1-500x500.jpg\" class=\"attachment-thumbnail size-thumbnail\" alt=\"\" loading=\"lazy\" aria-describedby=\"gallery-1-806\" srcset=\"https:\/\/www.ozbekspor.com\/wp-content\/uploads\/delta-energy-27-inc-tenis-raketicantali-10041035-87366-s1-500x500.jpg 500w, https:\/\/www.ozbekspor.com\/wp-content\/uploads\/delta-energy-27-inc-tenis-raketicantali-10041035-87366-s1-300x300.jpg 300w, https:\/\/www.ozbekspor.com\/wp-content\/uploads\/delta-energy-27-inc-tenis-raketicantali-10041035-87366-s1-100x100.jpg 100w\" sizes=\"(max-width: 500px) 100vw, 500px\" \/><\/a>\n\t\t\t<\/div>\n\t\t\t\t<figcaption class='wp-caption-text gallery-caption' id='gallery-1-806'>\n\t\t\t\t\u00d6S-EN DELTA ENERGY TEN\u0130S RAKET\u0130\n\t\t\t\t<\/figcaption><\/figure><figure class='gallery-item'>\n\t\t\t<div class='gallery-icon portrait'>\n\t\t\t\t<a href='https:\/\/www.ozbekspor.com\/wp-content\/uploads\/8699169841467_1_org_zoom.jpg'><img width=\"500\" height=\"500\" src=\"https:\/\/www.ozbekspor.com\/wp-content\/uploads\/8699169841467_1_org_zoom-500x500.jpg\" class=\"attachment-thumbnail size-thumbnail\" alt=\"\" loading=\"lazy\" aria-describedby=\"gallery-1-803\" srcset=\"https:\/\/www.ozbekspor.com\/wp-content\/uploads\/8699169841467_1_org_zoom-500x500.jpg 500w, https:\/\/www.ozbekspor.com\/wp-content\/uploads\/8699169841467_1_org_zoom-300x300.jpg 300w, https:\/\/www.ozbekspor.com\/wp-content\/uploads\/8699169841467_1_org_zoom-100x100.jpg 100w\" sizes=\"(max-width: 500px) 100vw, 500px\" \/><\/a>\n\t\t\t<\/div>\n\t\t\t\t<figcaption class='wp-caption-text gallery-caption' id='gallery-1-803'>\n\t\t\t\t\u00d6S-FALLO DELTA FALLO TEN\u0130S RAKET\u0130 27&#8243; (3\/4 \u00c7ANTALI)\n\t\t\t\t<\/figcaption><\/figure><figure class='gallery-item'>\n\t\t\t<div class='gallery-icon landscape'>\n\t\t\t\t<a href='https:\/\/www.ozbekspor.com\/wp-content\/uploads\/delta-elite-27-inc-tenis-raketi-2-renk-mavi-kirmizi__0263907182656755.jpg'><img width=\"500\" height=\"500\" src=\"https:\/\/www.ozbekspor.com\/wp-content\/uploads\/delta-elite-27-inc-tenis-raketi-2-renk-mavi-kirmizi__0263907182656755-500x500.jpg\" class=\"attachment-thumbnail size-thumbnail\" alt=\"\" loading=\"lazy\" aria-describedby=\"gallery-1-804\" srcset=\"https:\/\/www.ozbekspor.com\/wp-content\/uploads\/delta-elite-27-inc-tenis-raketi-2-renk-mavi-kirmizi__0263907182656755-500x500.jpg 500w, https:\/\/www.ozbekspor.com\/wp-content\/uploads\/delta-elite-27-inc-tenis-raketi-2-renk-mavi-kirmizi__0263907182656755-800x800.jpg 800w, https:\/\/www.ozbekspor.com\/wp-content\/uploads\/delta-elite-27-inc-tenis-raketi-2-renk-mavi-kirmizi__0263907182656755-768x768.jpg 768w, https:\/\/www.ozbekspor.com\/wp-content\/uploads\/delta-elite-27-inc-tenis-raketi-2-renk-mavi-kirmizi__0263907182656755-300x300.jpg 300w, https:\/\/www.ozbekspor.com\/wp-content\/uploads\/delta-elite-27-inc-tenis-raketi-2-renk-mavi-kirmizi__0263907182656755-600x600.jpg 600w, https:\/\/www.ozbekspor.com\/wp-content\/uploads\/delta-elite-27-inc-tenis-raketi-2-renk-mavi-kirmizi__0263907182656755-100x100.jpg 100w, https:\/\/www.ozbekspor.com\/wp-content\/uploads\/delta-elite-27-inc-tenis-raketi-2-renk-mavi-kirmizi__0263907182656755.jpg 1000w\" sizes=\"(max-width: 500px) 100vw, 500px\" \/><\/a>\n\t\t\t<\/div>\n\t\t\t\t<figcaption class='wp-caption-text gallery-caption' id='gallery-1-804'>\n\t\t\t\t\u00d6S-EL\u0130TE DELTA ELITE TEN\u0130S RAKET\u0130 TEK PAR\u00c7A 27&#8243; L2\n\t\t\t\t<\/figcaption><\/figure>\n\t\t<\/div>\n\n","protected":false},"excerpt":{"rendered":"","protected":false},"featured_media":806,"template":"","meta":[],"_links":{"self":[{"href":"https:\/\/www.ozbekspor.com\/index.php?rest_route=\/wp\/v2\/product\/799"}],"collection":[{"href":"https:\/\/www.ozbekspor.com\/index.php?rest_route=\/wp\/v2\/product"}],"about":[{"href":"https:\/\/www.ozbekspor.com\/index.php?rest_route=\/wp\/v2\/types\/product"}],"wp:featuredmedia":[{"embeddable":true,"href":"https:\/\/www.ozbekspor.com\/index.php?rest_route=\/wp\/v2\/media\/806"}],"wp:attachment":[{"href":"https:\/\/www.ozbekspor.com\/index.php?rest_route=%2Fwp%2Fv2%2Fmedia&parent=799"}],"curies":[{"name":"wp","href":"https:\/\/api.w.org\/{rel}","templated":true}]}}