{"id":681,"date":"2020-01-27T11:18:07","date_gmt":"2020-01-27T11:18:07","guid":{"rendered":"https:\/\/www.ozbekspor.com\/?post_type=product&#038;p=681"},"modified":"2021-01-21T10:51:45","modified_gmt":"2021-01-21T10:51:45","slug":"prince-tenis-toplari","status":"publish","type":"product","link":"https:\/\/www.ozbekspor.com\/?product=prince-tenis-toplari","title":{"rendered":"Tenis Malzemeleri &#8211; Prince"},"content":{"rendered":"<div id='gallery-1' class='gallery galleryid-681 gallery-columns-4 gallery-size-thumbnail'><figure class='gallery-item'>\n\t\t\t<div class='gallery-icon landscape'>\n\t\t\t\t<a href='https:\/\/www.ozbekspor.com\/wp-content\/uploads\/prince-tenis-topu-toplama-sepeti-1.jpg'><img width=\"500\" height=\"500\" src=\"https:\/\/www.ozbekspor.com\/wp-content\/uploads\/prince-tenis-topu-toplama-sepeti-1-500x500.jpg\" class=\"attachment-thumbnail size-thumbnail\" alt=\"\" loading=\"lazy\" aria-describedby=\"gallery-1-687\" srcset=\"https:\/\/www.ozbekspor.com\/wp-content\/uploads\/prince-tenis-topu-toplama-sepeti-1-500x500.jpg 500w, https:\/\/www.ozbekspor.com\/wp-content\/uploads\/prince-tenis-topu-toplama-sepeti-1-800x800.jpg 800w, https:\/\/www.ozbekspor.com\/wp-content\/uploads\/prince-tenis-topu-toplama-sepeti-1-768x768.jpg 768w, https:\/\/www.ozbekspor.com\/wp-content\/uploads\/prince-tenis-topu-toplama-sepeti-1-300x300.jpg 300w, https:\/\/www.ozbekspor.com\/wp-content\/uploads\/prince-tenis-topu-toplama-sepeti-1-600x600.jpg 600w, https:\/\/www.ozbekspor.com\/wp-content\/uploads\/prince-tenis-topu-toplama-sepeti-1-100x100.jpg 100w, https:\/\/www.ozbekspor.com\/wp-content\/uploads\/prince-tenis-topu-toplama-sepeti-1.jpg 1000w\" sizes=\"(max-width: 500px) 100vw, 500px\" \/><\/a>\n\t\t\t<\/div>\n\t\t\t\t<figcaption class='wp-caption-text gallery-caption' id='gallery-1-687'>\n\t\t\t\t\u00d6S-7G330200 PRINCE TEN\u0130S TOP KOVASI\n\t\t\t\t<\/figcaption><\/figure><figure class='gallery-item'>\n\t\t\t<div class='gallery-icon portrait'>\n\t\t\t\t<a href='https:\/\/www.ozbekspor.com\/wp-content\/uploads\/s-l300.jpg'><img width=\"500\" height=\"500\" src=\"https:\/\/www.ozbekspor.com\/wp-content\/uploads\/s-l300-500x500.jpg\" class=\"attachment-thumbnail size-thumbnail\" alt=\"\" loading=\"lazy\" aria-describedby=\"gallery-1-690\" srcset=\"https:\/\/www.ozbekspor.com\/wp-content\/uploads\/s-l300-500x500.jpg 500w, https:\/\/www.ozbekspor.com\/wp-content\/uploads\/s-l300-300x300.jpg 300w, https:\/\/www.ozbekspor.com\/wp-content\/uploads\/s-l300-100x100.jpg 100w\" sizes=\"(max-width: 500px) 100vw, 500px\" \/><\/a>\n\t\t\t<\/div>\n\t\t\t\t<figcaption class='wp-caption-text gallery-caption' id='gallery-1-690'>\n\t\t\t\t\u00d6S-7G400280 PRINCE TEN\u0130S TOPU SARI\n\t\t\t\t<\/figcaption><\/figure><figure class='gallery-item'>\n\t\t\t<div class='gallery-icon landscape'>\n\t\t\t\t<a href='https:\/\/www.ozbekspor.com\/wp-content\/uploads\/Tennis-Ball-Group-999x999-1.jpg'><img width=\"500\" height=\"500\" src=\"https:\/\/www.ozbekspor.com\/wp-content\/uploads\/Tennis-Ball-Group-999x999-1-500x500.jpg\" class=\"attachment-thumbnail size-thumbnail\" alt=\"\" loading=\"lazy\" aria-describedby=\"gallery-1-682\" srcset=\"https:\/\/www.ozbekspor.com\/wp-content\/uploads\/Tennis-Ball-Group-999x999-1-500x500.jpg 500w, https:\/\/www.ozbekspor.com\/wp-content\/uploads\/Tennis-Ball-Group-999x999-1-800x800.jpg 800w, https:\/\/www.ozbekspor.com\/wp-content\/uploads\/Tennis-Ball-Group-999x999-1-768x768.jpg 768w, https:\/\/www.ozbekspor.com\/wp-content\/uploads\/Tennis-Ball-Group-999x999-1-300x300.jpg 300w, https:\/\/www.ozbekspor.com\/wp-content\/uploads\/Tennis-Ball-Group-999x999-1-600x600.jpg 600w, https:\/\/www.ozbekspor.com\/wp-content\/uploads\/Tennis-Ball-Group-999x999-1-100x100.jpg 100w, https:\/\/www.ozbekspor.com\/wp-content\/uploads\/Tennis-Ball-Group-999x999-1.jpg 1000w\" sizes=\"(max-width: 500px) 100vw, 500px\" \/><\/a>\n\t\t\t<\/div>\n\t\t\t\t<figcaption class='wp-caption-text gallery-caption' id='gallery-1-682'>\n\t\t\t\t\u00d6S-TT TEN\u0130S TOP MODELLER\u0130\n\t\t\t\t<\/figcaption><\/figure><figure class='gallery-item'>\n\t\t\t<div class='gallery-icon portrait'>\n\t\t\t\t<a href='https:\/\/www.ozbekspor.com\/wp-content\/uploads\/prince-3l-u\u0308.jpg'><img width=\"500\" height=\"500\" src=\"https:\/\/www.ozbekspor.com\/wp-content\/uploads\/prince-3l-u\u0308-500x500.jpg\" class=\"attachment-thumbnail size-thumbnail\" alt=\"\" loading=\"lazy\" aria-describedby=\"gallery-1-683\" srcset=\"https:\/\/www.ozbekspor.com\/wp-content\/uploads\/prince-3l-u\u0308-500x500.jpg 500w, https:\/\/www.ozbekspor.com\/wp-content\/uploads\/prince-3l-u\u0308-300x300.jpg 300w, https:\/\/www.ozbekspor.com\/wp-content\/uploads\/prince-3l-u\u0308-100x100.jpg 100w\" sizes=\"(max-width: 500px) 100vw, 500px\" \/><\/a>\n\t\t\t<\/div>\n\t\t\t\t<figcaption class='wp-caption-text gallery-caption' id='gallery-1-683'>\n\t\t\t\t\u00d6S-7G320000 PRINCE STAGE-1 3&#8217;L\u00dc TEN\u0130S TOPU (3 Ya\u015f)\n\t\t\t\t<\/figcaption><\/figure><figure class='gallery-item'>\n\t\t\t<div class='gallery-icon landscape'>\n\t\t\t\t<a href='https:\/\/www.ozbekspor.com\/wp-content\/uploads\/PR7G337000080.jpg'><img width=\"500\" height=\"500\" src=\"https:\/\/www.ozbekspor.com\/wp-content\/uploads\/PR7G337000080-500x500.jpg\" class=\"attachment-thumbnail size-thumbnail\" alt=\"\" loading=\"lazy\" aria-describedby=\"gallery-1-686\" srcset=\"https:\/\/www.ozbekspor.com\/wp-content\/uploads\/PR7G337000080-500x500.jpg 500w, https:\/\/www.ozbekspor.com\/wp-content\/uploads\/PR7G337000080-800x800.jpg 800w, https:\/\/www.ozbekspor.com\/wp-content\/uploads\/PR7G337000080-768x768.jpg 768w, https:\/\/www.ozbekspor.com\/wp-content\/uploads\/PR7G337000080-300x300.jpg 300w, https:\/\/www.ozbekspor.com\/wp-content\/uploads\/PR7G337000080-600x600.jpg 600w, https:\/\/www.ozbekspor.com\/wp-content\/uploads\/PR7G337000080-100x100.jpg 100w, https:\/\/www.ozbekspor.com\/wp-content\/uploads\/PR7G337000080.jpg 1000w\" sizes=\"(max-width: 500px) 100vw, 500px\" \/><\/a>\n\t\t\t<\/div>\n\t\t\t\t<figcaption class='wp-caption-text gallery-caption' id='gallery-1-686'>\n\t\t\t\t\u00d6S-7G338000 PRINCE STAGE-2 12&#8217;L\u0130 TEN\u0130S TOPU (9 Ya\u015f)\n\t\t\t\t<\/figcaption><\/figure><figure class='gallery-item'>\n\t\t\t<div class='gallery-icon landscape'>\n\t\t\t\t<a href='https:\/\/www.ozbekspor.com\/wp-content\/uploads\/43172-DEFAULT-L.jpg'><img width=\"500\" height=\"500\" src=\"https:\/\/www.ozbekspor.com\/wp-content\/uploads\/43172-DEFAULT-L-500x500.jpg\" class=\"attachment-thumbnail size-thumbnail\" alt=\"\" loading=\"lazy\" aria-describedby=\"gallery-1-689\" srcset=\"https:\/\/www.ozbekspor.com\/wp-content\/uploads\/43172-DEFAULT-L-500x500.jpg 500w, https:\/\/www.ozbekspor.com\/wp-content\/uploads\/43172-DEFAULT-L-800x800.jpg 800w, https:\/\/www.ozbekspor.com\/wp-content\/uploads\/43172-DEFAULT-L-768x768.jpg 768w, https:\/\/www.ozbekspor.com\/wp-content\/uploads\/43172-DEFAULT-L-300x300.jpg 300w, https:\/\/www.ozbekspor.com\/wp-content\/uploads\/43172-DEFAULT-L-600x600.jpg 600w, https:\/\/www.ozbekspor.com\/wp-content\/uploads\/43172-DEFAULT-L-100x100.jpg 100w, https:\/\/www.ozbekspor.com\/wp-content\/uploads\/43172-DEFAULT-L.jpg 1000w\" sizes=\"(max-width: 500px) 100vw, 500px\" \/><\/a>\n\t\t\t<\/div>\n\t\t\t\t<figcaption class='wp-caption-text gallery-caption' id='gallery-1-689'>\n\t\t\t\t\u00d6S-6P890302 PRINCE TOUR TEAM 6 PACK GREEN TEN\u0130S \u00c7ANTASI\n\t\t\t\t<\/figcaption><\/figure><figure class='gallery-item'>\n\t\t\t<div class='gallery-icon landscape'>\n\t\t\t\t<a href='https:\/\/www.ozbekspor.com\/wp-content\/uploads\/61O2oOT5ErL._SL1000_.jpg'><img width=\"500\" height=\"500\" src=\"https:\/\/www.ozbekspor.com\/wp-content\/uploads\/61O2oOT5ErL._SL1000_-500x500.jpg\" class=\"attachment-thumbnail size-thumbnail\" alt=\"\" loading=\"lazy\" aria-describedby=\"gallery-1-684\" srcset=\"https:\/\/www.ozbekspor.com\/wp-content\/uploads\/61O2oOT5ErL._SL1000_-500x500.jpg 500w, https:\/\/www.ozbekspor.com\/wp-content\/uploads\/61O2oOT5ErL._SL1000_-800x800.jpg 800w, https:\/\/www.ozbekspor.com\/wp-content\/uploads\/61O2oOT5ErL._SL1000_-768x768.jpg 768w, https:\/\/www.ozbekspor.com\/wp-content\/uploads\/61O2oOT5ErL._SL1000_-300x300.jpg 300w, https:\/\/www.ozbekspor.com\/wp-content\/uploads\/61O2oOT5ErL._SL1000_-600x600.jpg 600w, https:\/\/www.ozbekspor.com\/wp-content\/uploads\/61O2oOT5ErL._SL1000_-100x100.jpg 100w, https:\/\/www.ozbekspor.com\/wp-content\/uploads\/61O2oOT5ErL._SL1000_.jpg 1000w\" sizes=\"(max-width: 500px) 100vw, 500px\" \/><\/a>\n\t\t\t<\/div>\n\t\t\t\t<figcaption class='wp-caption-text gallery-caption' id='gallery-1-684'>\n\t\t\t\t\u00d6S-7G339000 PRINCE NX TOUR PRO ED 3&#8217;L\u00dc TEN\u0130S TOPU\n\t\t\t\t<\/figcaption><\/figure><figure class='gallery-item'>\n\t\t\t<div class='gallery-icon portrait'>\n\t\t\t\t<a href='https:\/\/www.ozbekspor.com\/wp-content\/uploads\/prince-championship-tennis-balls-dozen__84719.1553019321.jpg'><img width=\"500\" height=\"500\" src=\"https:\/\/www.ozbekspor.com\/wp-content\/uploads\/prince-championship-tennis-balls-dozen__84719.1553019321-500x500.jpg\" class=\"attachment-thumbnail size-thumbnail\" alt=\"\" loading=\"lazy\" aria-describedby=\"gallery-1-685\" srcset=\"https:\/\/www.ozbekspor.com\/wp-content\/uploads\/prince-championship-tennis-balls-dozen__84719.1553019321-500x500.jpg 500w, https:\/\/www.ozbekspor.com\/wp-content\/uploads\/prince-championship-tennis-balls-dozen__84719.1553019321-300x300.jpg 300w, https:\/\/www.ozbekspor.com\/wp-content\/uploads\/prince-championship-tennis-balls-dozen__84719.1553019321-100x100.jpg 100w\" sizes=\"(max-width: 500px) 100vw, 500px\" \/><\/a>\n\t\t\t<\/div>\n\t\t\t\t<figcaption class='wp-caption-text gallery-caption' id='gallery-1-685'>\n\t\t\t\t\u00d6S-7G20028E PRINCE CHAMPIONSHIP ED 3&#8217;L\u00dc TEN\u0130S TOPU\n\t\t\t\t<\/figcaption><\/figure><figure class='gallery-item'>\n\t\t\t<div class='gallery-icon landscape'>\n\t\t\t\t<a href='https:\/\/www.ozbekspor.com\/wp-content\/uploads\/TrainerBalls60pack.jpg'><img width=\"500\" height=\"500\" src=\"https:\/\/www.ozbekspor.com\/wp-content\/uploads\/TrainerBalls60pack-500x500.jpg\" class=\"attachment-thumbnail size-thumbnail\" alt=\"\" loading=\"lazy\" aria-describedby=\"gallery-1-688\" srcset=\"https:\/\/www.ozbekspor.com\/wp-content\/uploads\/TrainerBalls60pack-500x500.jpg 500w, https:\/\/www.ozbekspor.com\/wp-content\/uploads\/TrainerBalls60pack-300x300.jpg 300w, https:\/\/www.ozbekspor.com\/wp-content\/uploads\/TrainerBalls60pack-100x100.jpg 100w\" sizes=\"(max-width: 500px) 100vw, 500px\" \/><\/a>\n\t\t\t<\/div>\n\t\t\t\t<figcaption class='wp-caption-text gallery-caption' id='gallery-1-688'>\n\t\t\t\t\u00d6S-7G308000 PRINCE TRAINER BALL 60&#8217;LI PO\u015eET ANTRENMAN TOPU\n\t\t\t\t<\/figcaption><\/figure>\n\t\t<\/div>\n\n","protected":false},"excerpt":{"rendered":"","protected":false},"featured_media":685,"template":"","meta":[],"_links":{"self":[{"href":"https:\/\/www.ozbekspor.com\/index.php?rest_route=\/wp\/v2\/product\/681"}],"collection":[{"href":"https:\/\/www.ozbekspor.com\/index.php?rest_route=\/wp\/v2\/product"}],"about":[{"href":"https:\/\/www.ozbekspor.com\/index.php?rest_route=\/wp\/v2\/types\/product"}],"wp:featuredmedia":[{"embeddable":true,"href":"https:\/\/www.ozbekspor.com\/index.php?rest_route=\/wp\/v2\/media\/685"}],"wp:attachment":[{"href":"https:\/\/www.ozbekspor.com\/index.php?rest_route=%2Fwp%2Fv2%2Fmedia&parent=681"}],"curies":[{"name":"wp","href":"https:\/\/api.w.org\/{rel}","templated":true}]}}