{"id":648,"date":"2020-01-27T11:06:24","date_gmt":"2020-01-27T11:06:24","guid":{"rendered":"https:\/\/www.ozbekspor.com\/?post_type=product&#038;p=648"},"modified":"2021-01-22T12:10:15","modified_gmt":"2021-01-22T12:10:15","slug":"voleybol-saha-seridi","status":"publish","type":"product","link":"https:\/\/www.ozbekspor.com\/?product=voleybol-saha-seridi","title":{"rendered":"Beach Voleybol Saha \u00c7izgi \u015eeridi"},"content":{"rendered":"<div id='gallery-1' class='gallery galleryid-648 gallery-columns-4 gallery-size-thumbnail'><figure class='gallery-item'>\n\t\t\t<div class='gallery-icon landscape'>\n\t\t\t\t<a href='https:\/\/www.ozbekspor.com\/wp-content\/uploads\/beaccc.jpg'><img width=\"500\" height=\"500\" src=\"https:\/\/www.ozbekspor.com\/wp-content\/uploads\/beaccc-500x500.jpg\" class=\"attachment-thumbnail size-thumbnail\" alt=\"\" loading=\"lazy\" aria-describedby=\"gallery-1-4503\" srcset=\"https:\/\/www.ozbekspor.com\/wp-content\/uploads\/beaccc-500x500.jpg 500w, https:\/\/www.ozbekspor.com\/wp-content\/uploads\/beaccc-300x300.jpg 300w, https:\/\/www.ozbekspor.com\/wp-content\/uploads\/beaccc-100x100.jpg 100w\" sizes=\"(max-width: 500px) 100vw, 500px\" \/><\/a>\n\t\t\t<\/div>\n\t\t\t\t<figcaption class='wp-caption-text gallery-caption' id='gallery-1-4503'>\n\t\t\t\t\u00d6S-1007 Beach Voleybol Saha \u015eeridi Sax Mavi\n\t\t\t\t<\/figcaption><\/figure><figure class='gallery-item'>\n\t\t\t<div class='gallery-icon landscape'>\n\t\t\t\t<a href='https:\/\/www.ozbekspor.com\/wp-content\/uploads\/baecsss.jpg'><img width=\"500\" height=\"500\" src=\"https:\/\/www.ozbekspor.com\/wp-content\/uploads\/baecsss-500x500.jpg\" class=\"attachment-thumbnail size-thumbnail\" alt=\"\" loading=\"lazy\" aria-describedby=\"gallery-1-4502\" srcset=\"https:\/\/www.ozbekspor.com\/wp-content\/uploads\/baecsss-500x500.jpg 500w, https:\/\/www.ozbekspor.com\/wp-content\/uploads\/baecsss-300x300.jpg 300w, https:\/\/www.ozbekspor.com\/wp-content\/uploads\/baecsss-100x100.jpg 100w\" sizes=\"(max-width: 500px) 100vw, 500px\" \/><\/a>\n\t\t\t<\/div>\n\t\t\t\t<figcaption class='wp-caption-text gallery-caption' id='gallery-1-4502'>\n\t\t\t\t\u00d6S-1007 Beach Voleybol Saha \u015eeridi Sax Mavi\n\t\t\t\t<\/figcaption><\/figure><figure class='gallery-item'>\n\t\t\t<div class='gallery-icon landscape'>\n\t\t\t\t<a href='https:\/\/www.ozbekspor.com\/wp-content\/uploads\/1007-1007B-KULLANILCAK-RESI\u0307M.jpg'><img width=\"500\" height=\"500\" src=\"https:\/\/www.ozbekspor.com\/wp-content\/uploads\/1007-1007B-KULLANILCAK-RESI\u0307M-500x500.jpg\" class=\"attachment-thumbnail size-thumbnail\" alt=\"\" loading=\"lazy\" aria-describedby=\"gallery-1-651\" srcset=\"https:\/\/www.ozbekspor.com\/wp-content\/uploads\/1007-1007B-KULLANILCAK-RESI\u0307M-500x500.jpg 500w, https:\/\/www.ozbekspor.com\/wp-content\/uploads\/1007-1007B-KULLANILCAK-RESI\u0307M-300x300.jpg 300w, https:\/\/www.ozbekspor.com\/wp-content\/uploads\/1007-1007B-KULLANILCAK-RESI\u0307M-100x100.jpg 100w\" sizes=\"(max-width: 500px) 100vw, 500px\" \/><\/a>\n\t\t\t<\/div>\n\t\t\t\t<figcaption class='wp-caption-text gallery-caption' id='gallery-1-651'>\n\t\t\t\t1007 BEACH VOLEYBOL SAHA \u015eER\u0130D\u0130\n\t\t\t\t<\/figcaption><\/figure><figure class='gallery-item'>\n\t\t\t<div class='gallery-icon landscape'>\n\t\t\t\t<a href='https:\/\/www.ozbekspor.com\/wp-content\/uploads\/beach-voleybol-c\u0327izgi-band\u0131-ve-bag\u0306lant\u0131-elementleri2-670x502-1.jpg'><img width=\"500\" height=\"500\" src=\"https:\/\/www.ozbekspor.com\/wp-content\/uploads\/beach-voleybol-c\u0327izgi-band\u0131-ve-bag\u0306lant\u0131-elementleri2-670x502-1-500x500.jpg\" class=\"attachment-thumbnail size-thumbnail\" alt=\"\" loading=\"lazy\" aria-describedby=\"gallery-1-649\" srcset=\"https:\/\/www.ozbekspor.com\/wp-content\/uploads\/beach-voleybol-c\u0327izgi-band\u0131-ve-bag\u0306lant\u0131-elementleri2-670x502-1-500x500.jpg 500w, https:\/\/www.ozbekspor.com\/wp-content\/uploads\/beach-voleybol-c\u0327izgi-band\u0131-ve-bag\u0306lant\u0131-elementleri2-670x502-1-300x300.jpg 300w, https:\/\/www.ozbekspor.com\/wp-content\/uploads\/beach-voleybol-c\u0327izgi-band\u0131-ve-bag\u0306lant\u0131-elementleri2-670x502-1-100x100.jpg 100w\" sizes=\"(max-width: 500px) 100vw, 500px\" \/><\/a>\n\t\t\t<\/div>\n\t\t\t\t<figcaption class='wp-caption-text gallery-caption' id='gallery-1-649'>\n\t\t\t\t1007 BEACH VOLEYBOL SAHA \u015eER\u0130D\u0130\n\t\t\t\t<\/figcaption><\/figure><figure class='gallery-item'>\n\t\t\t<div class='gallery-icon landscape'>\n\t\t\t\t<a href='https:\/\/www.ozbekspor.com\/wp-content\/uploads\/SDC10876.jpg'><img width=\"500\" height=\"500\" src=\"https:\/\/www.ozbekspor.com\/wp-content\/uploads\/SDC10876-500x500.jpg\" class=\"attachment-thumbnail size-thumbnail\" alt=\"\" loading=\"lazy\" aria-describedby=\"gallery-1-650\" srcset=\"https:\/\/www.ozbekspor.com\/wp-content\/uploads\/SDC10876-500x500.jpg 500w, https:\/\/www.ozbekspor.com\/wp-content\/uploads\/SDC10876-300x300.jpg 300w, https:\/\/www.ozbekspor.com\/wp-content\/uploads\/SDC10876-100x100.jpg 100w\" sizes=\"(max-width: 500px) 100vw, 500px\" \/><\/a>\n\t\t\t<\/div>\n\t\t\t\t<figcaption class='wp-caption-text gallery-caption' id='gallery-1-650'>\n\t\t\t\t1007 BEACH VOLEYBOL SAHA \u015eER\u0130D\u0130\n\t\t\t\t<\/figcaption><\/figure><figure class='gallery-item'>\n\t\t\t<div class='gallery-icon landscape'>\n\t\t\t\t<a href='https:\/\/www.ozbekspor.com\/wp-content\/uploads\/SDC10879.jpg'><img width=\"500\" height=\"500\" src=\"https:\/\/www.ozbekspor.com\/wp-content\/uploads\/SDC10879-500x500.jpg\" class=\"attachment-thumbnail size-thumbnail\" alt=\"\" loading=\"lazy\" aria-describedby=\"gallery-1-655\" srcset=\"https:\/\/www.ozbekspor.com\/wp-content\/uploads\/SDC10879-500x500.jpg 500w, https:\/\/www.ozbekspor.com\/wp-content\/uploads\/SDC10879-300x300.jpg 300w, https:\/\/www.ozbekspor.com\/wp-content\/uploads\/SDC10879-100x100.jpg 100w\" sizes=\"(max-width: 500px) 100vw, 500px\" \/><\/a>\n\t\t\t<\/div>\n\t\t\t\t<figcaption class='wp-caption-text gallery-caption' id='gallery-1-655'>\n\t\t\t\t1007 BEACH VOLEYBOL SAHA \u015eER\u0130D\u0130\n\t\t\t\t<\/figcaption><\/figure><figure class='gallery-item'>\n\t\t\t<div class='gallery-icon landscape'>\n\t\t\t\t<a href='https:\/\/www.ozbekspor.com\/wp-content\/uploads\/BEACH-VOLLEY-SAHA-S\u0327ERI\u0307DI\u0307.-600x450-1.jpg'><img width=\"500\" height=\"500\" src=\"https:\/\/www.ozbekspor.com\/wp-content\/uploads\/BEACH-VOLLEY-SAHA-S\u0327ERI\u0307DI\u0307.-600x450-1-500x500.jpg\" class=\"attachment-thumbnail size-thumbnail\" alt=\"\" loading=\"lazy\" aria-describedby=\"gallery-1-654\" srcset=\"https:\/\/www.ozbekspor.com\/wp-content\/uploads\/BEACH-VOLLEY-SAHA-S\u0327ERI\u0307DI\u0307.-600x450-1-500x500.jpg 500w, https:\/\/www.ozbekspor.com\/wp-content\/uploads\/BEACH-VOLLEY-SAHA-S\u0327ERI\u0307DI\u0307.-600x450-1-300x300.jpg 300w, https:\/\/www.ozbekspor.com\/wp-content\/uploads\/BEACH-VOLLEY-SAHA-S\u0327ERI\u0307DI\u0307.-600x450-1-100x100.jpg 100w\" sizes=\"(max-width: 500px) 100vw, 500px\" \/><\/a>\n\t\t\t<\/div>\n\t\t\t\t<figcaption class='wp-caption-text gallery-caption' id='gallery-1-654'>\n\t\t\t\t1007 BEACH VOLEYBOL SAHA \u015eER\u0130D\u0130 8.00 x 16.00mt\n\t\t\t\t<\/figcaption><\/figure><figure class='gallery-item'>\n\t\t\t<div class='gallery-icon landscape'>\n\t\t\t\t<a href='https:\/\/www.ozbekspor.com\/wp-content\/uploads\/beach-voleybol-saha-cizgi-s\u0327eridi-nizami-o\u0308lc\u0327u\u0308-600x450-1.jpg'><img width=\"500\" height=\"500\" src=\"https:\/\/www.ozbekspor.com\/wp-content\/uploads\/beach-voleybol-saha-cizgi-s\u0327eridi-nizami-o\u0308lc\u0327u\u0308-600x450-1-500x500.jpg\" class=\"attachment-thumbnail size-thumbnail\" alt=\"\" loading=\"lazy\" aria-describedby=\"gallery-1-653\" srcset=\"https:\/\/www.ozbekspor.com\/wp-content\/uploads\/beach-voleybol-saha-cizgi-s\u0327eridi-nizami-o\u0308lc\u0327u\u0308-600x450-1-500x500.jpg 500w, https:\/\/www.ozbekspor.com\/wp-content\/uploads\/beach-voleybol-saha-cizgi-s\u0327eridi-nizami-o\u0308lc\u0327u\u0308-600x450-1-300x300.jpg 300w, https:\/\/www.ozbekspor.com\/wp-content\/uploads\/beach-voleybol-saha-cizgi-s\u0327eridi-nizami-o\u0308lc\u0327u\u0308-600x450-1-100x100.jpg 100w\" sizes=\"(max-width: 500px) 100vw, 500px\" \/><\/a>\n\t\t\t<\/div>\n\t\t\t\t<figcaption class='wp-caption-text gallery-caption' id='gallery-1-653'>\n\t\t\t\t1007 BEACH VOLEYBOL SAHA \u015eER\u0130D\u0130 8.00 x 16.00mt1007 BEACH VOLEYBOL SAHA \u015eER\u0130D\u0130\n\t\t\t\t<\/figcaption><\/figure><figure class='gallery-item'>\n\t\t\t<div class='gallery-icon landscape'>\n\t\t\t\t<a href='https:\/\/www.ozbekspor.com\/wp-content\/uploads\/IMG_3522.jpg'><img width=\"500\" height=\"500\" src=\"https:\/\/www.ozbekspor.com\/wp-content\/uploads\/IMG_3522-500x500.jpg\" class=\"attachment-thumbnail size-thumbnail\" alt=\"\" loading=\"lazy\" aria-describedby=\"gallery-1-656\" srcset=\"https:\/\/www.ozbekspor.com\/wp-content\/uploads\/IMG_3522-500x500.jpg 500w, https:\/\/www.ozbekspor.com\/wp-content\/uploads\/IMG_3522-300x300.jpg 300w, https:\/\/www.ozbekspor.com\/wp-content\/uploads\/IMG_3522-100x100.jpg 100w\" sizes=\"(max-width: 500px) 100vw, 500px\" \/><\/a>\n\t\t\t<\/div>\n\t\t\t\t<figcaption class='wp-caption-text gallery-caption' id='gallery-1-656'>\n\t\t\t\t1007-B BEACH VOLEYBOL SAHA \u015eER\u0130D\u0130 9.00 x 18.00mt\n\t\t\t\t<\/figcaption><\/figure><figure class='gallery-item'>\n\t\t\t<div class='gallery-icon landscape'>\n\t\t\t\t<a href='https:\/\/www.ozbekspor.com\/wp-content\/uploads\/BEACH-VOLEYBOL-SAHA-S\u0327ERI\u0307DI\u0307.jpg'><img width=\"500\" height=\"500\" src=\"https:\/\/www.ozbekspor.com\/wp-content\/uploads\/BEACH-VOLEYBOL-SAHA-S\u0327ERI\u0307DI\u0307-500x500.jpg\" class=\"attachment-thumbnail size-thumbnail\" alt=\"\" loading=\"lazy\" aria-describedby=\"gallery-1-652\" srcset=\"https:\/\/www.ozbekspor.com\/wp-content\/uploads\/BEACH-VOLEYBOL-SAHA-S\u0327ERI\u0307DI\u0307-500x500.jpg 500w, https:\/\/www.ozbekspor.com\/wp-content\/uploads\/BEACH-VOLEYBOL-SAHA-S\u0327ERI\u0307DI\u0307-300x300.jpg 300w, https:\/\/www.ozbekspor.com\/wp-content\/uploads\/BEACH-VOLEYBOL-SAHA-S\u0327ERI\u0307DI\u0307-100x100.jpg 100w\" sizes=\"(max-width: 500px) 100vw, 500px\" \/><\/a>\n\t\t\t<\/div>\n\t\t\t\t<figcaption class='wp-caption-text gallery-caption' id='gallery-1-652'>\n\t\t\t\t1007-B BEACH VOLEYBOL SAHA \u015eER\u0130D\u0130 9.00 x 18.00mt\n\t\t\t\t<\/figcaption><\/figure>\n\t\t<\/div>\n\n","protected":false},"excerpt":{"rendered":"<p><strong>Beach Voleybol Saha \u00c7izgisi \u015eerit Tak\u0131m<\/strong><\/p>\n<div><span style=\"color: #555555; font-size: 14.4px;\">8*16 , 9*18 metre \u00f6l\u00e7\u00fclerinde yada istenilen ebatlarda, farkl\u0131 renklerde 5 cm geni\u015fli\u011finde \u00f6zel fosforlu ve d\u00fcz renkli kolonlardan \u00f6zel malzemeden \u00fcretilmi\u015ftir. Fosfor ve renkleri sayesinde gece parlayarak ho\u015f ve dekoratif bir g\u00f6r\u00fcnt\u00fc olu\u015fturur. \u00a0K\u00f6\u015felerde halkalar\u0131 ve k\u00f6\u015fe tahtalar\u0131 bulunmaktad\u0131r. Uzun \u00f6m\u00fcrl\u00fc ve y\u00fcksek kalitelidir. T\u00fcm m\u00fcsabaka ve antrenmanlarda profesyonel kullan\u0131m i\u00e7in \u00fcretilmi\u015ftir. Amat\u00f6r spor alanlar\u0131nda da t\u00fcm plaj ve \u00e7im zeminler de kullan\u0131lmaktad\u0131r.\u00a0<\/span><\/div>\n<div>\n<p>\u00dcr\u00fcnlerimiz en uygun<strong>\u00a0&#8221;Plaj Voleybolu \u00dcr\u00fcnleri&#8221;<\/strong> , <strong>&#8220;\u00dcretici Firma Garantisi&#8221;<\/strong>\u00a0 ve<strong>\u00a0\u2018\u2019\u00dccretsiz Kargo\u2019\u2019<\/strong>\u00a0avantaj\u0131 ile size ula\u015facakt\u0131r.<\/p>\n<p><em><strong>&#8216;Plaj Voleybol Saha \u00c7izgileri&#8221;<\/strong><\/em>\u00a0<em><strong>\u00fcr\u00fcn i\u00e7eri\u011finde 1 adet plaj voleybol saha \u00e7izgileri bulunmaktad\u0131r.<\/strong><\/em><\/p>\n<p>Tamam\u0131 firmam\u0131z taraf\u0131nda \u00fcretilen\u00a0<strong>&#8221;Voleybol Malzemeleri&#8217;<\/strong>&#8216; farkl\u0131 kullan\u0131m alanlar\u0131 i\u00e7in se\u00e7enekler sunmaktad\u0131r. <em><strong>&#8221;Voleybol Dire\u011fi Koruma K\u0131l\u0131f\u0131&#8217;<\/strong><\/em>&#8216;\u00a0da bu \u00fcr\u00fcnler aras\u0131ndad\u0131r.\u00a0<strong><em>&#8221;Plaj Voleybolu Dire\u011fi&#8221;<\/em><\/strong>\u00a0,\u00a0<strong><em>&#8221;Plaj Voleybolu Saha \u00c7izgileri&#8221;<\/em><\/strong>de \u00fcr\u00fcn \u00e7e\u015fitlerimiz aras\u0131nda yer almaktad\u0131r. <strong>Plaj voleybol<\/strong> \u00fcr\u00fcnleri ile ilgili <strong>\u00d6zbek Spor<\/strong> arad\u0131\u011f\u0131n\u0131z adrestir.<\/p>\n<\/div>\n","protected":false},"featured_media":651,"template":"","meta":[],"_links":{"self":[{"href":"https:\/\/www.ozbekspor.com\/index.php?rest_route=\/wp\/v2\/product\/648"}],"collection":[{"href":"https:\/\/www.ozbekspor.com\/index.php?rest_route=\/wp\/v2\/product"}],"about":[{"href":"https:\/\/www.ozbekspor.com\/index.php?rest_route=\/wp\/v2\/types\/product"}],"wp:featuredmedia":[{"embeddable":true,"href":"https:\/\/www.ozbekspor.com\/index.php?rest_route=\/wp\/v2\/media\/651"}],"wp:attachment":[{"href":"https:\/\/www.ozbekspor.com\/index.php?rest_route=%2Fwp%2Fv2%2Fmedia&parent=648"}],"curies":[{"name":"wp","href":"https:\/\/api.w.org\/{rel}","templated":true}]}}