{"id":642,"date":"2020-01-27T11:04:41","date_gmt":"2020-01-27T11:04:41","guid":{"rendered":"https:\/\/www.ozbekspor.com\/?post_type=product&#038;p=642"},"modified":"2021-01-21T10:46:07","modified_gmt":"2021-01-21T10:46:07","slug":"delta-voleybol-toplari","status":"publish","type":"product","link":"https:\/\/www.ozbekspor.com\/?product=delta-voleybol-toplari","title":{"rendered":"Voleybol Toplar\u0131 &#8211; Delta"},"content":{"rendered":"<div id='gallery-1' class='gallery galleryid-642 gallery-columns-4 gallery-size-thumbnail'><figure class='gallery-item'>\n\t\t\t<div class='gallery-icon landscape'>\n\t\t\t\t<a href='https:\/\/www.ozbekspor.com\/wp-content\/uploads\/voleybol-1.jpg'><img width=\"500\" height=\"500\" src=\"https:\/\/www.ozbekspor.com\/wp-content\/uploads\/voleybol-1-500x500.jpg\" class=\"attachment-thumbnail size-thumbnail\" alt=\"\" loading=\"lazy\" aria-describedby=\"gallery-1-643\" srcset=\"https:\/\/www.ozbekspor.com\/wp-content\/uploads\/voleybol-1-500x500.jpg 500w, https:\/\/www.ozbekspor.com\/wp-content\/uploads\/voleybol-1-800x800.jpg 800w, https:\/\/www.ozbekspor.com\/wp-content\/uploads\/voleybol-1-768x768.jpg 768w, https:\/\/www.ozbekspor.com\/wp-content\/uploads\/voleybol-1-300x300.jpg 300w, https:\/\/www.ozbekspor.com\/wp-content\/uploads\/voleybol-1-600x600.jpg 600w, https:\/\/www.ozbekspor.com\/wp-content\/uploads\/voleybol-1-100x100.jpg 100w, https:\/\/www.ozbekspor.com\/wp-content\/uploads\/voleybol-1.jpg 1000w\" sizes=\"(max-width: 500px) 100vw, 500px\" \/><\/a>\n\t\t\t<\/div>\n\t\t\t\t<figcaption class='wp-caption-text gallery-caption' id='gallery-1-643'>\n\t\t\t\t\u00d6S-ACT1 ACTION VOLEYBOL TOPU &#8211; Delta\n\t\t\t\t<\/figcaption><\/figure><figure class='gallery-item'>\n\t\t\t<div class='gallery-icon landscape'>\n\t\t\t\t<a href='https:\/\/www.ozbekspor.com\/wp-content\/uploads\/voleybol-2.jpg'><img width=\"500\" height=\"500\" src=\"https:\/\/www.ozbekspor.com\/wp-content\/uploads\/voleybol-2-500x500.jpg\" class=\"attachment-thumbnail size-thumbnail\" alt=\"\" loading=\"lazy\" aria-describedby=\"gallery-1-645\" srcset=\"https:\/\/www.ozbekspor.com\/wp-content\/uploads\/voleybol-2-500x500.jpg 500w, https:\/\/www.ozbekspor.com\/wp-content\/uploads\/voleybol-2-800x800.jpg 800w, https:\/\/www.ozbekspor.com\/wp-content\/uploads\/voleybol-2-768x768.jpg 768w, https:\/\/www.ozbekspor.com\/wp-content\/uploads\/voleybol-2-300x300.jpg 300w, https:\/\/www.ozbekspor.com\/wp-content\/uploads\/voleybol-2-600x600.jpg 600w, https:\/\/www.ozbekspor.com\/wp-content\/uploads\/voleybol-2-100x100.jpg 100w, https:\/\/www.ozbekspor.com\/wp-content\/uploads\/voleybol-2.jpg 1000w\" sizes=\"(max-width: 500px) 100vw, 500px\" \/><\/a>\n\t\t\t<\/div>\n\t\t\t\t<figcaption class='wp-caption-text gallery-caption' id='gallery-1-645'>\n\t\t\t\t\u00d6S-ACT2 ACTION VOLEYBOL TOPU &#8211; Delta\n\t\t\t\t<\/figcaption><\/figure><figure class='gallery-item'>\n\t\t\t<div class='gallery-icon landscape'>\n\t\t\t\t<a href='https:\/\/www.ozbekspor.com\/wp-content\/uploads\/voleybol-3.jpg'><img width=\"500\" height=\"500\" src=\"https:\/\/www.ozbekspor.com\/wp-content\/uploads\/voleybol-3-500x500.jpg\" class=\"attachment-thumbnail size-thumbnail\" alt=\"\" loading=\"lazy\" aria-describedby=\"gallery-1-644\" srcset=\"https:\/\/www.ozbekspor.com\/wp-content\/uploads\/voleybol-3-500x500.jpg 500w, https:\/\/www.ozbekspor.com\/wp-content\/uploads\/voleybol-3-800x800.jpg 800w, https:\/\/www.ozbekspor.com\/wp-content\/uploads\/voleybol-3-768x768.jpg 768w, https:\/\/www.ozbekspor.com\/wp-content\/uploads\/voleybol-3-300x300.jpg 300w, https:\/\/www.ozbekspor.com\/wp-content\/uploads\/voleybol-3-600x600.jpg 600w, https:\/\/www.ozbekspor.com\/wp-content\/uploads\/voleybol-3-100x100.jpg 100w, https:\/\/www.ozbekspor.com\/wp-content\/uploads\/voleybol-3.jpg 1000w\" sizes=\"(max-width: 500px) 100vw, 500px\" \/><\/a>\n\t\t\t<\/div>\n\t\t\t\t<figcaption class='wp-caption-text gallery-caption' id='gallery-1-644'>\n\t\t\t\t\u00d6S-RV1 RIVO VOLEYBOL TOPU MAV\u0130 &#8211; Delta\n\t\t\t\t<\/figcaption><\/figure><figure class='gallery-item'>\n\t\t\t<div class='gallery-icon portrait'>\n\t\t\t\t<a href='https:\/\/www.ozbekspor.com\/wp-content\/uploads\/voleybol-5.jpg'><img width=\"500\" height=\"500\" src=\"https:\/\/www.ozbekspor.com\/wp-content\/uploads\/voleybol-5-500x500.jpg\" class=\"attachment-thumbnail size-thumbnail\" alt=\"\" loading=\"lazy\" aria-describedby=\"gallery-1-646\" srcset=\"https:\/\/www.ozbekspor.com\/wp-content\/uploads\/voleybol-5-500x500.jpg 500w, https:\/\/www.ozbekspor.com\/wp-content\/uploads\/voleybol-5-300x300.jpg 300w, https:\/\/www.ozbekspor.com\/wp-content\/uploads\/voleybol-5-100x100.jpg 100w\" sizes=\"(max-width: 500px) 100vw, 500px\" \/><\/a>\n\t\t\t<\/div>\n\t\t\t\t<figcaption class='wp-caption-text gallery-caption' id='gallery-1-646'>\n\t\t\t\t\u00d6S-RV2 RIVO VOLEYBOL TOPU YE\u015e\u0130L &#8211; Delta\n\t\t\t\t<\/figcaption><\/figure><figure class='gallery-item'>\n\t\t\t<div class='gallery-icon portrait'>\n\t\t\t\t<a href='https:\/\/www.ozbekspor.com\/wp-content\/uploads\/voleybol-4.jpg'><img width=\"500\" height=\"500\" src=\"https:\/\/www.ozbekspor.com\/wp-content\/uploads\/voleybol-4-500x500.jpg\" class=\"attachment-thumbnail size-thumbnail\" alt=\"\" loading=\"lazy\" aria-describedby=\"gallery-1-647\" srcset=\"https:\/\/www.ozbekspor.com\/wp-content\/uploads\/voleybol-4-500x500.jpg 500w, https:\/\/www.ozbekspor.com\/wp-content\/uploads\/voleybol-4-300x300.jpg 300w, https:\/\/www.ozbekspor.com\/wp-content\/uploads\/voleybol-4-100x100.jpg 100w\" sizes=\"(max-width: 500px) 100vw, 500px\" \/><\/a>\n\t\t\t<\/div>\n\t\t\t\t<figcaption class='wp-caption-text gallery-caption' id='gallery-1-647'>\n\t\t\t\t\u00d6S-RV3 RIVO VOLEYBOL TOPU KIRMIZI &#8211; Delta\n\t\t\t\t<\/figcaption><\/figure>\n\t\t<\/div>\n\n","protected":false},"excerpt":{"rendered":"","protected":false},"featured_media":645,"template":"","meta":[],"_links":{"self":[{"href":"https:\/\/www.ozbekspor.com\/index.php?rest_route=\/wp\/v2\/product\/642"}],"collection":[{"href":"https:\/\/www.ozbekspor.com\/index.php?rest_route=\/wp\/v2\/product"}],"about":[{"href":"https:\/\/www.ozbekspor.com\/index.php?rest_route=\/wp\/v2\/types\/product"}],"wp:featuredmedia":[{"embeddable":true,"href":"https:\/\/www.ozbekspor.com\/index.php?rest_route=\/wp\/v2\/media\/645"}],"wp:attachment":[{"href":"https:\/\/www.ozbekspor.com\/index.php?rest_route=%2Fwp%2Fv2%2Fmedia&parent=642"}],"curies":[{"name":"wp","href":"https:\/\/api.w.org\/{rel}","templated":true}]}}