{"id":5466,"date":"2021-01-31T17:17:30","date_gmt":"2021-01-31T17:17:30","guid":{"rendered":"https:\/\/www.ozbekspor.com\/?post_type=product&#038;p=5466"},"modified":"2021-01-31T17:21:13","modified_gmt":"2021-01-31T17:21:13","slug":"profesyonel-musabaka-voleybol-aglari","status":"publish","type":"product","link":"https:\/\/www.ozbekspor.com\/?product=profesyonel-musabaka-voleybol-aglari","title":{"rendered":"Profesyonel M\u00fcsabaka Voleybol A\u011flar\u0131"},"content":{"rendered":"<div id='gallery-1' class='gallery galleryid-5466 gallery-columns-4 gallery-size-thumbnail'><figure class='gallery-item'>\n\t\t\t<div class='gallery-icon landscape'>\n\t\t\t\t<a href='https:\/\/www.ozbekspor.com\/?attachment_id=5468#main'><img width=\"500\" height=\"500\" src=\"https:\/\/www.ozbekspor.com\/wp-content\/uploads\/Efeler-Ligi-Voleybol-Agi-500x500.jpg\" class=\"attachment-thumbnail size-thumbnail\" alt=\"\" loading=\"lazy\" aria-describedby=\"gallery-1-5468\" srcset=\"https:\/\/www.ozbekspor.com\/wp-content\/uploads\/Efeler-Ligi-Voleybol-Agi-500x500.jpg 500w, https:\/\/www.ozbekspor.com\/wp-content\/uploads\/Efeler-Ligi-Voleybol-Agi-300x300.jpg 300w, https:\/\/www.ozbekspor.com\/wp-content\/uploads\/Efeler-Ligi-Voleybol-Agi-100x100.jpg 100w\" sizes=\"(max-width: 500px) 100vw, 500px\" \/><\/a>\n\t\t\t<\/div>\n\t\t\t\t<figcaption class='wp-caption-text gallery-caption' id='gallery-1-5468'>\n\t\t\t\t1000-MT Ma\u00e7 Voleybol A\u011flar\u0131 Bask\u0131l\u0131\n\t\t\t\t<\/figcaption><\/figure><figure class='gallery-item'>\n\t\t\t<div class='gallery-icon landscape'>\n\t\t\t\t<a href='https:\/\/www.ozbekspor.com\/?attachment_id=5469#main'><img width=\"500\" height=\"500\" src=\"https:\/\/www.ozbekspor.com\/wp-content\/uploads\/Efeler-Ligi-Voleybol-Agi-2-500x500.jpg\" class=\"attachment-thumbnail size-thumbnail\" alt=\"\" loading=\"lazy\" aria-describedby=\"gallery-1-5469\" srcset=\"https:\/\/www.ozbekspor.com\/wp-content\/uploads\/Efeler-Ligi-Voleybol-Agi-2-500x500.jpg 500w, https:\/\/www.ozbekspor.com\/wp-content\/uploads\/Efeler-Ligi-Voleybol-Agi-2-300x300.jpg 300w, https:\/\/www.ozbekspor.com\/wp-content\/uploads\/Efeler-Ligi-Voleybol-Agi-2-100x100.jpg 100w\" sizes=\"(max-width: 500px) 100vw, 500px\" \/><\/a>\n\t\t\t<\/div>\n\t\t\t\t<figcaption class='wp-caption-text gallery-caption' id='gallery-1-5469'>\n\t\t\t\t1000-MT Ma\u00e7 Voleybol A\u011flar\u0131 Bask\u0131l\u0131\n\t\t\t\t<\/figcaption><\/figure><figure class='gallery-item'>\n\t\t\t<div class='gallery-icon landscape'>\n\t\t\t\t<a href='https:\/\/www.ozbekspor.com\/?attachment_id=5470#main'><img width=\"500\" height=\"500\" src=\"https:\/\/www.ozbekspor.com\/wp-content\/uploads\/Efeler-Ligi-Voleybol-Agi-3-500x500.jpg\" class=\"attachment-thumbnail size-thumbnail\" alt=\"\" loading=\"lazy\" aria-describedby=\"gallery-1-5470\" srcset=\"https:\/\/www.ozbekspor.com\/wp-content\/uploads\/Efeler-Ligi-Voleybol-Agi-3-500x500.jpg 500w, https:\/\/www.ozbekspor.com\/wp-content\/uploads\/Efeler-Ligi-Voleybol-Agi-3-300x300.jpg 300w, https:\/\/www.ozbekspor.com\/wp-content\/uploads\/Efeler-Ligi-Voleybol-Agi-3-100x100.jpg 100w\" sizes=\"(max-width: 500px) 100vw, 500px\" \/><\/a>\n\t\t\t<\/div>\n\t\t\t\t<figcaption class='wp-caption-text gallery-caption' id='gallery-1-5470'>\n\t\t\t\t1000-MT Ma\u00e7 Voleybol A\u011flar\u0131 Bask\u0131l\u0131\n\t\t\t\t<\/figcaption><\/figure><figure class='gallery-item'>\n\t\t\t<div class='gallery-icon landscape'>\n\t\t\t\t<a href='https:\/\/www.ozbekspor.com\/?attachment_id=5471#main'><img width=\"500\" height=\"500\" src=\"https:\/\/www.ozbekspor.com\/wp-content\/uploads\/Efeler-Ligi-Voleybol-Agi-4-500x500.jpg\" class=\"attachment-thumbnail size-thumbnail\" alt=\"\" loading=\"lazy\" aria-describedby=\"gallery-1-5471\" srcset=\"https:\/\/www.ozbekspor.com\/wp-content\/uploads\/Efeler-Ligi-Voleybol-Agi-4-500x500.jpg 500w, https:\/\/www.ozbekspor.com\/wp-content\/uploads\/Efeler-Ligi-Voleybol-Agi-4-300x300.jpg 300w, https:\/\/www.ozbekspor.com\/wp-content\/uploads\/Efeler-Ligi-Voleybol-Agi-4-100x100.jpg 100w\" sizes=\"(max-width: 500px) 100vw, 500px\" \/><\/a>\n\t\t\t<\/div>\n\t\t\t\t<figcaption class='wp-caption-text gallery-caption' id='gallery-1-5471'>\n\t\t\t\t1000-MT Ma\u00e7 Voleybol A\u011flar\u0131 Bask\u0131l\u0131\n\t\t\t\t<\/figcaption><\/figure><figure class='gallery-item'>\n\t\t\t<div class='gallery-icon landscape'>\n\t\t\t\t<a href='https:\/\/www.ozbekspor.com\/?attachment_id=5472#main'><img width=\"500\" height=\"500\" src=\"https:\/\/www.ozbekspor.com\/wp-content\/uploads\/Misli.com-Voleybol-Agi-1-500x500.jpg\" class=\"attachment-thumbnail size-thumbnail\" alt=\"\" loading=\"lazy\" aria-describedby=\"gallery-1-5472\" srcset=\"https:\/\/www.ozbekspor.com\/wp-content\/uploads\/Misli.com-Voleybol-Agi-1-500x500.jpg 500w, https:\/\/www.ozbekspor.com\/wp-content\/uploads\/Misli.com-Voleybol-Agi-1-300x300.jpg 300w, https:\/\/www.ozbekspor.com\/wp-content\/uploads\/Misli.com-Voleybol-Agi-1-100x100.jpg 100w\" sizes=\"(max-width: 500px) 100vw, 500px\" \/><\/a>\n\t\t\t<\/div>\n\t\t\t\t<figcaption class='wp-caption-text gallery-caption' id='gallery-1-5472'>\n\t\t\t\t1000-MT Ma\u00e7 Voleybol A\u011flar\u0131 Bask\u0131l\u0131\n\t\t\t\t<\/figcaption><\/figure><figure class='gallery-item'>\n\t\t\t<div class='gallery-icon landscape'>\n\t\t\t\t<a href='https:\/\/www.ozbekspor.com\/?attachment_id=5473#main'><img width=\"500\" height=\"500\" src=\"https:\/\/www.ozbekspor.com\/wp-content\/uploads\/Misli.com-Voleybol-Agi-2-1-500x500.jpg\" class=\"attachment-thumbnail size-thumbnail\" alt=\"\" loading=\"lazy\" aria-describedby=\"gallery-1-5473\" srcset=\"https:\/\/www.ozbekspor.com\/wp-content\/uploads\/Misli.com-Voleybol-Agi-2-1-500x500.jpg 500w, https:\/\/www.ozbekspor.com\/wp-content\/uploads\/Misli.com-Voleybol-Agi-2-1-300x300.jpg 300w, https:\/\/www.ozbekspor.com\/wp-content\/uploads\/Misli.com-Voleybol-Agi-2-1-100x100.jpg 100w\" sizes=\"(max-width: 500px) 100vw, 500px\" \/><\/a>\n\t\t\t<\/div>\n\t\t\t\t<figcaption class='wp-caption-text gallery-caption' id='gallery-1-5473'>\n\t\t\t\t1000-MT Ma\u00e7 Voleybol A\u011flar\u0131 Bask\u0131l\u0131\n\t\t\t\t<\/figcaption><\/figure><figure class='gallery-item'>\n\t\t\t<div class='gallery-icon landscape'>\n\t\t\t\t<a href='https:\/\/www.ozbekspor.com\/?attachment_id=5474#main'><img width=\"500\" height=\"500\" src=\"https:\/\/www.ozbekspor.com\/wp-content\/uploads\/Vestel-Venus-Sultanlar-Ligi-Voleybol-Agi-500x500.jpg\" class=\"attachment-thumbnail size-thumbnail\" alt=\"\" loading=\"lazy\" aria-describedby=\"gallery-1-5474\" srcset=\"https:\/\/www.ozbekspor.com\/wp-content\/uploads\/Vestel-Venus-Sultanlar-Ligi-Voleybol-Agi-500x500.jpg 500w, https:\/\/www.ozbekspor.com\/wp-content\/uploads\/Vestel-Venus-Sultanlar-Ligi-Voleybol-Agi-300x300.jpg 300w, https:\/\/www.ozbekspor.com\/wp-content\/uploads\/Vestel-Venus-Sultanlar-Ligi-Voleybol-Agi-100x100.jpg 100w\" sizes=\"(max-width: 500px) 100vw, 500px\" \/><\/a>\n\t\t\t<\/div>\n\t\t\t\t<figcaption class='wp-caption-text gallery-caption' id='gallery-1-5474'>\n\t\t\t\t1000-MT Ma\u00e7 Voleybol A\u011flar\u0131 Bask\u0131l\u0131\n\t\t\t\t<\/figcaption><\/figure><figure class='gallery-item'>\n\t\t\t<div class='gallery-icon landscape'>\n\t\t\t\t<a href='https:\/\/www.ozbekspor.com\/?attachment_id=5475#main'><img width=\"500\" height=\"500\" src=\"https:\/\/www.ozbekspor.com\/wp-content\/uploads\/Vestel-Venus-Sultanlar-Ligi-Voleybol-Agi-2-500x500.jpg\" class=\"attachment-thumbnail size-thumbnail\" alt=\"\" loading=\"lazy\" aria-describedby=\"gallery-1-5475\" srcset=\"https:\/\/www.ozbekspor.com\/wp-content\/uploads\/Vestel-Venus-Sultanlar-Ligi-Voleybol-Agi-2-500x500.jpg 500w, https:\/\/www.ozbekspor.com\/wp-content\/uploads\/Vestel-Venus-Sultanlar-Ligi-Voleybol-Agi-2-300x300.jpg 300w, https:\/\/www.ozbekspor.com\/wp-content\/uploads\/Vestel-Venus-Sultanlar-Ligi-Voleybol-Agi-2-100x100.jpg 100w\" sizes=\"(max-width: 500px) 100vw, 500px\" \/><\/a>\n\t\t\t<\/div>\n\t\t\t\t<figcaption class='wp-caption-text gallery-caption' id='gallery-1-5475'>\n\t\t\t\t1000-MT Ma\u00e7 Voleybol A\u011flar\u0131 Bask\u0131l\u0131\n\t\t\t\t<\/figcaption><\/figure><figure class='gallery-item'>\n\t\t\t<div class='gallery-icon landscape'>\n\t\t\t\t<a href='https:\/\/www.ozbekspor.com\/?attachment_id=5476#main'><img width=\"500\" height=\"500\" src=\"https:\/\/www.ozbekspor.com\/wp-content\/uploads\/Vestel-Venus-Sultanlar-Ligi-Voleybol-Agi-3-500x500.jpg\" class=\"attachment-thumbnail size-thumbnail\" alt=\"\" loading=\"lazy\" aria-describedby=\"gallery-1-5476\" srcset=\"https:\/\/www.ozbekspor.com\/wp-content\/uploads\/Vestel-Venus-Sultanlar-Ligi-Voleybol-Agi-3-500x500.jpg 500w, https:\/\/www.ozbekspor.com\/wp-content\/uploads\/Vestel-Venus-Sultanlar-Ligi-Voleybol-Agi-3-300x300.jpg 300w, https:\/\/www.ozbekspor.com\/wp-content\/uploads\/Vestel-Venus-Sultanlar-Ligi-Voleybol-Agi-3-100x100.jpg 100w\" sizes=\"(max-width: 500px) 100vw, 500px\" \/><\/a>\n\t\t\t<\/div>\n\t\t\t\t<figcaption class='wp-caption-text gallery-caption' id='gallery-1-5476'>\n\t\t\t\t1000-MT Ma\u00e7 Voleybol A\u011flar\u0131 Bask\u0131l\u0131\n\t\t\t\t<\/figcaption><\/figure><figure class='gallery-item'>\n\t\t\t<div class='gallery-icon landscape'>\n\t\t\t\t<a href='https:\/\/www.ozbekspor.com\/?attachment_id=5477#main'><img width=\"500\" height=\"500\" src=\"https:\/\/www.ozbekspor.com\/wp-content\/uploads\/Vestel-Venus-Sultanlar-Ligi-Voleybol-Agi-4-500x500.jpg\" class=\"attachment-thumbnail size-thumbnail\" alt=\"\" loading=\"lazy\" aria-describedby=\"gallery-1-5477\" srcset=\"https:\/\/www.ozbekspor.com\/wp-content\/uploads\/Vestel-Venus-Sultanlar-Ligi-Voleybol-Agi-4-500x500.jpg 500w, https:\/\/www.ozbekspor.com\/wp-content\/uploads\/Vestel-Venus-Sultanlar-Ligi-Voleybol-Agi-4-300x300.jpg 300w, https:\/\/www.ozbekspor.com\/wp-content\/uploads\/Vestel-Venus-Sultanlar-Ligi-Voleybol-Agi-4-100x100.jpg 100w\" sizes=\"(max-width: 500px) 100vw, 500px\" \/><\/a>\n\t\t\t<\/div>\n\t\t\t\t<figcaption class='wp-caption-text gallery-caption' id='gallery-1-5477'>\n\t\t\t\t1000-MT Ma\u00e7 Voleybol A\u011flar\u0131 Bask\u0131l\u0131\n\t\t\t\t<\/figcaption><\/figure><figure class='gallery-item'>\n\t\t\t<div class='gallery-icon landscape'>\n\t\t\t\t<a href='https:\/\/www.ozbekspor.com\/?attachment_id=5478#main'><img width=\"500\" height=\"500\" src=\"https:\/\/www.ozbekspor.com\/wp-content\/uploads\/Vestel-Venus-Sultanlar-Ligi-Voleybol-Agi-5-500x500.jpg\" class=\"attachment-thumbnail size-thumbnail\" alt=\"\" loading=\"lazy\" aria-describedby=\"gallery-1-5478\" srcset=\"https:\/\/www.ozbekspor.com\/wp-content\/uploads\/Vestel-Venus-Sultanlar-Ligi-Voleybol-Agi-5-500x500.jpg 500w, https:\/\/www.ozbekspor.com\/wp-content\/uploads\/Vestel-Venus-Sultanlar-Ligi-Voleybol-Agi-5-300x300.jpg 300w, https:\/\/www.ozbekspor.com\/wp-content\/uploads\/Vestel-Venus-Sultanlar-Ligi-Voleybol-Agi-5-100x100.jpg 100w\" sizes=\"(max-width: 500px) 100vw, 500px\" \/><\/a>\n\t\t\t<\/div>\n\t\t\t\t<figcaption class='wp-caption-text gallery-caption' id='gallery-1-5478'>\n\t\t\t\t1000-MT Ma\u00e7 Voleybol A\u011flar\u0131 Bask\u0131l\u0131\n\t\t\t\t<\/figcaption><\/figure><figure class='gallery-item'>\n\t\t\t<div class='gallery-icon landscape'>\n\t\t\t\t<a href='https:\/\/www.ozbekspor.com\/?attachment_id=5479#main'><img width=\"500\" height=\"500\" src=\"https:\/\/www.ozbekspor.com\/wp-content\/uploads\/Vestel-Venus-Sultanlar-Ligi-Voleybol-Agi-7-500x500.jpg\" class=\"attachment-thumbnail size-thumbnail\" alt=\"\" loading=\"lazy\" aria-describedby=\"gallery-1-5479\" srcset=\"https:\/\/www.ozbekspor.com\/wp-content\/uploads\/Vestel-Venus-Sultanlar-Ligi-Voleybol-Agi-7-500x500.jpg 500w, https:\/\/www.ozbekspor.com\/wp-content\/uploads\/Vestel-Venus-Sultanlar-Ligi-Voleybol-Agi-7-300x300.jpg 300w, https:\/\/www.ozbekspor.com\/wp-content\/uploads\/Vestel-Venus-Sultanlar-Ligi-Voleybol-Agi-7-100x100.jpg 100w\" sizes=\"(max-width: 500px) 100vw, 500px\" \/><\/a>\n\t\t\t<\/div>\n\t\t\t\t<figcaption class='wp-caption-text gallery-caption' id='gallery-1-5479'>\n\t\t\t\t1000-MT Ma\u00e7 Voleybol A\u011flar\u0131 Bask\u0131l\u0131\n\t\t\t\t<\/figcaption><\/figure><figure class='gallery-item'>\n\t\t\t<div class='gallery-icon landscape'>\n\t\t\t\t<a href='https:\/\/www.ozbekspor.com\/?attachment_id=5480#main'><img width=\"500\" height=\"500\" src=\"https:\/\/www.ozbekspor.com\/wp-content\/uploads\/Vestel-Venus-Sultanlar-Ligi-Voleybol-Agi-8-500x500.jpg\" class=\"attachment-thumbnail size-thumbnail\" alt=\"\" loading=\"lazy\" aria-describedby=\"gallery-1-5480\" srcset=\"https:\/\/www.ozbekspor.com\/wp-content\/uploads\/Vestel-Venus-Sultanlar-Ligi-Voleybol-Agi-8-500x500.jpg 500w, https:\/\/www.ozbekspor.com\/wp-content\/uploads\/Vestel-Venus-Sultanlar-Ligi-Voleybol-Agi-8-300x300.jpg 300w, https:\/\/www.ozbekspor.com\/wp-content\/uploads\/Vestel-Venus-Sultanlar-Ligi-Voleybol-Agi-8-100x100.jpg 100w\" sizes=\"(max-width: 500px) 100vw, 500px\" \/><\/a>\n\t\t\t<\/div>\n\t\t\t\t<figcaption class='wp-caption-text gallery-caption' id='gallery-1-5480'>\n\t\t\t\t1000-MT Ma\u00e7 Voleybol A\u011flar\u0131 Bask\u0131l\u0131\n\t\t\t\t<\/figcaption><\/figure><figure class='gallery-item'>\n\t\t\t<div class='gallery-icon landscape'>\n\t\t\t\t<a href='https:\/\/www.ozbekspor.com\/?attachment_id=5481#main'><img width=\"500\" height=\"500\" src=\"https:\/\/www.ozbekspor.com\/wp-content\/uploads\/Voleybol-Filesi-1-500x500.jpg\" class=\"attachment-thumbnail size-thumbnail\" alt=\"\" loading=\"lazy\" aria-describedby=\"gallery-1-5481\" srcset=\"https:\/\/www.ozbekspor.com\/wp-content\/uploads\/Voleybol-Filesi-1-500x500.jpg 500w, https:\/\/www.ozbekspor.com\/wp-content\/uploads\/Voleybol-Filesi-1-300x300.jpg 300w, https:\/\/www.ozbekspor.com\/wp-content\/uploads\/Voleybol-Filesi-1-100x100.jpg 100w\" sizes=\"(max-width: 500px) 100vw, 500px\" \/><\/a>\n\t\t\t<\/div>\n\t\t\t\t<figcaption class='wp-caption-text gallery-caption' id='gallery-1-5481'>\n\t\t\t\t1000-MT Ma\u00e7 Voleybol A\u011flar\u0131 Bask\u0131l\u0131\n\t\t\t\t<\/figcaption><\/figure><figure class='gallery-item'>\n\t\t\t<div class='gallery-icon landscape'>\n\t\t\t\t<a href='https:\/\/www.ozbekspor.com\/?attachment_id=5467#main'><img width=\"500\" height=\"500\" src=\"https:\/\/www.ozbekspor.com\/wp-content\/uploads\/Misli.com-Voleybol-Agi-500x500.jpg\" class=\"attachment-thumbnail size-thumbnail\" alt=\"\" loading=\"lazy\" aria-describedby=\"gallery-1-5467\" srcset=\"https:\/\/www.ozbekspor.com\/wp-content\/uploads\/Misli.com-Voleybol-Agi-500x500.jpg 500w, https:\/\/www.ozbekspor.com\/wp-content\/uploads\/Misli.com-Voleybol-Agi-300x300.jpg 300w, https:\/\/www.ozbekspor.com\/wp-content\/uploads\/Misli.com-Voleybol-Agi-100x100.jpg 100w\" sizes=\"(max-width: 500px) 100vw, 500px\" \/><\/a>\n\t\t\t<\/div>\n\t\t\t\t<figcaption class='wp-caption-text gallery-caption' id='gallery-1-5467'>\n\t\t\t\t1000-MT Ma\u00e7 Voleybol A\u011flar\u0131 Bask\u0131l\u0131\n\t\t\t\t<\/figcaption><\/figure><figure class='gallery-item'>\n\t\t\t<div class='gallery-icon landscape'>\n\t\t\t\t<a href='https:\/\/www.ozbekspor.com\/?attachment_id=5464'><img width=\"500\" height=\"500\" src=\"https:\/\/www.ozbekspor.com\/wp-content\/uploads\/Misli.com-Voleybol-Agi-2-500x500.jpg\" class=\"attachment-thumbnail size-thumbnail\" alt=\"\" loading=\"lazy\" aria-describedby=\"gallery-1-5464\" srcset=\"https:\/\/www.ozbekspor.com\/wp-content\/uploads\/Misli.com-Voleybol-Agi-2-500x500.jpg 500w, https:\/\/www.ozbekspor.com\/wp-content\/uploads\/Misli.com-Voleybol-Agi-2-300x300.jpg 300w, https:\/\/www.ozbekspor.com\/wp-content\/uploads\/Misli.com-Voleybol-Agi-2-100x100.jpg 100w\" sizes=\"(max-width: 500px) 100vw, 500px\" \/><\/a>\n\t\t\t<\/div>\n\t\t\t\t<figcaption class='wp-caption-text gallery-caption' id='gallery-1-5464'>\n\t\t\t\t1000-MT Ma\u00e7 Voleybol A\u011flar\u0131 Bask\u0131l\u0131\n\t\t\t\t<\/figcaption><\/figure>\n\t\t<\/div>\n\n","protected":false},"excerpt":{"rendered":"","protected":false},"featured_media":5467,"template":"","meta":[],"_links":{"self":[{"href":"https:\/\/www.ozbekspor.com\/index.php?rest_route=\/wp\/v2\/product\/5466"}],"collection":[{"href":"https:\/\/www.ozbekspor.com\/index.php?rest_route=\/wp\/v2\/product"}],"about":[{"href":"https:\/\/www.ozbekspor.com\/index.php?rest_route=\/wp\/v2\/types\/product"}],"wp:featuredmedia":[{"embeddable":true,"href":"https:\/\/www.ozbekspor.com\/index.php?rest_route=\/wp\/v2\/media\/5467"}],"wp:attachment":[{"href":"https:\/\/www.ozbekspor.com\/index.php?rest_route=%2Fwp%2Fv2%2Fmedia&parent=5466"}],"curies":[{"name":"wp","href":"https:\/\/api.w.org\/{rel}","templated":true}]}}