{"id":539,"date":"2020-01-27T10:55:22","date_gmt":"2020-01-27T10:55:22","guid":{"rendered":"https:\/\/www.ozbekspor.com\/?post_type=product&#038;p=539"},"modified":"2021-01-22T09:52:03","modified_gmt":"2021-01-22T09:52:03","slug":"profesyonel-voleybol-filesi","status":"publish","type":"product","link":"https:\/\/www.ozbekspor.com\/?product=profesyonel-voleybol-filesi","title":{"rendered":"Profesyonel Ma\u00e7 Voleybol A\u011flar\u0131"},"content":{"rendered":"<div id='gallery-1' class='gallery galleryid-539 gallery-columns-4 gallery-size-thumbnail'><figure class='gallery-item'>\n\t\t\t<div class='gallery-icon landscape'>\n\t\t\t\t<a href='https:\/\/www.ozbekspor.com\/?attachment_id=4229#main'><img width=\"500\" height=\"500\" src=\"https:\/\/www.ozbekspor.com\/wp-content\/uploads\/voleybol-efeler-ligi-aa2_16_9_1553965443-500x500.jpg\" class=\"attachment-thumbnail size-thumbnail\" alt=\"\" loading=\"lazy\" aria-describedby=\"gallery-1-4229\" srcset=\"https:\/\/www.ozbekspor.com\/wp-content\/uploads\/voleybol-efeler-ligi-aa2_16_9_1553965443-500x500.jpg 500w, https:\/\/www.ozbekspor.com\/wp-content\/uploads\/voleybol-efeler-ligi-aa2_16_9_1553965443-300x300.jpg 300w, https:\/\/www.ozbekspor.com\/wp-content\/uploads\/voleybol-efeler-ligi-aa2_16_9_1553965443-100x100.jpg 100w\" sizes=\"(max-width: 500px) 100vw, 500px\" \/><\/a>\n\t\t\t<\/div>\n\t\t\t\t<figcaption class='wp-caption-text gallery-caption' id='gallery-1-4229'>\n\t\t\t\t\u00d6S-1000-M Ma\u00e7 Voleybol A\u011f\u0131\n\t\t\t\t<\/figcaption><\/figure><figure class='gallery-item'>\n\t\t\t<div class='gallery-icon landscape'>\n\t\t\t\t<a href='https:\/\/www.ozbekspor.com\/?attachment_id=541#main'><img width=\"500\" height=\"500\" src=\"https:\/\/www.ozbekspor.com\/wp-content\/uploads\/IMG_0999-500x500.jpg\" class=\"attachment-thumbnail size-thumbnail\" alt=\"\" loading=\"lazy\" aria-describedby=\"gallery-1-541\" srcset=\"https:\/\/www.ozbekspor.com\/wp-content\/uploads\/IMG_0999-500x500.jpg 500w, https:\/\/www.ozbekspor.com\/wp-content\/uploads\/IMG_0999-300x300.jpg 300w, https:\/\/www.ozbekspor.com\/wp-content\/uploads\/IMG_0999-100x100.jpg 100w\" sizes=\"(max-width: 500px) 100vw, 500px\" \/><\/a>\n\t\t\t<\/div>\n\t\t\t\t<figcaption class='wp-caption-text gallery-caption' id='gallery-1-541'>\n\t\t\t\t\u00d6S-1000-M Ma\u00e7 Voleybol A\u011f\u0131\n\t\t\t\t<\/figcaption><\/figure><figure class='gallery-item'>\n\t\t\t<div class='gallery-icon landscape'>\n\t\t\t\t<a href='https:\/\/www.ozbekspor.com\/?attachment_id=542#main'><img width=\"500\" height=\"500\" src=\"https:\/\/www.ozbekspor.com\/wp-content\/uploads\/2_5261_haber-500x500.jpg\" class=\"attachment-thumbnail size-thumbnail\" alt=\"\" loading=\"lazy\" aria-describedby=\"gallery-1-542\" srcset=\"https:\/\/www.ozbekspor.com\/wp-content\/uploads\/2_5261_haber-500x500.jpg 500w, https:\/\/www.ozbekspor.com\/wp-content\/uploads\/2_5261_haber-300x300.jpg 300w, https:\/\/www.ozbekspor.com\/wp-content\/uploads\/2_5261_haber-100x100.jpg 100w\" sizes=\"(max-width: 500px) 100vw, 500px\" \/><\/a>\n\t\t\t<\/div>\n\t\t\t\t<figcaption class='wp-caption-text gallery-caption' id='gallery-1-542'>\n\t\t\t\t\u00d6S-1000-M Ma\u00e7 Voleybol A\u011f\u0131\n\t\t\t\t<\/figcaption><\/figure><figure class='gallery-item'>\n\t\t\t<div class='gallery-icon landscape'>\n\t\t\t\t<a href='https:\/\/www.ozbekspor.com\/?attachment_id=543#main'><img width=\"500\" height=\"500\" src=\"https:\/\/www.ozbekspor.com\/wp-content\/uploads\/TVF-5-500x500.jpg\" class=\"attachment-thumbnail size-thumbnail\" alt=\"\" loading=\"lazy\" aria-describedby=\"gallery-1-543\" srcset=\"https:\/\/www.ozbekspor.com\/wp-content\/uploads\/TVF-5-500x500.jpg 500w, https:\/\/www.ozbekspor.com\/wp-content\/uploads\/TVF-5-300x300.jpg 300w, https:\/\/www.ozbekspor.com\/wp-content\/uploads\/TVF-5-100x100.jpg 100w\" sizes=\"(max-width: 500px) 100vw, 500px\" \/><\/a>\n\t\t\t<\/div>\n\t\t\t\t<figcaption class='wp-caption-text gallery-caption' id='gallery-1-543'>\n\t\t\t\t\u00d6S-1000-M Ma\u00e7 Voleybol A\u011f\u0131\n\t\t\t\t<\/figcaption><\/figure><figure class='gallery-item'>\n\t\t\t<div class='gallery-icon landscape'>\n\t\t\t\t<a href='https:\/\/www.ozbekspor.com\/?attachment_id=544#main'><img width=\"500\" height=\"500\" src=\"https:\/\/www.ozbekspor.com\/wp-content\/uploads\/tvf-6-500x500.jpg\" class=\"attachment-thumbnail size-thumbnail\" alt=\"\" loading=\"lazy\" aria-describedby=\"gallery-1-544\" srcset=\"https:\/\/www.ozbekspor.com\/wp-content\/uploads\/tvf-6-500x500.jpg 500w, https:\/\/www.ozbekspor.com\/wp-content\/uploads\/tvf-6-300x300.jpg 300w, https:\/\/www.ozbekspor.com\/wp-content\/uploads\/tvf-6-100x100.jpg 100w\" sizes=\"(max-width: 500px) 100vw, 500px\" \/><\/a>\n\t\t\t<\/div>\n\t\t\t\t<figcaption class='wp-caption-text gallery-caption' id='gallery-1-544'>\n\t\t\t\t\u00d6S-1000-M Ma\u00e7 Voleybol A\u011f\u0131\n\t\t\t\t<\/figcaption><\/figure><figure class='gallery-item'>\n\t\t\t<div class='gallery-icon landscape'>\n\t\t\t\t<a href='https:\/\/www.ozbekspor.com\/?attachment_id=545#main'><img width=\"500\" height=\"500\" src=\"https:\/\/www.ozbekspor.com\/wp-content\/uploads\/TVF-2-500x500.jpg\" class=\"attachment-thumbnail size-thumbnail\" alt=\"\" loading=\"lazy\" aria-describedby=\"gallery-1-545\" srcset=\"https:\/\/www.ozbekspor.com\/wp-content\/uploads\/TVF-2-500x500.jpg 500w, https:\/\/www.ozbekspor.com\/wp-content\/uploads\/TVF-2-300x300.jpg 300w, https:\/\/www.ozbekspor.com\/wp-content\/uploads\/TVF-2-100x100.jpg 100w\" sizes=\"(max-width: 500px) 100vw, 500px\" \/><\/a>\n\t\t\t<\/div>\n\t\t\t\t<figcaption class='wp-caption-text gallery-caption' id='gallery-1-545'>\n\t\t\t\t\u00d6S-1000-M Ma\u00e7 Voleybol A\u011f\u0131\n\t\t\t\t<\/figcaption><\/figure><figure class='gallery-item'>\n\t\t\t<div class='gallery-icon landscape'>\n\t\t\t\t<a href='https:\/\/www.ozbekspor.com\/?attachment_id=546#main'><img width=\"500\" height=\"500\" src=\"https:\/\/www.ozbekspor.com\/wp-content\/uploads\/tvf-vestel-2-500x500.jpg\" class=\"attachment-thumbnail size-thumbnail\" alt=\"\" loading=\"lazy\" aria-describedby=\"gallery-1-546\" srcset=\"https:\/\/www.ozbekspor.com\/wp-content\/uploads\/tvf-vestel-2-500x500.jpg 500w, https:\/\/www.ozbekspor.com\/wp-content\/uploads\/tvf-vestel-2-300x300.jpg 300w, https:\/\/www.ozbekspor.com\/wp-content\/uploads\/tvf-vestel-2-100x100.jpg 100w\" sizes=\"(max-width: 500px) 100vw, 500px\" \/><\/a>\n\t\t\t<\/div>\n\t\t\t\t<figcaption class='wp-caption-text gallery-caption' id='gallery-1-546'>\n\t\t\t\t\u00d6S-1000-M Ma\u00e7 Voleybol A\u011f\u0131\n\t\t\t\t<\/figcaption><\/figure><figure class='gallery-item'>\n\t\t\t<div class='gallery-icon landscape'>\n\t\t\t\t<a href='https:\/\/www.ozbekspor.com\/?attachment_id=547#main'><img width=\"500\" height=\"500\" src=\"https:\/\/www.ozbekspor.com\/wp-content\/uploads\/IMG_1002-500x500.jpg\" class=\"attachment-thumbnail size-thumbnail\" alt=\"\" loading=\"lazy\" aria-describedby=\"gallery-1-547\" srcset=\"https:\/\/www.ozbekspor.com\/wp-content\/uploads\/IMG_1002-500x500.jpg 500w, https:\/\/www.ozbekspor.com\/wp-content\/uploads\/IMG_1002-300x300.jpg 300w, https:\/\/www.ozbekspor.com\/wp-content\/uploads\/IMG_1002-100x100.jpg 100w\" sizes=\"(max-width: 500px) 100vw, 500px\" \/><\/a>\n\t\t\t<\/div>\n\t\t\t\t<figcaption class='wp-caption-text gallery-caption' id='gallery-1-547'>\n\t\t\t\t\u00d6S-1000-M Ma\u00e7 Voleybol A\u011f\u0131\n\t\t\t\t<\/figcaption><\/figure><figure class='gallery-item'>\n\t\t\t<div class='gallery-icon landscape'>\n\t\t\t\t<a href='https:\/\/www.ozbekspor.com\/?attachment_id=548#main'><img width=\"500\" height=\"500\" src=\"https:\/\/www.ozbekspor.com\/wp-content\/uploads\/TVF-4-VESTEL-500x500.jpg\" class=\"attachment-thumbnail size-thumbnail\" alt=\"\" loading=\"lazy\" aria-describedby=\"gallery-1-548\" srcset=\"https:\/\/www.ozbekspor.com\/wp-content\/uploads\/TVF-4-VESTEL-500x500.jpg 500w, https:\/\/www.ozbekspor.com\/wp-content\/uploads\/TVF-4-VESTEL-300x300.jpg 300w, https:\/\/www.ozbekspor.com\/wp-content\/uploads\/TVF-4-VESTEL-100x100.jpg 100w\" sizes=\"(max-width: 500px) 100vw, 500px\" \/><\/a>\n\t\t\t<\/div>\n\t\t\t\t<figcaption class='wp-caption-text gallery-caption' id='gallery-1-548'>\n\t\t\t\t\u00d6S-1000-M Ma\u00e7 Voleybol A\u011f\u0131\n\t\t\t\t<\/figcaption><\/figure><figure class='gallery-item'>\n\t\t\t<div class='gallery-icon landscape'>\n\t\t\t\t<a href='https:\/\/www.ozbekspor.com\/?attachment_id=549#main'><img width=\"500\" height=\"500\" src=\"https:\/\/www.ozbekspor.com\/wp-content\/uploads\/1280-183064576-volleyball-in-an-empty-gym-500x500.jpg\" class=\"attachment-thumbnail size-thumbnail\" alt=\"\" loading=\"lazy\" aria-describedby=\"gallery-1-549\" srcset=\"https:\/\/www.ozbekspor.com\/wp-content\/uploads\/1280-183064576-volleyball-in-an-empty-gym-500x500.jpg 500w, https:\/\/www.ozbekspor.com\/wp-content\/uploads\/1280-183064576-volleyball-in-an-empty-gym-300x300.jpg 300w, https:\/\/www.ozbekspor.com\/wp-content\/uploads\/1280-183064576-volleyball-in-an-empty-gym-100x100.jpg 100w\" sizes=\"(max-width: 500px) 100vw, 500px\" \/><\/a>\n\t\t\t<\/div>\n\t\t\t\t<figcaption class='wp-caption-text gallery-caption' id='gallery-1-549'>\n\t\t\t\t\u00d6S-1000-M Ma\u00e7 Voleybol A\u011f\u0131\n\t\t\t\t<\/figcaption><\/figure><figure class='gallery-item'>\n\t\t\t<div class='gallery-icon landscape'>\n\t\t\t\t<a href='https:\/\/www.ozbekspor.com\/?attachment_id=550#main'><img width=\"500\" height=\"500\" src=\"https:\/\/www.ozbekspor.com\/wp-content\/uploads\/Volleyball-Court-8-500x500.jpg\" class=\"attachment-thumbnail size-thumbnail\" alt=\"\" loading=\"lazy\" aria-describedby=\"gallery-1-550\" srcset=\"https:\/\/www.ozbekspor.com\/wp-content\/uploads\/Volleyball-Court-8-500x500.jpg 500w, https:\/\/www.ozbekspor.com\/wp-content\/uploads\/Volleyball-Court-8-300x300.jpg 300w, https:\/\/www.ozbekspor.com\/wp-content\/uploads\/Volleyball-Court-8-100x100.jpg 100w\" sizes=\"(max-width: 500px) 100vw, 500px\" \/><\/a>\n\t\t\t<\/div>\n\t\t\t\t<figcaption class='wp-caption-text gallery-caption' id='gallery-1-550'>\n\t\t\t\t\u00d6S-1000-M Ma\u00e7 Voleybol A\u011f\u0131\n\t\t\t\t<\/figcaption><\/figure>\n\t\t<\/div>\n\n","protected":false},"excerpt":{"rendered":"<p><strong>Profesyonel Onayl\u0131 M\u00fcsabaka Voleybol A\u011flar\u0131<\/strong><\/p>\n<p>M\u00fcsabakalarda kullan\u0131lan teknik standartlara uygun Voleybol A\u011flar\u0131 \u00fcretimi <strong>\u00d6zbek Spor&#8217;<\/strong>da. Onayl\u0131 ve <strong>Profesyonel Ma\u00e7 Voleybol A\u011flar\u0131<\/strong>n\u0131 titizlikle ve en ince ayr\u0131nt\u0131s\u0131na kadar hassas bir \u015fekilde \u00fcreten firmam\u0131z, bu konuda sekt\u00f6r\u00fcnde tek olma yolunda ilerlemektedir.<\/p>\n<p><strong>Profesyonel Ma\u00e7 Voleybol A\u011flar\u0131<\/strong> \u00e7e\u015fitleri hakk\u0131nda, arad\u0131\u011f\u0131n\u0131z voleybol a\u011f\u0131 modellerini incelemek ve h\u0131zl\u0131 kargo imkan\u0131yla voleybol filesi sat\u0131n almak i\u00e7in hemen ileti\u015fime ge\u00e7iniz!<\/p>\n","protected":false},"featured_media":547,"template":"","meta":[],"_links":{"self":[{"href":"https:\/\/www.ozbekspor.com\/index.php?rest_route=\/wp\/v2\/product\/539"}],"collection":[{"href":"https:\/\/www.ozbekspor.com\/index.php?rest_route=\/wp\/v2\/product"}],"about":[{"href":"https:\/\/www.ozbekspor.com\/index.php?rest_route=\/wp\/v2\/types\/product"}],"wp:featuredmedia":[{"embeddable":true,"href":"https:\/\/www.ozbekspor.com\/index.php?rest_route=\/wp\/v2\/media\/547"}],"wp:attachment":[{"href":"https:\/\/www.ozbekspor.com\/index.php?rest_route=%2Fwp%2Fv2%2Fmedia&parent=539"}],"curies":[{"name":"wp","href":"https:\/\/api.w.org\/{rel}","templated":true}]}}