{"id":528,"date":"2020-01-27T10:49:10","date_gmt":"2020-01-27T10:49:10","guid":{"rendered":"https:\/\/www.ozbekspor.com\/?post_type=product&#038;p=528"},"modified":"2021-03-06T17:09:39","modified_gmt":"2021-03-06T17:09:39","slug":"voleybol-direg%cc%86i-koruma-kilifi","status":"publish","type":"product","link":"https:\/\/www.ozbekspor.com\/?product=voleybol-direg%cc%86i-koruma-kilifi","title":{"rendered":"Voleybol Dire\u011fi Koruma K\u0131l\u0131f\u0131"},"content":{"rendered":"<div id='gallery-1' class='gallery galleryid-528 gallery-columns-4 gallery-size-thumbnail'><figure class='gallery-item'>\n\t\t\t<div class='gallery-icon landscape'>\n\t\t\t\t<a href='https:\/\/www.ozbekspor.com\/wp-content\/uploads\/IMG_5049.jpg'><img width=\"500\" height=\"500\" src=\"https:\/\/www.ozbekspor.com\/wp-content\/uploads\/IMG_5049-500x500.jpg\" class=\"attachment-thumbnail size-thumbnail\" alt=\"\" loading=\"lazy\" aria-describedby=\"gallery-1-530\" srcset=\"https:\/\/www.ozbekspor.com\/wp-content\/uploads\/IMG_5049-500x500.jpg 500w, https:\/\/www.ozbekspor.com\/wp-content\/uploads\/IMG_5049-300x300.jpg 300w, https:\/\/www.ozbekspor.com\/wp-content\/uploads\/IMG_5049-100x100.jpg 100w\" sizes=\"(max-width: 500px) 100vw, 500px\" \/><\/a>\n\t\t\t<\/div>\n\t\t\t\t<figcaption class='wp-caption-text gallery-caption' id='gallery-1-530'>\n\t\t\t\t\u00d6S-VDKK-01 Voleybol Dire\u011fi Koruma K\u0131l\u0131f\u0131 Turkuaz\n\t\t\t\t<\/figcaption><\/figure><figure class='gallery-item'>\n\t\t\t<div class='gallery-icon landscape'>\n\t\t\t\t<a href='https:\/\/www.ozbekspor.com\/wp-content\/uploads\/IMG_5045.jpg'><img width=\"500\" height=\"500\" src=\"https:\/\/www.ozbekspor.com\/wp-content\/uploads\/IMG_5045-500x500.jpg\" class=\"attachment-thumbnail size-thumbnail\" alt=\"\" loading=\"lazy\" aria-describedby=\"gallery-1-535\" srcset=\"https:\/\/www.ozbekspor.com\/wp-content\/uploads\/IMG_5045-500x500.jpg 500w, https:\/\/www.ozbekspor.com\/wp-content\/uploads\/IMG_5045-300x300.jpg 300w, https:\/\/www.ozbekspor.com\/wp-content\/uploads\/IMG_5045-100x100.jpg 100w\" sizes=\"(max-width: 500px) 100vw, 500px\" \/><\/a>\n\t\t\t<\/div>\n\t\t\t\t<figcaption class='wp-caption-text gallery-caption' id='gallery-1-535'>\n\t\t\t\t\u00d6S-VDKK-01 Voleybol Dire\u011fi Koruma K\u0131l\u0131f\u0131 Turkuaz\n\t\t\t\t<\/figcaption><\/figure><figure class='gallery-item'>\n\t\t\t<div class='gallery-icon landscape'>\n\t\t\t\t<a href='https:\/\/www.ozbekspor.com\/wp-content\/uploads\/BEACH-VOLEYBOL-FI\u0307LESI\u0307.1.jpg'><img width=\"500\" height=\"500\" src=\"https:\/\/www.ozbekspor.com\/wp-content\/uploads\/BEACH-VOLEYBOL-FI\u0307LESI\u0307.1-500x500.jpg\" class=\"attachment-thumbnail size-thumbnail\" alt=\"\" loading=\"lazy\" aria-describedby=\"gallery-1-536\" srcset=\"https:\/\/www.ozbekspor.com\/wp-content\/uploads\/BEACH-VOLEYBOL-FI\u0307LESI\u0307.1-500x500.jpg 500w, https:\/\/www.ozbekspor.com\/wp-content\/uploads\/BEACH-VOLEYBOL-FI\u0307LESI\u0307.1-300x300.jpg 300w, https:\/\/www.ozbekspor.com\/wp-content\/uploads\/BEACH-VOLEYBOL-FI\u0307LESI\u0307.1-100x100.jpg 100w\" sizes=\"(max-width: 500px) 100vw, 500px\" \/><\/a>\n\t\t\t<\/div>\n\t\t\t\t<figcaption class='wp-caption-text gallery-caption' id='gallery-1-536'>\n\t\t\t\t\u00d6S-VDKK-03 Voleybol Dire\u011fi Koruma K\u0131l\u0131f\u0131 Logolu\n\t\t\t\t<\/figcaption><\/figure><figure class='gallery-item'>\n\t\t\t<div class='gallery-icon portrait'>\n\t\t\t\t<a href='https:\/\/www.ozbekspor.com\/wp-content\/uploads\/IMG_4999.jpg'><img width=\"500\" height=\"500\" src=\"https:\/\/www.ozbekspor.com\/wp-content\/uploads\/IMG_4999-500x500.jpg\" class=\"attachment-thumbnail size-thumbnail\" alt=\"\" loading=\"lazy\" aria-describedby=\"gallery-1-531\" srcset=\"https:\/\/www.ozbekspor.com\/wp-content\/uploads\/IMG_4999-500x500.jpg 500w, https:\/\/www.ozbekspor.com\/wp-content\/uploads\/IMG_4999-300x300.jpg 300w, https:\/\/www.ozbekspor.com\/wp-content\/uploads\/IMG_4999-100x100.jpg 100w\" sizes=\"(max-width: 500px) 100vw, 500px\" \/><\/a>\n\t\t\t<\/div>\n\t\t\t\t<figcaption class='wp-caption-text gallery-caption' id='gallery-1-531'>\n\t\t\t\t\u00d6S-VDKK-01 Voleybol Dire\u011fi Koruma K\u0131l\u0131f\u0131 Mavi\n\t\t\t\t<\/figcaption><\/figure><figure class='gallery-item'>\n\t\t\t<div class='gallery-icon portrait'>\n\t\t\t\t<a href='https:\/\/www.ozbekspor.com\/wp-content\/uploads\/IMG_4998.jpg'><img width=\"500\" height=\"500\" src=\"https:\/\/www.ozbekspor.com\/wp-content\/uploads\/IMG_4998-500x500.jpg\" class=\"attachment-thumbnail size-thumbnail\" alt=\"\" loading=\"lazy\" aria-describedby=\"gallery-1-532\" srcset=\"https:\/\/www.ozbekspor.com\/wp-content\/uploads\/IMG_4998-500x500.jpg 500w, https:\/\/www.ozbekspor.com\/wp-content\/uploads\/IMG_4998-300x300.jpg 300w, https:\/\/www.ozbekspor.com\/wp-content\/uploads\/IMG_4998-100x100.jpg 100w\" sizes=\"(max-width: 500px) 100vw, 500px\" \/><\/a>\n\t\t\t<\/div>\n\t\t\t\t<figcaption class='wp-caption-text gallery-caption' id='gallery-1-532'>\n\t\t\t\t\u00d6S-VDKK-01 Voleybol Dire\u011fi Koruma K\u0131l\u0131f\u0131 Turkuaz\n\t\t\t\t<\/figcaption><\/figure><figure class='gallery-item'>\n\t\t\t<div class='gallery-icon portrait'>\n\t\t\t\t<a href='https:\/\/www.ozbekspor.com\/wp-content\/uploads\/IMG_4996.jpg'><img width=\"500\" height=\"500\" src=\"https:\/\/www.ozbekspor.com\/wp-content\/uploads\/IMG_4996-500x500.jpg\" class=\"attachment-thumbnail size-thumbnail\" alt=\"\" loading=\"lazy\" aria-describedby=\"gallery-1-533\" srcset=\"https:\/\/www.ozbekspor.com\/wp-content\/uploads\/IMG_4996-500x500.jpg 500w, https:\/\/www.ozbekspor.com\/wp-content\/uploads\/IMG_4996-300x300.jpg 300w, https:\/\/www.ozbekspor.com\/wp-content\/uploads\/IMG_4996-100x100.jpg 100w\" sizes=\"(max-width: 500px) 100vw, 500px\" \/><\/a>\n\t\t\t<\/div>\n\t\t\t\t<figcaption class='wp-caption-text gallery-caption' id='gallery-1-533'>\n\t\t\t\t\u00d6S-VDKK-01 Voleybol Dire\u011fi Koruma K\u0131l\u0131f\u0131 Sar\u0131\n\t\t\t\t<\/figcaption><\/figure><figure class='gallery-item'>\n\t\t\t<div class='gallery-icon landscape'>\n\t\t\t\t<a href='https:\/\/www.ozbekspor.com\/wp-content\/uploads\/Voleybol-Diregi-Koruma-Kilifi-Suni-Deri-Sari.jpg'><img width=\"500\" height=\"500\" src=\"https:\/\/www.ozbekspor.com\/wp-content\/uploads\/Voleybol-Diregi-Koruma-Kilifi-Suni-Deri-Sari-500x500.jpg\" class=\"attachment-thumbnail size-thumbnail\" alt=\"\" loading=\"lazy\" aria-describedby=\"gallery-1-6250\" srcset=\"https:\/\/www.ozbekspor.com\/wp-content\/uploads\/Voleybol-Diregi-Koruma-Kilifi-Suni-Deri-Sari-500x500.jpg 500w, https:\/\/www.ozbekspor.com\/wp-content\/uploads\/Voleybol-Diregi-Koruma-Kilifi-Suni-Deri-Sari-300x300.jpg 300w, https:\/\/www.ozbekspor.com\/wp-content\/uploads\/Voleybol-Diregi-Koruma-Kilifi-Suni-Deri-Sari-100x100.jpg 100w\" sizes=\"(max-width: 500px) 100vw, 500px\" \/><\/a>\n\t\t\t<\/div>\n\t\t\t\t<figcaption class='wp-caption-text gallery-caption' id='gallery-1-6250'>\n\t\t\t\t\u00d6S-VDKK-01 Voleybol Dire\u011fi Koruma K\u0131l\u0131f\u0131 Sar\u0131\n\t\t\t\t<\/figcaption><\/figure><figure class='gallery-item'>\n\t\t\t<div class='gallery-icon portrait'>\n\t\t\t\t<a href='https:\/\/www.ozbekspor.com\/wp-content\/uploads\/117-8409.jpg'><img width=\"367\" height=\"500\" src=\"https:\/\/www.ozbekspor.com\/wp-content\/uploads\/117-8409-367x500.jpg\" class=\"attachment-thumbnail size-thumbnail\" alt=\"\" loading=\"lazy\" aria-describedby=\"gallery-1-2062\" \/><\/a>\n\t\t\t<\/div>\n\t\t\t\t<figcaption class='wp-caption-text gallery-caption' id='gallery-1-2062'>\n\t\t\t\t\u00d6S-VDKK-01 Voleybol Dire\u011fi Koruma K\u0131l\u0131f\u0131 Sar\u0131\n\t\t\t\t<\/figcaption><\/figure><figure class='gallery-item'>\n\t\t\t<div class='gallery-icon portrait'>\n\t\t\t\t<a href='https:\/\/www.ozbekspor.com\/wp-content\/uploads\/volleyball-antenna-1423123.jpg'><img width=\"195\" height=\"225\" src=\"https:\/\/www.ozbekspor.com\/wp-content\/uploads\/volleyball-antenna-1423123.jpg\" class=\"attachment-thumbnail size-thumbnail\" alt=\"\" loading=\"lazy\" aria-describedby=\"gallery-1-2067\" \/><\/a>\n\t\t\t<\/div>\n\t\t\t\t<figcaption class='wp-caption-text gallery-caption' id='gallery-1-2067'>\n\t\t\t\t\u00d6S-VDKK-01 Voleybol Dire\u011fi Koruma K\u0131l\u0131f\u0131 K\u0131rm\u0131z\u0131\n\t\t\t\t<\/figcaption><\/figure><figure class='gallery-item'>\n\t\t\t<div class='gallery-icon landscape'>\n\t\t\t\t<a href='https:\/\/www.ozbekspor.com\/wp-content\/uploads\/Voleybol-Diregi-Koruma-Kilifi-Modelleri.png'><img width=\"500\" height=\"304\" src=\"https:\/\/www.ozbekspor.com\/wp-content\/uploads\/Voleybol-Diregi-Koruma-Kilifi-Modelleri-500x304.png\" class=\"attachment-thumbnail size-thumbnail\" alt=\"\" loading=\"lazy\" aria-describedby=\"gallery-1-6249\" \/><\/a>\n\t\t\t<\/div>\n\t\t\t\t<figcaption class='wp-caption-text gallery-caption' id='gallery-1-6249'>\n\t\t\t\t\u00d6S-VDKK-01 Voleybol Dire\u011fi Koruma K\u0131l\u0131f\u0131 Renk Modelleri\n\t\t\t\t<\/figcaption><\/figure><figure class='gallery-item'>\n\t\t\t<div class='gallery-icon portrait'>\n\t\t\t\t<a href='https:\/\/www.ozbekspor.com\/wp-content\/uploads\/114201843203PM20140612_125724.jpg'><img width=\"343\" height=\"344\" src=\"https:\/\/www.ozbekspor.com\/wp-content\/uploads\/114201843203PM20140612_125724.jpg\" class=\"attachment-thumbnail size-thumbnail\" alt=\"\" loading=\"lazy\" aria-describedby=\"gallery-1-2063\" srcset=\"https:\/\/www.ozbekspor.com\/wp-content\/uploads\/114201843203PM20140612_125724.jpg 343w, https:\/\/www.ozbekspor.com\/wp-content\/uploads\/114201843203PM20140612_125724-300x300.jpg 300w, https:\/\/www.ozbekspor.com\/wp-content\/uploads\/114201843203PM20140612_125724-100x100.jpg 100w\" sizes=\"(max-width: 343px) 100vw, 343px\" \/><\/a>\n\t\t\t<\/div>\n\t\t\t\t<figcaption class='wp-caption-text gallery-caption' id='gallery-1-2063'>\n\t\t\t\t\u00d6S-VDKK-01 Voleybol Dire\u011fi Koruma K\u0131l\u0131f\u0131 Hardal\n\t\t\t\t<\/figcaption><\/figure><figure class='gallery-item'>\n\t\t\t<div class='gallery-icon landscape'>\n\t\t\t\t<a href='https:\/\/www.ozbekspor.com\/wp-content\/uploads\/schelde-volleyball-upright-post-pads-b1c.jpg'><img width=\"500\" height=\"500\" src=\"https:\/\/www.ozbekspor.com\/wp-content\/uploads\/schelde-volleyball-upright-post-pads-b1c-500x500.jpg\" class=\"attachment-thumbnail size-thumbnail\" alt=\"\" loading=\"lazy\" aria-describedby=\"gallery-1-2064\" srcset=\"https:\/\/www.ozbekspor.com\/wp-content\/uploads\/schelde-volleyball-upright-post-pads-b1c-500x500.jpg 500w, https:\/\/www.ozbekspor.com\/wp-content\/uploads\/schelde-volleyball-upright-post-pads-b1c-768x768.jpg 768w, https:\/\/www.ozbekspor.com\/wp-content\/uploads\/schelde-volleyball-upright-post-pads-b1c-300x300.jpg 300w, https:\/\/www.ozbekspor.com\/wp-content\/uploads\/schelde-volleyball-upright-post-pads-b1c-600x600.jpg 600w, https:\/\/www.ozbekspor.com\/wp-content\/uploads\/schelde-volleyball-upright-post-pads-b1c-100x100.jpg 100w, https:\/\/www.ozbekspor.com\/wp-content\/uploads\/schelde-volleyball-upright-post-pads-b1c.jpg 770w\" sizes=\"(max-width: 500px) 100vw, 500px\" \/><\/a>\n\t\t\t<\/div>\n\t\t\t\t<figcaption class='wp-caption-text gallery-caption' id='gallery-1-2064'>\n\t\t\t\t\u00d6S-VDKK-02 Voleybol Dire\u011fi Koruma K\u0131l\u0131f\u0131 Sax Mavi\n\t\t\t\t<\/figcaption><\/figure><figure class='gallery-item'>\n\t\t\t<div class='gallery-icon landscape'>\n\t\t\t\t<a href='https:\/\/www.ozbekspor.com\/wp-content\/uploads\/Voleybol-Dire\u011fi-Koruma-K\u0131l\u0131f\u0131-Sar\u0131.jpg'><img width=\"500\" height=\"500\" src=\"https:\/\/www.ozbekspor.com\/wp-content\/uploads\/Voleybol-Dire\u011fi-Koruma-K\u0131l\u0131f\u0131-Sar\u0131-500x500.jpg\" class=\"attachment-thumbnail size-thumbnail\" alt=\"\" loading=\"lazy\" aria-describedby=\"gallery-1-2065\" srcset=\"https:\/\/www.ozbekspor.com\/wp-content\/uploads\/Voleybol-Dire\u011fi-Koruma-K\u0131l\u0131f\u0131-Sar\u0131-500x500.jpg 500w, https:\/\/www.ozbekspor.com\/wp-content\/uploads\/Voleybol-Dire\u011fi-Koruma-K\u0131l\u0131f\u0131-Sar\u0131-768x768.jpg 768w, https:\/\/www.ozbekspor.com\/wp-content\/uploads\/Voleybol-Dire\u011fi-Koruma-K\u0131l\u0131f\u0131-Sar\u0131-300x300.jpg 300w, https:\/\/www.ozbekspor.com\/wp-content\/uploads\/Voleybol-Dire\u011fi-Koruma-K\u0131l\u0131f\u0131-Sar\u0131-600x600.jpg 600w, https:\/\/www.ozbekspor.com\/wp-content\/uploads\/Voleybol-Dire\u011fi-Koruma-K\u0131l\u0131f\u0131-Sar\u0131-100x100.jpg 100w, https:\/\/www.ozbekspor.com\/wp-content\/uploads\/Voleybol-Dire\u011fi-Koruma-K\u0131l\u0131f\u0131-Sar\u0131.jpg 770w\" sizes=\"(max-width: 500px) 100vw, 500px\" \/><\/a>\n\t\t\t<\/div>\n\t\t\t\t<figcaption class='wp-caption-text gallery-caption' id='gallery-1-2065'>\n\t\t\t\t\u00d6S-VDKK-02 Voleybol Dire\u011fi Koruma K\u0131l\u0131f\u0131 Sar\u0131\n\t\t\t\t<\/figcaption><\/figure><figure class='gallery-item'>\n\t\t\t<div class='gallery-icon landscape'>\n\t\t\t\t<a href='https:\/\/www.ozbekspor.com\/wp-content\/uploads\/Voleybol-Dire\u011fi-Koruma-K\u0131l\u0131f\u0131-Turuncu.jpg'><img width=\"500\" height=\"500\" src=\"https:\/\/www.ozbekspor.com\/wp-content\/uploads\/Voleybol-Dire\u011fi-Koruma-K\u0131l\u0131f\u0131-Turuncu-500x500.jpg\" class=\"attachment-thumbnail size-thumbnail\" alt=\"\" loading=\"lazy\" aria-describedby=\"gallery-1-2066\" srcset=\"https:\/\/www.ozbekspor.com\/wp-content\/uploads\/Voleybol-Dire\u011fi-Koruma-K\u0131l\u0131f\u0131-Turuncu-500x500.jpg 500w, https:\/\/www.ozbekspor.com\/wp-content\/uploads\/Voleybol-Dire\u011fi-Koruma-K\u0131l\u0131f\u0131-Turuncu-768x768.jpg 768w, https:\/\/www.ozbekspor.com\/wp-content\/uploads\/Voleybol-Dire\u011fi-Koruma-K\u0131l\u0131f\u0131-Turuncu-300x300.jpg 300w, https:\/\/www.ozbekspor.com\/wp-content\/uploads\/Voleybol-Dire\u011fi-Koruma-K\u0131l\u0131f\u0131-Turuncu-600x600.jpg 600w, https:\/\/www.ozbekspor.com\/wp-content\/uploads\/Voleybol-Dire\u011fi-Koruma-K\u0131l\u0131f\u0131-Turuncu-100x100.jpg 100w, https:\/\/www.ozbekspor.com\/wp-content\/uploads\/Voleybol-Dire\u011fi-Koruma-K\u0131l\u0131f\u0131-Turuncu.jpg 770w\" sizes=\"(max-width: 500px) 100vw, 500px\" \/><\/a>\n\t\t\t<\/div>\n\t\t\t\t<figcaption class='wp-caption-text gallery-caption' id='gallery-1-2066'>\n\t\t\t\t\u00d6S-VDKK-02 Voleybol Dire\u011fi Koruma K\u0131l\u0131f\u0131 Turuncu\n\t\t\t\t<\/figcaption><\/figure><figure class='gallery-item'>\n\t\t\t<div class='gallery-icon portrait'>\n\t\t\t\t<a href='https:\/\/www.ozbekspor.com\/wp-content\/uploads\/OS-VDKK-01-Voleybol-Diregi-Koruma-Kilifi-Renk-Modelleri.jpg'><img width=\"394\" height=\"462\" src=\"https:\/\/www.ozbekspor.com\/wp-content\/uploads\/OS-VDKK-01-Voleybol-Diregi-Koruma-Kilifi-Renk-Modelleri.jpg\" class=\"attachment-thumbnail size-thumbnail\" alt=\"Voleybol Dire\u011fi Koruma K\u0131l\u0131f\u0131\" loading=\"lazy\" \/><\/a>\n\t\t\t<\/div><\/figure>\n\t\t<\/div>\n\n","protected":false},"excerpt":{"rendered":"<p><strong>Beach Voleybol Dire\u011fi Koruma K\u0131l\u0131f\u0131 \u2013 Voleybol Dire\u011fi Koruma K\u0131l\u0131f\u0131<\/strong><\/p>\n<p><strong>Voleybol M\u00fcsabakalar\u0131<\/strong> esnas\u0131nda \u00e7arpmalardan do\u011facak yaralanmalara kar\u015f\u0131 \u00fcretti\u011fimiz <strong>Koruma<\/strong> <strong>K\u0131l\u0131flar\u0131<\/strong>, kolayca s\u00f6k\u00fcp takabilece\u011finiz sistemdir. \u00d6l\u00e7\u00fcleri standart direklere uygun olup, istenilen renklerde ve modeller \u00fcretilebilmektedir. <strong>Logolu<\/strong> ve \u00f6zel sipari\u015flerle farkl\u0131 konsept ve m\u00fcsabakalara g\u00f6re istenilen \u015fekilde imal edilir. <strong>Proflex <\/strong>boru \u00fczeri<strong> suntex<\/strong> kapl\u0131 darbelere kar\u015f\u0131 koruyucu olan bu k\u0131l\u0131f\u0131n suni deri ve pvc brandal\u0131 farkl\u0131 modelleri bulunmaktad\u0131r. Her yeni sezonda Plaj Voleybol sahalar\u0131na sat\u0131\u015f\u0131 ger\u00e7ekle\u015fen bu \u00fcr\u00fcn, <strong>beach voleybol<\/strong> turnuvalar\u0131, otellerin aktivite alanlar\u0131, okul bah\u00e7eleri, t\u00fcm voleybol sahalar\u0131 i\u00e7in kullan\u0131ma uygundur. Farkl\u0131 renkleri bulunan <strong>Beach Voleybol<\/strong> Koruma K\u0131l\u0131flar\u0131 hakk\u0131nda fiyat ve detayl\u0131 bilgi almak i\u00e7in bizimle ileti\u015fime ge\u00e7ebilirsiniz.<\/p>\n","protected":false},"featured_media":535,"template":"","meta":[],"_links":{"self":[{"href":"https:\/\/www.ozbekspor.com\/index.php?rest_route=\/wp\/v2\/product\/528"}],"collection":[{"href":"https:\/\/www.ozbekspor.com\/index.php?rest_route=\/wp\/v2\/product"}],"about":[{"href":"https:\/\/www.ozbekspor.com\/index.php?rest_route=\/wp\/v2\/types\/product"}],"wp:featuredmedia":[{"embeddable":true,"href":"https:\/\/www.ozbekspor.com\/index.php?rest_route=\/wp\/v2\/media\/535"}],"wp:attachment":[{"href":"https:\/\/www.ozbekspor.com\/index.php?rest_route=%2Fwp%2Fv2%2Fmedia&parent=528"}],"curies":[{"name":"wp","href":"https:\/\/api.w.org\/{rel}","templated":true}]}}