{"id":4457,"date":"2021-01-22T10:21:33","date_gmt":"2021-01-22T10:21:33","guid":{"rendered":"https:\/\/www.ozbekspor.com\/?post_type=product&#038;p=4457"},"modified":"2021-01-22T10:33:12","modified_gmt":"2021-01-22T10:33:12","slug":"sarmasik-agi","status":"publish","type":"product","link":"https:\/\/www.ozbekspor.com\/?product=sarmasik-agi","title":{"rendered":"Sarma\u015f\u0131k A\u011f\u0131"},"content":{"rendered":"<div id='gallery-1' class='gallery galleryid-4457 gallery-columns-4 gallery-size-thumbnail'><figure class='gallery-item'>\n\t\t\t<div class='gallery-icon landscape'>\n\t\t\t\t<a href='https:\/\/www.ozbekspor.com\/?attachment_id=4458#main'><img width=\"500\" height=\"500\" src=\"https:\/\/www.ozbekspor.com\/wp-content\/uploads\/sarmasik-filesi-3-mm-uv-katkili-file-2-500x500.jpg\" class=\"attachment-thumbnail size-thumbnail\" alt=\"\" loading=\"lazy\" aria-describedby=\"gallery-1-4458\" srcset=\"https:\/\/www.ozbekspor.com\/wp-content\/uploads\/sarmasik-filesi-3-mm-uv-katkili-file-2-500x500.jpg 500w, https:\/\/www.ozbekspor.com\/wp-content\/uploads\/sarmasik-filesi-3-mm-uv-katkili-file-2-300x300.jpg 300w, https:\/\/www.ozbekspor.com\/wp-content\/uploads\/sarmasik-filesi-3-mm-uv-katkili-file-2-100x100.jpg 100w\" sizes=\"(max-width: 500px) 100vw, 500px\" \/><\/a>\n\t\t\t<\/div>\n\t\t\t\t<figcaption class='wp-caption-text gallery-caption' id='gallery-1-4458'>\n\t\t\t\t\u00d6S-SRM-1 Sarma\u015f\u0131k A\u011f\u0131\n\t\t\t\t<\/figcaption><\/figure>\n\t\t<\/div>\n\n","protected":false},"excerpt":{"rendered":"","protected":false},"featured_media":4458,"template":"","meta":[],"_links":{"self":[{"href":"https:\/\/www.ozbekspor.com\/index.php?rest_route=\/wp\/v2\/product\/4457"}],"collection":[{"href":"https:\/\/www.ozbekspor.com\/index.php?rest_route=\/wp\/v2\/product"}],"about":[{"href":"https:\/\/www.ozbekspor.com\/index.php?rest_route=\/wp\/v2\/types\/product"}],"wp:featuredmedia":[{"embeddable":true,"href":"https:\/\/www.ozbekspor.com\/index.php?rest_route=\/wp\/v2\/media\/4458"}],"wp:attachment":[{"href":"https:\/\/www.ozbekspor.com\/index.php?rest_route=%2Fwp%2Fv2%2Fmedia&parent=4457"}],"curies":[{"name":"wp","href":"https:\/\/api.w.org\/{rel}","templated":true}]}}