{"id":4325,"date":"2021-01-21T16:51:52","date_gmt":"2021-01-21T16:51:52","guid":{"rendered":"https:\/\/www.ozbekspor.com\/?post_type=product&#038;p=4325"},"modified":"2021-01-22T14:14:54","modified_gmt":"2021-01-22T14:14:54","slug":"hayvanat-bahcesi-cevre-aglari","status":"publish","type":"product","link":"https:\/\/www.ozbekspor.com\/?product=hayvanat-bahcesi-cevre-aglari","title":{"rendered":"Hayvanat Bah\u00e7esi \u00c7evre A\u011flar\u0131"},"content":{"rendered":"<div id='gallery-1' class='gallery galleryid-4325 gallery-columns-3 gallery-size-thumbnail'><figure class='gallery-item'>\n\t\t\t<div class='gallery-icon landscape'>\n\t\t\t\t<a href='https:\/\/www.ozbekspor.com\/?attachment_id=4349#main'><img width=\"500\" height=\"500\" src=\"https:\/\/www.ozbekspor.com\/wp-content\/uploads\/5F6B4AED-7CE9-4FED-82BD-F4E54B710D01-500x500.jpg\" class=\"attachment-thumbnail size-thumbnail\" alt=\"\" loading=\"lazy\" aria-describedby=\"gallery-1-4349\" srcset=\"https:\/\/www.ozbekspor.com\/wp-content\/uploads\/5F6B4AED-7CE9-4FED-82BD-F4E54B710D01-500x500.jpg 500w, https:\/\/www.ozbekspor.com\/wp-content\/uploads\/5F6B4AED-7CE9-4FED-82BD-F4E54B710D01-300x300.jpg 300w, https:\/\/www.ozbekspor.com\/wp-content\/uploads\/5F6B4AED-7CE9-4FED-82BD-F4E54B710D01-100x100.jpg 100w\" sizes=\"(max-width: 500px) 100vw, 500px\" \/><\/a>\n\t\t\t<\/div>\n\t\t\t\t<figcaption class='wp-caption-text gallery-caption' id='gallery-1-4349'>\n\t\t\t\t\u00d6S-HBKA-1 Hayvanat Bah\u00e7esi \u00c7evre Kapama A\u011flar\u0131\n\t\t\t\t<\/figcaption><\/figure><figure class='gallery-item'>\n\t\t\t<div class='gallery-icon landscape'>\n\t\t\t\t<a href='https:\/\/www.ozbekspor.com\/?attachment_id=4326#main'><img width=\"500\" height=\"390\" src=\"https:\/\/www.ozbekspor.com\/wp-content\/uploads\/dekoratif-koruma-krem-500x390.png\" class=\"attachment-thumbnail size-thumbnail\" alt=\"\" loading=\"lazy\" aria-describedby=\"gallery-1-4326\" \/><\/a>\n\t\t\t<\/div>\n\t\t\t\t<figcaption class='wp-caption-text gallery-caption' id='gallery-1-4326'>\n\t\t\t\t\u00d6S-HBKA-1 Hayvanat Bah\u00e7esi \u00c7evre Kapama A\u011flar\u0131\n\t\t\t\t<\/figcaption><\/figure><figure class='gallery-item'>\n\t\t\t<div class='gallery-icon landscape'>\n\t\t\t\t<a href='https:\/\/www.ozbekspor.com\/?attachment_id=4528#main'><img width=\"500\" height=\"500\" src=\"https:\/\/www.ozbekspor.com\/wp-content\/uploads\/h3-500x500.jpg\" class=\"attachment-thumbnail size-thumbnail\" alt=\"\" loading=\"lazy\" aria-describedby=\"gallery-1-4528\" srcset=\"https:\/\/www.ozbekspor.com\/wp-content\/uploads\/h3-500x500.jpg 500w, https:\/\/www.ozbekspor.com\/wp-content\/uploads\/h3-300x300.jpg 300w, https:\/\/www.ozbekspor.com\/wp-content\/uploads\/h3-100x100.jpg 100w\" sizes=\"(max-width: 500px) 100vw, 500px\" \/><\/a>\n\t\t\t<\/div>\n\t\t\t\t<figcaption class='wp-caption-text gallery-caption' id='gallery-1-4528'>\n\t\t\t\t\u00d6S-HBKA-1 Hayvanat Bah\u00e7esi \u00c7evre Kapama A\u011flar\u0131\n\t\t\t\t<\/figcaption><\/figure><figure class='gallery-item'>\n\t\t\t<div class='gallery-icon portrait'>\n\t\t\t\t<a href='https:\/\/www.ozbekspor.com\/?attachment_id=4526#main'><img width=\"500\" height=\"500\" src=\"https:\/\/www.ozbekspor.com\/wp-content\/uploads\/h1-500x500.jpg\" class=\"attachment-thumbnail size-thumbnail\" alt=\"\" loading=\"lazy\" aria-describedby=\"gallery-1-4526\" srcset=\"https:\/\/www.ozbekspor.com\/wp-content\/uploads\/h1-500x500.jpg 500w, https:\/\/www.ozbekspor.com\/wp-content\/uploads\/h1-300x300.jpg 300w, https:\/\/www.ozbekspor.com\/wp-content\/uploads\/h1-100x100.jpg 100w\" sizes=\"(max-width: 500px) 100vw, 500px\" \/><\/a>\n\t\t\t<\/div>\n\t\t\t\t<figcaption class='wp-caption-text gallery-caption' id='gallery-1-4526'>\n\t\t\t\t\u00d6S-HBKA-1 Hayvanat Bah\u00e7esi \u00c7evre Kapama A\u011flar\u0131\n\t\t\t\t<\/figcaption><\/figure><figure class='gallery-item'>\n\t\t\t<div class='gallery-icon portrait'>\n\t\t\t\t<a href='https:\/\/www.ozbekspor.com\/?attachment_id=4527#main'><img width=\"500\" height=\"500\" src=\"https:\/\/www.ozbekspor.com\/wp-content\/uploads\/h2-500x500.jpg\" class=\"attachment-thumbnail size-thumbnail\" alt=\"\" loading=\"lazy\" aria-describedby=\"gallery-1-4527\" srcset=\"https:\/\/www.ozbekspor.com\/wp-content\/uploads\/h2-500x500.jpg 500w, https:\/\/www.ozbekspor.com\/wp-content\/uploads\/h2-300x300.jpg 300w, https:\/\/www.ozbekspor.com\/wp-content\/uploads\/h2-100x100.jpg 100w\" sizes=\"(max-width: 500px) 100vw, 500px\" \/><\/a>\n\t\t\t<\/div>\n\t\t\t\t<figcaption class='wp-caption-text gallery-caption' id='gallery-1-4527'>\n\t\t\t\t\u00d6S-HBKA-1 Hayvanat Bah\u00e7esi \u00c7evre Kapama A\u011flar\u0131\n\t\t\t\t<\/figcaption><\/figure><figure class='gallery-item'>\n\t\t\t<div class='gallery-icon portrait'>\n\t\t\t\t<a href='https:\/\/www.ozbekspor.com\/?attachment_id=4558#main'><img width=\"500\" height=\"500\" src=\"https:\/\/www.ozbekspor.com\/wp-content\/uploads\/yem-500x500.jpg\" class=\"attachment-thumbnail size-thumbnail\" alt=\"\" loading=\"lazy\" aria-describedby=\"gallery-1-4558\" srcset=\"https:\/\/www.ozbekspor.com\/wp-content\/uploads\/yem-500x500.jpg 500w, https:\/\/www.ozbekspor.com\/wp-content\/uploads\/yem-300x300.jpg 300w, https:\/\/www.ozbekspor.com\/wp-content\/uploads\/yem-100x100.jpg 100w\" sizes=\"(max-width: 500px) 100vw, 500px\" \/><\/a>\n\t\t\t<\/div>\n\t\t\t\t<figcaption class='wp-caption-text gallery-caption' id='gallery-1-4558'>\n\t\t\t\t\u00d6S-YM-1 Yem Filesi\n\t\t\t\t<\/figcaption><\/figure><figure class='gallery-item'>\n\t\t\t<div class='gallery-icon portrait'>\n\t\t\t\t<a href='https:\/\/www.ozbekspor.com\/?attachment_id=4559#main'><img width=\"500\" height=\"500\" src=\"https:\/\/www.ozbekspor.com\/wp-content\/uploads\/yemm-500x500.jpg\" class=\"attachment-thumbnail size-thumbnail\" alt=\"\" loading=\"lazy\" aria-describedby=\"gallery-1-4559\" srcset=\"https:\/\/www.ozbekspor.com\/wp-content\/uploads\/yemm-500x500.jpg 500w, https:\/\/www.ozbekspor.com\/wp-content\/uploads\/yemm-300x300.jpg 300w, https:\/\/www.ozbekspor.com\/wp-content\/uploads\/yemm-100x100.jpg 100w\" sizes=\"(max-width: 500px) 100vw, 500px\" \/><\/a>\n\t\t\t<\/div>\n\t\t\t\t<figcaption class='wp-caption-text gallery-caption' id='gallery-1-4559'>\n\t\t\t\t\u00d6S-YM-1 Yem Filesi\n\t\t\t\t<\/figcaption><\/figure>\n\t\t<\/div>\n\n","protected":false},"excerpt":{"rendered":"<p><strong>Hayvanat Bah\u00e7esi, K\u00fcmes \u00c7evre Kapama A\u011flar\u0131<\/strong><\/p>\n","protected":false},"featured_media":4326,"template":"","meta":[],"_links":{"self":[{"href":"https:\/\/www.ozbekspor.com\/index.php?rest_route=\/wp\/v2\/product\/4325"}],"collection":[{"href":"https:\/\/www.ozbekspor.com\/index.php?rest_route=\/wp\/v2\/product"}],"about":[{"href":"https:\/\/www.ozbekspor.com\/index.php?rest_route=\/wp\/v2\/types\/product"}],"wp:featuredmedia":[{"embeddable":true,"href":"https:\/\/www.ozbekspor.com\/index.php?rest_route=\/wp\/v2\/media\/4326"}],"wp:attachment":[{"href":"https:\/\/www.ozbekspor.com\/index.php?rest_route=%2Fwp%2Fv2%2Fmedia&parent=4325"}],"curies":[{"name":"wp","href":"https:\/\/api.w.org\/{rel}","templated":true}]}}