{"id":4077,"date":"2021-01-20T10:58:58","date_gmt":"2021-01-20T10:58:58","guid":{"rendered":"https:\/\/www.ozbekspor.com\/?post_type=product&#038;p=4077"},"modified":"2021-03-10T13:35:12","modified_gmt":"2021-03-10T13:35:12","slug":"su-hamagi","status":"publish","type":"product","link":"https:\/\/www.ozbekspor.com\/?product=su-hamagi","title":{"rendered":"Su Hama\u011f\u0131"},"content":{"rendered":"<div id='gallery-1' class='gallery galleryid-4077 gallery-columns-4 gallery-size-thumbnail'><figure class='gallery-item'>\n\t\t\t<div class='gallery-icon landscape'>\n\t\t\t\t<a href='https:\/\/www.ozbekspor.com\/wp-content\/uploads\/su-hamagi-elexus-kolaj-instagram-1.png'><img width=\"500\" height=\"500\" src=\"https:\/\/www.ozbekspor.com\/wp-content\/uploads\/su-hamagi-elexus-kolaj-instagram-1-500x500.png\" class=\"attachment-thumbnail size-thumbnail\" alt=\"\" loading=\"lazy\" aria-describedby=\"gallery-1-4179\" srcset=\"https:\/\/www.ozbekspor.com\/wp-content\/uploads\/su-hamagi-elexus-kolaj-instagram-1-500x500.png 500w, https:\/\/www.ozbekspor.com\/wp-content\/uploads\/su-hamagi-elexus-kolaj-instagram-1-300x300.png 300w, https:\/\/www.ozbekspor.com\/wp-content\/uploads\/su-hamagi-elexus-kolaj-instagram-1-100x100.png 100w\" sizes=\"(max-width: 500px) 100vw, 500px\" \/><\/a>\n\t\t\t<\/div>\n\t\t\t\t<figcaption class='wp-caption-text gallery-caption' id='gallery-1-4179'>\n\t\t\t\t\u00d6S-SHM- Su Hamak A\u011f\u0131\n\t\t\t\t<\/figcaption><\/figure><figure class='gallery-item'>\n\t\t\t<div class='gallery-icon landscape'>\n\t\t\t\t<a href='https:\/\/www.ozbekspor.com\/wp-content\/uploads\/6819V0y3_53-0.jpg'><img width=\"500\" height=\"500\" src=\"https:\/\/www.ozbekspor.com\/wp-content\/uploads\/6819V0y3_53-0-500x500.jpg\" class=\"attachment-thumbnail size-thumbnail\" alt=\"\" loading=\"lazy\" aria-describedby=\"gallery-1-4165\" srcset=\"https:\/\/www.ozbekspor.com\/wp-content\/uploads\/6819V0y3_53-0-500x500.jpg 500w, https:\/\/www.ozbekspor.com\/wp-content\/uploads\/6819V0y3_53-0-300x300.jpg 300w, https:\/\/www.ozbekspor.com\/wp-content\/uploads\/6819V0y3_53-0-100x100.jpg 100w\" sizes=\"(max-width: 500px) 100vw, 500px\" \/><\/a>\n\t\t\t<\/div>\n\t\t\t\t<figcaption class='wp-caption-text gallery-caption' id='gallery-1-4165'>\n\t\t\t\t\u00d6S-SHM- Su Hamak A\u011f\u0131\n\t\t\t\t<\/figcaption><\/figure><figure class='gallery-item'>\n\t\t\t<div class='gallery-icon landscape'>\n\t\t\t\t<a href='https:\/\/www.ozbekspor.com\/wp-content\/uploads\/150902737_w2RTv1QhVCWTFt9s25poiWGW7WOobpT33i6lviwP2I4.jpg'><img width=\"200\" height=\"200\" src=\"https:\/\/www.ozbekspor.com\/wp-content\/uploads\/150902737_w2RTv1QhVCWTFt9s25poiWGW7WOobpT33i6lviwP2I4.jpg\" class=\"attachment-thumbnail size-thumbnail\" alt=\"\" loading=\"lazy\" aria-describedby=\"gallery-1-4166\" srcset=\"https:\/\/www.ozbekspor.com\/wp-content\/uploads\/150902737_w2RTv1QhVCWTFt9s25poiWGW7WOobpT33i6lviwP2I4.jpg 200w, https:\/\/www.ozbekspor.com\/wp-content\/uploads\/150902737_w2RTv1QhVCWTFt9s25poiWGW7WOobpT33i6lviwP2I4-100x100.jpg 100w\" sizes=\"(max-width: 200px) 100vw, 200px\" \/><\/a>\n\t\t\t<\/div>\n\t\t\t\t<figcaption class='wp-caption-text gallery-caption' id='gallery-1-4166'>\n\t\t\t\t\u00d6S-SHM- Su Hamak A\u011f\u0131\n\t\t\t\t<\/figcaption><\/figure><figure class='gallery-item'>\n\t\t\t<div class='gallery-icon landscape'>\n\t\t\t\t<a href='https:\/\/www.ozbekspor.com\/wp-content\/uploads\/su-hamagi-instagram-kolaj.png'><img width=\"500\" height=\"500\" src=\"https:\/\/www.ozbekspor.com\/wp-content\/uploads\/su-hamagi-instagram-kolaj-500x500.png\" class=\"attachment-thumbnail size-thumbnail\" alt=\"\" loading=\"lazy\" aria-describedby=\"gallery-1-4176\" srcset=\"https:\/\/www.ozbekspor.com\/wp-content\/uploads\/su-hamagi-instagram-kolaj-500x500.png 500w, https:\/\/www.ozbekspor.com\/wp-content\/uploads\/su-hamagi-instagram-kolaj-300x300.png 300w, https:\/\/www.ozbekspor.com\/wp-content\/uploads\/su-hamagi-instagram-kolaj-100x100.png 100w\" sizes=\"(max-width: 500px) 100vw, 500px\" \/><\/a>\n\t\t\t<\/div>\n\t\t\t\t<figcaption class='wp-caption-text gallery-caption' id='gallery-1-4176'>\n\t\t\t\t\u00d6S-SHM- Su Hamak A\u011f\u0131\n\t\t\t\t<\/figcaption><\/figure><figure class='gallery-item'>\n\t\t\t<div class='gallery-icon landscape'>\n\t\t\t\t<a href='https:\/\/www.ozbekspor.com\/wp-content\/uploads\/elexus-hotel-resort-spa-genel-00231.jpg'><img width=\"500\" height=\"500\" src=\"https:\/\/www.ozbekspor.com\/wp-content\/uploads\/elexus-hotel-resort-spa-genel-00231-500x500.jpg\" class=\"attachment-thumbnail size-thumbnail\" alt=\"\" loading=\"lazy\" aria-describedby=\"gallery-1-4167\" srcset=\"https:\/\/www.ozbekspor.com\/wp-content\/uploads\/elexus-hotel-resort-spa-genel-00231-500x500.jpg 500w, https:\/\/www.ozbekspor.com\/wp-content\/uploads\/elexus-hotel-resort-spa-genel-00231-300x300.jpg 300w, https:\/\/www.ozbekspor.com\/wp-content\/uploads\/elexus-hotel-resort-spa-genel-00231-100x100.jpg 100w\" sizes=\"(max-width: 500px) 100vw, 500px\" \/><\/a>\n\t\t\t<\/div>\n\t\t\t\t<figcaption class='wp-caption-text gallery-caption' id='gallery-1-4167'>\n\t\t\t\t\u00d6S-SHM- Su Hamak A\u011f\u0131\n\t\t\t\t<\/figcaption><\/figure><figure class='gallery-item'>\n\t\t\t<div class='gallery-icon portrait'>\n\t\t\t\t<a href='https:\/\/www.ozbekspor.com\/wp-content\/uploads\/yatakkk.jpg'><img width=\"500\" height=\"500\" src=\"https:\/\/www.ozbekspor.com\/wp-content\/uploads\/yatakkk-500x500.jpg\" class=\"attachment-thumbnail size-thumbnail\" alt=\"\" loading=\"lazy\" aria-describedby=\"gallery-1-4471\" srcset=\"https:\/\/www.ozbekspor.com\/wp-content\/uploads\/yatakkk-500x500.jpg 500w, https:\/\/www.ozbekspor.com\/wp-content\/uploads\/yatakkk-300x300.jpg 300w, https:\/\/www.ozbekspor.com\/wp-content\/uploads\/yatakkk-100x100.jpg 100w\" sizes=\"(max-width: 500px) 100vw, 500px\" \/><\/a>\n\t\t\t<\/div>\n\t\t\t\t<figcaption class='wp-caption-text gallery-caption' id='gallery-1-4471'>\n\t\t\t\t\u00d6S-SHM- Su Hamak A\u011f\u0131\n\t\t\t\t<\/figcaption><\/figure><figure class='gallery-item'>\n\t\t\t<div class='gallery-icon portrait'>\n\t\t\t\t<a href='https:\/\/www.ozbekspor.com\/wp-content\/uploads\/SU-HAMAGI-EL-ORMESI-6MM-2-KOLAJ.png'><img width=\"500\" height=\"500\" src=\"https:\/\/www.ozbekspor.com\/wp-content\/uploads\/SU-HAMAGI-EL-ORMESI-6MM-2-KOLAJ-500x500.png\" class=\"attachment-thumbnail size-thumbnail\" alt=\"\" loading=\"lazy\" aria-describedby=\"gallery-1-4168\" srcset=\"https:\/\/www.ozbekspor.com\/wp-content\/uploads\/SU-HAMAGI-EL-ORMESI-6MM-2-KOLAJ-500x500.png 500w, https:\/\/www.ozbekspor.com\/wp-content\/uploads\/SU-HAMAGI-EL-ORMESI-6MM-2-KOLAJ-300x300.png 300w, https:\/\/www.ozbekspor.com\/wp-content\/uploads\/SU-HAMAGI-EL-ORMESI-6MM-2-KOLAJ-100x100.png 100w\" sizes=\"(max-width: 500px) 100vw, 500px\" \/><\/a>\n\t\t\t<\/div>\n\t\t\t\t<figcaption class='wp-caption-text gallery-caption' id='gallery-1-4168'>\n\t\t\t\t\u00d6S-SHM- Su Hamak A\u011f\u0131\n\t\t\t\t<\/figcaption><\/figure><figure class='gallery-item'>\n\t\t\t<div class='gallery-icon portrait'>\n\t\t\t\t<a href='https:\/\/www.ozbekspor.com\/wp-content\/uploads\/sdads.png'><img width=\"500\" height=\"500\" src=\"https:\/\/www.ozbekspor.com\/wp-content\/uploads\/sdads-500x500.png\" class=\"attachment-thumbnail size-thumbnail\" alt=\"\" loading=\"lazy\" aria-describedby=\"gallery-1-4545\" srcset=\"https:\/\/www.ozbekspor.com\/wp-content\/uploads\/sdads-500x500.png 500w, https:\/\/www.ozbekspor.com\/wp-content\/uploads\/sdads-300x300.png 300w, https:\/\/www.ozbekspor.com\/wp-content\/uploads\/sdads-100x100.png 100w\" sizes=\"(max-width: 500px) 100vw, 500px\" \/><\/a>\n\t\t\t<\/div>\n\t\t\t\t<figcaption class='wp-caption-text gallery-caption' id='gallery-1-4545'>\n\t\t\t\t\u00d6S-SHM- Su Hamak A\u011f\u0131\n\t\t\t\t<\/figcaption><\/figure><figure class='gallery-item'>\n\t\t\t<div class='gallery-icon landscape'>\n\t\t\t\t<a href='https:\/\/www.ozbekspor.com\/wp-content\/uploads\/SU-HAMAGI-scaled.jpg'><img width=\"500\" height=\"500\" src=\"https:\/\/www.ozbekspor.com\/wp-content\/uploads\/SU-HAMAGI-500x500.jpg\" class=\"attachment-thumbnail size-thumbnail\" alt=\"\" loading=\"lazy\" aria-describedby=\"gallery-1-4169\" srcset=\"https:\/\/www.ozbekspor.com\/wp-content\/uploads\/SU-HAMAGI-500x500.jpg 500w, https:\/\/www.ozbekspor.com\/wp-content\/uploads\/SU-HAMAGI-300x300.jpg 300w, https:\/\/www.ozbekspor.com\/wp-content\/uploads\/SU-HAMAGI-100x100.jpg 100w\" sizes=\"(max-width: 500px) 100vw, 500px\" \/><\/a>\n\t\t\t<\/div>\n\t\t\t\t<figcaption class='wp-caption-text gallery-caption' id='gallery-1-4169'>\n\t\t\t\t\u00d6S-SHM- Su Hamak A\u011f\u0131\n\t\t\t\t<\/figcaption><\/figure><figure class='gallery-item'>\n\t\t\t<div class='gallery-icon landscape'>\n\t\t\t\t<a href='https:\/\/www.ozbekspor.com\/wp-content\/uploads\/SU-HAMAGI-4X4-MM2-scaled.jpg'><img width=\"500\" height=\"500\" src=\"https:\/\/www.ozbekspor.com\/wp-content\/uploads\/SU-HAMAGI-4X4-MM2-500x500.jpg\" class=\"attachment-thumbnail size-thumbnail\" alt=\"\" loading=\"lazy\" aria-describedby=\"gallery-1-4173\" srcset=\"https:\/\/www.ozbekspor.com\/wp-content\/uploads\/SU-HAMAGI-4X4-MM2-500x500.jpg 500w, https:\/\/www.ozbekspor.com\/wp-content\/uploads\/SU-HAMAGI-4X4-MM2-300x300.jpg 300w, https:\/\/www.ozbekspor.com\/wp-content\/uploads\/SU-HAMAGI-4X4-MM2-100x100.jpg 100w\" sizes=\"(max-width: 500px) 100vw, 500px\" \/><\/a>\n\t\t\t<\/div>\n\t\t\t\t<figcaption class='wp-caption-text gallery-caption' id='gallery-1-4173'>\n\t\t\t\t\u00d6S-SHM- Su Hamak A\u011f\u0131\n\t\t\t\t<\/figcaption><\/figure><figure class='gallery-item'>\n\t\t\t<div class='gallery-icon portrait'>\n\t\t\t\t<a href='https:\/\/www.ozbekspor.com\/wp-content\/uploads\/SU-HAMAGI-3.jpg'><img width=\"500\" height=\"500\" src=\"https:\/\/www.ozbekspor.com\/wp-content\/uploads\/SU-HAMAGI-3-500x500.jpg\" class=\"attachment-thumbnail size-thumbnail\" alt=\"\" loading=\"lazy\" aria-describedby=\"gallery-1-4172\" srcset=\"https:\/\/www.ozbekspor.com\/wp-content\/uploads\/SU-HAMAGI-3-500x500.jpg 500w, https:\/\/www.ozbekspor.com\/wp-content\/uploads\/SU-HAMAGI-3-300x300.jpg 300w, https:\/\/www.ozbekspor.com\/wp-content\/uploads\/SU-HAMAGI-3-100x100.jpg 100w\" sizes=\"(max-width: 500px) 100vw, 500px\" \/><\/a>\n\t\t\t<\/div>\n\t\t\t\t<figcaption class='wp-caption-text gallery-caption' id='gallery-1-4172'>\n\t\t\t\t\u00d6S-SHM- Su Hamak A\u011f\u0131\n\t\t\t\t<\/figcaption><\/figure><figure class='gallery-item'>\n\t\t\t<div class='gallery-icon landscape'>\n\t\t\t\t<a href='https:\/\/www.ozbekspor.com\/wp-content\/uploads\/SU-HAMAGI2.jpg'><img width=\"500\" height=\"500\" src=\"https:\/\/www.ozbekspor.com\/wp-content\/uploads\/SU-HAMAGI2-500x500.jpg\" class=\"attachment-thumbnail size-thumbnail\" alt=\"\" loading=\"lazy\" aria-describedby=\"gallery-1-4171\" srcset=\"https:\/\/www.ozbekspor.com\/wp-content\/uploads\/SU-HAMAGI2-500x500.jpg 500w, https:\/\/www.ozbekspor.com\/wp-content\/uploads\/SU-HAMAGI2-300x300.jpg 300w, https:\/\/www.ozbekspor.com\/wp-content\/uploads\/SU-HAMAGI2-100x100.jpg 100w\" sizes=\"(max-width: 500px) 100vw, 500px\" \/><\/a>\n\t\t\t<\/div>\n\t\t\t\t<figcaption class='wp-caption-text gallery-caption' id='gallery-1-4171'>\n\t\t\t\t\u00d6S-SHM- Su Hamak A\u011f\u0131\n\t\t\t\t<\/figcaption><\/figure><figure class='gallery-item'>\n\t\t\t<div class='gallery-icon landscape'>\n\t\t\t\t<a href='https:\/\/www.ozbekspor.com\/wp-content\/uploads\/yatak2.jpg'><img width=\"500\" height=\"500\" src=\"https:\/\/www.ozbekspor.com\/wp-content\/uploads\/yatak2-500x500.jpg\" class=\"attachment-thumbnail size-thumbnail\" alt=\"\" loading=\"lazy\" aria-describedby=\"gallery-1-4468\" srcset=\"https:\/\/www.ozbekspor.com\/wp-content\/uploads\/yatak2-500x500.jpg 500w, https:\/\/www.ozbekspor.com\/wp-content\/uploads\/yatak2-300x300.jpg 300w, https:\/\/www.ozbekspor.com\/wp-content\/uploads\/yatak2-100x100.jpg 100w\" sizes=\"(max-width: 500px) 100vw, 500px\" \/><\/a>\n\t\t\t<\/div>\n\t\t\t\t<figcaption class='wp-caption-text gallery-caption' id='gallery-1-4468'>\n\t\t\t\t\u00d6S-SHM- Su Hamak A\u011f\u0131\n\t\t\t\t<\/figcaption><\/figure><figure class='gallery-item'>\n\t\t\t<div class='gallery-icon portrait'>\n\t\t\t\t<a href='https:\/\/www.ozbekspor.com\/wp-content\/uploads\/yatak3.jpg'><img width=\"500\" height=\"500\" src=\"https:\/\/www.ozbekspor.com\/wp-content\/uploads\/yatak3-500x500.jpg\" class=\"attachment-thumbnail size-thumbnail\" alt=\"\" loading=\"lazy\" aria-describedby=\"gallery-1-4469\" srcset=\"https:\/\/www.ozbekspor.com\/wp-content\/uploads\/yatak3-500x500.jpg 500w, https:\/\/www.ozbekspor.com\/wp-content\/uploads\/yatak3-300x300.jpg 300w, https:\/\/www.ozbekspor.com\/wp-content\/uploads\/yatak3-100x100.jpg 100w\" sizes=\"(max-width: 500px) 100vw, 500px\" \/><\/a>\n\t\t\t<\/div>\n\t\t\t\t<figcaption class='wp-caption-text gallery-caption' id='gallery-1-4469'>\n\t\t\t\t\u00d6S-SHM- Su Hamak A\u011f\u0131\n\t\t\t\t<\/figcaption><\/figure><figure class='gallery-item'>\n\t\t\t<div class='gallery-icon landscape'>\n\t\t\t\t<a href='https:\/\/www.ozbekspor.com\/wp-content\/uploads\/SU-HAMAGI-21.jpg'><img width=\"500\" height=\"500\" src=\"https:\/\/www.ozbekspor.com\/wp-content\/uploads\/SU-HAMAGI-21-500x500.jpg\" class=\"attachment-thumbnail size-thumbnail\" alt=\"\" loading=\"lazy\" aria-describedby=\"gallery-1-4174\" srcset=\"https:\/\/www.ozbekspor.com\/wp-content\/uploads\/SU-HAMAGI-21-500x500.jpg 500w, https:\/\/www.ozbekspor.com\/wp-content\/uploads\/SU-HAMAGI-21-300x300.jpg 300w, https:\/\/www.ozbekspor.com\/wp-content\/uploads\/SU-HAMAGI-21-100x100.jpg 100w\" sizes=\"(max-width: 500px) 100vw, 500px\" \/><\/a>\n\t\t\t<\/div>\n\t\t\t\t<figcaption class='wp-caption-text gallery-caption' id='gallery-1-4174'>\n\t\t\t\t\u00d6S-SHM- Su Hamak A\u011f\u0131\n\t\t\t\t<\/figcaption><\/figure><figure class='gallery-item'>\n\t\t\t<div class='gallery-icon landscape'>\n\t\t\t\t<a href='https:\/\/www.ozbekspor.com\/wp-content\/uploads\/SU-HAMAGI-POLYAMID-4-MM.jpg'><img width=\"500\" height=\"500\" src=\"https:\/\/www.ozbekspor.com\/wp-content\/uploads\/SU-HAMAGI-POLYAMID-4-MM-500x500.jpg\" class=\"attachment-thumbnail size-thumbnail\" alt=\"\" loading=\"lazy\" aria-describedby=\"gallery-1-4175\" srcset=\"https:\/\/www.ozbekspor.com\/wp-content\/uploads\/SU-HAMAGI-POLYAMID-4-MM-500x500.jpg 500w, https:\/\/www.ozbekspor.com\/wp-content\/uploads\/SU-HAMAGI-POLYAMID-4-MM-300x300.jpg 300w, https:\/\/www.ozbekspor.com\/wp-content\/uploads\/SU-HAMAGI-POLYAMID-4-MM-100x100.jpg 100w\" sizes=\"(max-width: 500px) 100vw, 500px\" \/><\/a>\n\t\t\t<\/div>\n\t\t\t\t<figcaption class='wp-caption-text gallery-caption' id='gallery-1-4175'>\n\t\t\t\t\u00d6S-SHM- Su Hamak A\u011f\u0131\n\t\t\t\t<\/figcaption><\/figure><figure class='gallery-item'>\n\t\t\t<div class='gallery-icon portrait'>\n\t\t\t\t<a href='https:\/\/www.ozbekspor.com\/wp-content\/uploads\/su-hamagi-1-503x670-1.jpg'><img width=\"500\" height=\"500\" src=\"https:\/\/www.ozbekspor.com\/wp-content\/uploads\/su-hamagi-1-503x670-1-500x500.jpg\" class=\"attachment-thumbnail size-thumbnail\" alt=\"\" loading=\"lazy\" aria-describedby=\"gallery-1-4170\" srcset=\"https:\/\/www.ozbekspor.com\/wp-content\/uploads\/su-hamagi-1-503x670-1-500x500.jpg 500w, https:\/\/www.ozbekspor.com\/wp-content\/uploads\/su-hamagi-1-503x670-1-300x300.jpg 300w, https:\/\/www.ozbekspor.com\/wp-content\/uploads\/su-hamagi-1-503x670-1-100x100.jpg 100w\" sizes=\"(max-width: 500px) 100vw, 500px\" \/><\/a>\n\t\t\t<\/div>\n\t\t\t\t<figcaption class='wp-caption-text gallery-caption' id='gallery-1-4170'>\n\t\t\t\t\u00d6S-SHM- Su Hamak A\u011f\u0131\n\t\t\t\t<\/figcaption><\/figure><figure class='gallery-item'>\n\t\t\t<div class='gallery-icon portrait'>\n\t\t\t\t<a href='https:\/\/www.ozbekspor.com\/wp-content\/uploads\/SU-HAMAGI-1.jpg'><img width=\"500\" height=\"500\" src=\"https:\/\/www.ozbekspor.com\/wp-content\/uploads\/SU-HAMAGI-1-500x500.jpg\" class=\"attachment-thumbnail size-thumbnail\" alt=\"\" loading=\"lazy\" aria-describedby=\"gallery-1-4177\" srcset=\"https:\/\/www.ozbekspor.com\/wp-content\/uploads\/SU-HAMAGI-1-500x500.jpg 500w, https:\/\/www.ozbekspor.com\/wp-content\/uploads\/SU-HAMAGI-1-300x300.jpg 300w, https:\/\/www.ozbekspor.com\/wp-content\/uploads\/SU-HAMAGI-1-100x100.jpg 100w\" sizes=\"(max-width: 500px) 100vw, 500px\" \/><\/a>\n\t\t\t<\/div>\n\t\t\t\t<figcaption class='wp-caption-text gallery-caption' id='gallery-1-4177'>\n\t\t\t\t\u00d6S-SHM- Su Hamak A\u011f\u0131\n\t\t\t\t<\/figcaption><\/figure>\n\t\t<\/div>\n\n","protected":false},"excerpt":{"rendered":"<p><strong>Su Hama\u011f\u0131<\/strong><\/p>\n<p><strong>Su Hama\u011f\u0131<\/strong> ile keyfi iki kat\u0131na \u00e7\u0131karma vakti. Havuzda veya denizde, kumsalda yada kampta suyun \u00fcst\u00fcnde hamak keyfini ya\u015famak isteyenler i\u00e7in \u00fcretilmi\u015f \u00f6zel imalat a\u011flard\u0131r. \u0130stenilen \u00f6l\u00e7\u00fclerde diledi\u011finiz gibi tasar\u0131m yap\u0131p \u00fcrettirebilirsiniz. <strong>\u00d6zbek Spor<\/strong> garantisiyle en kal\u0131n ve kaliteli ipliklerden \u00fcretilen bu a\u011flar hakk\u0131nda daha fazla bilgi almak i\u00e7in bizimle ileti\u015fime ge\u00e7iniz.<\/p>\n","protected":false},"featured_media":4078,"template":"","meta":[],"_links":{"self":[{"href":"https:\/\/www.ozbekspor.com\/index.php?rest_route=\/wp\/v2\/product\/4077"}],"collection":[{"href":"https:\/\/www.ozbekspor.com\/index.php?rest_route=\/wp\/v2\/product"}],"about":[{"href":"https:\/\/www.ozbekspor.com\/index.php?rest_route=\/wp\/v2\/types\/product"}],"wp:featuredmedia":[{"embeddable":true,"href":"https:\/\/www.ozbekspor.com\/index.php?rest_route=\/wp\/v2\/media\/4078"}],"wp:attachment":[{"href":"https:\/\/www.ozbekspor.com\/index.php?rest_route=%2Fwp%2Fv2%2Fmedia&parent=4077"}],"curies":[{"name":"wp","href":"https:\/\/api.w.org\/{rel}","templated":true}]}}