{"id":3581,"date":"2021-01-19T11:30:32","date_gmt":"2021-01-19T11:30:32","guid":{"rendered":"https:\/\/www.ozbekspor.com\/?post_type=product&#038;p=3581"},"modified":"2021-04-24T12:12:11","modified_gmt":"2021-04-24T12:12:11","slug":"diger-guvenlik-aglari","status":"publish","type":"product","link":"https:\/\/www.ozbekspor.com\/?product=diger-guvenlik-aglari","title":{"rendered":"Di\u011fer G\u00fcvenlik A\u011flar\u0131"},"content":{"rendered":"<div id='gallery-1' class='gallery galleryid-3581 gallery-columns-4 gallery-size-thumbnail'><figure class='gallery-item'>\n\t\t\t<div class='gallery-icon landscape'>\n\t\t\t\t<a href='https:\/\/www.ozbekspor.com\/wp-content\/uploads\/MNG-TOPLAMA.png'><img width=\"500\" height=\"443\" src=\"https:\/\/www.ozbekspor.com\/wp-content\/uploads\/MNG-TOPLAMA-500x443.png\" class=\"attachment-thumbnail size-thumbnail\" alt=\"\" loading=\"lazy\" aria-describedby=\"gallery-1-4330\" \/><\/a>\n\t\t\t<\/div>\n\t\t\t\t<figcaption class='wp-caption-text gallery-caption' id='gallery-1-4330'>\n\t\t\t\tLojistik Toplama Merkezi G\u00fcvenlik A\u011f\u0131\n\t\t\t\t<\/figcaption><\/figure><figure class='gallery-item'>\n\t\t\t<div class='gallery-icon portrait'>\n\t\t\t\t<a href='https:\/\/www.ozbekspor.com\/wp-content\/uploads\/Kargo-Palet-Agi.jpg'><img width=\"500\" height=\"500\" src=\"https:\/\/www.ozbekspor.com\/wp-content\/uploads\/Kargo-Palet-Agi-500x500.jpg\" class=\"attachment-thumbnail size-thumbnail\" alt=\"\" loading=\"lazy\" aria-describedby=\"gallery-1-6419\" srcset=\"https:\/\/www.ozbekspor.com\/wp-content\/uploads\/Kargo-Palet-Agi-500x500.jpg 500w, https:\/\/www.ozbekspor.com\/wp-content\/uploads\/Kargo-Palet-Agi-300x300.jpg 300w, https:\/\/www.ozbekspor.com\/wp-content\/uploads\/Kargo-Palet-Agi-100x100.jpg 100w\" sizes=\"(max-width: 500px) 100vw, 500px\" \/><\/a>\n\t\t\t<\/div>\n\t\t\t\t<figcaption class='wp-caption-text gallery-caption' id='gallery-1-6419'>\n\t\t\t\tKargo Palet A\u011f\u0131\n\t\t\t\t<\/figcaption><\/figure><figure class='gallery-item'>\n\t\t\t<div class='gallery-icon landscape'>\n\t\t\t\t<a href='https:\/\/www.ozbekspor.com\/wp-content\/uploads\/kayak.jpg'><img width=\"500\" height=\"500\" src=\"https:\/\/www.ozbekspor.com\/wp-content\/uploads\/kayak-500x500.jpg\" class=\"attachment-thumbnail size-thumbnail\" alt=\"\" loading=\"lazy\" aria-describedby=\"gallery-1-4547\" srcset=\"https:\/\/www.ozbekspor.com\/wp-content\/uploads\/kayak-500x500.jpg 500w, https:\/\/www.ozbekspor.com\/wp-content\/uploads\/kayak-300x300.jpg 300w, https:\/\/www.ozbekspor.com\/wp-content\/uploads\/kayak-100x100.jpg 100w\" sizes=\"(max-width: 500px) 100vw, 500px\" \/><\/a>\n\t\t\t<\/div>\n\t\t\t\t<figcaption class='wp-caption-text gallery-caption' id='gallery-1-4547'>\n\t\t\t\t\u00d6S-KYK-01 Kayak Merkezi G\u00fcvenlik Filesi\n\t\t\t\t<\/figcaption><\/figure><figure class='gallery-item'>\n\t\t\t<div class='gallery-icon landscape'>\n\t\t\t\t<a href='https:\/\/www.ozbekspor.com\/wp-content\/uploads\/GALERI-4-scaled.jpg'><img width=\"500\" height=\"500\" src=\"https:\/\/www.ozbekspor.com\/wp-content\/uploads\/GALERI-4-500x500.jpg\" class=\"attachment-thumbnail size-thumbnail\" alt=\"\" loading=\"lazy\" aria-describedby=\"gallery-1-4089\" srcset=\"https:\/\/www.ozbekspor.com\/wp-content\/uploads\/GALERI-4-500x500.jpg 500w, https:\/\/www.ozbekspor.com\/wp-content\/uploads\/GALERI-4-300x300.jpg 300w, https:\/\/www.ozbekspor.com\/wp-content\/uploads\/GALERI-4-100x100.jpg 100w\" sizes=\"(max-width: 500px) 100vw, 500px\" \/><\/a>\n\t\t\t<\/div>\n\t\t\t\t<figcaption class='wp-caption-text gallery-caption' id='gallery-1-4089'>\n\t\t\t\t\u00d6S-AKG-1 G\u00fcvenlik Filesi\n\t\t\t\t<\/figcaption><\/figure><figure class='gallery-item'>\n\t\t\t<div class='gallery-icon landscape'>\n\t\t\t\t<a href='https:\/\/www.ozbekspor.com\/wp-content\/uploads\/KAFES-KORUMA-AGI-SPOR-SALONU.jpg'><img width=\"500\" height=\"500\" src=\"https:\/\/www.ozbekspor.com\/wp-content\/uploads\/KAFES-KORUMA-AGI-SPOR-SALONU-500x500.jpg\" class=\"attachment-thumbnail size-thumbnail\" alt=\"\" loading=\"lazy\" aria-describedby=\"gallery-1-4548\" srcset=\"https:\/\/www.ozbekspor.com\/wp-content\/uploads\/KAFES-KORUMA-AGI-SPOR-SALONU-500x500.jpg 500w, https:\/\/www.ozbekspor.com\/wp-content\/uploads\/KAFES-KORUMA-AGI-SPOR-SALONU-300x300.jpg 300w, https:\/\/www.ozbekspor.com\/wp-content\/uploads\/KAFES-KORUMA-AGI-SPOR-SALONU-100x100.jpg 100w\" sizes=\"(max-width: 500px) 100vw, 500px\" \/><\/a>\n\t\t\t<\/div>\n\t\t\t\t<figcaption class='wp-caption-text gallery-caption' id='gallery-1-4548'>\n\t\t\t\t\u00d6S-KKF-4 Kafes Koruma A\u011f\u0131\n\t\t\t\t<\/figcaption><\/figure><figure class='gallery-item'>\n\t\t\t<div class='gallery-icon landscape'>\n\t\t\t\t<a href='https:\/\/www.ozbekspor.com\/wp-content\/uploads\/KAYAK-MERKEZI-KORUMA-GUVENLIK-AGI-3.png'><img width=\"500\" height=\"500\" src=\"https:\/\/www.ozbekspor.com\/wp-content\/uploads\/KAYAK-MERKEZI-KORUMA-GUVENLIK-AGI-3-500x500.png\" class=\"attachment-thumbnail size-thumbnail\" alt=\"\" loading=\"lazy\" aria-describedby=\"gallery-1-4549\" srcset=\"https:\/\/www.ozbekspor.com\/wp-content\/uploads\/KAYAK-MERKEZI-KORUMA-GUVENLIK-AGI-3-500x500.png 500w, https:\/\/www.ozbekspor.com\/wp-content\/uploads\/KAYAK-MERKEZI-KORUMA-GUVENLIK-AGI-3-300x300.png 300w, https:\/\/www.ozbekspor.com\/wp-content\/uploads\/KAYAK-MERKEZI-KORUMA-GUVENLIK-AGI-3-100x100.png 100w\" sizes=\"(max-width: 500px) 100vw, 500px\" \/><\/a>\n\t\t\t<\/div>\n\t\t\t\t<figcaption class='wp-caption-text gallery-caption' id='gallery-1-4549'>\n\t\t\t\t\u00d6S-KYK-03 Kayak Merkezi G\u00fcvenlik Filesi\n\t\t\t\t<\/figcaption><\/figure><figure class='gallery-item'>\n\t\t\t<div class='gallery-icon landscape'>\n\t\t\t\t<a href='https:\/\/www.ozbekspor.com\/wp-content\/uploads\/CEVRE.png'><img width=\"500\" height=\"500\" src=\"https:\/\/www.ozbekspor.com\/wp-content\/uploads\/CEVRE-500x500.png\" class=\"attachment-thumbnail size-thumbnail\" alt=\"\" loading=\"lazy\" aria-describedby=\"gallery-1-4556\" srcset=\"https:\/\/www.ozbekspor.com\/wp-content\/uploads\/CEVRE-500x500.png 500w, https:\/\/www.ozbekspor.com\/wp-content\/uploads\/CEVRE-300x300.png 300w, https:\/\/www.ozbekspor.com\/wp-content\/uploads\/CEVRE-100x100.png 100w\" sizes=\"(max-width: 500px) 100vw, 500px\" \/><\/a>\n\t\t\t<\/div>\n\t\t\t\t<figcaption class='wp-caption-text gallery-caption' id='gallery-1-4556'>\n\t\t\t\t\u00d6S-\u0130SK-1 \u0130skele G\u00fcvenlik A\u011f\u0131\n\t\t\t\t<\/figcaption><\/figure><figure class='gallery-item'>\n\t\t\t<div class='gallery-icon portrait'>\n\t\t\t\t<a href='https:\/\/www.ozbekspor.com\/wp-content\/uploads\/IMG_2858-scaled.jpg'><img width=\"500\" height=\"500\" src=\"https:\/\/www.ozbekspor.com\/wp-content\/uploads\/IMG_2858-500x500.jpg\" class=\"attachment-thumbnail size-thumbnail\" alt=\"\" loading=\"lazy\" aria-describedby=\"gallery-1-3614\" srcset=\"https:\/\/www.ozbekspor.com\/wp-content\/uploads\/IMG_2858-500x500.jpg 500w, https:\/\/www.ozbekspor.com\/wp-content\/uploads\/IMG_2858-300x300.jpg 300w, https:\/\/www.ozbekspor.com\/wp-content\/uploads\/IMG_2858-100x100.jpg 100w\" sizes=\"(max-width: 500px) 100vw, 500px\" \/><\/a>\n\t\t\t<\/div>\n\t\t\t\t<figcaption class='wp-caption-text gallery-caption' id='gallery-1-3614'>\n\t\t\t\t\u00d6S-KKF-1 Kafes Koruma A\u011f\u0131\n\t\t\t\t<\/figcaption><\/figure><figure class='gallery-item'>\n\t\t\t<div class='gallery-icon landscape'>\n\t\t\t\t<a href='https:\/\/www.ozbekspor.com\/wp-content\/uploads\/IMG_2860-scaled.jpg'><img width=\"500\" height=\"500\" src=\"https:\/\/www.ozbekspor.com\/wp-content\/uploads\/IMG_2860-500x500.jpg\" class=\"attachment-thumbnail size-thumbnail\" alt=\"\" loading=\"lazy\" aria-describedby=\"gallery-1-3615\" srcset=\"https:\/\/www.ozbekspor.com\/wp-content\/uploads\/IMG_2860-500x500.jpg 500w, https:\/\/www.ozbekspor.com\/wp-content\/uploads\/IMG_2860-300x300.jpg 300w, https:\/\/www.ozbekspor.com\/wp-content\/uploads\/IMG_2860-100x100.jpg 100w\" sizes=\"(max-width: 500px) 100vw, 500px\" \/><\/a>\n\t\t\t<\/div>\n\t\t\t\t<figcaption class='wp-caption-text gallery-caption' id='gallery-1-3615'>\n\t\t\t\t\u00d6S-KKF-2 Kafes Koruma A\u011f\u0131\n\t\t\t\t<\/figcaption><\/figure><figure class='gallery-item'>\n\t\t\t<div class='gallery-icon landscape'>\n\t\t\t\t<a href='https:\/\/www.ozbekspor.com\/wp-content\/uploads\/IMG_2870-scaled.jpg'><img width=\"500\" height=\"500\" src=\"https:\/\/www.ozbekspor.com\/wp-content\/uploads\/IMG_2870-500x500.jpg\" class=\"attachment-thumbnail size-thumbnail\" alt=\"\" loading=\"lazy\" aria-describedby=\"gallery-1-3616\" srcset=\"https:\/\/www.ozbekspor.com\/wp-content\/uploads\/IMG_2870-500x500.jpg 500w, https:\/\/www.ozbekspor.com\/wp-content\/uploads\/IMG_2870-300x300.jpg 300w, https:\/\/www.ozbekspor.com\/wp-content\/uploads\/IMG_2870-100x100.jpg 100w\" sizes=\"(max-width: 500px) 100vw, 500px\" \/><\/a>\n\t\t\t<\/div>\n\t\t\t\t<figcaption class='wp-caption-text gallery-caption' id='gallery-1-3616'>\n\t\t\t\t\u00d6S-KKF-3 Kafes Koruma A\u011f\u0131\n\t\t\t\t<\/figcaption><\/figure><figure class='gallery-item'>\n\t\t\t<div class='gallery-icon portrait'>\n\t\t\t\t<a href='https:\/\/www.ozbekspor.com\/wp-content\/uploads\/eb5d864b-27bc-43eb-92c0-a0651b8b08f2.jpg'><img width=\"500\" height=\"500\" src=\"https:\/\/www.ozbekspor.com\/wp-content\/uploads\/eb5d864b-27bc-43eb-92c0-a0651b8b08f2-500x500.jpg\" class=\"attachment-thumbnail size-thumbnail\" alt=\"\" loading=\"lazy\" aria-describedby=\"gallery-1-3879\" srcset=\"https:\/\/www.ozbekspor.com\/wp-content\/uploads\/eb5d864b-27bc-43eb-92c0-a0651b8b08f2-500x500.jpg 500w, https:\/\/www.ozbekspor.com\/wp-content\/uploads\/eb5d864b-27bc-43eb-92c0-a0651b8b08f2-300x300.jpg 300w, https:\/\/www.ozbekspor.com\/wp-content\/uploads\/eb5d864b-27bc-43eb-92c0-a0651b8b08f2-100x100.jpg 100w\" sizes=\"(max-width: 500px) 100vw, 500px\" \/><\/a>\n\t\t\t<\/div>\n\t\t\t\t<figcaption class='wp-caption-text gallery-caption' id='gallery-1-3879'>\n\t\t\t\t\u00d6S-BPK-01 Pota Arkas\u0131 Koruma Filesi\n\t\t\t\t<\/figcaption><\/figure><figure class='gallery-item'>\n\t\t\t<div class='gallery-icon portrait'>\n\t\t\t\t<a href='https:\/\/www.ozbekspor.com\/wp-content\/uploads\/a95a05ff-218c-4e16-b580-07ae4a495374.jpg'><img width=\"500\" height=\"500\" src=\"https:\/\/www.ozbekspor.com\/wp-content\/uploads\/a95a05ff-218c-4e16-b580-07ae4a495374-500x500.jpg\" class=\"attachment-thumbnail size-thumbnail\" alt=\"\" loading=\"lazy\" aria-describedby=\"gallery-1-3878\" srcset=\"https:\/\/www.ozbekspor.com\/wp-content\/uploads\/a95a05ff-218c-4e16-b580-07ae4a495374-500x500.jpg 500w, https:\/\/www.ozbekspor.com\/wp-content\/uploads\/a95a05ff-218c-4e16-b580-07ae4a495374-300x300.jpg 300w, https:\/\/www.ozbekspor.com\/wp-content\/uploads\/a95a05ff-218c-4e16-b580-07ae4a495374-100x100.jpg 100w\" sizes=\"(max-width: 500px) 100vw, 500px\" \/><\/a>\n\t\t\t<\/div>\n\t\t\t\t<figcaption class='wp-caption-text gallery-caption' id='gallery-1-3878'>\n\t\t\t\t\u00d6S-BPK-02 Pota Arkas\u0131 Koruma Filesi\n\t\t\t\t<\/figcaption><\/figure><figure class='gallery-item'>\n\t\t\t<div class='gallery-icon landscape'>\n\t\t\t\t<a href='https:\/\/www.ozbekspor.com\/wp-content\/uploads\/GALERI-2-scaled.jpg'><img width=\"500\" height=\"500\" src=\"https:\/\/www.ozbekspor.com\/wp-content\/uploads\/GALERI-2-500x500.jpg\" class=\"attachment-thumbnail size-thumbnail\" alt=\"\" loading=\"lazy\" aria-describedby=\"gallery-1-4088\" srcset=\"https:\/\/www.ozbekspor.com\/wp-content\/uploads\/GALERI-2-500x500.jpg 500w, https:\/\/www.ozbekspor.com\/wp-content\/uploads\/GALERI-2-300x300.jpg 300w, https:\/\/www.ozbekspor.com\/wp-content\/uploads\/GALERI-2-100x100.jpg 100w\" sizes=\"(max-width: 500px) 100vw, 500px\" \/><\/a>\n\t\t\t<\/div>\n\t\t\t\t<figcaption class='wp-caption-text gallery-caption' id='gallery-1-4088'>\n\t\t\t\t\u00d6S-AKG-2 G\u00fcvenlik Filesi\n\t\t\t\t<\/figcaption><\/figure><figure class='gallery-item'>\n\t\t\t<div class='gallery-icon landscape'>\n\t\t\t\t<a href='https:\/\/www.ozbekspor.com\/wp-content\/uploads\/GALERI-scaled.jpg'><img width=\"500\" height=\"500\" src=\"https:\/\/www.ozbekspor.com\/wp-content\/uploads\/GALERI-500x500.jpg\" class=\"attachment-thumbnail size-thumbnail\" alt=\"\" loading=\"lazy\" aria-describedby=\"gallery-1-4087\" srcset=\"https:\/\/www.ozbekspor.com\/wp-content\/uploads\/GALERI-500x500.jpg 500w, https:\/\/www.ozbekspor.com\/wp-content\/uploads\/GALERI-300x300.jpg 300w, https:\/\/www.ozbekspor.com\/wp-content\/uploads\/GALERI-100x100.jpg 100w\" sizes=\"(max-width: 500px) 100vw, 500px\" \/><\/a>\n\t\t\t<\/div>\n\t\t\t\t<figcaption class='wp-caption-text gallery-caption' id='gallery-1-4087'>\n\t\t\t\t\u00d6S-AKG-3 G\u00fcvenlik Filesi\n\t\t\t\t<\/figcaption><\/figure><figure class='gallery-item'>\n\t\t\t<div class='gallery-icon landscape'>\n\t\t\t\t<a href='https:\/\/www.ozbekspor.com\/wp-content\/uploads\/kayak-kkk.jpg'><img width=\"500\" height=\"500\" src=\"https:\/\/www.ozbekspor.com\/wp-content\/uploads\/kayak-kkk-500x500.jpg\" class=\"attachment-thumbnail size-thumbnail\" alt=\"\" loading=\"lazy\" aria-describedby=\"gallery-1-4546\" srcset=\"https:\/\/www.ozbekspor.com\/wp-content\/uploads\/kayak-kkk-500x500.jpg 500w, https:\/\/www.ozbekspor.com\/wp-content\/uploads\/kayak-kkk-300x300.jpg 300w, https:\/\/www.ozbekspor.com\/wp-content\/uploads\/kayak-kkk-100x100.jpg 100w\" sizes=\"(max-width: 500px) 100vw, 500px\" \/><\/a>\n\t\t\t<\/div>\n\t\t\t\t<figcaption class='wp-caption-text gallery-caption' id='gallery-1-4546'>\n\t\t\t\t\u00d6S-KYK-01 Kayak Merkezi G\u00fcvenlik Filesi\n\t\t\t\t<\/figcaption><\/figure><figure class='gallery-item'>\n\t\t\t<div class='gallery-icon landscape'>\n\t\t\t\t<a href='https:\/\/www.ozbekspor.com\/wp-content\/uploads\/KAYAK-MERKEZI-KORUMA-GUVENLIK-AGI.png'><img width=\"500\" height=\"365\" src=\"https:\/\/www.ozbekspor.com\/wp-content\/uploads\/KAYAK-MERKEZI-KORUMA-GUVENLIK-AGI-500x365.png\" class=\"attachment-thumbnail size-thumbnail\" alt=\"\" loading=\"lazy\" aria-describedby=\"gallery-1-4551\" \/><\/a>\n\t\t\t<\/div>\n\t\t\t\t<figcaption class='wp-caption-text gallery-caption' id='gallery-1-4551'>\n\t\t\t\t\u00d6S-KYK-02 Kayak Merkezi G\u00fcvenlik Filesi\n\t\t\t\t<\/figcaption><\/figure><figure class='gallery-item'>\n\t\t\t<div class='gallery-icon landscape'>\n\t\t\t\t<a href='https:\/\/www.ozbekspor.com\/wp-content\/uploads\/KAYAK-MERKEZI-KORUMA-GUVENLIK-AGI-2.png'><img width=\"500\" height=\"500\" src=\"https:\/\/www.ozbekspor.com\/wp-content\/uploads\/KAYAK-MERKEZI-KORUMA-GUVENLIK-AGI-2-500x500.png\" class=\"attachment-thumbnail size-thumbnail\" alt=\"\" loading=\"lazy\" aria-describedby=\"gallery-1-4550\" srcset=\"https:\/\/www.ozbekspor.com\/wp-content\/uploads\/KAYAK-MERKEZI-KORUMA-GUVENLIK-AGI-2-500x500.png 500w, https:\/\/www.ozbekspor.com\/wp-content\/uploads\/KAYAK-MERKEZI-KORUMA-GUVENLIK-AGI-2-300x300.png 300w, https:\/\/www.ozbekspor.com\/wp-content\/uploads\/KAYAK-MERKEZI-KORUMA-GUVENLIK-AGI-2-100x100.png 100w\" sizes=\"(max-width: 500px) 100vw, 500px\" \/><\/a>\n\t\t\t<\/div>\n\t\t\t\t<figcaption class='wp-caption-text gallery-caption' id='gallery-1-4550'>\n\t\t\t\t\u00d6S-KYK-02 Kayak Merkezi G\u00fcvenlik Filesi\n\t\t\t\t<\/figcaption><\/figure>\n\t\t<\/div>\n\n","protected":false},"excerpt":{"rendered":"<p><strong>G\u00fcvenlik A\u011flar\u0131<\/strong><\/p>\n<p><strong>\u0130\u015e SA\u011eLI\u011eI VE\u00a0G\u00dcVENL\u0130\u011e\u0130\u00a0MEVZUATINDA\u00a0G\u00dcVENL\u0130K A\u011eLARI. <\/strong><\/p>\n<p>\u00c7al\u0131\u015fma yerlerinde \u00e7al\u0131\u015fanlar\u0131n\u00a0<b>g\u00fcvenli\u011fi<\/b>\u00a0\u00f6ncelikle,\u00a0<b>g\u00fcvenli<\/b>\u00a0korkuluklar, d\u00fc\u015fmeyi \u00f6nleyici platformlar, bariyerler, kapaklar, \u00e7al\u0131\u015fma iskeleleri,\u00a0<b>g\u00fcvenlik a\u011flar\u0131<\/b> veya hava yast\u0131klar\u0131 gibi toplu koruma tedbirleri ile sa\u011flan\u0131r. <strong>G\u00fcvenlik a\u011flar\u0131 i\u015f sa\u011fl\u0131\u011f\u0131 g\u00fcvenli\u011fi<\/strong> mevzuat\u0131nda \u00f6nemli bir yer tutmaktad\u0131r. Al\u0131nabilecek \u00f6nlemlerin en ba\u015f\u0131nda <strong>G\u00fcvenlik A\u011flar\u0131<\/strong> gelmektedir. <strong>G\u00fcvenlik a\u011flar\u0131<\/strong> kullan\u0131lacak alanlar\u0131na g\u00f6re, farkl\u0131 \u00e7e\u015fitleri, modelleri ve \u00f6zelliklerine g\u00f6re de\u011fi\u015fiklik g\u00f6stermektedir. <strong>Tse belgeli<\/strong>, <strong>sertifikal\u0131<\/strong>\u00a0<strong><em class=\"hcV4Re nkGKTb\">g\u00fcvenlik<\/em> filesi<\/strong> \u00e7e\u015fitleri <strong>\u00d6zbek Spor&#8217;da..<\/strong><\/p>\n","protected":false},"featured_media":3582,"template":"","meta":[],"_links":{"self":[{"href":"https:\/\/www.ozbekspor.com\/index.php?rest_route=\/wp\/v2\/product\/3581"}],"collection":[{"href":"https:\/\/www.ozbekspor.com\/index.php?rest_route=\/wp\/v2\/product"}],"about":[{"href":"https:\/\/www.ozbekspor.com\/index.php?rest_route=\/wp\/v2\/types\/product"}],"wp:featuredmedia":[{"embeddable":true,"href":"https:\/\/www.ozbekspor.com\/index.php?rest_route=\/wp\/v2\/media\/3582"}],"wp:attachment":[{"href":"https:\/\/www.ozbekspor.com\/index.php?rest_route=%2Fwp%2Fv2%2Fmedia&parent=3581"}],"curies":[{"name":"wp","href":"https:\/\/api.w.org\/{rel}","templated":true}]}}