{"id":3572,"date":"2021-01-19T11:22:07","date_gmt":"2021-01-19T11:22:07","guid":{"rendered":"https:\/\/www.ozbekspor.com\/?post_type=product&#038;p=3572"},"modified":"2021-01-22T14:12:20","modified_gmt":"2021-01-22T14:12:20","slug":"insaat-guvenlik-filesi","status":"publish","type":"product","link":"https:\/\/www.ozbekspor.com\/?product=insaat-guvenlik-filesi","title":{"rendered":"\u0130n\u015faat G\u00fcvenlik A\u011flar\u0131"},"content":{"rendered":"<div id='gallery-1' class='gallery galleryid-3572 gallery-columns-4 gallery-size-thumbnail'><figure class='gallery-item'>\n\t\t\t<div class='gallery-icon portrait'>\n\t\t\t\t<a href='https:\/\/www.ozbekspor.com\/?attachment_id=4110#main'><img width=\"500\" height=\"500\" src=\"https:\/\/www.ozbekspor.com\/wp-content\/uploads\/INSAAT-GUVENLIK-FILESI-1-1-500x500.jpg\" class=\"attachment-thumbnail size-thumbnail\" alt=\"\" loading=\"lazy\" aria-describedby=\"gallery-1-4110\" srcset=\"https:\/\/www.ozbekspor.com\/wp-content\/uploads\/INSAAT-GUVENLIK-FILESI-1-1-500x500.jpg 500w, https:\/\/www.ozbekspor.com\/wp-content\/uploads\/INSAAT-GUVENLIK-FILESI-1-1-300x300.jpg 300w, https:\/\/www.ozbekspor.com\/wp-content\/uploads\/INSAAT-GUVENLIK-FILESI-1-1-100x100.jpg 100w\" sizes=\"(max-width: 500px) 100vw, 500px\" \/><\/a>\n\t\t\t<\/div>\n\t\t\t\t<figcaption class='wp-caption-text gallery-caption' id='gallery-1-4110'>\n\t\t\t\t\u00d6S-IGA-1 \u0130n\u015faat G\u00fcvenlik A\u011f\u0131\n\t\t\t\t<\/figcaption><\/figure><figure class='gallery-item'>\n\t\t\t<div class='gallery-icon portrait'>\n\t\t\t\t<a href='https:\/\/www.ozbekspor.com\/?attachment_id=4111#main'><img width=\"500\" height=\"500\" src=\"https:\/\/www.ozbekspor.com\/wp-content\/uploads\/INSAAT-GUVENLIK-FILESI-2-500x500.jpg\" class=\"attachment-thumbnail size-thumbnail\" alt=\"\" loading=\"lazy\" aria-describedby=\"gallery-1-4111\" srcset=\"https:\/\/www.ozbekspor.com\/wp-content\/uploads\/INSAAT-GUVENLIK-FILESI-2-500x500.jpg 500w, https:\/\/www.ozbekspor.com\/wp-content\/uploads\/INSAAT-GUVENLIK-FILESI-2-300x300.jpg 300w, https:\/\/www.ozbekspor.com\/wp-content\/uploads\/INSAAT-GUVENLIK-FILESI-2-100x100.jpg 100w\" sizes=\"(max-width: 500px) 100vw, 500px\" \/><\/a>\n\t\t\t<\/div>\n\t\t\t\t<figcaption class='wp-caption-text gallery-caption' id='gallery-1-4111'>\n\t\t\t\t\u00d6S-IGA-2 \u0130n\u015faat G\u00fcvenlik A\u011f\u0131\n\t\t\t\t<\/figcaption><\/figure><figure class='gallery-item'>\n\t\t\t<div class='gallery-icon landscape'>\n\t\t\t\t<a href='https:\/\/www.ozbekspor.com\/?attachment_id=3699#main'><img width=\"500\" height=\"500\" src=\"https:\/\/www.ozbekspor.com\/wp-content\/uploads\/maxresdefault-5-500x500.jpg\" class=\"attachment-thumbnail size-thumbnail\" alt=\"\" loading=\"lazy\" aria-describedby=\"gallery-1-3699\" srcset=\"https:\/\/www.ozbekspor.com\/wp-content\/uploads\/maxresdefault-5-500x500.jpg 500w, https:\/\/www.ozbekspor.com\/wp-content\/uploads\/maxresdefault-5-300x300.jpg 300w, https:\/\/www.ozbekspor.com\/wp-content\/uploads\/maxresdefault-5-100x100.jpg 100w\" sizes=\"(max-width: 500px) 100vw, 500px\" \/><\/a>\n\t\t\t<\/div>\n\t\t\t\t<figcaption class='wp-caption-text gallery-caption' id='gallery-1-3699'>\n\t\t\t\t\u00d6S-INSF-1 \u0130n\u015faat G\u00fcvenlik A\u011f\u0131\n\t\t\t\t<\/figcaption><\/figure><figure class='gallery-item'>\n\t\t\t<div class='gallery-icon landscape'>\n\t\t\t\t<a href='https:\/\/www.ozbekspor.com\/?attachment_id=3702#main'><img width=\"500\" height=\"500\" src=\"https:\/\/www.ozbekspor.com\/wp-content\/uploads\/insaat-guvenlik-filesi-1-500x500.jpg\" class=\"attachment-thumbnail size-thumbnail\" alt=\"\" loading=\"lazy\" aria-describedby=\"gallery-1-3702\" srcset=\"https:\/\/www.ozbekspor.com\/wp-content\/uploads\/insaat-guvenlik-filesi-1-500x500.jpg 500w, https:\/\/www.ozbekspor.com\/wp-content\/uploads\/insaat-guvenlik-filesi-1-300x300.jpg 300w, https:\/\/www.ozbekspor.com\/wp-content\/uploads\/insaat-guvenlik-filesi-1-100x100.jpg 100w\" sizes=\"(max-width: 500px) 100vw, 500px\" \/><\/a>\n\t\t\t<\/div>\n\t\t\t\t<figcaption class='wp-caption-text gallery-caption' id='gallery-1-3702'>\n\t\t\t\t\u00d6S-INSF-2 \u0130n\u015faat G\u00fcvenlik A\u011f\u0131\n\t\t\t\t<\/figcaption><\/figure><figure class='gallery-item'>\n\t\t\t<div class='gallery-icon landscape'>\n\t\t\t\t<a href='https:\/\/www.ozbekspor.com\/?attachment_id=3701#main'><img width=\"500\" height=\"500\" src=\"https:\/\/www.ozbekspor.com\/wp-content\/uploads\/7-2-500x500.jpg\" class=\"attachment-thumbnail size-thumbnail\" alt=\"\" loading=\"lazy\" aria-describedby=\"gallery-1-3701\" srcset=\"https:\/\/www.ozbekspor.com\/wp-content\/uploads\/7-2-500x500.jpg 500w, https:\/\/www.ozbekspor.com\/wp-content\/uploads\/7-2-300x300.jpg 300w, https:\/\/www.ozbekspor.com\/wp-content\/uploads\/7-2-100x100.jpg 100w\" sizes=\"(max-width: 500px) 100vw, 500px\" \/><\/a>\n\t\t\t<\/div>\n\t\t\t\t<figcaption class='wp-caption-text gallery-caption' id='gallery-1-3701'>\n\t\t\t\t\u00d6S-INSF-3 \u0130n\u015faat G\u00fcvenlik A\u011f\u0131\n\t\t\t\t<\/figcaption><\/figure><figure class='gallery-item'>\n\t\t\t<div class='gallery-icon landscape'>\n\t\t\t\t<a href='https:\/\/www.ozbekspor.com\/?attachment_id=3703#main'><img width=\"500\" height=\"500\" src=\"https:\/\/www.ozbekspor.com\/wp-content\/uploads\/safety_fan_scaffolding_safetyrespect_2-500x500.jpg\" class=\"attachment-thumbnail size-thumbnail\" alt=\"\" loading=\"lazy\" aria-describedby=\"gallery-1-3703\" srcset=\"https:\/\/www.ozbekspor.com\/wp-content\/uploads\/safety_fan_scaffolding_safetyrespect_2-500x500.jpg 500w, https:\/\/www.ozbekspor.com\/wp-content\/uploads\/safety_fan_scaffolding_safetyrespect_2-300x300.jpg 300w, https:\/\/www.ozbekspor.com\/wp-content\/uploads\/safety_fan_scaffolding_safetyrespect_2-100x100.jpg 100w\" sizes=\"(max-width: 500px) 100vw, 500px\" \/><\/a>\n\t\t\t<\/div>\n\t\t\t\t<figcaption class='wp-caption-text gallery-caption' id='gallery-1-3703'>\n\t\t\t\t\u00d6S-INSF-4 \u0130n\u015faat G\u00fcvenlik A\u011f\u0131\n\t\t\t\t<\/figcaption><\/figure><figure class='gallery-item'>\n\t\t\t<div class='gallery-icon landscape'>\n\t\t\t\t<a href='https:\/\/www.ozbekspor.com\/?attachment_id=3705#main'><img width=\"500\" height=\"322\" src=\"https:\/\/www.ozbekspor.com\/wp-content\/uploads\/unnamed-8-500x322.jpg\" class=\"attachment-thumbnail size-thumbnail\" alt=\"\" loading=\"lazy\" aria-describedby=\"gallery-1-3705\" \/><\/a>\n\t\t\t<\/div>\n\t\t\t\t<figcaption class='wp-caption-text gallery-caption' id='gallery-1-3705'>\n\t\t\t\t\u00d6S-INSF-5 \u0130n\u015faat G\u00fcvenlik A\u011f\u0131\u0130n\u015faat G\u00fcvenlik A\u011f\u0131\n\t\t\t\t<\/figcaption><\/figure><figure class='gallery-item'>\n\t\t\t<div class='gallery-icon portrait'>\n\t\t\t\t<a href='https:\/\/www.ozbekspor.com\/?attachment_id=3698#main'><img width=\"500\" height=\"500\" src=\"https:\/\/www.ozbekspor.com\/wp-content\/uploads\/IMG_0381-500x500.jpg\" class=\"attachment-thumbnail size-thumbnail\" alt=\"\" loading=\"lazy\" aria-describedby=\"gallery-1-3698\" srcset=\"https:\/\/www.ozbekspor.com\/wp-content\/uploads\/IMG_0381-500x500.jpg 500w, https:\/\/www.ozbekspor.com\/wp-content\/uploads\/IMG_0381-300x300.jpg 300w, https:\/\/www.ozbekspor.com\/wp-content\/uploads\/IMG_0381-100x100.jpg 100w\" sizes=\"(max-width: 500px) 100vw, 500px\" \/><\/a>\n\t\t\t<\/div>\n\t\t\t\t<figcaption class='wp-caption-text gallery-caption' id='gallery-1-3698'>\n\t\t\t\t\u00d6S-INSF-6 \u0130n\u015faat G\u00fcvenlik A\u011f\u0131\n\t\t\t\t<\/figcaption><\/figure><figure class='gallery-item'>\n\t\t\t<div class='gallery-icon portrait'>\n\t\t\t\t<a href='https:\/\/www.ozbekspor.com\/?attachment_id=3700#main'><img width=\"500\" height=\"500\" src=\"https:\/\/www.ozbekspor.com\/wp-content\/uploads\/KORUMA-FILESI-500x500.jpg\" class=\"attachment-thumbnail size-thumbnail\" alt=\"\" loading=\"lazy\" aria-describedby=\"gallery-1-3700\" srcset=\"https:\/\/www.ozbekspor.com\/wp-content\/uploads\/KORUMA-FILESI-500x500.jpg 500w, https:\/\/www.ozbekspor.com\/wp-content\/uploads\/KORUMA-FILESI-300x300.jpg 300w, https:\/\/www.ozbekspor.com\/wp-content\/uploads\/KORUMA-FILESI-100x100.jpg 100w\" sizes=\"(max-width: 500px) 100vw, 500px\" \/><\/a>\n\t\t\t<\/div>\n\t\t\t\t<figcaption class='wp-caption-text gallery-caption' id='gallery-1-3700'>\n\t\t\t\t\u00d6S-INSF-7 \u0130n\u015faat G\u00fcvenlik A\u011f\u0131\n\t\t\t\t<\/figcaption><\/figure><figure class='gallery-item'>\n\t\t\t<div class='gallery-icon landscape'>\n\t\t\t\t<a href='https:\/\/www.ozbekspor.com\/?attachment_id=3697#main'><img width=\"500\" height=\"500\" src=\"https:\/\/www.ozbekspor.com\/wp-content\/uploads\/INSAAT-GUVENLIK-FILESI-500x500.jpg\" class=\"attachment-thumbnail size-thumbnail\" alt=\"\" loading=\"lazy\" aria-describedby=\"gallery-1-3697\" srcset=\"https:\/\/www.ozbekspor.com\/wp-content\/uploads\/INSAAT-GUVENLIK-FILESI-500x500.jpg 500w, https:\/\/www.ozbekspor.com\/wp-content\/uploads\/INSAAT-GUVENLIK-FILESI-300x300.jpg 300w, https:\/\/www.ozbekspor.com\/wp-content\/uploads\/INSAAT-GUVENLIK-FILESI-100x100.jpg 100w\" sizes=\"(max-width: 500px) 100vw, 500px\" \/><\/a>\n\t\t\t<\/div>\n\t\t\t\t<figcaption class='wp-caption-text gallery-caption' id='gallery-1-3697'>\n\t\t\t\t\u00d6S-INSF-8 \u0130n\u015faat G\u00fcvenlik A\u011f\u0131\n\t\t\t\t<\/figcaption><\/figure><figure class='gallery-item'>\n\t\t\t<div class='gallery-icon landscape'>\n\t\t\t\t<a href='https:\/\/www.ozbekspor.com\/?attachment_id=3694#main'><img width=\"500\" height=\"500\" src=\"https:\/\/www.ozbekspor.com\/wp-content\/uploads\/insaat-guvenlik-filesi-670x502-1-500x500.jpg\" class=\"attachment-thumbnail size-thumbnail\" alt=\"\" loading=\"lazy\" aria-describedby=\"gallery-1-3694\" srcset=\"https:\/\/www.ozbekspor.com\/wp-content\/uploads\/insaat-guvenlik-filesi-670x502-1-500x500.jpg 500w, https:\/\/www.ozbekspor.com\/wp-content\/uploads\/insaat-guvenlik-filesi-670x502-1-300x300.jpg 300w, https:\/\/www.ozbekspor.com\/wp-content\/uploads\/insaat-guvenlik-filesi-670x502-1-100x100.jpg 100w\" sizes=\"(max-width: 500px) 100vw, 500px\" \/><\/a>\n\t\t\t<\/div>\n\t\t\t\t<figcaption class='wp-caption-text gallery-caption' id='gallery-1-3694'>\n\t\t\t\t\u00d6S-INSF-9 \u0130n\u015faat G\u00fcvenlik A\u011f\u0131\n\t\t\t\t<\/figcaption><\/figure><figure class='gallery-item'>\n\t\t\t<div class='gallery-icon landscape'>\n\t\t\t\t<a href='https:\/\/www.ozbekspor.com\/?attachment_id=3695#main'><img width=\"500\" height=\"500\" src=\"https:\/\/www.ozbekspor.com\/wp-content\/uploads\/INSAAT-GUVENLIK-FILESI2-670x502-1-500x500.jpg\" class=\"attachment-thumbnail size-thumbnail\" alt=\"\" loading=\"lazy\" aria-describedby=\"gallery-1-3695\" srcset=\"https:\/\/www.ozbekspor.com\/wp-content\/uploads\/INSAAT-GUVENLIK-FILESI2-670x502-1-500x500.jpg 500w, https:\/\/www.ozbekspor.com\/wp-content\/uploads\/INSAAT-GUVENLIK-FILESI2-670x502-1-300x300.jpg 300w, https:\/\/www.ozbekspor.com\/wp-content\/uploads\/INSAAT-GUVENLIK-FILESI2-670x502-1-100x100.jpg 100w\" sizes=\"(max-width: 500px) 100vw, 500px\" \/><\/a>\n\t\t\t<\/div>\n\t\t\t\t<figcaption class='wp-caption-text gallery-caption' id='gallery-1-3695'>\n\t\t\t\t\u00d6S-INSF-10 \u0130n\u015faat G\u00fcvenlik A\u011f\u0131\n\t\t\t\t<\/figcaption><\/figure><figure class='gallery-item'>\n\t\t\t<div class='gallery-icon portrait'>\n\t\t\t\t<a href='https:\/\/www.ozbekspor.com\/?attachment_id=4557#main'><img width=\"500\" height=\"500\" src=\"https:\/\/www.ozbekspor.com\/wp-content\/uploads\/CEPHE-500x500.png\" class=\"attachment-thumbnail size-thumbnail\" alt=\"\" loading=\"lazy\" aria-describedby=\"gallery-1-4557\" srcset=\"https:\/\/www.ozbekspor.com\/wp-content\/uploads\/CEPHE-500x500.png 500w, https:\/\/www.ozbekspor.com\/wp-content\/uploads\/CEPHE-300x300.png 300w, https:\/\/www.ozbekspor.com\/wp-content\/uploads\/CEPHE-100x100.png 100w\" sizes=\"(max-width: 500px) 100vw, 500px\" \/><\/a>\n\t\t\t<\/div>\n\t\t\t\t<figcaption class='wp-caption-text gallery-caption' id='gallery-1-4557'>\n\t\t\t\t\u00d6S-DC-1 \u0130n\u015faat D\u0131\u015f Cephe Koruma Filesi\n\t\t\t\t<\/figcaption><\/figure><figure class='gallery-item'>\n\t\t\t<div class='gallery-icon portrait'>\n\t\t\t\t<a href='https:\/\/www.ozbekspor.com\/?attachment_id=3693#main'><img width=\"500\" height=\"500\" src=\"https:\/\/www.ozbekspor.com\/wp-content\/uploads\/insaat-cephe-koruyucu-filesi-502x670-1-500x500.jpg\" class=\"attachment-thumbnail size-thumbnail\" alt=\"\" loading=\"lazy\" aria-describedby=\"gallery-1-3693\" srcset=\"https:\/\/www.ozbekspor.com\/wp-content\/uploads\/insaat-cephe-koruyucu-filesi-502x670-1-500x500.jpg 500w, https:\/\/www.ozbekspor.com\/wp-content\/uploads\/insaat-cephe-koruyucu-filesi-502x670-1-300x300.jpg 300w, https:\/\/www.ozbekspor.com\/wp-content\/uploads\/insaat-cephe-koruyucu-filesi-502x670-1-100x100.jpg 100w\" sizes=\"(max-width: 500px) 100vw, 500px\" \/><\/a>\n\t\t\t<\/div>\n\t\t\t\t<figcaption class='wp-caption-text gallery-caption' id='gallery-1-3693'>\n\t\t\t\t\u00d6S-INSF-11 \u0130n\u015faat G\u00fcvenlik A\u011f\u0131\n\t\t\t\t<\/figcaption><\/figure><figure class='gallery-item'>\n\t\t\t<div class='gallery-icon landscape'>\n\t\t\t\t<a href='https:\/\/www.ozbekspor.com\/?attachment_id=3696#main'><img width=\"500\" height=\"500\" src=\"https:\/\/www.ozbekspor.com\/wp-content\/uploads\/INSAAT-EMNIYET-AGI-6-mm-POLYESTER-10cm-gozenek2-670x502-1-500x500.jpg\" class=\"attachment-thumbnail size-thumbnail\" alt=\"\" loading=\"lazy\" aria-describedby=\"gallery-1-3696\" srcset=\"https:\/\/www.ozbekspor.com\/wp-content\/uploads\/INSAAT-EMNIYET-AGI-6-mm-POLYESTER-10cm-gozenek2-670x502-1-500x500.jpg 500w, https:\/\/www.ozbekspor.com\/wp-content\/uploads\/INSAAT-EMNIYET-AGI-6-mm-POLYESTER-10cm-gozenek2-670x502-1-300x300.jpg 300w, https:\/\/www.ozbekspor.com\/wp-content\/uploads\/INSAAT-EMNIYET-AGI-6-mm-POLYESTER-10cm-gozenek2-670x502-1-100x100.jpg 100w\" sizes=\"(max-width: 500px) 100vw, 500px\" \/><\/a>\n\t\t\t<\/div>\n\t\t\t\t<figcaption class='wp-caption-text gallery-caption' id='gallery-1-3696'>\n\t\t\t\t\u00d6S-INSF-12 \u0130n\u015faat G\u00fcvenlik A\u011f\u0131\n\t\t\t\t<\/figcaption><\/figure><figure class='gallery-item'>\n\t\t\t<div class='gallery-icon portrait'>\n\t\t\t\t<a href='https:\/\/www.ozbekspor.com\/?attachment_id=3704#main'><img width=\"500\" height=\"500\" src=\"https:\/\/www.ozbekspor.com\/wp-content\/uploads\/scaffold-build-safety-health-barriers-net-construction-BA6R2P-500x500.jpg\" class=\"attachment-thumbnail size-thumbnail\" alt=\"\" loading=\"lazy\" aria-describedby=\"gallery-1-3704\" srcset=\"https:\/\/www.ozbekspor.com\/wp-content\/uploads\/scaffold-build-safety-health-barriers-net-construction-BA6R2P-500x500.jpg 500w, https:\/\/www.ozbekspor.com\/wp-content\/uploads\/scaffold-build-safety-health-barriers-net-construction-BA6R2P-300x300.jpg 300w, https:\/\/www.ozbekspor.com\/wp-content\/uploads\/scaffold-build-safety-health-barriers-net-construction-BA6R2P-100x100.jpg 100w\" sizes=\"(max-width: 500px) 100vw, 500px\" \/><\/a>\n\t\t\t<\/div>\n\t\t\t\t<figcaption class='wp-caption-text gallery-caption' id='gallery-1-3704'>\n\t\t\t\t\u00d6S-INSF-13 \u0130n\u015faat G\u00fcvenlik A\u011f\u0131\u0130n\u015faat G\u00fcvenlik A\u011f\u0131\n\t\t\t\t<\/figcaption><\/figure>\n\t\t<\/div>\n\n","protected":false},"excerpt":{"rendered":"<p><strong>\u0130n\u015faat G\u00fcvenlik A\u011flar\u0131<\/strong><\/p>\n<p><strong><span class=\"dropcap simple\">G<\/span>\u00fcvenlik a\u011f\u0131<\/strong> in\u015faat sekt\u00f6r\u00fcnde hayat kurtar\u0131c\u0131 bir \u00f6neme sahiptir. Bu anlamda <strong>g\u00fcvenlik a\u011flar\u0131<\/strong> \u00f6l\u00fcmc\u00fcl ya da ciddi yaralanmalara yol a\u00e7acak i\u015f kazalar\u0131na kar\u015f\u0131 \u00f6nleyici bir mekanizmad\u0131r. Ayn\u0131 zamanda <strong>g\u00fcvenlik a\u011f\u0131<\/strong>, \u00e7al\u0131\u015fma alan\u0131nda meydana gelecek enkaz ya da ara\u00e7 d\u00fc\u015fmelerine kar\u015f\u0131 da koruyucu g\u00f6rev \u00fcstlenmektedir. <strong>Emniyet a\u011flar\u0131<\/strong> sayesinde a\u015fa\u011f\u0131 d\u00fc\u015fen bu par\u00e7alar g\u00fcvenlik a\u011flar\u0131na tak\u0131larak in\u015faat alan\u0131nda \u00e7al\u0131\u015fan di\u011fer ekip \u00fcyelerine de k\u0131smi bir <strong>g\u00fcvenlik<\/strong> sa\u011flar. Personel g\u00fcvenlik a\u011flar\u0131 y\u00fcksek \u00e7al\u0131\u015fma alanlar\u0131nda genel bir g\u00fcvenlik \u00f6nlemi sa\u011flad\u0131\u011f\u0131 i\u00e7in y\u00fcksek alanda \u00e7al\u0131\u015fan personelin daha rahat ve \u00f6zg\u00fcr bir \u015fekilde \u00e7al\u0131\u015fmas\u0131n\u0131 sa\u011flar, bu da \u00e7al\u0131\u015fma alan\u0131ndaki verimlili\u011fi y\u00fckseltir. Sertifikal\u0131 \u0130n\u015faat G\u00fcvenlik A\u011flar\u0131 sat\u0131\u015f ve teknik ekip hizmeti <strong>\u00d6zbek Spor&#8217;da<\/strong>. <strong>\u0130n\u015faat G\u00fcvenlik A\u011flar\u0131 ve Emniyet A\u011flar\u0131<\/strong> ile alakal\u0131 daha fazla bilgi ve sorular\u0131n\u0131z i\u00e7in bizimle ileti\u015fime ge\u00e7iniz.<\/p>\n","protected":false},"featured_media":3573,"template":"","meta":[],"_links":{"self":[{"href":"https:\/\/www.ozbekspor.com\/index.php?rest_route=\/wp\/v2\/product\/3572"}],"collection":[{"href":"https:\/\/www.ozbekspor.com\/index.php?rest_route=\/wp\/v2\/product"}],"about":[{"href":"https:\/\/www.ozbekspor.com\/index.php?rest_route=\/wp\/v2\/types\/product"}],"wp:featuredmedia":[{"embeddable":true,"href":"https:\/\/www.ozbekspor.com\/index.php?rest_route=\/wp\/v2\/media\/3573"}],"wp:attachment":[{"href":"https:\/\/www.ozbekspor.com\/index.php?rest_route=%2Fwp%2Fv2%2Fmedia&parent=3572"}],"curies":[{"name":"wp","href":"https:\/\/api.w.org\/{rel}","templated":true}]}}