{"id":3171,"date":"2021-01-17T15:00:03","date_gmt":"2021-01-17T15:00:03","guid":{"rendered":"https:\/\/www.ozbekspor.com\/?post_type=product&#038;p=3171"},"modified":"2021-01-22T10:48:26","modified_gmt":"2021-01-22T10:48:26","slug":"tuketici-urunleri","status":"publish","type":"product","link":"https:\/\/www.ozbekspor.com\/?product=tuketici-urunleri","title":{"rendered":"\u00c7ama\u015f\u0131r Y\u0131kama A\u011flar\u0131"},"content":{"rendered":"<div id='gallery-1' class='gallery galleryid-3171 gallery-columns-4 gallery-size-thumbnail'><figure class='gallery-item'>\n\t\t\t<div class='gallery-icon portrait'>\n\t\t\t\t<a href='https:\/\/www.ozbekspor.com\/?attachment_id=3951#main'><img width=\"500\" height=\"500\" src=\"https:\/\/www.ozbekspor.com\/wp-content\/uploads\/CAMASIR-5-500x500.jpg\" class=\"attachment-thumbnail size-thumbnail\" alt=\"\" loading=\"lazy\" aria-describedby=\"gallery-1-3951\" srcset=\"https:\/\/www.ozbekspor.com\/wp-content\/uploads\/CAMASIR-5-500x500.jpg 500w, https:\/\/www.ozbekspor.com\/wp-content\/uploads\/CAMASIR-5-300x300.jpg 300w, https:\/\/www.ozbekspor.com\/wp-content\/uploads\/CAMASIR-5-100x100.jpg 100w\" sizes=\"(max-width: 500px) 100vw, 500px\" \/><\/a>\n\t\t\t<\/div>\n\t\t\t\t<figcaption class='wp-caption-text gallery-caption' id='gallery-1-3951'>\n\t\t\t\t\u00d6S-\u00c7F6090 \u00c7ama\u015f\u0131r Y\u0131kama Filesi\n\t\t\t\t<\/figcaption><\/figure><figure class='gallery-item'>\n\t\t\t<div class='gallery-icon portrait'>\n\t\t\t\t<a href='https:\/\/www.ozbekspor.com\/?attachment_id=4121#main'><img width=\"500\" height=\"500\" src=\"https:\/\/www.ozbekspor.com\/wp-content\/uploads\/camasir-yikama-filesi.3-502x670-1-500x500.jpg\" class=\"attachment-thumbnail size-thumbnail\" alt=\"\" loading=\"lazy\" aria-describedby=\"gallery-1-4121\" srcset=\"https:\/\/www.ozbekspor.com\/wp-content\/uploads\/camasir-yikama-filesi.3-502x670-1-500x500.jpg 500w, https:\/\/www.ozbekspor.com\/wp-content\/uploads\/camasir-yikama-filesi.3-502x670-1-300x300.jpg 300w, https:\/\/www.ozbekspor.com\/wp-content\/uploads\/camasir-yikama-filesi.3-502x670-1-100x100.jpg 100w\" sizes=\"(max-width: 500px) 100vw, 500px\" \/><\/a>\n\t\t\t<\/div>\n\t\t\t\t<figcaption class='wp-caption-text gallery-caption' id='gallery-1-4121'>\n\t\t\t\t\u00d6S-\u00c7F6090 \u00c7ama\u015f\u0131r Y\u0131kama Filesi\n\t\t\t\t<\/figcaption><\/figure><figure class='gallery-item'>\n\t\t\t<div class='gallery-icon landscape'>\n\t\t\t\t<a href='https:\/\/www.ozbekspor.com\/?attachment_id=4120#main'><img width=\"500\" height=\"500\" src=\"https:\/\/www.ozbekspor.com\/wp-content\/uploads\/CAMASIR-YIKAMA-FILESI-50-CM-X-70-CM-polyamid-OZBEK-FILE-500x500.jpg\" class=\"attachment-thumbnail size-thumbnail\" alt=\"\" loading=\"lazy\" aria-describedby=\"gallery-1-4120\" srcset=\"https:\/\/www.ozbekspor.com\/wp-content\/uploads\/CAMASIR-YIKAMA-FILESI-50-CM-X-70-CM-polyamid-OZBEK-FILE-500x500.jpg 500w, https:\/\/www.ozbekspor.com\/wp-content\/uploads\/CAMASIR-YIKAMA-FILESI-50-CM-X-70-CM-polyamid-OZBEK-FILE-300x300.jpg 300w, https:\/\/www.ozbekspor.com\/wp-content\/uploads\/CAMASIR-YIKAMA-FILESI-50-CM-X-70-CM-polyamid-OZBEK-FILE-100x100.jpg 100w\" sizes=\"(max-width: 500px) 100vw, 500px\" \/><\/a>\n\t\t\t<\/div>\n\t\t\t\t<figcaption class='wp-caption-text gallery-caption' id='gallery-1-4120'>\n\t\t\t\t\u00d6S-\u00c7F5070 \u00c7ama\u015f\u0131r Y\u0131kama Filesi\n\t\t\t\t<\/figcaption><\/figure><figure class='gallery-item'>\n\t\t\t<div class='gallery-icon landscape'>\n\t\t\t\t<a href='https:\/\/www.ozbekspor.com\/?attachment_id=4116#main'><img width=\"400\" height=\"400\" src=\"https:\/\/www.ozbekspor.com\/wp-content\/uploads\/CAMASIR-YIKAMA-FILESI-1.jpg\" class=\"attachment-thumbnail size-thumbnail\" alt=\"\" loading=\"lazy\" aria-describedby=\"gallery-1-4116\" srcset=\"https:\/\/www.ozbekspor.com\/wp-content\/uploads\/CAMASIR-YIKAMA-FILESI-1.jpg 400w, https:\/\/www.ozbekspor.com\/wp-content\/uploads\/CAMASIR-YIKAMA-FILESI-1-300x300.jpg 300w, https:\/\/www.ozbekspor.com\/wp-content\/uploads\/CAMASIR-YIKAMA-FILESI-1-100x100.jpg 100w\" sizes=\"(max-width: 400px) 100vw, 400px\" \/><\/a>\n\t\t\t<\/div>\n\t\t\t\t<figcaption class='wp-caption-text gallery-caption' id='gallery-1-4116'>\n\t\t\t\t\u00d6S-\u00c7F6080 \u00c7ama\u015f\u0131r Y\u0131kama Filesi\n\t\t\t\t<\/figcaption><\/figure><figure class='gallery-item'>\n\t\t\t<div class='gallery-icon landscape'>\n\t\t\t\t<a href='https:\/\/www.ozbekspor.com\/?attachment_id=4115#main'><img width=\"500\" height=\"500\" src=\"https:\/\/www.ozbekspor.com\/wp-content\/uploads\/CAF-1-500x500.jpg\" class=\"attachment-thumbnail size-thumbnail\" alt=\"\" loading=\"lazy\" aria-describedby=\"gallery-1-4115\" srcset=\"https:\/\/www.ozbekspor.com\/wp-content\/uploads\/CAF-1.jpg 500w, https:\/\/www.ozbekspor.com\/wp-content\/uploads\/CAF-1-300x300.jpg 300w, https:\/\/www.ozbekspor.com\/wp-content\/uploads\/CAF-1-100x100.jpg 100w\" sizes=\"(max-width: 500px) 100vw, 500px\" \/><\/a>\n\t\t\t<\/div>\n\t\t\t\t<figcaption class='wp-caption-text gallery-caption' id='gallery-1-4115'>\n\t\t\t\t\u00d6S-\u00c7F5070 \u00c7ama\u015f\u0131r Y\u0131kama Filesi\n\t\t\t\t<\/figcaption><\/figure><figure class='gallery-item'>\n\t\t\t<div class='gallery-icon landscape'>\n\t\t\t\t<a href='https:\/\/www.ozbekspor.com\/?attachment_id=4113#main'><img width=\"375\" height=\"375\" src=\"https:\/\/www.ozbekspor.com\/wp-content\/uploads\/CAF.jpg\" class=\"attachment-thumbnail size-thumbnail\" alt=\"\" loading=\"lazy\" aria-describedby=\"gallery-1-4113\" srcset=\"https:\/\/www.ozbekspor.com\/wp-content\/uploads\/CAF.jpg 375w, https:\/\/www.ozbekspor.com\/wp-content\/uploads\/CAF-300x300.jpg 300w, https:\/\/www.ozbekspor.com\/wp-content\/uploads\/CAF-100x100.jpg 100w\" sizes=\"(max-width: 375px) 100vw, 375px\" \/><\/a>\n\t\t\t<\/div>\n\t\t\t\t<figcaption class='wp-caption-text gallery-caption' id='gallery-1-4113'>\n\t\t\t\t\u00d6S-\u00c7F5565 \u00c7ama\u015f\u0131r Y\u0131kama Filesi\n\t\t\t\t<\/figcaption><\/figure><figure class='gallery-item'>\n\t\t\t<div class='gallery-icon landscape'>\n\t\t\t\t<a href='https:\/\/www.ozbekspor.com\/?attachment_id=4117#main'><img width=\"500\" height=\"500\" src=\"https:\/\/www.ozbekspor.com\/wp-content\/uploads\/CAMASIR-YIKAMA-FILESI-6080-CF-500x500.jpg\" class=\"attachment-thumbnail size-thumbnail\" alt=\"\" loading=\"lazy\" aria-describedby=\"gallery-1-4117\" srcset=\"https:\/\/www.ozbekspor.com\/wp-content\/uploads\/CAMASIR-YIKAMA-FILESI-6080-CF-500x500.jpg 500w, https:\/\/www.ozbekspor.com\/wp-content\/uploads\/CAMASIR-YIKAMA-FILESI-6080-CF-300x300.jpg 300w, https:\/\/www.ozbekspor.com\/wp-content\/uploads\/CAMASIR-YIKAMA-FILESI-6080-CF-100x100.jpg 100w\" sizes=\"(max-width: 500px) 100vw, 500px\" \/><\/a>\n\t\t\t<\/div>\n\t\t\t\t<figcaption class='wp-caption-text gallery-caption' id='gallery-1-4117'>\n\t\t\t\t\u00d6S-\u00c7F5070 \u00c7ama\u015f\u0131r Y\u0131kama Filesi\n\t\t\t\t<\/figcaption><\/figure><figure class='gallery-item'>\n\t\t\t<div class='gallery-icon landscape'>\n\t\t\t\t<a href='https:\/\/www.ozbekspor.com\/?attachment_id=4118#main'><img width=\"500\" height=\"500\" src=\"https:\/\/www.ozbekspor.com\/wp-content\/uploads\/CAMASIR-YIKAMA-FILESI-6080CF-PAKET-500x500.jpg\" class=\"attachment-thumbnail size-thumbnail\" alt=\"\" loading=\"lazy\" aria-describedby=\"gallery-1-4118\" srcset=\"https:\/\/www.ozbekspor.com\/wp-content\/uploads\/CAMASIR-YIKAMA-FILESI-6080CF-PAKET-500x500.jpg 500w, https:\/\/www.ozbekspor.com\/wp-content\/uploads\/CAMASIR-YIKAMA-FILESI-6080CF-PAKET-300x300.jpg 300w, https:\/\/www.ozbekspor.com\/wp-content\/uploads\/CAMASIR-YIKAMA-FILESI-6080CF-PAKET-100x100.jpg 100w\" sizes=\"(max-width: 500px) 100vw, 500px\" \/><\/a>\n\t\t\t<\/div>\n\t\t\t\t<figcaption class='wp-caption-text gallery-caption' id='gallery-1-4118'>\n\t\t\t\t\u00d6S-\u00c7F5070 \u00c7ama\u015f\u0131r Y\u0131kama Filesi\n\t\t\t\t<\/figcaption><\/figure><figure class='gallery-item'>\n\t\t\t<div class='gallery-icon landscape'>\n\t\t\t\t<a href='https:\/\/www.ozbekspor.com\/?attachment_id=4119#main'><img width=\"454\" height=\"370\" src=\"https:\/\/www.ozbekspor.com\/wp-content\/uploads\/Camasir-Sepeti.png\" class=\"attachment-thumbnail size-thumbnail\" alt=\"\" loading=\"lazy\" aria-describedby=\"gallery-1-4119\" \/><\/a>\n\t\t\t<\/div>\n\t\t\t\t<figcaption class='wp-caption-text gallery-caption' id='gallery-1-4119'>\n\t\t\t\t\u00d6S-\u00c7S-1000 \u00c7AMA\u015eIR SEPET\u0130\n\t\t\t\t<\/figcaption><\/figure>\n\t\t<\/div>\n\n","protected":false},"excerpt":{"rendered":"","protected":false},"featured_media":4112,"template":"","meta":[],"_links":{"self":[{"href":"https:\/\/www.ozbekspor.com\/index.php?rest_route=\/wp\/v2\/product\/3171"}],"collection":[{"href":"https:\/\/www.ozbekspor.com\/index.php?rest_route=\/wp\/v2\/product"}],"about":[{"href":"https:\/\/www.ozbekspor.com\/index.php?rest_route=\/wp\/v2\/types\/product"}],"wp:featuredmedia":[{"embeddable":true,"href":"https:\/\/www.ozbekspor.com\/index.php?rest_route=\/wp\/v2\/media\/4112"}],"wp:attachment":[{"href":"https:\/\/www.ozbekspor.com\/index.php?rest_route=%2Fwp%2Fv2%2Fmedia&parent=3171"}],"curies":[{"name":"wp","href":"https:\/\/api.w.org\/{rel}","templated":true}]}}