{"id":3169,"date":"2021-01-17T14:59:20","date_gmt":"2021-01-17T14:59:20","guid":{"rendered":"https:\/\/www.ozbekspor.com\/?post_type=product&#038;p=3169"},"modified":"2021-02-05T16:07:08","modified_gmt":"2021-02-05T16:07:08","slug":"depo-ve-alan-aglari","status":"publish","type":"product","link":"https:\/\/www.ozbekspor.com\/?product=depo-ve-alan-aglari","title":{"rendered":"A\u00e7\u0131k Alan \u00c7evre A\u011flar\u0131"},"content":{"rendered":"<div id='gallery-1' class='gallery galleryid-3169 gallery-columns-4 gallery-size-thumbnail'><figure class='gallery-item'>\n\t\t\t<div class='gallery-icon landscape'>\n\t\t\t\t<a href='https:\/\/www.ozbekspor.com\/?attachment_id=4534#main'><img width=\"500\" height=\"500\" src=\"https:\/\/www.ozbekspor.com\/wp-content\/uploads\/TRIBUN-KORUMA-GUVENLIK-FILESI-1-500x500.png\" class=\"attachment-thumbnail size-thumbnail\" alt=\"\" loading=\"lazy\" aria-describedby=\"gallery-1-4534\" srcset=\"https:\/\/www.ozbekspor.com\/wp-content\/uploads\/TRIBUN-KORUMA-GUVENLIK-FILESI-1-500x500.png 500w, https:\/\/www.ozbekspor.com\/wp-content\/uploads\/TRIBUN-KORUMA-GUVENLIK-FILESI-1-300x300.png 300w, https:\/\/www.ozbekspor.com\/wp-content\/uploads\/TRIBUN-KORUMA-GUVENLIK-FILESI-1-100x100.png 100w\" sizes=\"(max-width: 500px) 100vw, 500px\" \/><\/a>\n\t\t\t<\/div>\n\t\t\t\t<figcaption class='wp-caption-text gallery-caption' id='gallery-1-4534'>\n\t\t\t\t\u00d6S-TRB-01 Trib\u00fcn Koruma G\u00fcvenlik Filesi\n\t\t\t\t<\/figcaption><\/figure><figure class='gallery-item'>\n\t\t\t<div class='gallery-icon portrait'>\n\t\t\t\t<a href='https:\/\/www.ozbekspor.com\/?attachment_id=4537#main'><img width=\"500\" height=\"500\" src=\"https:\/\/www.ozbekspor.com\/wp-content\/uploads\/Tribun-Koruma-Filesi-500x500.png\" class=\"attachment-thumbnail size-thumbnail\" alt=\"\" loading=\"lazy\" aria-describedby=\"gallery-1-4537\" srcset=\"https:\/\/www.ozbekspor.com\/wp-content\/uploads\/Tribun-Koruma-Filesi-500x500.png 500w, https:\/\/www.ozbekspor.com\/wp-content\/uploads\/Tribun-Koruma-Filesi-300x300.png 300w, https:\/\/www.ozbekspor.com\/wp-content\/uploads\/Tribun-Koruma-Filesi-100x100.png 100w\" sizes=\"(max-width: 500px) 100vw, 500px\" \/><\/a>\n\t\t\t<\/div>\n\t\t\t\t<figcaption class='wp-caption-text gallery-caption' id='gallery-1-4537'>\n\t\t\t\t\u00d6S-TRB-01 Trib\u00fcn Koruma G\u00fcvenlik Filesi\n\t\t\t\t<\/figcaption><\/figure><figure class='gallery-item'>\n\t\t\t<div class='gallery-icon landscape'>\n\t\t\t\t<a href='https:\/\/www.ozbekspor.com\/?attachment_id=4538#main'><img width=\"500\" height=\"478\" src=\"https:\/\/www.ozbekspor.com\/wp-content\/uploads\/Tribun-onu-cevre-kapama-filesi-500x478.jpg\" class=\"attachment-thumbnail size-thumbnail\" alt=\"\" loading=\"lazy\" aria-describedby=\"gallery-1-4538\" \/><\/a>\n\t\t\t<\/div>\n\t\t\t\t<figcaption class='wp-caption-text gallery-caption' id='gallery-1-4538'>\n\t\t\t\t\u00d6S-TRB-01 Trib\u00fcn Koruma G\u00fcvenlik Filesi\n\t\t\t\t<\/figcaption><\/figure><figure class='gallery-item'>\n\t\t\t<div class='gallery-icon portrait'>\n\t\t\t\t<a href='https:\/\/www.ozbekspor.com\/?attachment_id=4032#main'><img width=\"500\" height=\"500\" src=\"https:\/\/www.ozbekspor.com\/wp-content\/uploads\/azer-500x500.jpg\" class=\"attachment-thumbnail size-thumbnail\" alt=\"\" loading=\"lazy\" aria-describedby=\"gallery-1-4032\" srcset=\"https:\/\/www.ozbekspor.com\/wp-content\/uploads\/azer-500x500.jpg 500w, https:\/\/www.ozbekspor.com\/wp-content\/uploads\/azer-300x300.jpg 300w, https:\/\/www.ozbekspor.com\/wp-content\/uploads\/azer-100x100.jpg 100w\" sizes=\"(max-width: 500px) 100vw, 500px\" \/><\/a>\n\t\t\t<\/div>\n\t\t\t\t<figcaption class='wp-caption-text gallery-caption' id='gallery-1-4032'>\n\t\t\t\t\u00d6S-SS-01 Spor Sahas\u0131 \u00c7evre Kapama A\u011f\u0131\n\t\t\t\t<\/figcaption><\/figure><figure class='gallery-item'>\n\t\t\t<div class='gallery-icon portrait'>\n\t\t\t\t<a href='https:\/\/www.ozbekspor.com\/?attachment_id=4034#main'><img width=\"500\" height=\"500\" src=\"https:\/\/www.ozbekspor.com\/wp-content\/uploads\/azer3-500x500.jpg\" class=\"attachment-thumbnail size-thumbnail\" alt=\"\" loading=\"lazy\" aria-describedby=\"gallery-1-4034\" srcset=\"https:\/\/www.ozbekspor.com\/wp-content\/uploads\/azer3-500x500.jpg 500w, https:\/\/www.ozbekspor.com\/wp-content\/uploads\/azer3-300x300.jpg 300w, https:\/\/www.ozbekspor.com\/wp-content\/uploads\/azer3-100x100.jpg 100w\" sizes=\"(max-width: 500px) 100vw, 500px\" \/><\/a>\n\t\t\t<\/div>\n\t\t\t\t<figcaption class='wp-caption-text gallery-caption' id='gallery-1-4034'>\n\t\t\t\t\u00d6S-SS-02 Spor Sahas\u0131 \u00c7evre Kapama A\u011f\u0131\n\t\t\t\t<\/figcaption><\/figure><figure class='gallery-item'>\n\t\t\t<div class='gallery-icon portrait'>\n\t\t\t\t<a href='https:\/\/www.ozbekspor.com\/?attachment_id=4033#main'><img width=\"500\" height=\"500\" src=\"https:\/\/www.ozbekspor.com\/wp-content\/uploads\/azer2-500x500.jpg\" class=\"attachment-thumbnail size-thumbnail\" alt=\"\" loading=\"lazy\" aria-describedby=\"gallery-1-4033\" srcset=\"https:\/\/www.ozbekspor.com\/wp-content\/uploads\/azer2-500x500.jpg 500w, https:\/\/www.ozbekspor.com\/wp-content\/uploads\/azer2-300x300.jpg 300w, https:\/\/www.ozbekspor.com\/wp-content\/uploads\/azer2-100x100.jpg 100w\" sizes=\"(max-width: 500px) 100vw, 500px\" \/><\/a>\n\t\t\t<\/div>\n\t\t\t\t<figcaption class='wp-caption-text gallery-caption' id='gallery-1-4033'>\n\t\t\t\t\u00d6S-SS-03 Spor Sahas\u0131 \u00c7evre Kapama A\u011f\u0131\n\t\t\t\t<\/figcaption><\/figure><figure class='gallery-item'>\n\t\t\t<div class='gallery-icon portrait'>\n\t\t\t\t<a href='https:\/\/www.ozbekspor.com\/?attachment_id=4035#main'><img width=\"500\" height=\"500\" src=\"https:\/\/www.ozbekspor.com\/wp-content\/uploads\/azer4-500x500.jpg\" class=\"attachment-thumbnail size-thumbnail\" alt=\"\" loading=\"lazy\" aria-describedby=\"gallery-1-4035\" srcset=\"https:\/\/www.ozbekspor.com\/wp-content\/uploads\/azer4-500x500.jpg 500w, https:\/\/www.ozbekspor.com\/wp-content\/uploads\/azer4-300x300.jpg 300w, https:\/\/www.ozbekspor.com\/wp-content\/uploads\/azer4-100x100.jpg 100w\" sizes=\"(max-width: 500px) 100vw, 500px\" \/><\/a>\n\t\t\t<\/div>\n\t\t\t\t<figcaption class='wp-caption-text gallery-caption' id='gallery-1-4035'>\n\t\t\t\t\u00d6S-SS-04 Spor Sahas\u0131 \u00c7evre Kapama A\u011f\u0131\n\t\t\t\t<\/figcaption><\/figure><figure class='gallery-item'>\n\t\t\t<div class='gallery-icon portrait'>\n\t\t\t\t<a href='https:\/\/www.ozbekspor.com\/?attachment_id=4038#main'><img width=\"500\" height=\"500\" src=\"https:\/\/www.ozbekspor.com\/wp-content\/uploads\/azer7-500x500.jpg\" class=\"attachment-thumbnail size-thumbnail\" alt=\"\" loading=\"lazy\" aria-describedby=\"gallery-1-4038\" srcset=\"https:\/\/www.ozbekspor.com\/wp-content\/uploads\/azer7-500x500.jpg 500w, https:\/\/www.ozbekspor.com\/wp-content\/uploads\/azer7-300x300.jpg 300w, https:\/\/www.ozbekspor.com\/wp-content\/uploads\/azer7-100x100.jpg 100w\" sizes=\"(max-width: 500px) 100vw, 500px\" \/><\/a>\n\t\t\t<\/div>\n\t\t\t\t<figcaption class='wp-caption-text gallery-caption' id='gallery-1-4038'>\n\t\t\t\t\u00d6S-SS-05 Spor Sahas\u0131 \u00c7evre Kapama A\u011f\u0131\n\t\t\t\t<\/figcaption><\/figure><figure class='gallery-item'>\n\t\t\t<div class='gallery-icon portrait'>\n\t\t\t\t<a href='https:\/\/www.ozbekspor.com\/?attachment_id=4037#main'><img width=\"500\" height=\"500\" src=\"https:\/\/www.ozbekspor.com\/wp-content\/uploads\/azer6-500x500.jpg\" class=\"attachment-thumbnail size-thumbnail\" alt=\"\" loading=\"lazy\" aria-describedby=\"gallery-1-4037\" srcset=\"https:\/\/www.ozbekspor.com\/wp-content\/uploads\/azer6-500x500.jpg 500w, https:\/\/www.ozbekspor.com\/wp-content\/uploads\/azer6-300x300.jpg 300w, https:\/\/www.ozbekspor.com\/wp-content\/uploads\/azer6-100x100.jpg 100w\" sizes=\"(max-width: 500px) 100vw, 500px\" \/><\/a>\n\t\t\t<\/div>\n\t\t\t\t<figcaption class='wp-caption-text gallery-caption' id='gallery-1-4037'>\n\t\t\t\t\u00d6S-SS-06 Spor Sahas\u0131 \u00c7evre Kapama A\u011f\u0131\n\t\t\t\t<\/figcaption><\/figure><figure class='gallery-item'>\n\t\t\t<div class='gallery-icon portrait'>\n\t\t\t\t<a href='https:\/\/www.ozbekspor.com\/?attachment_id=4096#main'><img width=\"500\" height=\"500\" src=\"https:\/\/www.ozbekspor.com\/wp-content\/uploads\/okul-bahcesi-kapama-6-500x500.jpg\" class=\"attachment-thumbnail size-thumbnail\" alt=\"\" loading=\"lazy\" aria-describedby=\"gallery-1-4096\" srcset=\"https:\/\/www.ozbekspor.com\/wp-content\/uploads\/okul-bahcesi-kapama-6-500x500.jpg 500w, https:\/\/www.ozbekspor.com\/wp-content\/uploads\/okul-bahcesi-kapama-6-300x300.jpg 300w, https:\/\/www.ozbekspor.com\/wp-content\/uploads\/okul-bahcesi-kapama-6-100x100.jpg 100w\" sizes=\"(max-width: 500px) 100vw, 500px\" \/><\/a>\n\t\t\t<\/div>\n\t\t\t\t<figcaption class='wp-caption-text gallery-caption' id='gallery-1-4096'>\n\t\t\t\t\u00d6S-OB-01 Okul Bah\u00e7esi \u00c7evre Kapama A\u011f\u0131\n\t\t\t\t<\/figcaption><\/figure><figure class='gallery-item'>\n\t\t\t<div class='gallery-icon portrait'>\n\t\t\t\t<a href='https:\/\/www.ozbekspor.com\/?attachment_id=4095#main'><img width=\"500\" height=\"500\" src=\"https:\/\/www.ozbekspor.com\/wp-content\/uploads\/okul-bahcesi-kapama-5-500x500.jpg\" class=\"attachment-thumbnail size-thumbnail\" alt=\"\" loading=\"lazy\" aria-describedby=\"gallery-1-4095\" srcset=\"https:\/\/www.ozbekspor.com\/wp-content\/uploads\/okul-bahcesi-kapama-5-500x500.jpg 500w, https:\/\/www.ozbekspor.com\/wp-content\/uploads\/okul-bahcesi-kapama-5-300x300.jpg 300w, https:\/\/www.ozbekspor.com\/wp-content\/uploads\/okul-bahcesi-kapama-5-100x100.jpg 100w\" sizes=\"(max-width: 500px) 100vw, 500px\" \/><\/a>\n\t\t\t<\/div>\n\t\t\t\t<figcaption class='wp-caption-text gallery-caption' id='gallery-1-4095'>\n\t\t\t\t\u00d6S-OB-02 Okul Bah\u00e7esi \u00c7evre Kapama A\u011f\u0131\n\t\t\t\t<\/figcaption><\/figure><figure class='gallery-item'>\n\t\t\t<div class='gallery-icon portrait'>\n\t\t\t\t<a href='https:\/\/www.ozbekspor.com\/?attachment_id=4094#main'><img width=\"500\" height=\"500\" src=\"https:\/\/www.ozbekspor.com\/wp-content\/uploads\/okul-bahcesi-kapama-4-500x500.jpg\" class=\"attachment-thumbnail size-thumbnail\" alt=\"\" loading=\"lazy\" aria-describedby=\"gallery-1-4094\" srcset=\"https:\/\/www.ozbekspor.com\/wp-content\/uploads\/okul-bahcesi-kapama-4-500x500.jpg 500w, https:\/\/www.ozbekspor.com\/wp-content\/uploads\/okul-bahcesi-kapama-4-300x300.jpg 300w, https:\/\/www.ozbekspor.com\/wp-content\/uploads\/okul-bahcesi-kapama-4-100x100.jpg 100w\" sizes=\"(max-width: 500px) 100vw, 500px\" \/><\/a>\n\t\t\t<\/div>\n\t\t\t\t<figcaption class='wp-caption-text gallery-caption' id='gallery-1-4094'>\n\t\t\t\t\u00d6S-OB-03 Okul Bah\u00e7esi \u00c7evre Kapama A\u011f\u0131\n\t\t\t\t<\/figcaption><\/figure><figure class='gallery-item'>\n\t\t\t<div class='gallery-icon portrait'>\n\t\t\t\t<a href='https:\/\/www.ozbekspor.com\/?attachment_id=4093#main'><img width=\"500\" height=\"500\" src=\"https:\/\/www.ozbekspor.com\/wp-content\/uploads\/okul-bahcesi-kapama-3-500x500.jpg\" class=\"attachment-thumbnail size-thumbnail\" alt=\"\" loading=\"lazy\" aria-describedby=\"gallery-1-4093\" srcset=\"https:\/\/www.ozbekspor.com\/wp-content\/uploads\/okul-bahcesi-kapama-3-500x500.jpg 500w, https:\/\/www.ozbekspor.com\/wp-content\/uploads\/okul-bahcesi-kapama-3-300x300.jpg 300w, https:\/\/www.ozbekspor.com\/wp-content\/uploads\/okul-bahcesi-kapama-3-100x100.jpg 100w\" sizes=\"(max-width: 500px) 100vw, 500px\" \/><\/a>\n\t\t\t<\/div>\n\t\t\t\t<figcaption class='wp-caption-text gallery-caption' id='gallery-1-4093'>\n\t\t\t\t\u00d6S-OB-04 Okul Bah\u00e7esi \u00c7evre Kapama A\u011f\u0131\n\t\t\t\t<\/figcaption><\/figure><figure class='gallery-item'>\n\t\t\t<div class='gallery-icon portrait'>\n\t\t\t\t<a href='https:\/\/www.ozbekspor.com\/?attachment_id=4092#main'><img width=\"500\" height=\"500\" src=\"https:\/\/www.ozbekspor.com\/wp-content\/uploads\/okul-bahcesi-kapama-2-500x500.jpg\" class=\"attachment-thumbnail size-thumbnail\" alt=\"\" loading=\"lazy\" aria-describedby=\"gallery-1-4092\" srcset=\"https:\/\/www.ozbekspor.com\/wp-content\/uploads\/okul-bahcesi-kapama-2-500x500.jpg 500w, https:\/\/www.ozbekspor.com\/wp-content\/uploads\/okul-bahcesi-kapama-2-300x300.jpg 300w, https:\/\/www.ozbekspor.com\/wp-content\/uploads\/okul-bahcesi-kapama-2-100x100.jpg 100w\" sizes=\"(max-width: 500px) 100vw, 500px\" \/><\/a>\n\t\t\t<\/div>\n\t\t\t\t<figcaption class='wp-caption-text gallery-caption' id='gallery-1-4092'>\n\t\t\t\t\u00d6S-OB-05 Okul Bah\u00e7esi \u00c7evre Kapama A\u011f\u0131\n\t\t\t\t<\/figcaption><\/figure><figure class='gallery-item'>\n\t\t\t<div class='gallery-icon portrait'>\n\t\t\t\t<a href='https:\/\/www.ozbekspor.com\/?attachment_id=4091#main'><img width=\"500\" height=\"500\" src=\"https:\/\/www.ozbekspor.com\/wp-content\/uploads\/okul-bahcesi-kapama-500x500.jpg\" class=\"attachment-thumbnail size-thumbnail\" alt=\"\" loading=\"lazy\" aria-describedby=\"gallery-1-4091\" srcset=\"https:\/\/www.ozbekspor.com\/wp-content\/uploads\/okul-bahcesi-kapama-500x500.jpg 500w, https:\/\/www.ozbekspor.com\/wp-content\/uploads\/okul-bahcesi-kapama-300x300.jpg 300w, https:\/\/www.ozbekspor.com\/wp-content\/uploads\/okul-bahcesi-kapama-100x100.jpg 100w\" sizes=\"(max-width: 500px) 100vw, 500px\" \/><\/a>\n\t\t\t<\/div>\n\t\t\t\t<figcaption class='wp-caption-text gallery-caption' id='gallery-1-4091'>\n\t\t\t\t\u00d6S-OB-06 Okul Bah\u00e7esi \u00c7evre Kapama A\u011f\u0131\n\t\t\t\t<\/figcaption><\/figure><figure class='gallery-item'>\n\t\t\t<div class='gallery-icon landscape'>\n\t\t\t\t<a href='https:\/\/www.ozbekspor.com\/?attachment_id=4108#main'><img width=\"500\" height=\"500\" src=\"https:\/\/www.ozbekspor.com\/wp-content\/uploads\/Alan-Kapama-Filesi-2-500x500.jpg\" class=\"attachment-thumbnail size-thumbnail\" alt=\"\" loading=\"lazy\" aria-describedby=\"gallery-1-4108\" srcset=\"https:\/\/www.ozbekspor.com\/wp-content\/uploads\/Alan-Kapama-Filesi-2-500x500.jpg 500w, https:\/\/www.ozbekspor.com\/wp-content\/uploads\/Alan-Kapama-Filesi-2-300x300.jpg 300w, https:\/\/www.ozbekspor.com\/wp-content\/uploads\/Alan-Kapama-Filesi-2-100x100.jpg 100w\" sizes=\"(max-width: 500px) 100vw, 500px\" \/><\/a>\n\t\t\t<\/div>\n\t\t\t\t<figcaption class='wp-caption-text gallery-caption' id='gallery-1-4108'>\n\t\t\t\t\u00d6S-B\u00c7-1 Bah\u00e7e \u00c7evre Kapama A\u011f\u0131\n\t\t\t\t<\/figcaption><\/figure><figure class='gallery-item'>\n\t\t\t<div class='gallery-icon portrait'>\n\t\t\t\t<a href='https:\/\/www.ozbekspor.com\/?attachment_id=4109#main'><img width=\"500\" height=\"500\" src=\"https:\/\/www.ozbekspor.com\/wp-content\/uploads\/Alan-Kapama-Filesi-3-500x500.jpg\" class=\"attachment-thumbnail size-thumbnail\" alt=\"\" loading=\"lazy\" aria-describedby=\"gallery-1-4109\" srcset=\"https:\/\/www.ozbekspor.com\/wp-content\/uploads\/Alan-Kapama-Filesi-3-500x500.jpg 500w, https:\/\/www.ozbekspor.com\/wp-content\/uploads\/Alan-Kapama-Filesi-3-300x300.jpg 300w, https:\/\/www.ozbekspor.com\/wp-content\/uploads\/Alan-Kapama-Filesi-3-100x100.jpg 100w\" sizes=\"(max-width: 500px) 100vw, 500px\" \/><\/a>\n\t\t\t<\/div>\n\t\t\t\t<figcaption class='wp-caption-text gallery-caption' id='gallery-1-4109'>\n\t\t\t\t\u00d6S-B\u00c7-2 Bah\u00e7e \u00c7evre Kapama A\u011f\u0131\n\t\t\t\t<\/figcaption><\/figure><figure class='gallery-item'>\n\t\t\t<div class='gallery-icon landscape'>\n\t\t\t\t<a href='https:\/\/www.ozbekspor.com\/?attachment_id=4540#main'><img width=\"500\" height=\"500\" src=\"https:\/\/www.ozbekspor.com\/wp-content\/uploads\/IMG-20130802-01321-670x502-1-500x500.jpg\" class=\"attachment-thumbnail size-thumbnail\" alt=\"\" loading=\"lazy\" aria-describedby=\"gallery-1-4540\" srcset=\"https:\/\/www.ozbekspor.com\/wp-content\/uploads\/IMG-20130802-01321-670x502-1-500x500.jpg 500w, https:\/\/www.ozbekspor.com\/wp-content\/uploads\/IMG-20130802-01321-670x502-1-300x300.jpg 300w, https:\/\/www.ozbekspor.com\/wp-content\/uploads\/IMG-20130802-01321-670x502-1-100x100.jpg 100w\" sizes=\"(max-width: 500px) 100vw, 500px\" \/><\/a>\n\t\t\t<\/div>\n\t\t\t\t<figcaption class='wp-caption-text gallery-caption' id='gallery-1-4540'>\n\t\t\t\t\u00d6S-TRB-01 Trib\u00fcn Koruma G\u00fcvenlik Filesi\n\t\t\t\t<\/figcaption><\/figure><figure class='gallery-item'>\n\t\t\t<div class='gallery-icon landscape'>\n\t\t\t\t<a href='https:\/\/www.ozbekspor.com\/?attachment_id=4539#main'><img width=\"500\" height=\"500\" src=\"https:\/\/www.ozbekspor.com\/wp-content\/uploads\/Tribun-bolme-filesi-670x502-2-500x500.jpg\" class=\"attachment-thumbnail size-thumbnail\" alt=\"\" loading=\"lazy\" aria-describedby=\"gallery-1-4539\" srcset=\"https:\/\/www.ozbekspor.com\/wp-content\/uploads\/Tribun-bolme-filesi-670x502-2-500x500.jpg 500w, https:\/\/www.ozbekspor.com\/wp-content\/uploads\/Tribun-bolme-filesi-670x502-2-300x300.jpg 300w, https:\/\/www.ozbekspor.com\/wp-content\/uploads\/Tribun-bolme-filesi-670x502-2-100x100.jpg 100w\" sizes=\"(max-width: 500px) 100vw, 500px\" \/><\/a>\n\t\t\t<\/div>\n\t\t\t\t<figcaption class='wp-caption-text gallery-caption' id='gallery-1-4539'>\n\t\t\t\t\u00d6S-TRB-01 Trib\u00fcn Koruma G\u00fcvenlik Filesi\n\t\t\t\t<\/figcaption><\/figure><figure class='gallery-item'>\n\t\t\t<div class='gallery-icon landscape'>\n\t\t\t\t<a href='https:\/\/www.ozbekspor.com\/?attachment_id=4536#main'><img width=\"500\" height=\"500\" src=\"https:\/\/www.ozbekspor.com\/wp-content\/uploads\/TRIBUN-BOLME-FILESI-500x500.jpg\" class=\"attachment-thumbnail size-thumbnail\" alt=\"\" loading=\"lazy\" aria-describedby=\"gallery-1-4536\" srcset=\"https:\/\/www.ozbekspor.com\/wp-content\/uploads\/TRIBUN-BOLME-FILESI-500x500.jpg 500w, https:\/\/www.ozbekspor.com\/wp-content\/uploads\/TRIBUN-BOLME-FILESI-300x300.jpg 300w, https:\/\/www.ozbekspor.com\/wp-content\/uploads\/TRIBUN-BOLME-FILESI-100x100.jpg 100w\" sizes=\"(max-width: 500px) 100vw, 500px\" \/><\/a>\n\t\t\t<\/div>\n\t\t\t\t<figcaption class='wp-caption-text gallery-caption' id='gallery-1-4536'>\n\t\t\t\t\u00d6S-TRB-01 Trib\u00fcn Koruma G\u00fcvenlik Filesi\n\t\t\t\t<\/figcaption><\/figure><figure class='gallery-item'>\n\t\t\t<div class='gallery-icon portrait'>\n\t\t\t\t<a href='https:\/\/www.ozbekspor.com\/?attachment_id=4535#main'><img width=\"478\" height=\"500\" src=\"https:\/\/www.ozbekspor.com\/wp-content\/uploads\/TRIBUN-ONU-FILESI-2-478x500.jpg\" class=\"attachment-thumbnail size-thumbnail\" alt=\"\" loading=\"lazy\" aria-describedby=\"gallery-1-4535\" \/><\/a>\n\t\t\t<\/div>\n\t\t\t\t<figcaption class='wp-caption-text gallery-caption' id='gallery-1-4535'>\n\t\t\t\t\u00d6S-TRB-01 Trib\u00fcn Koruma G\u00fcvenlik Filesi\n\t\t\t\t<\/figcaption><\/figure>\n\t\t<\/div>\n\n","protected":false},"excerpt":{"rendered":"<p><strong>A\u00e7\u0131k Alan \u00c7evre Kapama A\u011flar\u0131<\/strong><\/p>\n<p>T\u00fcm a\u00e7\u0131k alanlara uygulanan <strong>Emniyet ve Koruma A\u011flar\u0131<\/strong>, amac\u0131na uygun \u015fekilde, kullan\u0131m alanlar\u0131na g\u00f6re belirlenen teknik \u00f6zelliklerde \u00f6zel \u00fcretilmektedir.<\/p>\n","protected":false},"featured_media":4040,"template":"","meta":[],"_links":{"self":[{"href":"https:\/\/www.ozbekspor.com\/index.php?rest_route=\/wp\/v2\/product\/3169"}],"collection":[{"href":"https:\/\/www.ozbekspor.com\/index.php?rest_route=\/wp\/v2\/product"}],"about":[{"href":"https:\/\/www.ozbekspor.com\/index.php?rest_route=\/wp\/v2\/types\/product"}],"wp:featuredmedia":[{"embeddable":true,"href":"https:\/\/www.ozbekspor.com\/index.php?rest_route=\/wp\/v2\/media\/4040"}],"wp:attachment":[{"href":"https:\/\/www.ozbekspor.com\/index.php?rest_route=%2Fwp%2Fv2%2Fmedia&parent=3169"}],"curies":[{"name":"wp","href":"https:\/\/api.w.org\/{rel}","templated":true}]}}