{"id":1716,"date":"2020-02-17T15:22:19","date_gmt":"2020-02-17T15:22:19","guid":{"rendered":"https:\/\/www.ozbekspor.com\/?post_type=product&#038;p=1716"},"modified":"2020-02-21T11:43:47","modified_gmt":"2020-02-21T11:43:47","slug":"alpino","status":"publish","type":"product","link":"https:\/\/www.ozbekspor.com\/?product=alpino","title":{"rendered":"ALP\u0130NO"},"content":{"rendered":"<div id='gallery-1' class='gallery galleryid-1716 gallery-columns-4 gallery-size-thumbnail'><figure class='gallery-item'>\n\t\t\t<div class='gallery-icon portrait'>\n\t\t\t\t<a href='https:\/\/www.ozbekspor.com\/wp-content\/uploads\/71gmY6MAzVL._SL1500_.jpg'><img width=\"500\" height=\"500\" src=\"https:\/\/www.ozbekspor.com\/wp-content\/uploads\/71gmY6MAzVL._SL1500_-500x500.jpg\" class=\"attachment-thumbnail size-thumbnail\" alt=\"\" loading=\"lazy\" aria-describedby=\"gallery-1-1717\" srcset=\"https:\/\/www.ozbekspor.com\/wp-content\/uploads\/71gmY6MAzVL._SL1500_-500x500.jpg 500w, https:\/\/www.ozbekspor.com\/wp-content\/uploads\/71gmY6MAzVL._SL1500_-300x300.jpg 300w, https:\/\/www.ozbekspor.com\/wp-content\/uploads\/71gmY6MAzVL._SL1500_-100x100.jpg 100w\" sizes=\"(max-width: 500px) 100vw, 500px\" \/><\/a>\n\t\t\t<\/div>\n\t\t\t\t<figcaption class='wp-caption-text gallery-caption' id='gallery-1-1717'>\n\t\t\t\t\u00d6S-ALP01 ALP\u0130NO KE\u00c7EL\u0130 KALEM\n\t\t\t\t<\/figcaption><\/figure><figure class='gallery-item'>\n\t\t\t<div class='gallery-icon portrait'>\n\t\t\t\t<a href='https:\/\/www.ozbekspor.com\/wp-content\/uploads\/03032018122816.jpg'><img width=\"500\" height=\"500\" src=\"https:\/\/www.ozbekspor.com\/wp-content\/uploads\/03032018122816-500x500.jpg\" class=\"attachment-thumbnail size-thumbnail\" alt=\"\" loading=\"lazy\" aria-describedby=\"gallery-1-1718\" srcset=\"https:\/\/www.ozbekspor.com\/wp-content\/uploads\/03032018122816-500x500.jpg 500w, https:\/\/www.ozbekspor.com\/wp-content\/uploads\/03032018122816-300x300.jpg 300w, https:\/\/www.ozbekspor.com\/wp-content\/uploads\/03032018122816-100x100.jpg 100w\" sizes=\"(max-width: 500px) 100vw, 500px\" \/><\/a>\n\t\t\t<\/div>\n\t\t\t\t<figcaption class='wp-caption-text gallery-caption' id='gallery-1-1718'>\n\t\t\t\t\u00d6S-ALP02 ALP\u0130NO STANDARD KE\u00c7EL\u0130 KALEM\n\t\t\t\t<\/figcaption><\/figure><figure class='gallery-item'>\n\t\t\t<div class='gallery-icon portrait'>\n\t\t\t\t<a href='https:\/\/www.ozbekspor.com\/wp-content\/uploads\/alpinokec12max2072993522_1024.jpg'><img width=\"500\" height=\"500\" src=\"https:\/\/www.ozbekspor.com\/wp-content\/uploads\/alpinokec12max2072993522_1024-500x500.jpg\" class=\"attachment-thumbnail size-thumbnail\" alt=\"\" loading=\"lazy\" aria-describedby=\"gallery-1-1721\" srcset=\"https:\/\/www.ozbekspor.com\/wp-content\/uploads\/alpinokec12max2072993522_1024-500x500.jpg 500w, https:\/\/www.ozbekspor.com\/wp-content\/uploads\/alpinokec12max2072993522_1024-300x300.jpg 300w, https:\/\/www.ozbekspor.com\/wp-content\/uploads\/alpinokec12max2072993522_1024-100x100.jpg 100w\" sizes=\"(max-width: 500px) 100vw, 500px\" \/><\/a>\n\t\t\t<\/div>\n\t\t\t\t<figcaption class='wp-caption-text gallery-caption' id='gallery-1-1721'>\n\t\t\t\t\u00d6S-ALP03 ALP\u0130NO MAXI KE\u00c7EL\u0130 KALEM\n\t\t\t\t<\/figcaption><\/figure><figure class='gallery-item'>\n\t\t\t<div class='gallery-icon landscape'>\n\t\t\t\t<a href='https:\/\/www.ozbekspor.com\/wp-content\/uploads\/71iNCILRmQL._SL1000_.jpg'><img width=\"500\" height=\"500\" src=\"https:\/\/www.ozbekspor.com\/wp-content\/uploads\/71iNCILRmQL._SL1000_-500x500.jpg\" class=\"attachment-thumbnail size-thumbnail\" alt=\"\" loading=\"lazy\" aria-describedby=\"gallery-1-1719\" srcset=\"https:\/\/www.ozbekspor.com\/wp-content\/uploads\/71iNCILRmQL._SL1000_-500x500.jpg 500w, https:\/\/www.ozbekspor.com\/wp-content\/uploads\/71iNCILRmQL._SL1000_-800x800.jpg 800w, https:\/\/www.ozbekspor.com\/wp-content\/uploads\/71iNCILRmQL._SL1000_-768x768.jpg 768w, https:\/\/www.ozbekspor.com\/wp-content\/uploads\/71iNCILRmQL._SL1000_-300x300.jpg 300w, https:\/\/www.ozbekspor.com\/wp-content\/uploads\/71iNCILRmQL._SL1000_-600x600.jpg 600w, https:\/\/www.ozbekspor.com\/wp-content\/uploads\/71iNCILRmQL._SL1000_-100x100.jpg 100w, https:\/\/www.ozbekspor.com\/wp-content\/uploads\/71iNCILRmQL._SL1000_.jpg 1000w\" sizes=\"(max-width: 500px) 100vw, 500px\" \/><\/a>\n\t\t\t<\/div>\n\t\t\t\t<figcaption class='wp-caption-text gallery-caption' id='gallery-1-1719'>\n\t\t\t\t\u00d6S-ALP04 ALP\u0130NO BOYA KALEM\u0130\n\t\t\t\t<\/figcaption><\/figure><figure class='gallery-item'>\n\t\t\t<div class='gallery-icon landscape'>\n\t\t\t\t<a href='https:\/\/www.ozbekspor.com\/wp-content\/uploads\/9n2g3z.jpg'><img width=\"500\" height=\"500\" src=\"https:\/\/www.ozbekspor.com\/wp-content\/uploads\/9n2g3z-500x500.jpg\" class=\"attachment-thumbnail size-thumbnail\" alt=\"\" loading=\"lazy\" aria-describedby=\"gallery-1-1724\" srcset=\"https:\/\/www.ozbekspor.com\/wp-content\/uploads\/9n2g3z-500x500.jpg 500w, https:\/\/www.ozbekspor.com\/wp-content\/uploads\/9n2g3z-300x300.jpg 300w, https:\/\/www.ozbekspor.com\/wp-content\/uploads\/9n2g3z-100x100.jpg 100w\" sizes=\"(max-width: 500px) 100vw, 500px\" \/><\/a>\n\t\t\t<\/div>\n\t\t\t\t<figcaption class='wp-caption-text gallery-caption' id='gallery-1-1724'>\n\t\t\t\t\u00d6S-ALP05 ALP\u0130NO KE\u00c7EL\u0130 KALEM\n\t\t\t\t<\/figcaption><\/figure><figure class='gallery-item'>\n\t\t\t<div class='gallery-icon landscape'>\n\t\t\t\t<a href='https:\/\/www.ozbekspor.com\/wp-content\/uploads\/10120021901362.jpg'><img width=\"500\" height=\"500\" src=\"https:\/\/www.ozbekspor.com\/wp-content\/uploads\/10120021901362-500x500.jpg\" class=\"attachment-thumbnail size-thumbnail\" alt=\"\" loading=\"lazy\" aria-describedby=\"gallery-1-1720\" srcset=\"https:\/\/www.ozbekspor.com\/wp-content\/uploads\/10120021901362-500x500.jpg 500w, https:\/\/www.ozbekspor.com\/wp-content\/uploads\/10120021901362-800x800.jpg 800w, https:\/\/www.ozbekspor.com\/wp-content\/uploads\/10120021901362-768x768.jpg 768w, https:\/\/www.ozbekspor.com\/wp-content\/uploads\/10120021901362-300x300.jpg 300w, https:\/\/www.ozbekspor.com\/wp-content\/uploads\/10120021901362-600x600.jpg 600w, https:\/\/www.ozbekspor.com\/wp-content\/uploads\/10120021901362-100x100.jpg 100w, https:\/\/www.ozbekspor.com\/wp-content\/uploads\/10120021901362.jpg 1000w\" sizes=\"(max-width: 500px) 100vw, 500px\" \/><\/a>\n\t\t\t<\/div>\n\t\t\t\t<figcaption class='wp-caption-text gallery-caption' id='gallery-1-1720'>\n\t\t\t\t\u00d6S-ALP06 ALP\u0130NO KE\u00c7EL\u0130 KALEM\n\t\t\t\t<\/figcaption><\/figure><figure class='gallery-item'>\n\t\t\t<div class='gallery-icon landscape'>\n\t\t\t\t<a href='https:\/\/www.ozbekspor.com\/wp-content\/uploads\/1000x1000_thumb_82314.jpg'><img width=\"500\" height=\"500\" src=\"https:\/\/www.ozbekspor.com\/wp-content\/uploads\/1000x1000_thumb_82314-500x500.jpg\" class=\"attachment-thumbnail size-thumbnail\" alt=\"\" loading=\"lazy\" aria-describedby=\"gallery-1-1723\" srcset=\"https:\/\/www.ozbekspor.com\/wp-content\/uploads\/1000x1000_thumb_82314-500x500.jpg 500w, https:\/\/www.ozbekspor.com\/wp-content\/uploads\/1000x1000_thumb_82314-800x800.jpg 800w, https:\/\/www.ozbekspor.com\/wp-content\/uploads\/1000x1000_thumb_82314-768x768.jpg 768w, https:\/\/www.ozbekspor.com\/wp-content\/uploads\/1000x1000_thumb_82314-300x300.jpg 300w, https:\/\/www.ozbekspor.com\/wp-content\/uploads\/1000x1000_thumb_82314-600x600.jpg 600w, https:\/\/www.ozbekspor.com\/wp-content\/uploads\/1000x1000_thumb_82314-100x100.jpg 100w, https:\/\/www.ozbekspor.com\/wp-content\/uploads\/1000x1000_thumb_82314.jpg 1000w\" sizes=\"(max-width: 500px) 100vw, 500px\" \/><\/a>\n\t\t\t<\/div>\n\t\t\t\t<figcaption class='wp-caption-text gallery-caption' id='gallery-1-1723'>\n\t\t\t\t\u00d6S-ALP07 ALP\u0130NO PASTEL BOYA KALEM\n\t\t\t\t<\/figcaption><\/figure><figure class='gallery-item'>\n\t\t\t<div class='gallery-icon portrait'>\n\t\t\t\t<a href='https:\/\/www.ozbekspor.com\/wp-content\/uploads\/ALPINO-AR-0169-CREA-PAINT-MARKER-2LI-BLS-6e88.jpg'><img width=\"500\" height=\"500\" src=\"https:\/\/www.ozbekspor.com\/wp-content\/uploads\/ALPINO-AR-0169-CREA-PAINT-MARKER-2LI-BLS-6e88-500x500.jpg\" class=\"attachment-thumbnail size-thumbnail\" alt=\"\" loading=\"lazy\" aria-describedby=\"gallery-1-1722\" srcset=\"https:\/\/www.ozbekspor.com\/wp-content\/uploads\/ALPINO-AR-0169-CREA-PAINT-MARKER-2LI-BLS-6e88-500x500.jpg 500w, https:\/\/www.ozbekspor.com\/wp-content\/uploads\/ALPINO-AR-0169-CREA-PAINT-MARKER-2LI-BLS-6e88-300x300.jpg 300w, https:\/\/www.ozbekspor.com\/wp-content\/uploads\/ALPINO-AR-0169-CREA-PAINT-MARKER-2LI-BLS-6e88-100x100.jpg 100w\" sizes=\"(max-width: 500px) 100vw, 500px\" \/><\/a>\n\t\t\t<\/div>\n\t\t\t\t<figcaption class='wp-caption-text gallery-caption' id='gallery-1-1722'>\n\t\t\t\t\u00d6S-ALP08 ALP\u0130NO CREA PAINT BOARD MARKER KALEM\u0130\n\t\t\t\t<\/figcaption><\/figure>\n\t\t<\/div>\n\n","protected":false},"excerpt":{"rendered":"","protected":false},"featured_media":1719,"template":"","meta":[],"_links":{"self":[{"href":"https:\/\/www.ozbekspor.com\/index.php?rest_route=\/wp\/v2\/product\/1716"}],"collection":[{"href":"https:\/\/www.ozbekspor.com\/index.php?rest_route=\/wp\/v2\/product"}],"about":[{"href":"https:\/\/www.ozbekspor.com\/index.php?rest_route=\/wp\/v2\/types\/product"}],"wp:featuredmedia":[{"embeddable":true,"href":"https:\/\/www.ozbekspor.com\/index.php?rest_route=\/wp\/v2\/media\/1719"}],"wp:attachment":[{"href":"https:\/\/www.ozbekspor.com\/index.php?rest_route=%2Fwp%2Fv2%2Fmedia&parent=1716"}],"curies":[{"name":"wp","href":"https:\/\/api.w.org\/{rel}","templated":true}]}}