{"id":1704,"date":"2020-02-17T15:20:48","date_gmt":"2020-02-17T15:20:48","guid":{"rendered":"https:\/\/www.ozbekspor.com\/?post_type=product&#038;p=1704"},"modified":"2020-02-21T12:42:58","modified_gmt":"2020-02-21T12:42:58","slug":"sudor","status":"publish","type":"product","link":"https:\/\/www.ozbekspor.com\/?product=sudor","title":{"rendered":"S\u00dcDOR"},"content":{"rendered":"<div id='gallery-1' class='gallery galleryid-1704 gallery-columns-4 gallery-size-thumbnail'><figure class='gallery-item'>\n\t\t\t<div class='gallery-icon landscape'>\n\t\t\t\t<a href='https:\/\/www.ozbekspor.com\/wp-content\/uploads\/yuz-boyasi-sudor-6-set-sudor-yuz-boyasi-6987229146_1024.jpg'><img width=\"500\" height=\"500\" src=\"https:\/\/www.ozbekspor.com\/wp-content\/uploads\/yuz-boyasi-sudor-6-set-sudor-yuz-boyasi-6987229146_1024-500x500.jpg\" class=\"attachment-thumbnail size-thumbnail\" alt=\"\" loading=\"lazy\" aria-describedby=\"gallery-1-1708\" srcset=\"https:\/\/www.ozbekspor.com\/wp-content\/uploads\/yuz-boyasi-sudor-6-set-sudor-yuz-boyasi-6987229146_1024-500x500.jpg 500w, https:\/\/www.ozbekspor.com\/wp-content\/uploads\/yuz-boyasi-sudor-6-set-sudor-yuz-boyasi-6987229146_1024-800x800.jpg 800w, https:\/\/www.ozbekspor.com\/wp-content\/uploads\/yuz-boyasi-sudor-6-set-sudor-yuz-boyasi-6987229146_1024-768x768.jpg 768w, https:\/\/www.ozbekspor.com\/wp-content\/uploads\/yuz-boyasi-sudor-6-set-sudor-yuz-boyasi-6987229146_1024-300x300.jpg 300w, https:\/\/www.ozbekspor.com\/wp-content\/uploads\/yuz-boyasi-sudor-6-set-sudor-yuz-boyasi-6987229146_1024-600x600.jpg 600w, https:\/\/www.ozbekspor.com\/wp-content\/uploads\/yuz-boyasi-sudor-6-set-sudor-yuz-boyasi-6987229146_1024-100x100.jpg 100w, https:\/\/www.ozbekspor.com\/wp-content\/uploads\/yuz-boyasi-sudor-6-set-sudor-yuz-boyasi-6987229146_1024.jpg 1000w\" sizes=\"(max-width: 500px) 100vw, 500px\" \/><\/a>\n\t\t\t<\/div>\n\t\t\t\t<figcaption class='wp-caption-text gallery-caption' id='gallery-1-1708'>\n\t\t\t\t\u00d6S-YB01 S\u00dcDOR Y\u00dcZ BOYASI SET 6\n\t\t\t\t<\/figcaption><\/figure><figure class='gallery-item'>\n\t\t\t<div class='gallery-icon landscape'>\n\t\t\t\t<a href='https:\/\/www.ozbekspor.com\/wp-content\/uploads\/cam-boyasi-sudor-10-renk-2.jpg'><img width=\"500\" height=\"500\" src=\"https:\/\/www.ozbekspor.com\/wp-content\/uploads\/cam-boyasi-sudor-10-renk-2-500x500.jpg\" class=\"attachment-thumbnail size-thumbnail\" alt=\"\" loading=\"lazy\" aria-describedby=\"gallery-1-1705\" srcset=\"https:\/\/www.ozbekspor.com\/wp-content\/uploads\/cam-boyasi-sudor-10-renk-2-500x500.jpg 500w, https:\/\/www.ozbekspor.com\/wp-content\/uploads\/cam-boyasi-sudor-10-renk-2-800x800.jpg 800w, https:\/\/www.ozbekspor.com\/wp-content\/uploads\/cam-boyasi-sudor-10-renk-2-768x768.jpg 768w, https:\/\/www.ozbekspor.com\/wp-content\/uploads\/cam-boyasi-sudor-10-renk-2-300x300.jpg 300w, https:\/\/www.ozbekspor.com\/wp-content\/uploads\/cam-boyasi-sudor-10-renk-2-600x600.jpg 600w, https:\/\/www.ozbekspor.com\/wp-content\/uploads\/cam-boyasi-sudor-10-renk-2-100x100.jpg 100w, https:\/\/www.ozbekspor.com\/wp-content\/uploads\/cam-boyasi-sudor-10-renk-2.jpg 1000w\" sizes=\"(max-width: 500px) 100vw, 500px\" \/><\/a>\n\t\t\t<\/div>\n\t\t\t\t<figcaption class='wp-caption-text gallery-caption' id='gallery-1-1705'>\n\t\t\t\t\u00d6S-SD300S S\u00dcDOR CAM BOYA SU BAZLI 15ml\n\t\t\t\t<\/figcaption><\/figure><figure class='gallery-item'>\n\t\t\t<div class='gallery-icon landscape'>\n\t\t\t\t<a href='https:\/\/www.ozbekspor.com\/wp-content\/uploads\/cam-boyasi-sudor-10-renk-1.jpg'><img width=\"500\" height=\"500\" src=\"https:\/\/www.ozbekspor.com\/wp-content\/uploads\/cam-boyasi-sudor-10-renk-1-500x500.jpg\" class=\"attachment-thumbnail size-thumbnail\" alt=\"\" loading=\"lazy\" aria-describedby=\"gallery-1-1707\" srcset=\"https:\/\/www.ozbekspor.com\/wp-content\/uploads\/cam-boyasi-sudor-10-renk-1-500x500.jpg 500w, https:\/\/www.ozbekspor.com\/wp-content\/uploads\/cam-boyasi-sudor-10-renk-1-800x800.jpg 800w, https:\/\/www.ozbekspor.com\/wp-content\/uploads\/cam-boyasi-sudor-10-renk-1-768x768.jpg 768w, https:\/\/www.ozbekspor.com\/wp-content\/uploads\/cam-boyasi-sudor-10-renk-1-300x300.jpg 300w, https:\/\/www.ozbekspor.com\/wp-content\/uploads\/cam-boyasi-sudor-10-renk-1-600x600.jpg 600w, https:\/\/www.ozbekspor.com\/wp-content\/uploads\/cam-boyasi-sudor-10-renk-1-100x100.jpg 100w, https:\/\/www.ozbekspor.com\/wp-content\/uploads\/cam-boyasi-sudor-10-renk-1.jpg 1000w\" sizes=\"(max-width: 500px) 100vw, 500px\" \/><\/a>\n\t\t\t<\/div>\n\t\t\t\t<figcaption class='wp-caption-text gallery-caption' id='gallery-1-1707'>\n\t\t\t\t\u00d6S-SD322S S\u00dcDOR CAM BOYA SU BAZLI SET 10x15ml\n\t\t\t\t<\/figcaption><\/figure><figure class='gallery-item'>\n\t\t\t<div class='gallery-icon landscape'>\n\t\t\t\t<a href='https:\/\/www.ozbekspor.com\/wp-content\/uploads\/10290271158322.jpg'><img width=\"500\" height=\"500\" src=\"https:\/\/www.ozbekspor.com\/wp-content\/uploads\/10290271158322-500x500.jpg\" class=\"attachment-thumbnail size-thumbnail\" alt=\"\" loading=\"lazy\" aria-describedby=\"gallery-1-1711\" srcset=\"https:\/\/www.ozbekspor.com\/wp-content\/uploads\/10290271158322-500x500.jpg 500w, https:\/\/www.ozbekspor.com\/wp-content\/uploads\/10290271158322-800x800.jpg 800w, https:\/\/www.ozbekspor.com\/wp-content\/uploads\/10290271158322-768x768.jpg 768w, https:\/\/www.ozbekspor.com\/wp-content\/uploads\/10290271158322-300x300.jpg 300w, https:\/\/www.ozbekspor.com\/wp-content\/uploads\/10290271158322-600x600.jpg 600w, https:\/\/www.ozbekspor.com\/wp-content\/uploads\/10290271158322-100x100.jpg 100w, https:\/\/www.ozbekspor.com\/wp-content\/uploads\/10290271158322.jpg 1000w\" sizes=\"(max-width: 500px) 100vw, 500px\" \/><\/a>\n\t\t\t<\/div>\n\t\t\t\t<figcaption class='wp-caption-text gallery-caption' id='gallery-1-1711'>\n\t\t\t\t\u00d6S-SD622 S\u00dcDOR MYD\u0130DO PASTEL BOYA 12 RENK\n\t\t\t\t<\/figcaption><\/figure><figure class='gallery-item'>\n\t\t\t<div class='gallery-icon landscape'>\n\t\t\t\t<a href='https:\/\/www.ozbekspor.com\/wp-content\/uploads\/ed4df598-a26d-42d7-bb4c-c96aeef7020e.jpg'><img width=\"500\" height=\"500\" src=\"https:\/\/www.ozbekspor.com\/wp-content\/uploads\/ed4df598-a26d-42d7-bb4c-c96aeef7020e-500x500.jpg\" class=\"attachment-thumbnail size-thumbnail\" alt=\"\" loading=\"lazy\" aria-describedby=\"gallery-1-1715\" srcset=\"https:\/\/www.ozbekspor.com\/wp-content\/uploads\/ed4df598-a26d-42d7-bb4c-c96aeef7020e-500x500.jpg 500w, https:\/\/www.ozbekspor.com\/wp-content\/uploads\/ed4df598-a26d-42d7-bb4c-c96aeef7020e-800x800.jpg 800w, https:\/\/www.ozbekspor.com\/wp-content\/uploads\/ed4df598-a26d-42d7-bb4c-c96aeef7020e-768x768.jpg 768w, https:\/\/www.ozbekspor.com\/wp-content\/uploads\/ed4df598-a26d-42d7-bb4c-c96aeef7020e-300x300.jpg 300w, https:\/\/www.ozbekspor.com\/wp-content\/uploads\/ed4df598-a26d-42d7-bb4c-c96aeef7020e-600x600.jpg 600w, https:\/\/www.ozbekspor.com\/wp-content\/uploads\/ed4df598-a26d-42d7-bb4c-c96aeef7020e-100x100.jpg 100w, https:\/\/www.ozbekspor.com\/wp-content\/uploads\/ed4df598-a26d-42d7-bb4c-c96aeef7020e.jpg 1000w\" sizes=\"(max-width: 500px) 100vw, 500px\" \/><\/a>\n\t\t\t<\/div>\n\t\t\t\t<figcaption class='wp-caption-text gallery-caption' id='gallery-1-1715'>\n\t\t\t\t\u00d6S-KK01 S\u00dcDOR MYD\u0130DO KE\u00c7EL\u0130 KALEM 12 RENK\n\t\t\t\t<\/figcaption><\/figure><figure class='gallery-item'>\n\t\t\t<div class='gallery-icon portrait'>\n\t\t\t\t<a href='https:\/\/www.ozbekspor.com\/wp-content\/uploads\/sudor-cevirmeli-mum-boya-set-1-5812-jpg.jpg'><img width=\"500\" height=\"500\" src=\"https:\/\/www.ozbekspor.com\/wp-content\/uploads\/sudor-cevirmeli-mum-boya-set-1-5812-jpg-500x500.jpg\" class=\"attachment-thumbnail size-thumbnail\" alt=\"\" loading=\"lazy\" aria-describedby=\"gallery-1-1709\" srcset=\"https:\/\/www.ozbekspor.com\/wp-content\/uploads\/sudor-cevirmeli-mum-boya-set-1-5812-jpg-500x500.jpg 500w, https:\/\/www.ozbekspor.com\/wp-content\/uploads\/sudor-cevirmeli-mum-boya-set-1-5812-jpg-300x300.jpg 300w, https:\/\/www.ozbekspor.com\/wp-content\/uploads\/sudor-cevirmeli-mum-boya-set-1-5812-jpg-100x100.jpg 100w\" sizes=\"(max-width: 500px) 100vw, 500px\" \/><\/a>\n\t\t\t<\/div>\n\t\t\t\t<figcaption class='wp-caption-text gallery-caption' id='gallery-1-1709'>\n\t\t\t\t\u00d6S-YD08 S\u00dcDOR \u00c7EV\u0130RMEL\u0130 MUM BOYA SET 12\n\t\t\t\t<\/figcaption><\/figure><figure class='gallery-item'>\n\t\t\t<div class='gallery-icon portrait'>\n\t\t\t\t<a href='https:\/\/www.ozbekspor.com\/wp-content\/uploads\/MY-DIDO-SULU-BOYA-12LI-ORTA-0956.jpg'><img width=\"500\" height=\"500\" src=\"https:\/\/www.ozbekspor.com\/wp-content\/uploads\/MY-DIDO-SULU-BOYA-12LI-ORTA-0956-500x500.jpg\" class=\"attachment-thumbnail size-thumbnail\" alt=\"\" loading=\"lazy\" aria-describedby=\"gallery-1-1713\" srcset=\"https:\/\/www.ozbekspor.com\/wp-content\/uploads\/MY-DIDO-SULU-BOYA-12LI-ORTA-0956-500x500.jpg 500w, https:\/\/www.ozbekspor.com\/wp-content\/uploads\/MY-DIDO-SULU-BOYA-12LI-ORTA-0956-300x300.jpg 300w, https:\/\/www.ozbekspor.com\/wp-content\/uploads\/MY-DIDO-SULU-BOYA-12LI-ORTA-0956-100x100.jpg 100w\" sizes=\"(max-width: 500px) 100vw, 500px\" \/><\/a>\n\t\t\t<\/div>\n\t\t\t\t<figcaption class='wp-caption-text gallery-caption' id='gallery-1-1713'>\n\t\t\t\t\u00d6S-MY0125 S\u00dcDOR MYD\u0130DO SULU BOYA 12&#8217;L\u0130 ORTA BOY\n\t\t\t\t<\/figcaption><\/figure><figure class='gallery-item'>\n\t\t\t<div class='gallery-icon landscape'>\n\t\t\t\t<a href='https:\/\/www.ozbekspor.com\/wp-content\/uploads\/Sudor-Kuru-Boya-Kalemi-12-Renk-86965111-45fd.jpg'><img width=\"500\" height=\"500\" src=\"https:\/\/www.ozbekspor.com\/wp-content\/uploads\/Sudor-Kuru-Boya-Kalemi-12-Renk-86965111-45fd-500x500.jpg\" class=\"attachment-thumbnail size-thumbnail\" alt=\"\" loading=\"lazy\" aria-describedby=\"gallery-1-1710\" srcset=\"https:\/\/www.ozbekspor.com\/wp-content\/uploads\/Sudor-Kuru-Boya-Kalemi-12-Renk-86965111-45fd-500x500.jpg 500w, https:\/\/www.ozbekspor.com\/wp-content\/uploads\/Sudor-Kuru-Boya-Kalemi-12-Renk-86965111-45fd-800x800.jpg 800w, https:\/\/www.ozbekspor.com\/wp-content\/uploads\/Sudor-Kuru-Boya-Kalemi-12-Renk-86965111-45fd-768x768.jpg 768w, https:\/\/www.ozbekspor.com\/wp-content\/uploads\/Sudor-Kuru-Boya-Kalemi-12-Renk-86965111-45fd-300x300.jpg 300w, https:\/\/www.ozbekspor.com\/wp-content\/uploads\/Sudor-Kuru-Boya-Kalemi-12-Renk-86965111-45fd-600x600.jpg 600w, https:\/\/www.ozbekspor.com\/wp-content\/uploads\/Sudor-Kuru-Boya-Kalemi-12-Renk-86965111-45fd-100x100.jpg 100w, https:\/\/www.ozbekspor.com\/wp-content\/uploads\/Sudor-Kuru-Boya-Kalemi-12-Renk-86965111-45fd.jpg 1000w\" sizes=\"(max-width: 500px) 100vw, 500px\" \/><\/a>\n\t\t\t<\/div>\n\t\t\t\t<figcaption class='wp-caption-text gallery-caption' id='gallery-1-1710'>\n\t\t\t\t\u00d6S-MYK02 S\u00dcDOR KURU BOYA KALEM\u0130 12 RENK\n\t\t\t\t<\/figcaption><\/figure><figure class='gallery-item'>\n\t\t\t<div class='gallery-icon portrait'>\n\t\t\t\t<a href='https:\/\/www.ozbekspor.com\/wp-content\/uploads\/1_org_zoom-1.jpg'><img width=\"500\" height=\"500\" src=\"https:\/\/www.ozbekspor.com\/wp-content\/uploads\/1_org_zoom-1-500x500.jpg\" class=\"attachment-thumbnail size-thumbnail\" alt=\"\" loading=\"lazy\" aria-describedby=\"gallery-1-1714\" srcset=\"https:\/\/www.ozbekspor.com\/wp-content\/uploads\/1_org_zoom-1-500x500.jpg 500w, https:\/\/www.ozbekspor.com\/wp-content\/uploads\/1_org_zoom-1-300x300.jpg 300w, https:\/\/www.ozbekspor.com\/wp-content\/uploads\/1_org_zoom-1-100x100.jpg 100w\" sizes=\"(max-width: 500px) 100vw, 500px\" \/><\/a>\n\t\t\t<\/div>\n\t\t\t\t<figcaption class='wp-caption-text gallery-caption' id='gallery-1-1714'>\n\t\t\t\t\u00d6S-SD1006F S\u00dcDOR MULT\u0130 AKR\u0130L\u0130K FOSFORLU SET 6x70ml\n\t\t\t\t<\/figcaption><\/figure><figure class='gallery-item'>\n\t\t\t<div class='gallery-icon landscape'>\n\t\t\t\t<a href='https:\/\/www.ozbekspor.com\/wp-content\/uploads\/SUDOR-20X30CM-SIMLI-EVA-10-LU-PAKET-a385.jpg'><img width=\"500\" height=\"500\" src=\"https:\/\/www.ozbekspor.com\/wp-content\/uploads\/SUDOR-20X30CM-SIMLI-EVA-10-LU-PAKET-a385-500x500.jpg\" class=\"attachment-thumbnail size-thumbnail\" alt=\"\" loading=\"lazy\" aria-describedby=\"gallery-1-1706\" srcset=\"https:\/\/www.ozbekspor.com\/wp-content\/uploads\/SUDOR-20X30CM-SIMLI-EVA-10-LU-PAKET-a385-500x500.jpg 500w, https:\/\/www.ozbekspor.com\/wp-content\/uploads\/SUDOR-20X30CM-SIMLI-EVA-10-LU-PAKET-a385-300x300.jpg 300w, https:\/\/www.ozbekspor.com\/wp-content\/uploads\/SUDOR-20X30CM-SIMLI-EVA-10-LU-PAKET-a385-100x100.jpg 100w\" sizes=\"(max-width: 500px) 100vw, 500px\" \/><\/a>\n\t\t\t<\/div>\n\t\t\t\t<figcaption class='wp-caption-text gallery-caption' id='gallery-1-1706'>\n\t\t\t\t\u00d6S-SK01 EVA 20&#215;30 2mm 10 RENKL\u0130 S\u0130ML\u0130\n\t\t\t\t<\/figcaption><\/figure><figure class='gallery-item'>\n\t\t\t<div class='gallery-icon landscape'>\n\t\t\t\t<a href='https:\/\/www.ozbekspor.com\/wp-content\/uploads\/9921428881458.jpg'><img width=\"500\" height=\"500\" src=\"https:\/\/www.ozbekspor.com\/wp-content\/uploads\/9921428881458-500x500.jpg\" class=\"attachment-thumbnail size-thumbnail\" alt=\"\" loading=\"lazy\" aria-describedby=\"gallery-1-1712\" srcset=\"https:\/\/www.ozbekspor.com\/wp-content\/uploads\/9921428881458-500x500.jpg 500w, https:\/\/www.ozbekspor.com\/wp-content\/uploads\/9921428881458-800x800.jpg 800w, https:\/\/www.ozbekspor.com\/wp-content\/uploads\/9921428881458-768x768.jpg 768w, https:\/\/www.ozbekspor.com\/wp-content\/uploads\/9921428881458-300x300.jpg 300w, https:\/\/www.ozbekspor.com\/wp-content\/uploads\/9921428881458-600x600.jpg 600w, https:\/\/www.ozbekspor.com\/wp-content\/uploads\/9921428881458-100x100.jpg 100w, https:\/\/www.ozbekspor.com\/wp-content\/uploads\/9921428881458.jpg 1000w\" sizes=\"(max-width: 500px) 100vw, 500px\" \/><\/a>\n\t\t\t<\/div>\n\t\t\t\t<figcaption class='wp-caption-text gallery-caption' id='gallery-1-1712'>\n\t\t\t\t\u00d6S-BS71 S\u00dcDOR AH\u015eAP \u00c7UBUK B\u00dcY\u00dcK RENKL\u0130\n\t\t\t\t<\/figcaption><\/figure>\n\t\t<\/div>\n\n","protected":false},"excerpt":{"rendered":"","protected":false},"featured_media":1705,"template":"","meta":[],"_links":{"self":[{"href":"https:\/\/www.ozbekspor.com\/index.php?rest_route=\/wp\/v2\/product\/1704"}],"collection":[{"href":"https:\/\/www.ozbekspor.com\/index.php?rest_route=\/wp\/v2\/product"}],"about":[{"href":"https:\/\/www.ozbekspor.com\/index.php?rest_route=\/wp\/v2\/types\/product"}],"wp:featuredmedia":[{"embeddable":true,"href":"https:\/\/www.ozbekspor.com\/index.php?rest_route=\/wp\/v2\/media\/1705"}],"wp:attachment":[{"href":"https:\/\/www.ozbekspor.com\/index.php?rest_route=%2Fwp%2Fv2%2Fmedia&parent=1704"}],"curies":[{"name":"wp","href":"https:\/\/api.w.org\/{rel}","templated":true}]}}