{"id":1694,"date":"2020-02-17T15:18:30","date_gmt":"2020-02-17T15:18:30","guid":{"rendered":"https:\/\/www.ozbekspor.com\/?post_type=product&#038;p=1694"},"modified":"2020-02-21T10:01:25","modified_gmt":"2020-02-21T10:01:25","slug":"adel","status":"publish","type":"product","link":"https:\/\/www.ozbekspor.com\/?product=adel","title":{"rendered":"ADEL"},"content":{"rendered":"<div id='gallery-1' class='gallery galleryid-1694 gallery-columns-4 gallery-size-thumbnail'><figure class='gallery-item'>\n\t\t\t<div class='gallery-icon landscape'>\n\t\t\t\t<a href='https:\/\/www.ozbekspor.com\/wp-content\/uploads\/adel-jumbo-metal-tup-boya-kalemi-12-li-2119510003-1-900x900-1.jpg'><img width=\"500\" height=\"500\" src=\"https:\/\/www.ozbekspor.com\/wp-content\/uploads\/adel-jumbo-metal-tup-boya-kalemi-12-li-2119510003-1-900x900-1-500x500.jpg\" class=\"attachment-thumbnail size-thumbnail\" alt=\"\" loading=\"lazy\" aria-describedby=\"gallery-1-1695\" srcset=\"https:\/\/www.ozbekspor.com\/wp-content\/uploads\/adel-jumbo-metal-tup-boya-kalemi-12-li-2119510003-1-900x900-1-500x500.jpg 500w, https:\/\/www.ozbekspor.com\/wp-content\/uploads\/adel-jumbo-metal-tup-boya-kalemi-12-li-2119510003-1-900x900-1-800x800.jpg 800w, https:\/\/www.ozbekspor.com\/wp-content\/uploads\/adel-jumbo-metal-tup-boya-kalemi-12-li-2119510003-1-900x900-1-768x768.jpg 768w, https:\/\/www.ozbekspor.com\/wp-content\/uploads\/adel-jumbo-metal-tup-boya-kalemi-12-li-2119510003-1-900x900-1-300x300.jpg 300w, https:\/\/www.ozbekspor.com\/wp-content\/uploads\/adel-jumbo-metal-tup-boya-kalemi-12-li-2119510003-1-900x900-1-600x600.jpg 600w, https:\/\/www.ozbekspor.com\/wp-content\/uploads\/adel-jumbo-metal-tup-boya-kalemi-12-li-2119510003-1-900x900-1-100x100.jpg 100w, https:\/\/www.ozbekspor.com\/wp-content\/uploads\/adel-jumbo-metal-tup-boya-kalemi-12-li-2119510003-1-900x900-1.jpg 1000w\" sizes=\"(max-width: 500px) 100vw, 500px\" \/><\/a>\n\t\t\t<\/div>\n\t\t\t\t<figcaption class='wp-caption-text gallery-caption' id='gallery-1-1695'>\n\t\t\t\tADEL JUMBO METAL T\u00dcP KURU BOYA 12&#8217;L\u0130\u0130\n\t\t\t\t<\/figcaption><\/figure><figure class='gallery-item'>\n\t\t\t<div class='gallery-icon landscape'>\n\t\t\t\t<a href='https:\/\/www.ozbekspor.com\/wp-content\/uploads\/adel-kimin.jpg'><img width=\"500\" height=\"500\" src=\"https:\/\/www.ozbekspor.com\/wp-content\/uploads\/adel-kimin-500x500.jpg\" class=\"attachment-thumbnail size-thumbnail\" alt=\"\" loading=\"lazy\" aria-describedby=\"gallery-1-1696\" srcset=\"https:\/\/www.ozbekspor.com\/wp-content\/uploads\/adel-kimin-500x500.jpg 500w, https:\/\/www.ozbekspor.com\/wp-content\/uploads\/adel-kimin-300x300.jpg 300w, https:\/\/www.ozbekspor.com\/wp-content\/uploads\/adel-kimin-100x100.jpg 100w\" sizes=\"(max-width: 500px) 100vw, 500px\" \/><\/a>\n\t\t\t<\/div>\n\t\t\t\t<figcaption class='wp-caption-text gallery-caption' id='gallery-1-1696'>\n\t\t\t\tADEL KURU BOYA \u00c7E\u015e\u0130TLER\u0130\n\t\t\t\t<\/figcaption><\/figure><figure class='gallery-item'>\n\t\t\t<div class='gallery-icon landscape'>\n\t\t\t\t<a href='https:\/\/www.ozbekspor.com\/wp-content\/uploads\/jumbo-boya-kalemi-12li-adel-kirtasiye-okul-urunu-1.jpg'><img width=\"500\" height=\"500\" src=\"https:\/\/www.ozbekspor.com\/wp-content\/uploads\/jumbo-boya-kalemi-12li-adel-kirtasiye-okul-urunu-1-500x500.jpg\" class=\"attachment-thumbnail size-thumbnail\" alt=\"\" loading=\"lazy\" aria-describedby=\"gallery-1-1697\" srcset=\"https:\/\/www.ozbekspor.com\/wp-content\/uploads\/jumbo-boya-kalemi-12li-adel-kirtasiye-okul-urunu-1-500x500.jpg 500w, https:\/\/www.ozbekspor.com\/wp-content\/uploads\/jumbo-boya-kalemi-12li-adel-kirtasiye-okul-urunu-1-800x800.jpg 800w, https:\/\/www.ozbekspor.com\/wp-content\/uploads\/jumbo-boya-kalemi-12li-adel-kirtasiye-okul-urunu-1-768x768.jpg 768w, https:\/\/www.ozbekspor.com\/wp-content\/uploads\/jumbo-boya-kalemi-12li-adel-kirtasiye-okul-urunu-1-300x300.jpg 300w, https:\/\/www.ozbekspor.com\/wp-content\/uploads\/jumbo-boya-kalemi-12li-adel-kirtasiye-okul-urunu-1-600x600.jpg 600w, https:\/\/www.ozbekspor.com\/wp-content\/uploads\/jumbo-boya-kalemi-12li-adel-kirtasiye-okul-urunu-1-100x100.jpg 100w, https:\/\/www.ozbekspor.com\/wp-content\/uploads\/jumbo-boya-kalemi-12li-adel-kirtasiye-okul-urunu-1.jpg 1000w\" sizes=\"(max-width: 500px) 100vw, 500px\" \/><\/a>\n\t\t\t<\/div>\n\t\t\t\t<figcaption class='wp-caption-text gallery-caption' id='gallery-1-1697'>\n\t\t\t\tADEL JUMBO 12&#8217;L\u0130 BOYA KALEM\u0130\n\t\t\t\t<\/figcaption><\/figure>\n\t\t<\/div>\n\n","protected":false},"excerpt":{"rendered":"","protected":false},"featured_media":1697,"template":"","meta":[],"_links":{"self":[{"href":"https:\/\/www.ozbekspor.com\/index.php?rest_route=\/wp\/v2\/product\/1694"}],"collection":[{"href":"https:\/\/www.ozbekspor.com\/index.php?rest_route=\/wp\/v2\/product"}],"about":[{"href":"https:\/\/www.ozbekspor.com\/index.php?rest_route=\/wp\/v2\/types\/product"}],"wp:featuredmedia":[{"embeddable":true,"href":"https:\/\/www.ozbekspor.com\/index.php?rest_route=\/wp\/v2\/media\/1697"}],"wp:attachment":[{"href":"https:\/\/www.ozbekspor.com\/index.php?rest_route=%2Fwp%2Fv2%2Fmedia&parent=1694"}],"curies":[{"name":"wp","href":"https:\/\/api.w.org\/{rel}","templated":true}]}}