{"id":1456,"date":"2020-02-17T14:52:28","date_gmt":"2020-02-17T14:52:28","guid":{"rendered":"https:\/\/www.ozbekspor.com\/?post_type=product&#038;p=1456"},"modified":"2021-01-22T11:09:45","modified_gmt":"2021-01-22T11:09:45","slug":"amerikan-futbolu","status":"publish","type":"product","link":"https:\/\/www.ozbekspor.com\/?product=amerikan-futbolu","title":{"rendered":"Amerikan Futbolu"},"content":{"rendered":"<div id='gallery-1' class='gallery galleryid-1456 gallery-columns-4 gallery-size-thumbnail'><figure class='gallery-item'>\n\t\t\t<div class='gallery-icon landscape'>\n\t\t\t\t<a href='https:\/\/www.ozbekspor.com\/wp-content\/uploads\/img002.jpg'><img width=\"500\" height=\"500\" src=\"https:\/\/www.ozbekspor.com\/wp-content\/uploads\/img002-500x500.jpg\" class=\"attachment-thumbnail size-thumbnail\" alt=\"\" loading=\"lazy\" aria-describedby=\"gallery-1-1458\" srcset=\"https:\/\/www.ozbekspor.com\/wp-content\/uploads\/img002-500x500.jpg 500w, https:\/\/www.ozbekspor.com\/wp-content\/uploads\/img002-300x300.jpg 300w, https:\/\/www.ozbekspor.com\/wp-content\/uploads\/img002-100x100.jpg 100w\" sizes=\"(max-width: 500px) 100vw, 500px\" \/><\/a>\n\t\t\t<\/div>\n\t\t\t\t<figcaption class='wp-caption-text gallery-caption' id='gallery-1-1458'>\n\t\t\t\tAMER\u0130KAN FUTBOLU MA\u00c7 TOPU\n\t\t\t\t<\/figcaption><\/figure><figure class='gallery-item'>\n\t\t\t<div class='gallery-icon landscape'>\n\t\t\t\t<a href='https:\/\/www.ozbekspor.com\/wp-content\/uploads\/nike-all-field-3-0-fb-9-amerikan-futbol-topu-n-fi-04-222-1.jpg'><img width=\"500\" height=\"500\" src=\"https:\/\/www.ozbekspor.com\/wp-content\/uploads\/nike-all-field-3-0-fb-9-amerikan-futbol-topu-n-fi-04-222-1-500x500.jpg\" class=\"attachment-thumbnail size-thumbnail\" alt=\"\" loading=\"lazy\" aria-describedby=\"gallery-1-1457\" srcset=\"https:\/\/www.ozbekspor.com\/wp-content\/uploads\/nike-all-field-3-0-fb-9-amerikan-futbol-topu-n-fi-04-222-1-500x500.jpg 500w, https:\/\/www.ozbekspor.com\/wp-content\/uploads\/nike-all-field-3-0-fb-9-amerikan-futbol-topu-n-fi-04-222-1-300x300.jpg 300w, https:\/\/www.ozbekspor.com\/wp-content\/uploads\/nike-all-field-3-0-fb-9-amerikan-futbol-topu-n-fi-04-222-1-100x100.jpg 100w\" sizes=\"(max-width: 500px) 100vw, 500px\" \/><\/a>\n\t\t\t<\/div>\n\t\t\t\t<figcaption class='wp-caption-text gallery-caption' id='gallery-1-1457'>\n\t\t\t\tNIKE AMER\u0130KAN FUTBOLU TOPU\n\t\t\t\t<\/figcaption><\/figure><figure class='gallery-item'>\n\t\t\t<div class='gallery-icon landscape'>\n\t\t\t\t<a href='https:\/\/www.ozbekspor.com\/wp-content\/uploads\/wtf1445x-2-800x800-1.jpg'><img width=\"500\" height=\"500\" src=\"https:\/\/www.ozbekspor.com\/wp-content\/uploads\/wtf1445x-2-800x800-1-500x500.jpg\" class=\"attachment-thumbnail size-thumbnail\" alt=\"\" loading=\"lazy\" aria-describedby=\"gallery-1-1460\" srcset=\"https:\/\/www.ozbekspor.com\/wp-content\/uploads\/wtf1445x-2-800x800-1-500x500.jpg 500w, https:\/\/www.ozbekspor.com\/wp-content\/uploads\/wtf1445x-2-800x800-1-800x800.jpg 800w, https:\/\/www.ozbekspor.com\/wp-content\/uploads\/wtf1445x-2-800x800-1-768x768.jpg 768w, https:\/\/www.ozbekspor.com\/wp-content\/uploads\/wtf1445x-2-800x800-1-300x300.jpg 300w, https:\/\/www.ozbekspor.com\/wp-content\/uploads\/wtf1445x-2-800x800-1-600x600.jpg 600w, https:\/\/www.ozbekspor.com\/wp-content\/uploads\/wtf1445x-2-800x800-1-100x100.jpg 100w, https:\/\/www.ozbekspor.com\/wp-content\/uploads\/wtf1445x-2-800x800-1.jpg 1000w\" sizes=\"(max-width: 500px) 100vw, 500px\" \/><\/a>\n\t\t\t<\/div>\n\t\t\t\t<figcaption class='wp-caption-text gallery-caption' id='gallery-1-1460'>\n\t\t\t\tWILSON FORCE AMER\u0130KAN FUTBOLU TOPU\n\t\t\t\t<\/figcaption><\/figure><figure class='gallery-item'>\n\t\t\t<div class='gallery-icon landscape'>\n\t\t\t\t<a href='https:\/\/www.ozbekspor.com\/wp-content\/uploads\/wilson-amerikan-futbol-topu-nfl-force-official-wtf1445x_1000x1000.jpg'><img width=\"500\" height=\"500\" src=\"https:\/\/www.ozbekspor.com\/wp-content\/uploads\/wilson-amerikan-futbol-topu-nfl-force-official-wtf1445x_1000x1000-500x500.jpg\" class=\"attachment-thumbnail size-thumbnail\" alt=\"\" loading=\"lazy\" aria-describedby=\"gallery-1-1463\" srcset=\"https:\/\/www.ozbekspor.com\/wp-content\/uploads\/wilson-amerikan-futbol-topu-nfl-force-official-wtf1445x_1000x1000-500x500.jpg 500w, https:\/\/www.ozbekspor.com\/wp-content\/uploads\/wilson-amerikan-futbol-topu-nfl-force-official-wtf1445x_1000x1000-800x800.jpg 800w, https:\/\/www.ozbekspor.com\/wp-content\/uploads\/wilson-amerikan-futbol-topu-nfl-force-official-wtf1445x_1000x1000-768x768.jpg 768w, https:\/\/www.ozbekspor.com\/wp-content\/uploads\/wilson-amerikan-futbol-topu-nfl-force-official-wtf1445x_1000x1000-300x300.jpg 300w, https:\/\/www.ozbekspor.com\/wp-content\/uploads\/wilson-amerikan-futbol-topu-nfl-force-official-wtf1445x_1000x1000-600x600.jpg 600w, https:\/\/www.ozbekspor.com\/wp-content\/uploads\/wilson-amerikan-futbol-topu-nfl-force-official-wtf1445x_1000x1000-100x100.jpg 100w, https:\/\/www.ozbekspor.com\/wp-content\/uploads\/wilson-amerikan-futbol-topu-nfl-force-official-wtf1445x_1000x1000.jpg 1000w\" sizes=\"(max-width: 500px) 100vw, 500px\" \/><\/a>\n\t\t\t<\/div>\n\t\t\t\t<figcaption class='wp-caption-text gallery-caption' id='gallery-1-1463'>\n\t\t\t\tWILSON AMER\u0130KAN FUTBOLU TOPU\n\t\t\t\t<\/figcaption><\/figure><figure class='gallery-item'>\n\t\t\t<div class='gallery-icon landscape'>\n\t\t\t\t<a href='https:\/\/www.ozbekspor.com\/wp-content\/uploads\/wl-f-1100-nfl-amerikan-fut-mac-topu-original-big.jpg'><img width=\"500\" height=\"500\" src=\"https:\/\/www.ozbekspor.com\/wp-content\/uploads\/wl-f-1100-nfl-amerikan-fut-mac-topu-original-big-500x500.jpg\" class=\"attachment-thumbnail size-thumbnail\" alt=\"\" loading=\"lazy\" aria-describedby=\"gallery-1-1461\" srcset=\"https:\/\/www.ozbekspor.com\/wp-content\/uploads\/wl-f-1100-nfl-amerikan-fut-mac-topu-original-big-500x500.jpg 500w, https:\/\/www.ozbekspor.com\/wp-content\/uploads\/wl-f-1100-nfl-amerikan-fut-mac-topu-original-big-800x800.jpg 800w, https:\/\/www.ozbekspor.com\/wp-content\/uploads\/wl-f-1100-nfl-amerikan-fut-mac-topu-original-big-768x768.jpg 768w, https:\/\/www.ozbekspor.com\/wp-content\/uploads\/wl-f-1100-nfl-amerikan-fut-mac-topu-original-big-300x300.jpg 300w, https:\/\/www.ozbekspor.com\/wp-content\/uploads\/wl-f-1100-nfl-amerikan-fut-mac-topu-original-big-600x600.jpg 600w, https:\/\/www.ozbekspor.com\/wp-content\/uploads\/wl-f-1100-nfl-amerikan-fut-mac-topu-original-big-100x100.jpg 100w, https:\/\/www.ozbekspor.com\/wp-content\/uploads\/wl-f-1100-nfl-amerikan-fut-mac-topu-original-big.jpg 1000w\" sizes=\"(max-width: 500px) 100vw, 500px\" \/><\/a>\n\t\t\t<\/div>\n\t\t\t\t<figcaption class='wp-caption-text gallery-caption' id='gallery-1-1461'>\n\t\t\t\tAMER\u0130KAN FUTBOLU TOPU\n\t\t\t\t<\/figcaption><\/figure><figure class='gallery-item'>\n\t\t\t<div class='gallery-icon landscape'>\n\t\t\t\t<a href='https:\/\/www.ozbekspor.com\/wp-content\/uploads\/sg-american-futbol-topu-original-big.jpg'><img width=\"500\" height=\"500\" src=\"https:\/\/www.ozbekspor.com\/wp-content\/uploads\/sg-american-futbol-topu-original-big-500x500.jpg\" class=\"attachment-thumbnail size-thumbnail\" alt=\"\" loading=\"lazy\" aria-describedby=\"gallery-1-1462\" srcset=\"https:\/\/www.ozbekspor.com\/wp-content\/uploads\/sg-american-futbol-topu-original-big-500x500.jpg 500w, https:\/\/www.ozbekspor.com\/wp-content\/uploads\/sg-american-futbol-topu-original-big-800x800.jpg 800w, https:\/\/www.ozbekspor.com\/wp-content\/uploads\/sg-american-futbol-topu-original-big-768x768.jpg 768w, https:\/\/www.ozbekspor.com\/wp-content\/uploads\/sg-american-futbol-topu-original-big-300x300.jpg 300w, https:\/\/www.ozbekspor.com\/wp-content\/uploads\/sg-american-futbol-topu-original-big-600x600.jpg 600w, https:\/\/www.ozbekspor.com\/wp-content\/uploads\/sg-american-futbol-topu-original-big-100x100.jpg 100w, https:\/\/www.ozbekspor.com\/wp-content\/uploads\/sg-american-futbol-topu-original-big.jpg 1000w\" sizes=\"(max-width: 500px) 100vw, 500px\" \/><\/a>\n\t\t\t<\/div>\n\t\t\t\t<figcaption class='wp-caption-text gallery-caption' id='gallery-1-1462'>\n\t\t\t\tSPALDING AMER\u0130KAN FUTBOLU TOPU\n\t\t\t\t<\/figcaption><\/figure><figure class='gallery-item'>\n\t\t\t<div class='gallery-icon landscape'>\n\t\t\t\t<a href='https:\/\/www.ozbekspor.com\/wp-content\/uploads\/molten-molten-amrican-futbol-topu-original-big.jpg'><img width=\"500\" height=\"500\" src=\"https:\/\/www.ozbekspor.com\/wp-content\/uploads\/molten-molten-amrican-futbol-topu-original-big-500x500.jpg\" class=\"attachment-thumbnail size-thumbnail\" alt=\"\" loading=\"lazy\" aria-describedby=\"gallery-1-1464\" srcset=\"https:\/\/www.ozbekspor.com\/wp-content\/uploads\/molten-molten-amrican-futbol-topu-original-big-500x500.jpg 500w, https:\/\/www.ozbekspor.com\/wp-content\/uploads\/molten-molten-amrican-futbol-topu-original-big-800x800.jpg 800w, https:\/\/www.ozbekspor.com\/wp-content\/uploads\/molten-molten-amrican-futbol-topu-original-big-768x768.jpg 768w, https:\/\/www.ozbekspor.com\/wp-content\/uploads\/molten-molten-amrican-futbol-topu-original-big-300x300.jpg 300w, https:\/\/www.ozbekspor.com\/wp-content\/uploads\/molten-molten-amrican-futbol-topu-original-big-600x600.jpg 600w, https:\/\/www.ozbekspor.com\/wp-content\/uploads\/molten-molten-amrican-futbol-topu-original-big-100x100.jpg 100w, https:\/\/www.ozbekspor.com\/wp-content\/uploads\/molten-molten-amrican-futbol-topu-original-big.jpg 1000w\" sizes=\"(max-width: 500px) 100vw, 500px\" \/><\/a>\n\t\t\t<\/div>\n\t\t\t\t<figcaption class='wp-caption-text gallery-caption' id='gallery-1-1464'>\n\t\t\t\tMOLTEN AMER\u0130KAN FUTBOLU TOPU\n\t\t\t\t<\/figcaption><\/figure><figure class='gallery-item'>\n\t\t\t<div class='gallery-icon landscape'>\n\t\t\t\t<a href='https:\/\/www.ozbekspor.com\/wp-content\/uploads\/9716840955954.jpg'><img width=\"500\" height=\"500\" src=\"https:\/\/www.ozbekspor.com\/wp-content\/uploads\/9716840955954-500x500.jpg\" class=\"attachment-thumbnail size-thumbnail\" alt=\"\" loading=\"lazy\" aria-describedby=\"gallery-1-1459\" srcset=\"https:\/\/www.ozbekspor.com\/wp-content\/uploads\/9716840955954-500x500.jpg 500w, https:\/\/www.ozbekspor.com\/wp-content\/uploads\/9716840955954-800x800.jpg 800w, https:\/\/www.ozbekspor.com\/wp-content\/uploads\/9716840955954-768x768.jpg 768w, https:\/\/www.ozbekspor.com\/wp-content\/uploads\/9716840955954-300x300.jpg 300w, https:\/\/www.ozbekspor.com\/wp-content\/uploads\/9716840955954-600x600.jpg 600w, https:\/\/www.ozbekspor.com\/wp-content\/uploads\/9716840955954-100x100.jpg 100w, https:\/\/www.ozbekspor.com\/wp-content\/uploads\/9716840955954.jpg 1000w\" sizes=\"(max-width: 500px) 100vw, 500px\" \/><\/a>\n\t\t\t<\/div>\n\t\t\t\t<figcaption class='wp-caption-text gallery-caption' id='gallery-1-1459'>\n\t\t\t\tF-1000 AVESSA AMER\u0130KAN FUTBOLU TOPU\n\t\t\t\t<\/figcaption><\/figure>\n\t\t<\/div>\n\n","protected":false},"excerpt":{"rendered":"<p><strong>Amerikan Futbolu<\/strong><\/p>\n<p>Hem profesyonellerin, hem de amat\u00f6rlerin b\u00fcy\u00fck tutkusu olan amerikan futbolunu tercih edenler i\u00e7in, ma\u00e7lar\u0131 ve\u00a0 antrenmanlar\u0131 daha konforlu ve keyifli hale getiren amerikan futbol toplar\u0131 \u00d6zbek Spor kalitesiyle ve uygun fiyatlar\u0131yla sizlerle bulu\u015fturuluyor. Futbolun en keyifli halini ya\u015famak i\u00e7in farkl\u0131 se\u00e7enekleri de\u011ferlendirebilirsiniz. Topum standart toplar\u0131n 10 kat\u0131 h\u0131z\u0131nda olsun ve ayn\u0131 zamanda hava bas\u0131nc\u0131n\u0131 koruyarak daima \u015fi\u015fik kals\u0131n diyorsan\u0131z &#8221;Never Flat&#8221; teknolojisinden faydalanabilirsiniz. Bu teknolojiye sahip olan amerikan futbol toplar\u0131n\u0131n y\u00fczeyi yumu\u015fak deridir \u00e7\u00fcnk\u00fc kompozit kullan\u0131larak \u00fcretilmi\u015ftir. Bu sebeple topu tutu\u015funuzda size kolayl\u0131k sa\u011flayacak ve topu kavramadaki kaliteyi hissettirecek. Antrenmanlar\u0131n\u0131z i\u00e7in tercih edebilece\u011finiz diki\u015fli ve kau\u00e7uk malzemeden \u00fcretilen amerikan futbol toplar\u0131, standart \u00f6l\u00e7\u00fclerdedir. Kau\u00e7uk malzeme olu\u015fu, sizin onu uzun s\u00fcre kullanabilmenize olanak sa\u011flayacak. Toplar kolay deforme olmad\u0131\u011f\u0131 i\u00e7in s\u00fcrekli yeni bir \u00fcr\u00fcn almak durumunda kalmayacaks\u0131n\u0131z.<\/p>\n<p>Amerikan futbol toplar\u0131, vazelin gibi kayganla\u015ft\u0131r\u0131c\u0131 \u00fcr\u00fcnleri siboba s\u00fcrerek ve top i\u011fnesi kullanarak kendi ba\u015f\u0131n\u0131za kolayca \u015fi\u015firebilece\u011finiz niteliktedir. &#8221;Topum elden ele dola\u015facak, dayan\u0131kl\u0131 olsun.&#8221; ya da &#8221;Ben bu sporu yaln\u0131zca hobi olarak yap\u0131yorum. Benim Amerikan futbol topum hepsinden ucuz olsun.&#8221; diyorsan\u0131z, hem se\u00e7enekleri k\u0131yaslayabilecek, hem de fiyatlar\u0131 de\u011ferlendirerek sizin i\u00e7in en uygun olan \u00fcr\u00fcn\u00fc tercih edebileceksiniz. Yan\u0131 s\u0131ra en \u00e7ok satan \u00fcr\u00fcnleri takip edebileceksiniz.<\/p>\n<p>Amerikan futbol topunuz ne kadar dayan\u0131kl\u0131 olursa, sizin de antrenmanlar\u0131n\u0131z ve ma\u00e7lar\u0131n\u0131z o kadar dayan\u0131kl\u0131 ge\u00e7ecektir.<\/p>\n","protected":false},"featured_media":1460,"template":"","meta":[],"_links":{"self":[{"href":"https:\/\/www.ozbekspor.com\/index.php?rest_route=\/wp\/v2\/product\/1456"}],"collection":[{"href":"https:\/\/www.ozbekspor.com\/index.php?rest_route=\/wp\/v2\/product"}],"about":[{"href":"https:\/\/www.ozbekspor.com\/index.php?rest_route=\/wp\/v2\/types\/product"}],"wp:featuredmedia":[{"embeddable":true,"href":"https:\/\/www.ozbekspor.com\/index.php?rest_route=\/wp\/v2\/media\/1460"}],"wp:attachment":[{"href":"https:\/\/www.ozbekspor.com\/index.php?rest_route=%2Fwp%2Fv2%2Fmedia&parent=1456"}],"curies":[{"name":"wp","href":"https:\/\/api.w.org\/{rel}","templated":true}]}}