{"id":1360,"date":"2020-02-17T14:29:09","date_gmt":"2020-02-17T14:29:09","guid":{"rendered":"https:\/\/www.ozbekspor.com\/?post_type=product&#038;p=1360"},"modified":"2021-01-25T08:10:06","modified_gmt":"2021-01-25T08:10:06","slug":"badmington-topu","status":"publish","type":"product","link":"https:\/\/www.ozbekspor.com\/?product=badmington-topu","title":{"rendered":"Badmington Toplar\u0131"},"content":{"rendered":"<div id='gallery-1' class='gallery galleryid-1360 gallery-columns-4 gallery-size-thumbnail'><figure class='gallery-item'>\n\t\t\t<div class='gallery-icon landscape'>\n\t\t\t\t<a href='https:\/\/www.ozbekspor.com\/wp-content\/uploads\/novelty-place-badminton-np-led-badminton-4pc-64_1000.jpg'><img width=\"500\" height=\"500\" src=\"https:\/\/www.ozbekspor.com\/wp-content\/uploads\/novelty-place-badminton-np-led-badminton-4pc-64_1000-500x500.jpg\" class=\"attachment-thumbnail size-thumbnail\" alt=\"\" loading=\"lazy\" srcset=\"https:\/\/www.ozbekspor.com\/wp-content\/uploads\/novelty-place-badminton-np-led-badminton-4pc-64_1000-500x500.jpg 500w, https:\/\/www.ozbekspor.com\/wp-content\/uploads\/novelty-place-badminton-np-led-badminton-4pc-64_1000-800x800.jpg 800w, https:\/\/www.ozbekspor.com\/wp-content\/uploads\/novelty-place-badminton-np-led-badminton-4pc-64_1000-768x768.jpg 768w, https:\/\/www.ozbekspor.com\/wp-content\/uploads\/novelty-place-badminton-np-led-badminton-4pc-64_1000-300x300.jpg 300w, https:\/\/www.ozbekspor.com\/wp-content\/uploads\/novelty-place-badminton-np-led-badminton-4pc-64_1000-600x600.jpg 600w, https:\/\/www.ozbekspor.com\/wp-content\/uploads\/novelty-place-badminton-np-led-badminton-4pc-64_1000-100x100.jpg 100w, https:\/\/www.ozbekspor.com\/wp-content\/uploads\/novelty-place-badminton-np-led-badminton-4pc-64_1000.jpg 1000w\" sizes=\"(max-width: 500px) 100vw, 500px\" \/><\/a>\n\t\t\t<\/div><\/figure><figure class='gallery-item'>\n\t\t\t<div class='gallery-icon landscape'>\n\t\t\t\t<a href='https:\/\/www.ozbekspor.com\/wp-content\/uploads\/7607107_R_Z001A.jpg'><img width=\"500\" height=\"500\" src=\"https:\/\/www.ozbekspor.com\/wp-content\/uploads\/7607107_R_Z001A-500x500.jpg\" class=\"attachment-thumbnail size-thumbnail\" alt=\"\" loading=\"lazy\" srcset=\"https:\/\/www.ozbekspor.com\/wp-content\/uploads\/7607107_R_Z001A-500x500.jpg 500w, https:\/\/www.ozbekspor.com\/wp-content\/uploads\/7607107_R_Z001A-300x300.jpg 300w, https:\/\/www.ozbekspor.com\/wp-content\/uploads\/7607107_R_Z001A-100x100.jpg 100w\" sizes=\"(max-width: 500px) 100vw, 500px\" \/><\/a>\n\t\t\t<\/div><\/figure><figure class='gallery-item'>\n\t\t\t<div class='gallery-icon landscape'>\n\t\t\t\t<a href='https:\/\/www.ozbekspor.com\/wp-content\/uploads\/71AYJAxB4-L._SL1500_.jpg'><img width=\"500\" height=\"500\" src=\"https:\/\/www.ozbekspor.com\/wp-content\/uploads\/71AYJAxB4-L._SL1500_-500x500.jpg\" class=\"attachment-thumbnail size-thumbnail\" alt=\"\" loading=\"lazy\" srcset=\"https:\/\/www.ozbekspor.com\/wp-content\/uploads\/71AYJAxB4-L._SL1500_-500x500.jpg 500w, https:\/\/www.ozbekspor.com\/wp-content\/uploads\/71AYJAxB4-L._SL1500_-800x800.jpg 800w, https:\/\/www.ozbekspor.com\/wp-content\/uploads\/71AYJAxB4-L._SL1500_-768x768.jpg 768w, https:\/\/www.ozbekspor.com\/wp-content\/uploads\/71AYJAxB4-L._SL1500_-300x300.jpg 300w, https:\/\/www.ozbekspor.com\/wp-content\/uploads\/71AYJAxB4-L._SL1500_-600x600.jpg 600w, https:\/\/www.ozbekspor.com\/wp-content\/uploads\/71AYJAxB4-L._SL1500_-100x100.jpg 100w, https:\/\/www.ozbekspor.com\/wp-content\/uploads\/71AYJAxB4-L._SL1500_.jpg 1000w\" sizes=\"(max-width: 500px) 100vw, 500px\" \/><\/a>\n\t\t\t<\/div><\/figure><figure class='gallery-item'>\n\t\t\t<div class='gallery-icon landscape'>\n\t\t\t\t<a href='https:\/\/www.ozbekspor.com\/wp-content\/uploads\/it027898.jpg'><img width=\"500\" height=\"500\" src=\"https:\/\/www.ozbekspor.com\/wp-content\/uploads\/it027898-500x500.jpg\" class=\"attachment-thumbnail size-thumbnail\" alt=\"\" loading=\"lazy\" srcset=\"https:\/\/www.ozbekspor.com\/wp-content\/uploads\/it027898-500x500.jpg 500w, https:\/\/www.ozbekspor.com\/wp-content\/uploads\/it027898-800x800.jpg 800w, https:\/\/www.ozbekspor.com\/wp-content\/uploads\/it027898-768x768.jpg 768w, https:\/\/www.ozbekspor.com\/wp-content\/uploads\/it027898-300x300.jpg 300w, https:\/\/www.ozbekspor.com\/wp-content\/uploads\/it027898-600x600.jpg 600w, https:\/\/www.ozbekspor.com\/wp-content\/uploads\/it027898-100x100.jpg 100w, https:\/\/www.ozbekspor.com\/wp-content\/uploads\/it027898.jpg 1000w\" sizes=\"(max-width: 500px) 100vw, 500px\" \/><\/a>\n\t\t\t<\/div><\/figure><figure class='gallery-item'>\n\t\t\t<div class='gallery-icon landscape'>\n\t\t\t\t<a href='https:\/\/www.ozbekspor.com\/wp-content\/uploads\/YO_SC_000075_large.jpg'><img width=\"500\" height=\"500\" src=\"https:\/\/www.ozbekspor.com\/wp-content\/uploads\/YO_SC_000075_large-500x500.jpg\" class=\"attachment-thumbnail size-thumbnail\" alt=\"\" loading=\"lazy\" srcset=\"https:\/\/www.ozbekspor.com\/wp-content\/uploads\/YO_SC_000075_large-500x500.jpg 500w, https:\/\/www.ozbekspor.com\/wp-content\/uploads\/YO_SC_000075_large-800x800.jpg 800w, https:\/\/www.ozbekspor.com\/wp-content\/uploads\/YO_SC_000075_large-768x768.jpg 768w, https:\/\/www.ozbekspor.com\/wp-content\/uploads\/YO_SC_000075_large-300x300.jpg 300w, https:\/\/www.ozbekspor.com\/wp-content\/uploads\/YO_SC_000075_large-600x600.jpg 600w, https:\/\/www.ozbekspor.com\/wp-content\/uploads\/YO_SC_000075_large-100x100.jpg 100w, https:\/\/www.ozbekspor.com\/wp-content\/uploads\/YO_SC_000075_large.jpg 1000w\" sizes=\"(max-width: 500px) 100vw, 500px\" \/><\/a>\n\t\t\t<\/div><\/figure><figure class='gallery-item'>\n\t\t\t<div class='gallery-icon landscape'>\n\t\t\t\t<a href='https:\/\/www.ozbekspor.com\/wp-content\/uploads\/yanyu-bad-300-beyaz-6li-plastik-badminton-topu__0149117518650205.jpg'><img width=\"500\" height=\"500\" src=\"https:\/\/www.ozbekspor.com\/wp-content\/uploads\/yanyu-bad-300-beyaz-6li-plastik-badminton-topu__0149117518650205-500x500.jpg\" class=\"attachment-thumbnail size-thumbnail\" alt=\"\" loading=\"lazy\" srcset=\"https:\/\/www.ozbekspor.com\/wp-content\/uploads\/yanyu-bad-300-beyaz-6li-plastik-badminton-topu__0149117518650205-500x500.jpg 500w, https:\/\/www.ozbekspor.com\/wp-content\/uploads\/yanyu-bad-300-beyaz-6li-plastik-badminton-topu__0149117518650205-800x800.jpg 800w, https:\/\/www.ozbekspor.com\/wp-content\/uploads\/yanyu-bad-300-beyaz-6li-plastik-badminton-topu__0149117518650205-768x768.jpg 768w, https:\/\/www.ozbekspor.com\/wp-content\/uploads\/yanyu-bad-300-beyaz-6li-plastik-badminton-topu__0149117518650205-300x300.jpg 300w, https:\/\/www.ozbekspor.com\/wp-content\/uploads\/yanyu-bad-300-beyaz-6li-plastik-badminton-topu__0149117518650205-600x600.jpg 600w, https:\/\/www.ozbekspor.com\/wp-content\/uploads\/yanyu-bad-300-beyaz-6li-plastik-badminton-topu__0149117518650205-100x100.jpg 100w, https:\/\/www.ozbekspor.com\/wp-content\/uploads\/yanyu-bad-300-beyaz-6li-plastik-badminton-topu__0149117518650205.jpg 1000w\" sizes=\"(max-width: 500px) 100vw, 500px\" \/><\/a>\n\t\t\t<\/div><\/figure><figure class='gallery-item'>\n\t\t\t<div class='gallery-icon landscape'>\n\t\t\t\t<a href='https:\/\/www.ozbekspor.com\/wp-content\/uploads\/dlt-bd-tp-bt5000-bd-tp-bt5000-3613-350x350-1.jpg'><img width=\"500\" height=\"500\" src=\"https:\/\/www.ozbekspor.com\/wp-content\/uploads\/dlt-bd-tp-bt5000-bd-tp-bt5000-3613-350x350-1-500x500.jpg\" class=\"attachment-thumbnail size-thumbnail\" alt=\"\" loading=\"lazy\" srcset=\"https:\/\/www.ozbekspor.com\/wp-content\/uploads\/dlt-bd-tp-bt5000-bd-tp-bt5000-3613-350x350-1-500x500.jpg 500w, https:\/\/www.ozbekspor.com\/wp-content\/uploads\/dlt-bd-tp-bt5000-bd-tp-bt5000-3613-350x350-1-800x800.jpg 800w, https:\/\/www.ozbekspor.com\/wp-content\/uploads\/dlt-bd-tp-bt5000-bd-tp-bt5000-3613-350x350-1-768x768.jpg 768w, https:\/\/www.ozbekspor.com\/wp-content\/uploads\/dlt-bd-tp-bt5000-bd-tp-bt5000-3613-350x350-1-300x300.jpg 300w, https:\/\/www.ozbekspor.com\/wp-content\/uploads\/dlt-bd-tp-bt5000-bd-tp-bt5000-3613-350x350-1-600x600.jpg 600w, https:\/\/www.ozbekspor.com\/wp-content\/uploads\/dlt-bd-tp-bt5000-bd-tp-bt5000-3613-350x350-1-100x100.jpg 100w, https:\/\/www.ozbekspor.com\/wp-content\/uploads\/dlt-bd-tp-bt5000-bd-tp-bt5000-3613-350x350-1.jpg 1000w\" sizes=\"(max-width: 500px) 100vw, 500px\" \/><\/a>\n\t\t\t<\/div><\/figure>\n\t\t<\/div>\n\n","protected":false},"excerpt":{"rendered":"<p><strong>BADM\u0130NTON TOPLARI<\/strong><\/p>\n<p>Yediden yetmi\u015fe herkes taraf\u0131ndan rahatl\u0131kla yap\u0131labilen ve olduk\u00e7a e\u011fitici bir spor t\u00fcr\u00fc olan badminton, ayn\u0131 zamanda yaralanma ve sakatlanma riski en d\u00fc\u015f\u00fck olan spor t\u00fcrlerinden biridir. Tenise olan benzerli\u011fiyle bilinen badminton&#8217;\u0131 di\u011fer sporlardan ay\u0131ran en karakteristik taraflardan biri\u00a0kullan\u0131lan topun t\u00fcr\u00fcd\u00fcr. Badmintonda k\u00fcre bir topun yerine, mantar ve t\u00fcylerle olu\u015fturulmu\u015f bir malzeme, top olarak kullan\u0131l\u0131r. &#8220;T\u00fcytop&#8221; ya da &#8220;ku\u015f&#8221; olarak da adland\u0131r\u0131lan badminton topunun dikkat \u00e7eken tasar\u0131m\u0131, bu sporu tenisten \u00e7ok daha farkl\u0131 bir oyun t\u00fcr\u00fcne d\u00f6n\u00fc\u015ft\u00fcr\u00fcr.<\/p>\n<p>Badminton oyuncular\u0131, do\u011fru badminton raketi ve topu\u00a0se\u00e7tikten sonra kendi oyun tarzlar\u0131n\u0131 sahada daha iyi bir bi\u00e7imde yans\u0131tabilir.\u00a0Hava ak\u0131mlar\u0131 ve raket darbelerine kar\u015f\u0131 olduk\u00e7a hassas tepki veren badminton toplar\u0131, bu nedenle\u00a0a\u011f\u0131rl\u0131k ve malzeme\u00a0bak\u0131m\u0131ndan standartlara uygun bi\u00e7imde \u00fcretilir. B\u00f6ylece\u00a0bir badminton oyuncusu olarak, badminton topunu m\u00fccadele boyunca hassas bir bi\u00e7imde\u00a0istedi\u011finiz b\u00f6lgelere y\u00f6nlendirebilirsiniz.<\/p>\n<p><strong>BADM\u0130NTON TOPU \u00d6ZELL\u0130KLER\u0130 NASIL OLMALIDIR?<\/strong><\/p>\n<p>Badminton\u00a0toplar\u0131 g\u00fcn\u00fcm\u00fczde maliyeti d\u00fc\u015f\u00fcrmek i\u00e7in farkl\u0131 malzemelerle \u00fcretilse de orijinal badminton topu bir adet mantar ba\u015fl\u0131\u011fa tak\u0131l\u0131 14 ya da 16 adet kaz t\u00fcy\u00fcnden olu\u015facak bi\u00e7imde tasarlan\u0131r. Ancak mantar yerine plastik ba\u015fl\u0131klara tak\u0131l\u0131 halde plastik t\u00fcylerden \u00fcretilmi\u015f\u00a0badminton top t\u00fcrleri de bulunur. Bu tasar\u0131m sayesinde badminton topu havadayken\u00a0mantar ba\u015fl\u0131\u011f\u0131n bulundu\u011fu k\u0131s\u0131m daima a\u015fa\u011f\u0131da durur ve\u00a0her vuru\u015f sonras\u0131nda topun bu hareketi tekrar eder.<\/p>\n<p>T\u00fcyl\u00fc k\u0131s\u0131m vuru\u015f sonras\u0131nda badminton topunun y\u00fcksek do\u011frulukla y\u00f6nlendirilmesini sa\u011flayarak badminton oyununu stratejik ve fiziksel olarak \u00e7aba isteyen bir spor haline d\u00f6n\u00fc\u015ft\u00fcr\u00fcr. Bu nedenle badminton topunun mantar ve t\u00fcy tasar\u0131m\u0131 ideal ve standart \u00f6l\u00e7\u00fclerde olmal\u0131, hafif ya da \u00e7ok a\u011f\u0131r olmamal\u0131d\u0131r.<\/p>\n","protected":false},"featured_media":1367,"template":"","meta":[],"_links":{"self":[{"href":"https:\/\/www.ozbekspor.com\/index.php?rest_route=\/wp\/v2\/product\/1360"}],"collection":[{"href":"https:\/\/www.ozbekspor.com\/index.php?rest_route=\/wp\/v2\/product"}],"about":[{"href":"https:\/\/www.ozbekspor.com\/index.php?rest_route=\/wp\/v2\/types\/product"}],"wp:featuredmedia":[{"embeddable":true,"href":"https:\/\/www.ozbekspor.com\/index.php?rest_route=\/wp\/v2\/media\/1367"}],"wp:attachment":[{"href":"https:\/\/www.ozbekspor.com\/index.php?rest_route=%2Fwp%2Fv2%2Fmedia&parent=1360"}],"curies":[{"name":"wp","href":"https:\/\/api.w.org\/{rel}","templated":true}]}}