{"id":1340,"date":"2020-02-17T14:26:29","date_gmt":"2020-02-17T14:26:29","guid":{"rendered":"https:\/\/www.ozbekspor.com\/?post_type=product&#038;p=1340"},"modified":"2021-01-22T11:15:59","modified_gmt":"2021-01-22T11:15:59","slug":"boccia","status":"publish","type":"product","link":"https:\/\/www.ozbekspor.com\/?product=boccia","title":{"rendered":"Bocc\u0131a"},"content":{"rendered":"<div id='gallery-1' class='gallery galleryid-1340 gallery-columns-4 gallery-size-thumbnail'><figure class='gallery-item'>\n\t\t\t<div class='gallery-icon landscape'>\n\t\t\t\t<a href='https:\/\/www.ozbekspor.com\/wp-content\/uploads\/BOCCo\u0300A-SET-KOLAJ.jpg'><img width=\"500\" height=\"420\" src=\"https:\/\/www.ozbekspor.com\/wp-content\/uploads\/BOCCo\u0300A-SET-KOLAJ-500x420.jpg\" class=\"attachment-thumbnail size-thumbnail\" alt=\"\" loading=\"lazy\" aria-describedby=\"gallery-1-1345\" \/><\/a>\n\t\t\t<\/div>\n\t\t\t\t<figcaption class='wp-caption-text gallery-caption' id='gallery-1-1345'>\n\t\t\t\tBOCCIA OYUNU\n\t\t\t\t<\/figcaption><\/figure><figure class='gallery-item'>\n\t\t\t<div class='gallery-icon landscape'>\n\t\t\t\t<a href='https:\/\/www.ozbekspor.com\/wp-content\/uploads\/BOCCE-KOLAJ.jpg'><img width=\"500\" height=\"500\" src=\"https:\/\/www.ozbekspor.com\/wp-content\/uploads\/BOCCE-KOLAJ-500x500.jpg\" class=\"attachment-thumbnail size-thumbnail\" alt=\"\" loading=\"lazy\" aria-describedby=\"gallery-1-1342\" srcset=\"https:\/\/www.ozbekspor.com\/wp-content\/uploads\/BOCCE-KOLAJ-500x500.jpg 500w, https:\/\/www.ozbekspor.com\/wp-content\/uploads\/BOCCE-KOLAJ-300x300.jpg 300w, https:\/\/www.ozbekspor.com\/wp-content\/uploads\/BOCCE-KOLAJ-100x100.jpg 100w\" sizes=\"(max-width: 500px) 100vw, 500px\" \/><\/a>\n\t\t\t<\/div>\n\t\t\t\t<figcaption class='wp-caption-text gallery-caption' id='gallery-1-1342'>\n\t\t\t\tBOCCIA OYUNU\n\t\t\t\t<\/figcaption><\/figure><figure class='gallery-item'>\n\t\t\t<div class='gallery-icon landscape'>\n\t\t\t\t<a href='https:\/\/www.ozbekspor.com\/wp-content\/uploads\/bocce.jpg'><img width=\"500\" height=\"500\" src=\"https:\/\/www.ozbekspor.com\/wp-content\/uploads\/bocce-500x500.jpg\" class=\"attachment-thumbnail size-thumbnail\" alt=\"\" loading=\"lazy\" aria-describedby=\"gallery-1-1350\" srcset=\"https:\/\/www.ozbekspor.com\/wp-content\/uploads\/bocce-500x500.jpg 500w, https:\/\/www.ozbekspor.com\/wp-content\/uploads\/bocce-300x300.jpg 300w, https:\/\/www.ozbekspor.com\/wp-content\/uploads\/bocce-100x100.jpg 100w\" sizes=\"(max-width: 500px) 100vw, 500px\" \/><\/a>\n\t\t\t<\/div>\n\t\t\t\t<figcaption class='wp-caption-text gallery-caption' id='gallery-1-1350'>\n\t\t\t\tBOCCIA OYUN SETLER\u0130\n\t\t\t\t<\/figcaption><\/figure><figure class='gallery-item'>\n\t\t\t<div class='gallery-icon landscape'>\n\t\t\t\t<a href='https:\/\/www.ozbekspor.com\/wp-content\/uploads\/shutterstock_363047729.jpg'><img width=\"500\" height=\"500\" src=\"https:\/\/www.ozbekspor.com\/wp-content\/uploads\/shutterstock_363047729-500x500.jpg\" class=\"attachment-thumbnail size-thumbnail\" alt=\"\" loading=\"lazy\" aria-describedby=\"gallery-1-1341\" srcset=\"https:\/\/www.ozbekspor.com\/wp-content\/uploads\/shutterstock_363047729-500x500.jpg 500w, https:\/\/www.ozbekspor.com\/wp-content\/uploads\/shutterstock_363047729-300x300.jpg 300w, https:\/\/www.ozbekspor.com\/wp-content\/uploads\/shutterstock_363047729-100x100.jpg 100w\" sizes=\"(max-width: 500px) 100vw, 500px\" \/><\/a>\n\t\t\t<\/div>\n\t\t\t\t<figcaption class='wp-caption-text gallery-caption' id='gallery-1-1341'>\n\t\t\t\tBOCCE OYUN SETLER\u0130\n\t\t\t\t<\/figcaption><\/figure><figure class='gallery-item'>\n\t\t\t<div class='gallery-icon landscape'>\n\t\t\t\t<a href='https:\/\/www.ozbekspor.com\/wp-content\/uploads\/ibluxwj.jpg'><img width=\"500\" height=\"500\" src=\"https:\/\/www.ozbekspor.com\/wp-content\/uploads\/ibluxwj-500x500.jpg\" class=\"attachment-thumbnail size-thumbnail\" alt=\"\" loading=\"lazy\" aria-describedby=\"gallery-1-1349\" srcset=\"https:\/\/www.ozbekspor.com\/wp-content\/uploads\/ibluxwj-500x500.jpg 500w, https:\/\/www.ozbekspor.com\/wp-content\/uploads\/ibluxwj-300x300.jpg 300w, https:\/\/www.ozbekspor.com\/wp-content\/uploads\/ibluxwj-100x100.jpg 100w\" sizes=\"(max-width: 500px) 100vw, 500px\" \/><\/a>\n\t\t\t<\/div>\n\t\t\t\t<figcaption class='wp-caption-text gallery-caption' id='gallery-1-1349'>\n\t\t\t\tBOCCE SET 8&#8217;li METAL TOP\n\t\t\t\t<\/figcaption><\/figure><figure class='gallery-item'>\n\t\t\t<div class='gallery-icon landscape'>\n\t\t\t\t<a href='https:\/\/www.ozbekspor.com\/wp-content\/uploads\/busso-bc60-bocce-set-metalik-top-ozel-cantali-10151311-387023-s1.jpg'><img width=\"500\" height=\"500\" src=\"https:\/\/www.ozbekspor.com\/wp-content\/uploads\/busso-bc60-bocce-set-metalik-top-ozel-cantali-10151311-387023-s1-500x500.jpg\" class=\"attachment-thumbnail size-thumbnail\" alt=\"\" loading=\"lazy\" aria-describedby=\"gallery-1-1343\" srcset=\"https:\/\/www.ozbekspor.com\/wp-content\/uploads\/busso-bc60-bocce-set-metalik-top-ozel-cantali-10151311-387023-s1-500x500.jpg 500w, https:\/\/www.ozbekspor.com\/wp-content\/uploads\/busso-bc60-bocce-set-metalik-top-ozel-cantali-10151311-387023-s1-300x300.jpg 300w, https:\/\/www.ozbekspor.com\/wp-content\/uploads\/busso-bc60-bocce-set-metalik-top-ozel-cantali-10151311-387023-s1-100x100.jpg 100w\" sizes=\"(max-width: 500px) 100vw, 500px\" \/><\/a>\n\t\t\t<\/div>\n\t\t\t\t<figcaption class='wp-caption-text gallery-caption' id='gallery-1-1343'>\n\t\t\t\tLKS-45 BOCCIA SET 8 METAL TOP\n\t\t\t\t<\/figcaption><\/figure><figure class='gallery-item'>\n\t\t\t<div class='gallery-icon landscape'>\n\t\t\t\t<a href='https:\/\/www.ozbekspor.com\/wp-content\/uploads\/backyard-game-boccia-balls-petanque-ball-metal.jpg'><img width=\"500\" height=\"500\" src=\"https:\/\/www.ozbekspor.com\/wp-content\/uploads\/backyard-game-boccia-balls-petanque-ball-metal-500x500.jpg\" class=\"attachment-thumbnail size-thumbnail\" alt=\"\" loading=\"lazy\" aria-describedby=\"gallery-1-1344\" srcset=\"https:\/\/www.ozbekspor.com\/wp-content\/uploads\/backyard-game-boccia-balls-petanque-ball-metal-500x500.jpg 500w, https:\/\/www.ozbekspor.com\/wp-content\/uploads\/backyard-game-boccia-balls-petanque-ball-metal-800x800.jpg 800w, https:\/\/www.ozbekspor.com\/wp-content\/uploads\/backyard-game-boccia-balls-petanque-ball-metal-768x768.jpg 768w, https:\/\/www.ozbekspor.com\/wp-content\/uploads\/backyard-game-boccia-balls-petanque-ball-metal-300x300.jpg 300w, https:\/\/www.ozbekspor.com\/wp-content\/uploads\/backyard-game-boccia-balls-petanque-ball-metal-600x600.jpg 600w, https:\/\/www.ozbekspor.com\/wp-content\/uploads\/backyard-game-boccia-balls-petanque-ball-metal-100x100.jpg 100w, https:\/\/www.ozbekspor.com\/wp-content\/uploads\/backyard-game-boccia-balls-petanque-ball-metal.jpg 1000w\" sizes=\"(max-width: 500px) 100vw, 500px\" \/><\/a>\n\t\t\t<\/div>\n\t\t\t\t<figcaption class='wp-caption-text gallery-caption' id='gallery-1-1344'>\n\t\t\t\t\u00d6S-SBC774 BOCCE SET 8&#8217;li METAL \u00c7ANTALI SET\n\t\t\t\t<\/figcaption><\/figure><figure class='gallery-item'>\n\t\t\t<div class='gallery-icon portrait'>\n\t\t\t\t<a href='https:\/\/www.ozbekspor.com\/wp-content\/uploads\/350012-350012.jpg'><img width=\"500\" height=\"500\" src=\"https:\/\/www.ozbekspor.com\/wp-content\/uploads\/350012-350012-500x500.jpg\" class=\"attachment-thumbnail size-thumbnail\" alt=\"\" loading=\"lazy\" aria-describedby=\"gallery-1-1352\" srcset=\"https:\/\/www.ozbekspor.com\/wp-content\/uploads\/350012-350012-500x500.jpg 500w, https:\/\/www.ozbekspor.com\/wp-content\/uploads\/350012-350012-300x300.jpg 300w, https:\/\/www.ozbekspor.com\/wp-content\/uploads\/350012-350012-100x100.jpg 100w\" sizes=\"(max-width: 500px) 100vw, 500px\" \/><\/a>\n\t\t\t<\/div>\n\t\t\t\t<figcaption class='wp-caption-text gallery-caption' id='gallery-1-1352'>\n\t\t\t\tBOCCE SET AH\u015eAP KUTU\n\t\t\t\t<\/figcaption><\/figure><figure class='gallery-item'>\n\t\t\t<div class='gallery-icon landscape'>\n\t\t\t\t<a href='https:\/\/www.ozbekspor.com\/wp-content\/uploads\/bocceeBall.jpg'><img width=\"500\" height=\"500\" src=\"https:\/\/www.ozbekspor.com\/wp-content\/uploads\/bocceeBall-500x500.jpg\" class=\"attachment-thumbnail size-thumbnail\" alt=\"\" loading=\"lazy\" aria-describedby=\"gallery-1-1347\" srcset=\"https:\/\/www.ozbekspor.com\/wp-content\/uploads\/bocceeBall-500x500.jpg 500w, https:\/\/www.ozbekspor.com\/wp-content\/uploads\/bocceeBall-300x300.jpg 300w, https:\/\/www.ozbekspor.com\/wp-content\/uploads\/bocceeBall-100x100.jpg 100w\" sizes=\"(max-width: 500px) 100vw, 500px\" \/><\/a>\n\t\t\t<\/div>\n\t\t\t\t<figcaption class='wp-caption-text gallery-caption' id='gallery-1-1347'>\n\t\t\t\tBOCCIA SET PREMIUM\n\t\t\t\t<\/figcaption><\/figure><figure class='gallery-item'>\n\t\t\t<div class='gallery-icon landscape'>\n\t\t\t\t<a href='https:\/\/www.ozbekspor.com\/wp-content\/uploads\/open_graph.jpg'><img width=\"500\" height=\"500\" src=\"https:\/\/www.ozbekspor.com\/wp-content\/uploads\/open_graph-500x500.jpg\" class=\"attachment-thumbnail size-thumbnail\" alt=\"\" loading=\"lazy\" aria-describedby=\"gallery-1-1351\" srcset=\"https:\/\/www.ozbekspor.com\/wp-content\/uploads\/open_graph-500x500.jpg 500w, https:\/\/www.ozbekspor.com\/wp-content\/uploads\/open_graph-800x800.jpg 800w, https:\/\/www.ozbekspor.com\/wp-content\/uploads\/open_graph-768x768.jpg 768w, https:\/\/www.ozbekspor.com\/wp-content\/uploads\/open_graph-300x300.jpg 300w, https:\/\/www.ozbekspor.com\/wp-content\/uploads\/open_graph-600x600.jpg 600w, https:\/\/www.ozbekspor.com\/wp-content\/uploads\/open_graph-100x100.jpg 100w, https:\/\/www.ozbekspor.com\/wp-content\/uploads\/open_graph.jpg 1000w\" sizes=\"(max-width: 500px) 100vw, 500px\" \/><\/a>\n\t\t\t<\/div>\n\t\t\t\t<figcaption class='wp-caption-text gallery-caption' id='gallery-1-1351'>\n\t\t\t\tAVESSA PLAST\u0130K BOCCE SET\n\t\t\t\t<\/figcaption><\/figure><figure class='gallery-item'>\n\t\t\t<div class='gallery-icon landscape'>\n\t\t\t\t<a href='https:\/\/www.ozbekspor.com\/wp-content\/uploads\/022878-000000-01.jpg'><img width=\"500\" height=\"500\" src=\"https:\/\/www.ozbekspor.com\/wp-content\/uploads\/022878-000000-01-500x500.jpg\" class=\"attachment-thumbnail size-thumbnail\" alt=\"\" loading=\"lazy\" aria-describedby=\"gallery-1-1348\" srcset=\"https:\/\/www.ozbekspor.com\/wp-content\/uploads\/022878-000000-01-500x500.jpg 500w, https:\/\/www.ozbekspor.com\/wp-content\/uploads\/022878-000000-01-300x300.jpg 300w, https:\/\/www.ozbekspor.com\/wp-content\/uploads\/022878-000000-01-100x100.jpg 100w\" sizes=\"(max-width: 500px) 100vw, 500px\" \/><\/a>\n\t\t\t<\/div>\n\t\t\t\t<figcaption class='wp-caption-text gallery-caption' id='gallery-1-1348'>\n\t\t\t\tPLAST\u0130K BOCCIA SET\n\t\t\t\t<\/figcaption><\/figure>\n\t\t<\/div>\n\n","protected":false},"excerpt":{"rendered":"<p><strong>Bocce<\/strong>\u2019nin tarihi milattan binlerce y\u0131l \u00f6ncesine, Anadolu\u2019ya dayan\u0131yor. En eski spor dallar\u0131ndan birisi olarak kabul edilmektedir. Bug\u00fcnk\u00fc \u015fekliyle, ilk kez\u00a0Romal\u0131lar\u00a0taraf\u0131ndan oynanm\u0131\u015f ve <strong>\u201cbocce\u201d<\/strong> ad\u0131n\u0131 da Romal\u0131lardan alm\u0131\u015ft\u0131r. O d\u00f6nemlerde Anadolu\u2019da T\u00fcrklerin var oldu\u011fu ve \u00fclkemizin \u00e7e\u015fitli b\u00f6lgelerinde ad\u0131 <strong>Bocce<\/strong> olmasa da benzer bir\u00e7ok oyunun oynand\u0131\u011f\u0131 g\u00f6z \u00f6n\u00fcne al\u0131n\u0131rsa, <strong>Bocce<\/strong>\u2019nin ata sporlar\u0131m\u0131zdan oldu\u011funu s\u00f6ylemek de m\u00fcmk\u00fcnd\u00fcr.<\/p>\n<p>Oyundaki ama\u00e7, att\u0131\u011f\u0131n\u0131z\/yuvarlad\u0131\u011f\u0131n\u0131z toplar\u0131n\u0131z\u0131n hedef topa\u00a0<strong>(pallinoya)<\/strong>\u00a0yak\u0131n olmas\u0131n\u0131 sa\u011flamakt\u0131r. Rakip toplar\u0131ndan hedef topa daha yak\u0131n olarak at\u0131lan her top i\u00e7in bir puan al\u0131n\u0131yor ve 15 puan alan oyuncu oyunu (ma\u00e7\u0131) kazan\u0131yor. E\u011fer rakibin topu hedef topa daha yak\u0131nsa ve sizin yuvarlaman\u0131z olanaks\u0131zsa hedef topu ya da rakip topu vurmak i\u00e7in de at\u0131\u015f yap\u0131labilmektedir.<\/p>\n<p>Toplumumuza, gelene\u011fimize, al\u0131\u015fkanl\u0131klar\u0131m\u0131za her y\u00f6n\u00fcyle uyum sa\u011flayan Bocce, \u00fclkemizin son y\u0131llarda uluslararas\u0131 turnuvalarda g\u00f6sterdi\u011fi ba\u015far\u0131lar da d\u00fc\u015f\u00fcn\u00fclerek, ilerleyen d\u00f6nemlerde \u00fclkemizin ba\u015fat sporlar\u0131 aras\u0131nda yerini alaca\u011f\u0131 \u00f6n g\u00f6r\u00fclmektedir.<\/p>\n<p>Bocce sporu d\u00f6rt farkl\u0131 oyun sisteminden olu\u015fmaktad\u0131r. Bunlar;\u00a0<strong>Raffa, Volo, Petank ve \u00c7im Topu<\/strong>dur. Bocce \u00fcr\u00fcnleri uygun fiyat avantajlar\u0131yla <strong>\u00d6zbek Spor&#8217;da.<\/strong><\/p>\n","protected":false},"featured_media":1352,"template":"","meta":[],"_links":{"self":[{"href":"https:\/\/www.ozbekspor.com\/index.php?rest_route=\/wp\/v2\/product\/1340"}],"collection":[{"href":"https:\/\/www.ozbekspor.com\/index.php?rest_route=\/wp\/v2\/product"}],"about":[{"href":"https:\/\/www.ozbekspor.com\/index.php?rest_route=\/wp\/v2\/types\/product"}],"wp:featuredmedia":[{"embeddable":true,"href":"https:\/\/www.ozbekspor.com\/index.php?rest_route=\/wp\/v2\/media\/1352"}],"wp:attachment":[{"href":"https:\/\/www.ozbekspor.com\/index.php?rest_route=%2Fwp%2Fv2%2Fmedia&parent=1340"}],"curies":[{"name":"wp","href":"https:\/\/api.w.org\/{rel}","templated":true}]}}