{"id":1197,"date":"2020-02-03T19:05:57","date_gmt":"2020-02-03T19:05:57","guid":{"rendered":"https:\/\/www.ozbekspor.com\/?post_type=product&#038;p=1197"},"modified":"2021-03-19T08:58:18","modified_gmt":"2021-03-19T08:58:18","slug":"hedef-minderleri","status":"publish","type":"product","link":"https:\/\/www.ozbekspor.com\/?product=hedef-minderleri","title":{"rendered":"Aksesuar &#8211; Ok\u00e7uluk Hedef Ka\u011f\u0131d\u0131 ve Minderler"},"content":{"rendered":"<div id='gallery-1' class='gallery galleryid-1197 gallery-columns-4 gallery-size-thumbnail'><figure class='gallery-item'>\n\t\t\t<div class='gallery-icon landscape'>\n\t\t\t\t<a href='https:\/\/www.ozbekspor.com\/wp-content\/uploads\/HEDEF-KA\u00b6IDI.jpg'><img width=\"500\" height=\"500\" src=\"https:\/\/www.ozbekspor.com\/wp-content\/uploads\/HEDEF-KA\u00b6IDI-500x500.jpg\" class=\"attachment-thumbnail size-thumbnail\" alt=\"\" loading=\"lazy\" aria-describedby=\"gallery-1-1209\" srcset=\"https:\/\/www.ozbekspor.com\/wp-content\/uploads\/HEDEF-KA\u00b6IDI-500x500.jpg 500w, https:\/\/www.ozbekspor.com\/wp-content\/uploads\/HEDEF-KA\u00b6IDI-800x798.jpg 800w, https:\/\/www.ozbekspor.com\/wp-content\/uploads\/HEDEF-KA\u00b6IDI-768x766.jpg 768w, https:\/\/www.ozbekspor.com\/wp-content\/uploads\/HEDEF-KA\u00b6IDI-300x300.jpg 300w, https:\/\/www.ozbekspor.com\/wp-content\/uploads\/HEDEF-KA\u00b6IDI-600x599.jpg 600w, https:\/\/www.ozbekspor.com\/wp-content\/uploads\/HEDEF-KA\u00b6IDI-100x100.jpg 100w, https:\/\/www.ozbekspor.com\/wp-content\/uploads\/HEDEF-KA\u00b6IDI.jpg 1000w\" sizes=\"(max-width: 500px) 100vw, 500px\" \/><\/a>\n\t\t\t<\/div>\n\t\t\t\t<figcaption class='wp-caption-text gallery-caption' id='gallery-1-1209'>\n\t\t\t\t\u00d6S-HDF01 OK\u00c7ULUK \u00d6ZBEK SPOR HEDEF KA\u011eIDI\n\t\t\t\t<\/figcaption><\/figure><figure class='gallery-item'>\n\t\t\t<div class='gallery-icon landscape'>\n\t\t\t\t<a href='https:\/\/www.ozbekspor.com\/wp-content\/uploads\/SAMAN-HEDEF.jpg'><img width=\"500\" height=\"500\" src=\"https:\/\/www.ozbekspor.com\/wp-content\/uploads\/SAMAN-HEDEF-500x500.jpg\" class=\"attachment-thumbnail size-thumbnail\" alt=\"\" loading=\"lazy\" aria-describedby=\"gallery-1-1200\" srcset=\"https:\/\/www.ozbekspor.com\/wp-content\/uploads\/SAMAN-HEDEF-500x500.jpg 500w, https:\/\/www.ozbekspor.com\/wp-content\/uploads\/SAMAN-HEDEF-300x300.jpg 300w, https:\/\/www.ozbekspor.com\/wp-content\/uploads\/SAMAN-HEDEF-100x100.jpg 100w\" sizes=\"(max-width: 500px) 100vw, 500px\" \/><\/a>\n\t\t\t<\/div>\n\t\t\t\t<figcaption class='wp-caption-text gallery-caption' id='gallery-1-1200'>\n\t\t\t\t\u00d6S-DO026 SAMAN HEDEF M\u0130NDER\u0130\n\t\t\t\t<\/figcaption><\/figure><figure class='gallery-item'>\n\t\t\t<div class='gallery-icon portrait'>\n\t\t\t\t<a href='https:\/\/www.ozbekspor.com\/wp-content\/uploads\/66172455_461399104413090_2237239113513389590_n.jpg'><img width=\"500\" height=\"500\" src=\"https:\/\/www.ozbekspor.com\/wp-content\/uploads\/66172455_461399104413090_2237239113513389590_n-500x500.jpg\" class=\"attachment-thumbnail size-thumbnail\" alt=\"\" loading=\"lazy\" aria-describedby=\"gallery-1-1201\" srcset=\"https:\/\/www.ozbekspor.com\/wp-content\/uploads\/66172455_461399104413090_2237239113513389590_n-500x500.jpg 500w, https:\/\/www.ozbekspor.com\/wp-content\/uploads\/66172455_461399104413090_2237239113513389590_n-300x300.jpg 300w, https:\/\/www.ozbekspor.com\/wp-content\/uploads\/66172455_461399104413090_2237239113513389590_n-100x100.jpg 100w\" sizes=\"(max-width: 500px) 100vw, 500px\" \/><\/a>\n\t\t\t<\/div>\n\t\t\t\t<figcaption class='wp-caption-text gallery-caption' id='gallery-1-1201'>\n\t\t\t\t\u00d6S-DO020 EVA HEDEF M\u0130NDER\u0130\n\t\t\t\t<\/figcaption><\/figure><figure class='gallery-item'>\n\t\t\t<div class='gallery-icon landscape'>\n\t\t\t\t<a href='https:\/\/www.ozbekspor.com\/wp-content\/uploads\/HEDEF-Mo\u0300NDERo\u0300-100x100x20.jpg'><img width=\"500\" height=\"500\" src=\"https:\/\/www.ozbekspor.com\/wp-content\/uploads\/HEDEF-Mo\u0300NDERo\u0300-100x100x20-500x500.jpg\" class=\"attachment-thumbnail size-thumbnail\" alt=\"\" loading=\"lazy\" aria-describedby=\"gallery-1-1202\" srcset=\"https:\/\/www.ozbekspor.com\/wp-content\/uploads\/HEDEF-Mo\u0300NDERo\u0300-100x100x20-500x500.jpg 500w, https:\/\/www.ozbekspor.com\/wp-content\/uploads\/HEDEF-Mo\u0300NDERo\u0300-100x100x20-300x300.jpg 300w, https:\/\/www.ozbekspor.com\/wp-content\/uploads\/HEDEF-Mo\u0300NDERo\u0300-100x100x20-100x100.jpg 100w\" sizes=\"(max-width: 500px) 100vw, 500px\" \/><\/a>\n\t\t\t<\/div>\n\t\t\t\t<figcaption class='wp-caption-text gallery-caption' id='gallery-1-1202'>\n\t\t\t\t\u00d6S-DO021 EVA HEDEF M\u0130NDER\u0130\n\t\t\t\t<\/figcaption><\/figure><figure class='gallery-item'>\n\t\t\t<div class='gallery-icon portrait'>\n\t\t\t\t<a href='https:\/\/www.ozbekspor.com\/wp-content\/uploads\/Geleneksel-Okculuk-Puta-Ayagi_150666_4.jpg'><img width=\"500\" height=\"500\" src=\"https:\/\/www.ozbekspor.com\/wp-content\/uploads\/Geleneksel-Okculuk-Puta-Ayagi_150666_4-500x500.jpg\" class=\"attachment-thumbnail size-thumbnail\" alt=\"\" loading=\"lazy\" aria-describedby=\"gallery-1-1198\" srcset=\"https:\/\/www.ozbekspor.com\/wp-content\/uploads\/Geleneksel-Okculuk-Puta-Ayagi_150666_4-500x500.jpg 500w, https:\/\/www.ozbekspor.com\/wp-content\/uploads\/Geleneksel-Okculuk-Puta-Ayagi_150666_4-300x300.jpg 300w, https:\/\/www.ozbekspor.com\/wp-content\/uploads\/Geleneksel-Okculuk-Puta-Ayagi_150666_4-100x100.jpg 100w\" sizes=\"(max-width: 500px) 100vw, 500px\" \/><\/a>\n\t\t\t<\/div>\n\t\t\t\t<figcaption class='wp-caption-text gallery-caption' id='gallery-1-1198'>\n\t\t\t\t\u00d6S-DO022 OTTOMAN HEDEF Y\u00dcZ\u00dc\n\t\t\t\t<\/figcaption><\/figure><figure class='gallery-item'>\n\t\t\t<div class='gallery-icon landscape'>\n\t\t\t\t<a href='https:\/\/www.ozbekspor.com\/wp-content\/uploads\/383-buyuk.jpg'><img width=\"500\" height=\"500\" src=\"https:\/\/www.ozbekspor.com\/wp-content\/uploads\/383-buyuk-500x500.jpg\" class=\"attachment-thumbnail size-thumbnail\" alt=\"\" loading=\"lazy\" aria-describedby=\"gallery-1-1199\" srcset=\"https:\/\/www.ozbekspor.com\/wp-content\/uploads\/383-buyuk-500x500.jpg 500w, https:\/\/www.ozbekspor.com\/wp-content\/uploads\/383-buyuk-800x800.jpg 800w, https:\/\/www.ozbekspor.com\/wp-content\/uploads\/383-buyuk-768x768.jpg 768w, https:\/\/www.ozbekspor.com\/wp-content\/uploads\/383-buyuk-300x300.jpg 300w, https:\/\/www.ozbekspor.com\/wp-content\/uploads\/383-buyuk-600x600.jpg 600w, https:\/\/www.ozbekspor.com\/wp-content\/uploads\/383-buyuk-100x100.jpg 100w, https:\/\/www.ozbekspor.com\/wp-content\/uploads\/383-buyuk.jpg 1000w\" sizes=\"(max-width: 500px) 100vw, 500px\" \/><\/a>\n\t\t\t<\/div>\n\t\t\t\t<figcaption class='wp-caption-text gallery-caption' id='gallery-1-1199'>\n\t\t\t\t\u00d6S-157006 ASES HEDEF AYAKLI\u011eI 3 AYAK\n\t\t\t\t<\/figcaption><\/figure><figure class='gallery-item'>\n\t\t\t<div class='gallery-icon landscape'>\n\t\t\t\t<a href='https:\/\/www.ozbekspor.com\/wp-content\/uploads\/04.08.2019-97e8aba84b087234fa4f5eef70f60cc25d4.jpg'><img width=\"500\" height=\"500\" src=\"https:\/\/www.ozbekspor.com\/wp-content\/uploads\/04.08.2019-97e8aba84b087234fa4f5eef70f60cc25d4-500x500.jpg\" class=\"attachment-thumbnail size-thumbnail\" alt=\"\" loading=\"lazy\" aria-describedby=\"gallery-1-1208\" srcset=\"https:\/\/www.ozbekspor.com\/wp-content\/uploads\/04.08.2019-97e8aba84b087234fa4f5eef70f60cc25d4-500x500.jpg 500w, https:\/\/www.ozbekspor.com\/wp-content\/uploads\/04.08.2019-97e8aba84b087234fa4f5eef70f60cc25d4-800x800.jpg 800w, https:\/\/www.ozbekspor.com\/wp-content\/uploads\/04.08.2019-97e8aba84b087234fa4f5eef70f60cc25d4-768x768.jpg 768w, https:\/\/www.ozbekspor.com\/wp-content\/uploads\/04.08.2019-97e8aba84b087234fa4f5eef70f60cc25d4-300x300.jpg 300w, https:\/\/www.ozbekspor.com\/wp-content\/uploads\/04.08.2019-97e8aba84b087234fa4f5eef70f60cc25d4-600x600.jpg 600w, https:\/\/www.ozbekspor.com\/wp-content\/uploads\/04.08.2019-97e8aba84b087234fa4f5eef70f60cc25d4-100x100.jpg 100w, https:\/\/www.ozbekspor.com\/wp-content\/uploads\/04.08.2019-97e8aba84b087234fa4f5eef70f60cc25d4.jpg 1000w\" sizes=\"(max-width: 500px) 100vw, 500px\" \/><\/a>\n\t\t\t<\/div>\n\t\t\t\t<figcaption class='wp-caption-text gallery-caption' id='gallery-1-1208'>\n\t\t\t\t\u00d6S-157007 ASES HEDEF AYAKLI\u011eI 4 AYAK\n\t\t\t\t<\/figcaption><\/figure><figure class='gallery-item'>\n\t\t\t<div class='gallery-icon landscape'>\n\t\t\t\t<a href='https:\/\/www.ozbekspor.com\/wp-content\/uploads\/hidr90ry-900.jpg'><img width=\"500\" height=\"500\" src=\"https:\/\/www.ozbekspor.com\/wp-content\/uploads\/hidr90ry-900-500x500.jpg\" class=\"attachment-thumbnail size-thumbnail\" alt=\"\" loading=\"lazy\" aria-describedby=\"gallery-1-1204\" srcset=\"https:\/\/www.ozbekspor.com\/wp-content\/uploads\/hidr90ry-900-500x500.jpg 500w, https:\/\/www.ozbekspor.com\/wp-content\/uploads\/hidr90ry-900-800x800.jpg 800w, https:\/\/www.ozbekspor.com\/wp-content\/uploads\/hidr90ry-900-768x768.jpg 768w, https:\/\/www.ozbekspor.com\/wp-content\/uploads\/hidr90ry-900-300x300.jpg 300w, https:\/\/www.ozbekspor.com\/wp-content\/uploads\/hidr90ry-900-600x600.jpg 600w, https:\/\/www.ozbekspor.com\/wp-content\/uploads\/hidr90ry-900-100x100.jpg 100w, https:\/\/www.ozbekspor.com\/wp-content\/uploads\/hidr90ry-900.jpg 1000w\" sizes=\"(max-width: 500px) 100vw, 500px\" \/><\/a>\n\t\t\t<\/div>\n\t\t\t\t<figcaption class='wp-caption-text gallery-caption' id='gallery-1-1204'>\n\t\t\t\t\u00d6S-DO025 OK\u00c7ULUK HEDEF SET\u0130\n\t\t\t\t<\/figcaption><\/figure><figure class='gallery-item'>\n\t\t\t<div class='gallery-icon landscape'>\n\t\t\t\t<a href='https:\/\/www.ozbekspor.com\/wp-content\/uploads\/gxqtimx0-900.jpg'><img width=\"500\" height=\"500\" src=\"https:\/\/www.ozbekspor.com\/wp-content\/uploads\/gxqtimx0-900-500x500.jpg\" class=\"attachment-thumbnail size-thumbnail\" alt=\"\" loading=\"lazy\" aria-describedby=\"gallery-1-1206\" srcset=\"https:\/\/www.ozbekspor.com\/wp-content\/uploads\/gxqtimx0-900-500x500.jpg 500w, https:\/\/www.ozbekspor.com\/wp-content\/uploads\/gxqtimx0-900-300x300.jpg 300w, https:\/\/www.ozbekspor.com\/wp-content\/uploads\/gxqtimx0-900-100x100.jpg 100w\" sizes=\"(max-width: 500px) 100vw, 500px\" \/><\/a>\n\t\t\t<\/div>\n\t\t\t\t<figcaption class='wp-caption-text gallery-caption' id='gallery-1-1206'>\n\t\t\t\t\u00d6S-DO025 OK\u00c7ULUK HEDEF SET\u0130\n\t\t\t\t<\/figcaption><\/figure><figure class='gallery-item'>\n\t\t\t<div class='gallery-icon landscape'>\n\t\t\t\t<a href='https:\/\/www.ozbekspor.com\/wp-content\/uploads\/o1rfks3h-900.jpg'><img width=\"500\" height=\"500\" src=\"https:\/\/www.ozbekspor.com\/wp-content\/uploads\/o1rfks3h-900-500x500.jpg\" class=\"attachment-thumbnail size-thumbnail\" alt=\"\" loading=\"lazy\" aria-describedby=\"gallery-1-1207\" srcset=\"https:\/\/www.ozbekspor.com\/wp-content\/uploads\/o1rfks3h-900-500x500.jpg 500w, https:\/\/www.ozbekspor.com\/wp-content\/uploads\/o1rfks3h-900-800x800.jpg 800w, https:\/\/www.ozbekspor.com\/wp-content\/uploads\/o1rfks3h-900-768x768.jpg 768w, https:\/\/www.ozbekspor.com\/wp-content\/uploads\/o1rfks3h-900-300x300.jpg 300w, https:\/\/www.ozbekspor.com\/wp-content\/uploads\/o1rfks3h-900-600x600.jpg 600w, https:\/\/www.ozbekspor.com\/wp-content\/uploads\/o1rfks3h-900-100x100.jpg 100w, https:\/\/www.ozbekspor.com\/wp-content\/uploads\/o1rfks3h-900.jpg 1000w\" sizes=\"(max-width: 500px) 100vw, 500px\" \/><\/a>\n\t\t\t<\/div>\n\t\t\t\t<figcaption class='wp-caption-text gallery-caption' id='gallery-1-1207'>\n\t\t\t\t\u00d6S-HDF01 OK\u00c7ULUK HEDEF KA\u011eIDI \n\t\t\t\t<\/figcaption><\/figure>\n\t\t<\/div>\n\n","protected":false},"excerpt":{"rendered":"","protected":false},"featured_media":1209,"template":"","meta":[],"_links":{"self":[{"href":"https:\/\/www.ozbekspor.com\/index.php?rest_route=\/wp\/v2\/product\/1197"}],"collection":[{"href":"https:\/\/www.ozbekspor.com\/index.php?rest_route=\/wp\/v2\/product"}],"about":[{"href":"https:\/\/www.ozbekspor.com\/index.php?rest_route=\/wp\/v2\/types\/product"}],"wp:featuredmedia":[{"embeddable":true,"href":"https:\/\/www.ozbekspor.com\/index.php?rest_route=\/wp\/v2\/media\/1209"}],"wp:attachment":[{"href":"https:\/\/www.ozbekspor.com\/index.php?rest_route=%2Fwp%2Fv2%2Fmedia&parent=1197"}],"curies":[{"name":"wp","href":"https:\/\/api.w.org\/{rel}","templated":true}]}}