{"id":1078,"date":"2020-01-27T15:41:49","date_gmt":"2020-01-27T15:41:49","guid":{"rendered":"https:\/\/www.ozbekspor.com\/?post_type=product&#038;p=1078"},"modified":"2021-01-22T10:50:52","modified_gmt":"2021-01-22T10:50:52","slug":"tirmanma-halati","status":"publish","type":"product","link":"https:\/\/www.ozbekspor.com\/?product=tirmanma-halati","title":{"rendered":"T\u0131rmanma Halat\u0131"},"content":{"rendered":"<div id='gallery-1' class='gallery galleryid-1078 gallery-columns-4 gallery-size-thumbnail'><figure class='gallery-item'>\n\t\t\t<div class='gallery-icon portrait'>\n\t\t\t\t<a href='https:\/\/www.ozbekspor.com\/wp-content\/uploads\/1453295331_tirmanma_halati.jpg'><img width=\"500\" height=\"500\" src=\"https:\/\/www.ozbekspor.com\/wp-content\/uploads\/1453295331_tirmanma_halati-500x500.jpg\" class=\"attachment-thumbnail size-thumbnail\" alt=\"\" loading=\"lazy\" aria-describedby=\"gallery-1-1079\" srcset=\"https:\/\/www.ozbekspor.com\/wp-content\/uploads\/1453295331_tirmanma_halati-500x500.jpg 500w, https:\/\/www.ozbekspor.com\/wp-content\/uploads\/1453295331_tirmanma_halati-300x300.jpg 300w, https:\/\/www.ozbekspor.com\/wp-content\/uploads\/1453295331_tirmanma_halati-100x100.jpg 100w\" sizes=\"(max-width: 500px) 100vw, 500px\" \/><\/a>\n\t\t\t<\/div>\n\t\t\t\t<figcaption class='wp-caption-text gallery-caption' id='gallery-1-1079'>\n\t\t\t\t\u00d6S-KH01 \u00d6ZBEK KEND\u0130R TIRMAN HALATI 4.00mt\n\t\t\t\t<\/figcaption><\/figure><figure class='gallery-item'>\n\t\t\t<div class='gallery-icon portrait'>\n\t\t\t\t<a href='https:\/\/www.ozbekspor.com\/wp-content\/uploads\/t\u0131rmanma-halat\u0131.jpg'><img width=\"500\" height=\"500\" src=\"https:\/\/www.ozbekspor.com\/wp-content\/uploads\/t\u0131rmanma-halat\u0131-500x500.jpg\" class=\"attachment-thumbnail size-thumbnail\" alt=\"\" loading=\"lazy\" aria-describedby=\"gallery-1-1080\" srcset=\"https:\/\/www.ozbekspor.com\/wp-content\/uploads\/t\u0131rmanma-halat\u0131-500x500.jpg 500w, https:\/\/www.ozbekspor.com\/wp-content\/uploads\/t\u0131rmanma-halat\u0131-798x800.jpg 798w, https:\/\/www.ozbekspor.com\/wp-content\/uploads\/t\u0131rmanma-halat\u0131-768x770.jpg 768w, https:\/\/www.ozbekspor.com\/wp-content\/uploads\/t\u0131rmanma-halat\u0131-300x300.jpg 300w, https:\/\/www.ozbekspor.com\/wp-content\/uploads\/t\u0131rmanma-halat\u0131-600x601.jpg 600w, https:\/\/www.ozbekspor.com\/wp-content\/uploads\/t\u0131rmanma-halat\u0131-100x100.jpg 100w, https:\/\/www.ozbekspor.com\/wp-content\/uploads\/t\u0131rmanma-halat\u0131.jpg 1000w\" sizes=\"(max-width: 500px) 100vw, 500px\" \/><\/a>\n\t\t\t<\/div>\n\t\t\t\t<figcaption class='wp-caption-text gallery-caption' id='gallery-1-1080'>\n\t\t\t\t\u00d6S-KH02 \u00d6ZBEK KEND\u0130R TIRMAN HALATI 4.50mt\n\t\t\t\t<\/figcaption><\/figure><figure class='gallery-item'>\n\t\t\t<div class='gallery-icon landscape'>\n\t\t\t\t<a href='https:\/\/www.ozbekspor.com\/wp-content\/uploads\/hazir.jpg'><img width=\"500\" height=\"500\" src=\"https:\/\/www.ozbekspor.com\/wp-content\/uploads\/hazir-500x500.jpg\" class=\"attachment-thumbnail size-thumbnail\" alt=\"\" loading=\"lazy\" aria-describedby=\"gallery-1-1081\" srcset=\"https:\/\/www.ozbekspor.com\/wp-content\/uploads\/hazir-500x500.jpg 500w, https:\/\/www.ozbekspor.com\/wp-content\/uploads\/hazir-800x800.jpg 800w, https:\/\/www.ozbekspor.com\/wp-content\/uploads\/hazir-768x768.jpg 768w, https:\/\/www.ozbekspor.com\/wp-content\/uploads\/hazir-300x300.jpg 300w, https:\/\/www.ozbekspor.com\/wp-content\/uploads\/hazir-600x600.jpg 600w, https:\/\/www.ozbekspor.com\/wp-content\/uploads\/hazir-100x100.jpg 100w, https:\/\/www.ozbekspor.com\/wp-content\/uploads\/hazir.jpg 1000w\" sizes=\"(max-width: 500px) 100vw, 500px\" \/><\/a>\n\t\t\t<\/div>\n\t\t\t\t<figcaption class='wp-caption-text gallery-caption' id='gallery-1-1081'>\n\t\t\t\t\u00d6S-KH03 \u00d6ZBEK KEND\u0130R TIRMAN HALATI 5.00mt\n\t\t\t\t<\/figcaption><\/figure><figure class='gallery-item'>\n\t\t\t<div class='gallery-icon portrait'>\n\t\t\t\t<a href='https:\/\/www.ozbekspor.com\/wp-content\/uploads\/t\u0131rmanma-bas\u0327.jpg'><img width=\"500\" height=\"500\" src=\"https:\/\/www.ozbekspor.com\/wp-content\/uploads\/t\u0131rmanma-bas\u0327-500x500.jpg\" class=\"attachment-thumbnail size-thumbnail\" alt=\"\" loading=\"lazy\" aria-describedby=\"gallery-1-1082\" srcset=\"https:\/\/www.ozbekspor.com\/wp-content\/uploads\/t\u0131rmanma-bas\u0327-500x500.jpg 500w, https:\/\/www.ozbekspor.com\/wp-content\/uploads\/t\u0131rmanma-bas\u0327-300x300.jpg 300w, https:\/\/www.ozbekspor.com\/wp-content\/uploads\/t\u0131rmanma-bas\u0327-100x100.jpg 100w\" sizes=\"(max-width: 500px) 100vw, 500px\" \/><\/a>\n\t\t\t<\/div>\n\t\t\t\t<figcaption class='wp-caption-text gallery-caption' id='gallery-1-1082'>\n\t\t\t\t\u00d6ZBEK SPOR KEND\u0130R TIRMANMA HALATI ASKI APARATI\n\t\t\t\t<\/figcaption><\/figure>\n\t\t<\/div>\n\n","protected":false},"excerpt":{"rendered":"<p><strong>T\u0131rmanma Halat\u0131<\/strong><\/p>\n<p><strong>T\u0131rmanma halat\u0131<\/strong>\u00a0askeri e\u011fitim, spor etkinlikleri, hobi ve \u00e7e\u015fitli etkinlikler i\u00e7in kullan\u0131l\u0131r. 40 mm ve 50 mm halat \u00f6l\u00e7\u00fcs\u00fc\u00a0<strong>T\u0131rmanma halatlar\u0131<\/strong>\u00a0i\u00e7in uygundur. ister d\u00fc\u011f\u00fcml\u00fc, isterse d\u00fcz sade halat \u015feklinde kullan\u0131l\u0131r. Ask\u0131 i\u00e7in halat\u0131n ba\u015f k\u0131sm\u0131na ask\u0131 kancas\u0131 monte edilir. Yine halat\u0131n d\u00fcz bir \u015fekilde durmas\u0131 i\u00e7in, en alt k\u0131sm\u0131na a\u011f\u0131rl\u0131k kombinasyonlar\u0131 yap\u0131l\u0131r.<\/p>\n","protected":false},"featured_media":1080,"template":"","meta":[],"_links":{"self":[{"href":"https:\/\/www.ozbekspor.com\/index.php?rest_route=\/wp\/v2\/product\/1078"}],"collection":[{"href":"https:\/\/www.ozbekspor.com\/index.php?rest_route=\/wp\/v2\/product"}],"about":[{"href":"https:\/\/www.ozbekspor.com\/index.php?rest_route=\/wp\/v2\/types\/product"}],"wp:featuredmedia":[{"embeddable":true,"href":"https:\/\/www.ozbekspor.com\/index.php?rest_route=\/wp\/v2\/media\/1080"}],"wp:attachment":[{"href":"https:\/\/www.ozbekspor.com\/index.php?rest_route=%2Fwp%2Fv2%2Fmedia&parent=1078"}],"curies":[{"name":"wp","href":"https:\/\/api.w.org\/{rel}","templated":true}]}}