{"id":3208,"date":"2021-01-17T16:45:26","date_gmt":"2021-01-17T16:45:26","guid":{"rendered":"https:\/\/www.ozbekspor.com\/?page_id=3208"},"modified":"2021-02-16T06:38:24","modified_gmt":"2021-02-16T06:38:24","slug":"test-ve-urun-goruntuleri","status":"publish","type":"page","link":"https:\/\/www.ozbekspor.com\/?page_id=3208","title":{"rendered":"Test ve \u00dcr\u00fcn G\u00f6r\u00fcnt\u00fcleri"},"content":{"rendered":"\n<div class=\"row\"  id=\"row-1082372532\">\n\n<div class=\"col small-12 large-12\"  ><div class=\"col-inner\"  >\n\n<div class=\"row\"  id=\"row-211071988\">\n\n<div class=\"col medium-4 small-12 large-4\"  ><div class=\"col-inner\"  >\n\n\t<div class=\"img has-hover x md-x lg-x y md-y lg-y\" id=\"image_1278007557\">\n\t\t\t\t\t\t\t\t<div class=\"img-inner dark\" >\n\t\t\t<img width=\"789\" height=\"443\" src=\"https:\/\/www.ozbekspor.com\/wp-content\/uploads\/kus-filesi-motanj.png\" class=\"attachment-large size-large\" alt=\"\" loading=\"lazy\" srcset=\"https:\/\/www.ozbekspor.com\/wp-content\/uploads\/kus-filesi-motanj.png 789w, https:\/\/www.ozbekspor.com\/wp-content\/uploads\/kus-filesi-motanj-768x431.png 768w, https:\/\/www.ozbekspor.com\/wp-content\/uploads\/kus-filesi-motanj-600x337.png 600w\" sizes=\"(max-width: 789px) 100vw, 789px\" \/>\t\t\t\t\t\t\n\t\t\t\t\t<\/div>\n\t\t\t\t\t\t\t\t\n<style scope=\"scope\">\n\n#image_1278007557 {\n  width: 100%;\n}\n<\/style>\n\t<\/div>\n\t\n\n<a class=\"button primary\"  >\n    <span>Ku\u015f filesi montaj uygulama<\/span>\n  <\/a>\n\n\n\n<\/div><\/div>\n<div class=\"col medium-4 small-12 large-4\"  ><div class=\"col-inner\"  >\n\n\t<div class=\"img has-hover x md-x lg-x y md-y lg-y\" id=\"image_2053005575\">\n\t\t\t\t\t\t\t\t<div class=\"img-inner dark\" >\n\t\t\t<img width=\"772\" height=\"579\" src=\"https:\/\/www.ozbekspor.com\/wp-content\/uploads\/montaj.png\" class=\"attachment-large size-large\" alt=\"\" loading=\"lazy\" srcset=\"https:\/\/www.ozbekspor.com\/wp-content\/uploads\/montaj.png 772w, https:\/\/www.ozbekspor.com\/wp-content\/uploads\/montaj-768x576.png 768w, https:\/\/www.ozbekspor.com\/wp-content\/uploads\/montaj-600x450.png 600w\" sizes=\"(max-width: 772px) 100vw, 772px\" \/>\t\t\t\t\t\t\n\t\t\t\t\t<\/div>\n\t\t\t\t\t\t\t\t\n<style scope=\"scope\">\n\n#image_2053005575 {\n  width: 100%;\n}\n<\/style>\n\t<\/div>\n\t\n\n<a class=\"button primary\"  >\n    <span>Balkon G\u00fcvenlik Filesi Uygulama<\/span>\n  <\/a>\n\n\n\n<\/div><\/div>\n<div class=\"col medium-4 small-12 large-4\"  ><div class=\"col-inner\"  >\n\n\t<div class=\"img has-hover x md-x lg-x y md-y lg-y\" id=\"image_506453095\">\n\t\t\t\t\t\t\t\t<div class=\"img-inner dark\" >\n\t\t\t<img width=\"789\" height=\"444\" src=\"https:\/\/www.ozbekspor.com\/wp-content\/uploads\/kurulum.png\" class=\"attachment-large size-large\" alt=\"\" loading=\"lazy\" srcset=\"https:\/\/www.ozbekspor.com\/wp-content\/uploads\/kurulum.png 789w, https:\/\/www.ozbekspor.com\/wp-content\/uploads\/kurulum-768x432.png 768w, https:\/\/www.ozbekspor.com\/wp-content\/uploads\/kurulum-600x338.png 600w\" sizes=\"(max-width: 789px) 100vw, 789px\" \/>\t\t\t\t\t\t\n\t\t\t\t\t<\/div>\n\t\t\t\t\t\t\t\t\n<style scope=\"scope\">\n\n#image_506453095 {\n  width: 100%;\n}\n<\/style>\n\t<\/div>\n\t\n\n<a class=\"button primary\"  >\n    <span>Koruma a\u011f\u0131 montaj uygulama<\/span>\n  <\/a>\n\n\n\n<\/div><\/div>\n\n<\/div>\n\n<\/div><\/div>\n<div class=\"col medium-4 small-12 large-4\"  ><div class=\"col-inner\"  >\n\n<div class=\"row\"  id=\"row-434908926\">\n\n<div class=\"col medium-6 small-12 large-6\"  ><div class=\"col-inner\"  >\n\n\t<div class=\"img has-hover x md-x lg-x y md-y lg-y\" id=\"image_1152190926\">\n\t\t\t\t\t\t\t\t<div class=\"img-inner dark\" >\n\t\t\t<img width=\"1020\" height=\"765\" src=\"https:\/\/www.ozbekspor.com\/wp-content\/uploads\/Havuz-cevre-guvenlik-file-montaji-1024x768.jpg\" class=\"attachment-large size-large\" alt=\"\" loading=\"lazy\" srcset=\"https:\/\/www.ozbekspor.com\/wp-content\/uploads\/Havuz-cevre-guvenlik-file-montaji-1024x768.jpg 1024w, https:\/\/www.ozbekspor.com\/wp-content\/uploads\/Havuz-cevre-guvenlik-file-montaji-800x600.jpg 800w, https:\/\/www.ozbekspor.com\/wp-content\/uploads\/Havuz-cevre-guvenlik-file-montaji-768x576.jpg 768w, https:\/\/www.ozbekspor.com\/wp-content\/uploads\/Havuz-cevre-guvenlik-file-montaji-1536x1152.jpg 1536w, https:\/\/www.ozbekspor.com\/wp-content\/uploads\/Havuz-cevre-guvenlik-file-montaji-2048x1536.jpg 2048w, https:\/\/www.ozbekspor.com\/wp-content\/uploads\/Havuz-cevre-guvenlik-file-montaji-600x450.jpg 600w\" sizes=\"(max-width: 1020px) 100vw, 1020px\" \/>\t\t\t\t\t\t\n\t\t\t\t\t<\/div>\n\t\t\t\t\t\t\t\t\n<style scope=\"scope\">\n\n#image_1152190926 {\n  width: 100%;\n}\n<\/style>\n\t<\/div>\n\t\n\n\n<\/div><\/div>\n<div class=\"col medium-6 small-12 large-6\"  ><div class=\"col-inner\"  >\n\n\t<div class=\"img has-hover x md-x lg-x y md-y lg-y\" id=\"image_1612089075\">\n\t\t\t\t\t\t\t\t<div class=\"img-inner dark\" >\n\t\t\t<img width=\"1020\" height=\"1001\" src=\"https:\/\/www.ozbekspor.com\/wp-content\/uploads\/sdfdsgsdg-1024x1005.png\" class=\"attachment-large size-large\" alt=\"\" loading=\"lazy\" srcset=\"https:\/\/www.ozbekspor.com\/wp-content\/uploads\/sdfdsgsdg-1024x1005.png 1024w, https:\/\/www.ozbekspor.com\/wp-content\/uploads\/sdfdsgsdg-800x785.png 800w, https:\/\/www.ozbekspor.com\/wp-content\/uploads\/sdfdsgsdg-768x754.png 768w, https:\/\/www.ozbekspor.com\/wp-content\/uploads\/sdfdsgsdg-1536x1508.png 1536w, https:\/\/www.ozbekspor.com\/wp-content\/uploads\/sdfdsgsdg-2048x2010.png 2048w, https:\/\/www.ozbekspor.com\/wp-content\/uploads\/sdfdsgsdg-600x589.png 600w\" sizes=\"(max-width: 1020px) 100vw, 1020px\" \/>\t\t\t\t\t\t\n\t\t\t\t\t<\/div>\n\t\t\t\t\t\t\t\t\n<style scope=\"scope\">\n\n#image_1612089075 {\n  width: 100%;\n}\n<\/style>\n\t<\/div>\n\t\n\n\n<\/div><\/div>\n\n<\/div>\n\t<div class=\"img has-hover x md-x lg-x y md-y lg-y\" id=\"image_428668520\">\n\t\t\t\t\t\t\t\t<div class=\"img-inner dark\" >\n\t\t\t<img width=\"960\" height=\"720\" src=\"https:\/\/www.ozbekspor.com\/wp-content\/uploads\/havuz-cevre-kapama-montaj.jpg\" class=\"attachment-large size-large\" alt=\"\" loading=\"lazy\" srcset=\"https:\/\/www.ozbekspor.com\/wp-content\/uploads\/havuz-cevre-kapama-montaj.jpg 960w, https:\/\/www.ozbekspor.com\/wp-content\/uploads\/havuz-cevre-kapama-montaj-800x600.jpg 800w, https:\/\/www.ozbekspor.com\/wp-content\/uploads\/havuz-cevre-kapama-montaj-768x576.jpg 768w, https:\/\/www.ozbekspor.com\/wp-content\/uploads\/havuz-cevre-kapama-montaj-600x450.jpg 600w\" sizes=\"(max-width: 960px) 100vw, 960px\" \/>\t\t\t\t\t\t\n\t\t\t\t\t<\/div>\n\t\t\t\t\t\t\t\t\n<style scope=\"scope\">\n\n#image_428668520 {\n  width: 100%;\n}\n<\/style>\n\t<\/div>\n\t\n\n<a class=\"button primary\"  >\n    <span>HAVUZ \u00c7EVRE KAPAMA F\u0130LES\u0130 MONTAJI<\/span>\n  <\/a>\n\n\n\n<\/div><\/div>\n<div class=\"col medium-4 small-12 large-4\"  ><div class=\"col-inner\"  >\n\n\t<div class=\"img has-hover x md-x lg-x y md-y lg-y\" id=\"image_509190272\">\n\t\t\t\t\t\t\t\t<div class=\"img-inner dark\" >\n\t\t\t<img width=\"780\" height=\"509\" src=\"https:\/\/www.ozbekspor.com\/wp-content\/uploads\/B04-01.jpg\" class=\"attachment-large size-large\" alt=\"\" loading=\"lazy\" srcset=\"https:\/\/www.ozbekspor.com\/wp-content\/uploads\/B04-01.jpg 780w, https:\/\/www.ozbekspor.com\/wp-content\/uploads\/B04-01-768x501.jpg 768w, https:\/\/www.ozbekspor.com\/wp-content\/uploads\/B04-01-600x392.jpg 600w\" sizes=\"(max-width: 780px) 100vw, 780px\" \/>\t\t\t\t\t\t\n\t\t\t\t\t<\/div>\n\t\t\t\t\t\t\t\t\n<style scope=\"scope\">\n\n#image_509190272 {\n  width: 100%;\n}\n<\/style>\n\t<\/div>\n\t\n\n<a class=\"button primary\"  >\n    <span>in\u015faat g\u00fcvenlik filesi kurulum<\/span>\n  <\/a>\n\n\n\n<\/div><\/div>\n<div class=\"col medium-4 small-12 large-4\"  ><div class=\"col-inner\"  >\n\n\t<div class=\"img has-hover x md-x lg-x y md-y lg-y\" id=\"image_1525350781\">\n\t\t\t\t\t\t\t\t<div class=\"img-inner dark\" >\n\t\t\t<img width=\"1020\" height=\"765\" src=\"https:\/\/www.ozbekspor.com\/wp-content\/uploads\/1112020-emniyet_filesi-112244-1024x768.jpg\" class=\"attachment-large size-large\" alt=\"\" loading=\"lazy\" srcset=\"https:\/\/www.ozbekspor.com\/wp-content\/uploads\/1112020-emniyet_filesi-112244-1024x768.jpg 1024w, https:\/\/www.ozbekspor.com\/wp-content\/uploads\/1112020-emniyet_filesi-112244-800x600.jpg 800w, https:\/\/www.ozbekspor.com\/wp-content\/uploads\/1112020-emniyet_filesi-112244-768x576.jpg 768w, https:\/\/www.ozbekspor.com\/wp-content\/uploads\/1112020-emniyet_filesi-112244-1536x1152.jpg 1536w, https:\/\/www.ozbekspor.com\/wp-content\/uploads\/1112020-emniyet_filesi-112244-600x450.jpg 600w, https:\/\/www.ozbekspor.com\/wp-content\/uploads\/1112020-emniyet_filesi-112244.jpg 1772w\" sizes=\"(max-width: 1020px) 100vw, 1020px\" \/>\t\t\t\t\t\t\n\t\t\t\t\t<\/div>\n\t\t\t\t\t\t\t\t\n<style scope=\"scope\">\n\n#image_1525350781 {\n  width: 100%;\n}\n<\/style>\n\t<\/div>\n\t\n\n<a class=\"button primary\"  >\n    <span>D\u0130K\u0130LM\u0130\u015e KORUMA A\u011eI UYGULAMALARI<\/span>\n  <\/a>\n\n\n\n<\/div><\/div>\n<div class=\"col medium-4 small-12 large-4\"  ><div class=\"col-inner\"  >\n\n<div class=\"row\"  id=\"row-843867172\">\n\n<div class=\"col small-12 large-12\"  ><div class=\"col-inner\"  >\n\n\t<div class=\"img has-hover x md-x lg-x y md-y lg-y\" id=\"image_937200325\">\n\t\t\t\t\t\t\t\t<div class=\"img-inner dark\" >\n\t\t\t<img width=\"768\" height=\"1024\" src=\"https:\/\/www.ozbekspor.com\/wp-content\/uploads\/Montaj-ekibi-768x1024.jpg\" class=\"attachment-large size-large\" alt=\"\" loading=\"lazy\" srcset=\"https:\/\/www.ozbekspor.com\/wp-content\/uploads\/Montaj-ekibi-768x1024.jpg 768w, https:\/\/www.ozbekspor.com\/wp-content\/uploads\/Montaj-ekibi-600x800.jpg 600w, https:\/\/www.ozbekspor.com\/wp-content\/uploads\/Montaj-ekibi-1152x1536.jpg 1152w, https:\/\/www.ozbekspor.com\/wp-content\/uploads\/Montaj-ekibi.jpg 1200w\" sizes=\"(max-width: 768px) 100vw, 768px\" \/>\t\t\t\t\t\t\n\t\t\t\t\t<\/div>\n\t\t\t\t\t\t\t\t\n<style scope=\"scope\">\n\n#image_937200325 {\n  width: 100%;\n}\n<\/style>\n\t<\/div>\n\t\n\n<a class=\"button primary\"  >\n    <span>GOLF SAHASI \u00c7EVRE A\u011eI MONTAJI<\/span>\n  <\/a>\n\n\n\n<\/div><\/div>\n\n<\/div>\n\n<\/div><\/div>\n<div class=\"col medium-4 small-12 large-4\"  ><div class=\"col-inner\"  >\n\n\t<div class=\"img has-hover x md-x lg-x y md-y lg-y\" id=\"image_157007750\">\n\t\t\t\t\t\t\t\t<div class=\"img-inner dark\" >\n\t\t\t<img width=\"1020\" height=\"765\" src=\"https:\/\/www.ozbekspor.com\/wp-content\/uploads\/Balkon-Koruma-Filesi-21-1024x768.jpg\" class=\"attachment-large size-large\" alt=\"\" loading=\"lazy\" srcset=\"https:\/\/www.ozbekspor.com\/wp-content\/uploads\/Balkon-Koruma-Filesi-21-1024x768.jpg 1024w, https:\/\/www.ozbekspor.com\/wp-content\/uploads\/Balkon-Koruma-Filesi-21-800x600.jpg 800w, https:\/\/www.ozbekspor.com\/wp-content\/uploads\/Balkon-Koruma-Filesi-21-768x576.jpg 768w, https:\/\/www.ozbekspor.com\/wp-content\/uploads\/Balkon-Koruma-Filesi-21-1536x1152.jpg 1536w, https:\/\/www.ozbekspor.com\/wp-content\/uploads\/Balkon-Koruma-Filesi-21-2048x1536.jpg 2048w, https:\/\/www.ozbekspor.com\/wp-content\/uploads\/Balkon-Koruma-Filesi-21-600x450.jpg 600w\" sizes=\"(max-width: 1020px) 100vw, 1020px\" \/>\t\t\t\t\t\t\n\t\t\t\t\t<\/div>\n\t\t\t\t\t\t\t\t\n<style scope=\"scope\">\n\n#image_157007750 {\n  width: 100%;\n}\n<\/style>\n\t<\/div>\n\t\n\n<a class=\"button primary\"  >\n    <span>Balkon G\u00fcvenlik Filesi montaj\u0131<\/span>\n  <\/a>\n\n\n\n<\/div><\/div>\n<div class=\"col medium-4 small-12 large-4\"  ><div class=\"col-inner\"  >\n\n\t<div class=\"img has-hover x md-x lg-x y md-y lg-y\" id=\"image_1680579849\">\n\t\t\t\t\t\t\t\t<div class=\"img-inner dark\" >\n\t\t\t<img width=\"1020\" height=\"765\" src=\"https:\/\/www.ozbekspor.com\/wp-content\/uploads\/IMG_1093-1024x768.jpg\" class=\"attachment-large size-large\" alt=\"\" loading=\"lazy\" srcset=\"https:\/\/www.ozbekspor.com\/wp-content\/uploads\/IMG_1093-1024x768.jpg 1024w, https:\/\/www.ozbekspor.com\/wp-content\/uploads\/IMG_1093-800x600.jpg 800w, https:\/\/www.ozbekspor.com\/wp-content\/uploads\/IMG_1093-768x576.jpg 768w, https:\/\/www.ozbekspor.com\/wp-content\/uploads\/IMG_1093-1536x1152.jpg 1536w, https:\/\/www.ozbekspor.com\/wp-content\/uploads\/IMG_1093-2048x1536.jpg 2048w, https:\/\/www.ozbekspor.com\/wp-content\/uploads\/IMG_1093-600x450.jpg 600w\" sizes=\"(max-width: 1020px) 100vw, 1020px\" \/>\t\t\t\t\t\t\n\t\t\t\t\t<\/div>\n\t\t\t\t\t\t\t\t\n<style scope=\"scope\">\n\n#image_1680579849 {\n  width: 100%;\n}\n<\/style>\n\t<\/div>\n\t\n\n<a class=\"button primary\"  >\n    <span>havuz \u00fcst kapama g\u00fcvenlik a\u011f\u0131 montaj uygulamas\u0131<\/span>\n  <\/a>\n\n\n\n<\/div><\/div>\n<div class=\"col medium-4 small-12 large-4\"  ><div class=\"col-inner\"  >\n\n\t<div class=\"img has-hover x md-x lg-x y md-y lg-y\" id=\"image_417141084\">\n\t\t\t\t\t\t\t\t<div class=\"img-inner dark\" >\n\t\t\t<img width=\"791\" height=\"591\" src=\"https:\/\/www.ozbekspor.com\/wp-content\/uploads\/TRIBUN-KORUMA-GUVENLIK-FILESI.png\" class=\"attachment-large size-large\" alt=\"\" loading=\"lazy\" srcset=\"https:\/\/www.ozbekspor.com\/wp-content\/uploads\/TRIBUN-KORUMA-GUVENLIK-FILESI.png 791w, https:\/\/www.ozbekspor.com\/wp-content\/uploads\/TRIBUN-KORUMA-GUVENLIK-FILESI-768x574.png 768w, https:\/\/www.ozbekspor.com\/wp-content\/uploads\/TRIBUN-KORUMA-GUVENLIK-FILESI-600x448.png 600w\" sizes=\"(max-width: 791px) 100vw, 791px\" \/>\t\t\t\t\t\t\n\t\t\t\t\t<\/div>\n\t\t\t\t\t\t\t\t\n<style scope=\"scope\">\n\n#image_417141084 {\n  width: 100%;\n}\n<\/style>\n\t<\/div>\n\t\n\n<a class=\"button primary\"  >\n    <span>TR\u0130B\u00dcN G\u00dcVENL\u0130K F\u0130LE MONTAJI<\/span>\n  <\/a>\n\n\n\n<\/div><\/div>\n<div class=\"col medium-4 small-12 large-4\"  ><div class=\"col-inner\"  >\n\n\t<div class=\"img has-hover x md-x lg-x y md-y lg-y\" id=\"image_2092366029\">\n\t\t\t\t\t\t\t\t<div class=\"img-inner dark\" >\n\t\t\t<img width=\"670\" height=\"502\" src=\"https:\/\/www.ozbekspor.com\/wp-content\/uploads\/Tribun-bolme-filesi-670x502-1.jpg\" class=\"attachment-large size-large\" alt=\"\" loading=\"lazy\" srcset=\"https:\/\/www.ozbekspor.com\/wp-content\/uploads\/Tribun-bolme-filesi-670x502-1.jpg 670w, https:\/\/www.ozbekspor.com\/wp-content\/uploads\/Tribun-bolme-filesi-670x502-1-600x450.jpg 600w\" sizes=\"(max-width: 670px) 100vw, 670px\" \/>\t\t\t\t\t\t\n\t\t\t\t\t<\/div>\n\t\t\t\t\t\t\t\t\n<style scope=\"scope\">\n\n#image_2092366029 {\n  width: 100%;\n}\n<\/style>\n\t<\/div>\n\t\n\n<a class=\"button primary\"  >\n    <span>trib\u00fcn b\u00f6lme VE koruma a\u011flar\u0131<\/span>\n  <\/a>\n\n\n\n<\/div><\/div>\n<div class=\"col medium-4 small-12 large-4\"  ><div class=\"col-inner\"  >\n\n\t<div class=\"img has-hover x md-x lg-x y md-y lg-y\" id=\"image_1791931501\">\n\t\t\t\t\t\t\t\t<div class=\"img-inner dark\" >\n\t\t\t<img width=\"577\" height=\"1024\" src=\"https:\/\/www.ozbekspor.com\/wp-content\/uploads\/h2-577x1024.jpg\" class=\"attachment-large size-large\" alt=\"\" loading=\"lazy\" srcset=\"https:\/\/www.ozbekspor.com\/wp-content\/uploads\/h2-577x1024.jpg 577w, https:\/\/www.ozbekspor.com\/wp-content\/uploads\/h2-451x800.jpg 451w, https:\/\/www.ozbekspor.com\/wp-content\/uploads\/h2-768x1364.jpg 768w, https:\/\/www.ozbekspor.com\/wp-content\/uploads\/h2-865x1536.jpg 865w, https:\/\/www.ozbekspor.com\/wp-content\/uploads\/h2-600x1065.jpg 600w, https:\/\/www.ozbekspor.com\/wp-content\/uploads\/h2.jpg 901w\" sizes=\"(max-width: 577px) 100vw, 577px\" \/>\t\t\t\t\t\t\n\t\t\t\t\t<\/div>\n\t\t\t\t\t\t\t\t\n<style scope=\"scope\">\n\n#image_1791931501 {\n  width: 98%;\n}\n<\/style>\n\t<\/div>\n\t\n\n<a class=\"button primary\"  >\n    <span>koruma a\u011f\u0131 montaj\u0131<\/span>\n  <\/a>\n\n\n\n<\/div><\/div>\n\n<\/div>\n\n","protected":false},"excerpt":{"rendered":"","protected":false},"author":1,"featured_media":0,"parent":0,"menu_order":0,"comment_status":"closed","ping_status":"closed","template":"","meta":[],"_links":{"self":[{"href":"https:\/\/www.ozbekspor.com\/index.php?rest_route=\/wp\/v2\/pages\/3208"}],"collection":[{"href":"https:\/\/www.ozbekspor.com\/index.php?rest_route=\/wp\/v2\/pages"}],"about":[{"href":"https:\/\/www.ozbekspor.com\/index.php?rest_route=\/wp\/v2\/types\/page"}],"author":[{"embeddable":true,"href":"https:\/\/www.ozbekspor.com\/index.php?rest_route=\/wp\/v2\/users\/1"}],"replies":[{"embeddable":true,"href":"https:\/\/www.ozbekspor.com\/index.php?rest_route=%2Fwp%2Fv2%2Fcomments&post=3208"}],"version-history":[{"count":11,"href":"https:\/\/www.ozbekspor.com\/index.php?rest_route=\/wp\/v2\/pages\/3208\/revisions"}],"predecessor-version":[{"id":5920,"href":"https:\/\/www.ozbekspor.com\/index.php?rest_route=\/wp\/v2\/pages\/3208\/revisions\/5920"}],"wp:attachment":[{"href":"https:\/\/www.ozbekspor.com\/index.php?rest_route=%2Fwp%2Fv2%2Fmedia&parent=3208"}],"curies":[{"name":"wp","href":"https:\/\/api.w.org\/{rel}","templated":true}]}}