{"id":17,"date":"2018-11-22T16:30:52","date_gmt":"2018-11-22T16:30:52","guid":{"rendered":"https:\/\/www.ozbekspor.com\/?page_id=17"},"modified":"2024-02-15T06:35:38","modified_gmt":"2024-02-15T06:35:38","slug":"iletisim","status":"publish","type":"page","link":"https:\/\/www.ozbekspor.com\/?page_id=17","title":{"rendered":"\u0130leti\u015fim"},"content":{"rendered":"\n<div class=\"row\"  id=\"row-1540441022\">\n\n<div class=\"col medium-1\/2 large-6\"  ><div class=\"col-inner\"  >\n\n<p><strong>\u0130STANBUL MERKEZ<\/strong><\/p>\n<p><strong>Adres:<\/strong> Akarsu Yoku\u015fu, Hasibe Han\u0131m Sokak No:9<br>Cihangir &#8211; Beyo\u011flu \/ \u0130STANBUL<\/p>\n<p>Tel: +90 212 293 29 99<br>Tel: +90 212 249 49 23<\/p>\n<p>Faks: +90 212 245 51 57<br>Gsm: +90 539 777 34 88<\/p>\n<p>&nbsp;<\/p>\n<p><strong>ANTALYA \u015eUBE<\/strong><\/p>\n<p><strong>Adres:<\/strong> Alt\u0131nova Sinan Mah. Antalya-1 Caddesi, Class Officium No:17<\/p>\n<p>Alt\u0131nova &#8211; Kepez \/ ANTALYA<\/p>\n<p>Tel: +90 242 500 28 07&nbsp;<\/p>\n<p>Tel: +90 242 500 29 07<\/p>\n<p><strong>sube@ozbekspor.com<\/strong><\/p>\n<p>Gsm: 0506 941 44 13<\/p>\n<p>Gsm: 0539 777 34 90<\/p>\n<p>&nbsp;<\/p>\n\n<\/div><\/div>\n<div class=\"col medium-1\/2 large-6\"  ><div class=\"col-inner\"  >\n\n<div role=\"form\" class=\"wpcf7\" id=\"wpcf7-f136-o1\" lang=\"tr-TR\" dir=\"ltr\">\n<div class=\"screen-reader-response\"><\/div>\n<form action=\"\/index.php?rest_route=%2Fwp%2Fv2%2Fpages%2F17#wpcf7-f136-o1\" method=\"post\" class=\"wpcf7-form\" novalidate=\"novalidate\">\n<div style=\"display: none;\">\n<input type=\"hidden\" name=\"_wpcf7\" value=\"136\" \/>\n<input type=\"hidden\" name=\"_wpcf7_version\" value=\"5.1.6\" \/>\n<input type=\"hidden\" name=\"_wpcf7_locale\" value=\"tr_TR\" \/>\n<input type=\"hidden\" name=\"_wpcf7_unit_tag\" value=\"wpcf7-f136-o1\" \/>\n<input type=\"hidden\" name=\"_wpcf7_container_post\" value=\"0\" \/>\n<\/div>\n<p><label> Ad\u0131n\u0131z (gerekli)<br \/>\n    <span class=\"wpcf7-form-control-wrap your-name\"><input type=\"text\" name=\"your-name\" value=\"\" size=\"40\" class=\"wpcf7-form-control wpcf7-text wpcf7-validates-as-required\" aria-required=\"true\" aria-invalid=\"false\" \/><\/span> <\/label><\/p>\n<p><label> E-posta adresiniz (gerekli)<br \/>\n    <span class=\"wpcf7-form-control-wrap your-email\"><input type=\"email\" name=\"your-email\" value=\"\" size=\"40\" class=\"wpcf7-form-control wpcf7-text wpcf7-email wpcf7-validates-as-required wpcf7-validates-as-email\" aria-required=\"true\" aria-invalid=\"false\" \/><\/span> <\/label><\/p>\n<p><label> Konu<br \/>\n    <span class=\"wpcf7-form-control-wrap your-subject\"><input type=\"text\" name=\"your-subject\" value=\"\" size=\"40\" class=\"wpcf7-form-control wpcf7-text\" aria-invalid=\"false\" \/><\/span> <\/label><\/p>\n<p><label> \u0130letiniz<br \/>\n    <span class=\"wpcf7-form-control-wrap your-message\"><textarea name=\"your-message\" cols=\"40\" rows=\"10\" class=\"wpcf7-form-control wpcf7-textarea\" aria-invalid=\"false\"><\/textarea><\/span> <\/label><\/p>\n<p><input type=\"submit\" value=\"G\u00f6nder\" class=\"wpcf7-form-control wpcf7-submit\" \/><\/p>\n<div class=\"wpcf7-response-output wpcf7-display-none\"><\/div><\/form><\/div>\n\n\n<\/div><\/div>\n\n<\/div>\n\n\n<p><iframe style=\"border: 0;\" src=\"https:\/\/www.google.com\/maps\/embed?pb=!1m14!1m8!1m3!1d12039.192199770448!2d28.984560000000002!3d41.029674!3m2!1i1024!2i768!4f13.1!3m3!1m2!1s0x14cab9d881f268cf%3A0xdc33b679e1796636!2zS8SxbMSxw6dhbGkgUGHFn2EgTWFoYWxsZXNpLCBIYXNpYmUgSGFuxLFtIFNrLiBObzo5LCAzNDQyNSBCZXlvxJ9sdS_EsHN0YW5idWw!5e0!3m2!1sen!2str!4v1542995946505\" width=\"100%\" height=\"450\" frameborder=\"0\" allowfullscreen=\"allowfullscreen\"><\/iframe><\/p>\n\n\n<figure class=\"wp-block-image size-large\"><img loading=\"lazy\" width=\"800\" height=\"363\" src=\"https:\/\/www.ozbekspor.com\/wp-content\/uploads\/1.LOGO-\u00dcST-1.png\" alt=\"\" class=\"wp-image-2043\" srcset=\"https:\/\/www.ozbekspor.com\/wp-content\/uploads\/1.LOGO-\u00dcST-1.png 800w, https:\/\/www.ozbekspor.com\/wp-content\/uploads\/1.LOGO-\u00dcST-1-768x348.png 768w, https:\/\/www.ozbekspor.com\/wp-content\/uploads\/1.LOGO-\u00dcST-1-600x272.png 600w\" sizes=\"(max-width: 800px) 100vw, 800px\" \/><\/figure>\n\n\n\n<figure class=\"wp-block-image size-large\"><img loading=\"lazy\" width=\"1024\" height=\"228\" src=\"https:\/\/www.ozbekspor.com\/wp-content\/uploads\/2.LOGO-ALT-1024x228.png\" alt=\"\" class=\"wp-image-2044\" srcset=\"https:\/\/www.ozbekspor.com\/wp-content\/uploads\/2.LOGO-ALT-1024x228.png 1024w, https:\/\/www.ozbekspor.com\/wp-content\/uploads\/2.LOGO-ALT-800x178.png 800w, https:\/\/www.ozbekspor.com\/wp-content\/uploads\/2.LOGO-ALT-768x171.png 768w, https:\/\/www.ozbekspor.com\/wp-content\/uploads\/2.LOGO-ALT-600x134.png 600w, https:\/\/www.ozbekspor.com\/wp-content\/uploads\/2.LOGO-ALT.png 1249w\" sizes=\"(max-width: 1024px) 100vw, 1024px\" \/><\/figure>\n\n\n\n<div class=\"social-icons share-icons share-row relative full-width text-center\" ><span class=\"share-icons-title\">Bizi Takip Edin<\/span><a href=\"whatsapp:\/\/send?text=%C4%B0leti%C5%9Fim - https:\/\/www.ozbekspor.com\/?page_id=17\" data-action=\"share\/whatsapp\/share\" class=\"icon button circle is-outline tooltip whatsapp show-for-medium\" title=\"Share on WhatsApp\"><i class=\"icon-whatsapp\"><\/i><\/a><a href=\"\/\/www.facebook.com\/sharer.php?u=https:\/\/www.ozbekspor.com\/?page_id=17\" data-label=\"Facebook\" onclick=\"window.open(this.href,this.title,'width=500,height=500,top=300px,left=300px');  return false;\" rel=\"noopener noreferrer nofollow\" target=\"_blank\" class=\"icon button circle is-outline tooltip facebook\" title=\"Facebook ile Payla\u015f\"><i class=\"icon-facebook\" ><\/i><\/a><a href=\"\/\/twitter.com\/share?url=https:\/\/www.ozbekspor.com\/?page_id=17\" onclick=\"window.open(this.href,this.title,'width=500,height=500,top=300px,left=300px');  return false;\" rel=\"noopener noreferrer nofollow\" target=\"_blank\" class=\"icon button circle is-outline tooltip twitter\" title=\"Twitter ile Payla\u015f\"><i class=\"icon-twitter\" ><\/i><\/a><a href=\"mailto:enteryour@addresshere.com?subject=%C4%B0leti%C5%9Fim&amp;body=Check%20this%20out:%20https:\/\/www.ozbekspor.com\/?page_id=17\" rel=\"nofollow\" class=\"icon button circle is-outline tooltip email\" title=\"Arkada\u015f\u0131na Email \u0130le G\u00f6nder\"><i class=\"icon-envelop\" ><\/i><\/a><a href=\"\/\/pinterest.com\/pin\/create\/button\/?url=https:\/\/www.ozbekspor.com\/?page_id=17&amp;media=&amp;description=%C4%B0leti%C5%9Fim\" onclick=\"window.open(this.href,this.title,'width=500,height=500,top=300px,left=300px');  return false;\" rel=\"noopener noreferrer nofollow\" target=\"_blank\" class=\"icon button circle is-outline tooltip pinterest\" title=\"Pinterest&rsquo; te \u0130\u011fnele\"><i class=\"icon-pinterest\" ><\/i><\/a><a href=\"\/\/tumblr.com\/widgets\/share\/tool?canonicalUrl=https:\/\/www.ozbekspor.com\/?page_id=17\" target=\"_blank\" class=\"icon button circle is-outline tooltip tumblr\" onclick=\"window.open(this.href,this.title,'width=500,height=500,top=300px,left=300px');  return false;\"  rel=\"noopener noreferrer nofollow\" title=\"Tumblr&rsquo; da Payla\u015f\"><i class=\"icon-tumblr\" ><\/i><\/a><\/div>\n\n<div class=\"row row-box-shadow-3 row-box-shadow-5-hover\"  id=\"row-618826104\">\n\n<div class=\"col medium-4 small-12 large-4\"  ><div class=\"col-inner\"  >\n\n\t<div class=\"img has-hover x md-x lg-x y md-y lg-y\" id=\"image_1920015620\">\n\t\t\t\t\t\t\t\t<div class=\"img-inner dark\" >\n\t\t\t<img width=\"1020\" height=\"765\" src=\"https:\/\/www.ozbekspor.com\/wp-content\/uploads\/WhatsApp-Image-2023-08-16-at-10.24.27.jpeg\" class=\"attachment-large size-large\" alt=\"\u00d6ZBEK SPOR ANTALYA\" loading=\"lazy\" srcset=\"https:\/\/www.ozbekspor.com\/wp-content\/uploads\/WhatsApp-Image-2023-08-16-at-10.24.27.jpeg 1024w, https:\/\/www.ozbekspor.com\/wp-content\/uploads\/WhatsApp-Image-2023-08-16-at-10.24.27-800x600.jpeg 800w, https:\/\/www.ozbekspor.com\/wp-content\/uploads\/WhatsApp-Image-2023-08-16-at-10.24.27-768x576.jpeg 768w, https:\/\/www.ozbekspor.com\/wp-content\/uploads\/WhatsApp-Image-2023-08-16-at-10.24.27-600x450.jpeg 600w\" sizes=\"(max-width: 1020px) 100vw, 1020px\" \/>\t\t\t\t\t\t\n\t\t\t\t\t<\/div>\n\t\t\t\t\t\t\t\t\n<style scope=\"scope\">\n\n#image_1920015620 {\n  width: 100%;\n}\n<\/style>\n\t<\/div>\n\t\n\n\n<\/div><\/div>\n<div class=\"col medium-4 small-12 large-4\"  ><div class=\"col-inner\"  >\n\n\t<div class=\"img has-hover x md-x lg-x y md-y lg-y\" id=\"image_32576432\">\n\t\t\t\t\t\t\t\t<div class=\"img-inner dark\" >\n\t\t\t<img width=\"768\" height=\"1024\" src=\"https:\/\/www.ozbekspor.com\/wp-content\/uploads\/WhatsApp-Image-2023-08-16-at-10.56.35.jpeg\" class=\"attachment-large size-large\" alt=\"\u00d6ZBEK SPOR ANTALYA\" loading=\"lazy\" srcset=\"https:\/\/www.ozbekspor.com\/wp-content\/uploads\/WhatsApp-Image-2023-08-16-at-10.56.35.jpeg 768w, https:\/\/www.ozbekspor.com\/wp-content\/uploads\/WhatsApp-Image-2023-08-16-at-10.56.35-600x800.jpeg 600w\" sizes=\"(max-width: 768px) 100vw, 768px\" \/>\t\t\t\t\t\t\n\t\t\t\t\t<\/div>\n\t\t\t\t\t\t\t\t\n<style scope=\"scope\">\n\n#image_32576432 {\n  width: 100%;\n}\n<\/style>\n\t<\/div>\n\t\n\n\n<\/div><\/div>\n<div class=\"col medium-4 small-12 large-4\"  ><div class=\"col-inner\"  >\n\n\t<div class=\"img has-hover x md-x lg-x y md-y lg-y\" id=\"image_609213413\">\n\t\t\t\t\t\t\t\t<div class=\"img-inner dark\" >\n\t\t\t<img width=\"768\" height=\"1024\" src=\"https:\/\/www.ozbekspor.com\/wp-content\/uploads\/WhatsApp-Image-2023-08-16-at-10.24.27-2.jpeg\" class=\"attachment-large size-large\" alt=\"\u00d6ZBEK SPOR ANTALYA\" loading=\"lazy\" srcset=\"https:\/\/www.ozbekspor.com\/wp-content\/uploads\/WhatsApp-Image-2023-08-16-at-10.24.27-2.jpeg 768w, https:\/\/www.ozbekspor.com\/wp-content\/uploads\/WhatsApp-Image-2023-08-16-at-10.24.27-2-600x800.jpeg 600w\" sizes=\"(max-width: 768px) 100vw, 768px\" \/>\t\t\t\t\t\t\n\t\t\t\t\t<\/div>\n\t\t\t\t\t\t\t\t\n<style scope=\"scope\">\n\n#image_609213413 {\n  width: 100%;\n}\n<\/style>\n\t<\/div>\n\t\n\n\n<\/div><\/div>\n\n\n<style scope=\"scope\">\n\n<\/style>\n<\/div>\n","protected":false},"excerpt":{"rendered":"","protected":false},"author":1,"featured_media":0,"parent":0,"menu_order":0,"comment_status":"closed","ping_status":"open","template":"","meta":[],"_links":{"self":[{"href":"https:\/\/www.ozbekspor.com\/index.php?rest_route=\/wp\/v2\/pages\/17"}],"collection":[{"href":"https:\/\/www.ozbekspor.com\/index.php?rest_route=\/wp\/v2\/pages"}],"about":[{"href":"https:\/\/www.ozbekspor.com\/index.php?rest_route=\/wp\/v2\/types\/page"}],"author":[{"embeddable":true,"href":"https:\/\/www.ozbekspor.com\/index.php?rest_route=\/wp\/v2\/users\/1"}],"replies":[{"embeddable":true,"href":"https:\/\/www.ozbekspor.com\/index.php?rest_route=%2Fwp%2Fv2%2Fcomments&post=17"}],"version-history":[{"count":15,"href":"https:\/\/www.ozbekspor.com\/index.php?rest_route=\/wp\/v2\/pages\/17\/revisions"}],"predecessor-version":[{"id":6464,"href":"https:\/\/www.ozbekspor.com\/index.php?rest_route=\/wp\/v2\/pages\/17\/revisions\/6464"}],"wp:attachment":[{"href":"https:\/\/www.ozbekspor.com\/index.php?rest_route=%2Fwp%2Fv2%2Fmedia&parent=17"}],"curies":[{"name":"wp","href":"https:\/\/api.w.org\/{rel}","templated":true}]}}